{"id":4002,"date":"2024-12-12T04:49:31","date_gmt":"2024-12-11T20:49:31","guid":{"rendered":"https:\/\/www.jinpinlub.com\/?post_type=product&#038;p=4002"},"modified":"2024-12-12T05:10:59","modified_gmt":"2024-12-11T21:10:59","slug":"sistema-de-lubricacion-con-grasa-electrica-j100-con-interruptor-de-nivel","status":"publish","type":"product","link":"https:\/\/www.jinpinlub.com\/es\/product\/j100-electric-grease-lubrication-system-with-level-switch\/","title":{"rendered":"Sistema de lubricaci\u00f3n con grasa el\u00e9ctrica J100 con interruptor de nivel"},"content":{"rendered":"<h2>Caracter\u00edsticas<\/h2>\n<p>\u2013 Estructura compacta: Tanto las bombas de lubricaci\u00f3n de cartucho como las de dep\u00f3sito est\u00e1n dise\u00f1adas con una estructura compacta y son f\u00e1ciles de instalar. Son adecuadas para sistemas con espacio de instalaci\u00f3n limitado y pueden construir un sistema de lubricaci\u00f3n de una sola l\u00ednea con menos trabajo de instalaci\u00f3n.<br \/>\n\u2013 Reemplazo conveniente de cartuchos: el dise\u00f1o del cartucho de la bomba de lubricaci\u00f3n permite reemplazar el cartucho de lubricante de manera r\u00e1pida y sencilla para satisfacer las necesidades del cliente y facilitar que los usuarios ajusten el lubricante seg\u00fan las condiciones reales.<br \/>\n\u2013 Modo de accionamiento estable: La bomba de lubricaci\u00f3n J100 utiliza un motor el\u00e9ctrico para impulsar el pist\u00f3n de suministro a trav\u00e9s de una leva exc\u00e9ntrica, lo que puede garantizar una transmisi\u00f3n de potencia estable y permitir que el lubricante se entregue de manera continua y efectiva a la salida.<br \/>\n\u2013 Protecci\u00f3n de regulaci\u00f3n de presi\u00f3n: La v\u00e1lvula de alivio de presi\u00f3n libera la presi\u00f3n del sistema acumulada en el ciclo de lubricaci\u00f3n despu\u00e9s de que se apaga el motor de la bomba, lo que es esencial para el funcionamiento normal del dispositivo de medici\u00f3n de l\u00ednea \u00fanica. Al mismo tiempo, la v\u00e1lvula limitadora de presi\u00f3n puede limitar la presi\u00f3n m\u00e1xima del sistema de lubricaci\u00f3n centralizada a 80 bar para garantizar el funcionamiento seguro del sistema.<\/p>\n<h2>Especificaci\u00f3n<\/h2>\n<table>\n<tbody>\n<tr>\n<td>Modelo<\/td>\n<td>J100-5D<\/td>\n<\/tr>\n<tr>\n<td>Tiempo de lubricaci\u00f3n<\/td>\n<td>PLC o controlador externo<\/td>\n<\/tr>\n<tr>\n<td>Tiempo de intervalo<\/td>\n<td>PLC o controlador externo<\/td>\n<\/tr>\n<tr>\n<td>Temperatura de funcionamiento<\/td>\n<td>0\u2103~ +50\u00b0C (Las condiciones de baja temperatura requieren grasa anticongelante)<\/td>\n<\/tr>\n<tr>\n<td>N\u00famero de puntos de venta<\/td>\n<td>1 o 2<\/td>\n<\/tr>\n<tr>\n<td>Capacidad del dep\u00f3sito<\/td>\n<td>0,3 l, 0,5 l, 0,7 l, 1,5 l<\/td>\n<\/tr>\n<tr>\n<td>Recarga<\/td>\n<td>Puerto de llenado\/extra\u00edble\/cartucho<\/td>\n<\/tr>\n<tr>\n<td>Lubricante<\/td>\n<td>N\u00famero de modelo NLGI 000#~2#<\/td>\n<\/tr>\n<tr>\n<td>V\u00e1lvula de alivio de presi\u00f3n<\/td>\n<td>Opcional<\/td>\n<\/tr>\n<tr>\n<td>Descargar<\/td>\n<td>15 ml\/min<\/td>\n<\/tr>\n<tr>\n<td>Presi\u00f3n m\u00e1xima de funcionamiento<\/td>\n<td>8,0 MPa<\/td>\n<\/tr>\n<tr>\n<td>Hilo de conexi\u00f3n<\/td>\n<td>Salida \u03a66<\/td>\n<\/tr>\n<tr>\n<td>Voltaje de funcionamiento<\/td>\n<td>24 V CC<\/td>\n<\/tr>\n<tr>\n<td>Proceso de dar un t\u00edtulo<\/td>\n<td>CE<\/td>\n<\/tr>\n<tr>\n<td>Interruptor de nivel bajo<\/td>\n<td>Contacto NC<\/td>\n<\/tr>\n<\/tbody>\n<\/table>\n<h2>Precauciones<\/h2>\n<p>\u2013 Antes de conectar la tuber\u00eda al punto de lubricaci\u00f3n, llene primero la secci\u00f3n larga de la tuber\u00eda para ayudar a eliminar el aire del sistema de lubricaci\u00f3n centralizada.<br \/>\n\u2013 Instale la l\u00ednea de lubricaci\u00f3n al dispositivo de medici\u00f3n del sistema de lubricaci\u00f3n, pero no lo conecte todav\u00eda a la unidad de bomba de pist\u00f3n.<br \/>\n\u2013 En el caso de las bombas de lubricaci\u00f3n de tipo cartucho, enrosque el cartucho. En el caso de las bombas de lubricaci\u00f3n de tipo tanque, llene el tanque y aseg\u00farese de que el cartucho o el tanque est\u00e9n listos.<br \/>\n\u2013 Gire el tornillo de purga de la bomba de lubricaci\u00f3n una vuelta, presione y mantenga presionado el bot\u00f3n de purga hasta que el lubricante sin burbujas salga por el tornillo de purga. Este proceso puede expulsar el aire del cuerpo de la bomba y de las tuber\u00edas cercanas. Luego, apriete el tornillo de purga para evitar que vuelva a entrar aire en el sistema.<br \/>\n\u2013 Conecte la l\u00ednea de lubricaci\u00f3n a la salida de la bomba, presione y mantenga presionado el bot\u00f3n de purga hasta que el lubricante sin burbujas salga de la l\u00ednea de lubricaci\u00f3n y luego vuelva a conectar la l\u00ednea de lubricaci\u00f3n. Esto garantiza que se haya eliminado el aire en esa secci\u00f3n de la l\u00ednea.<br \/>\n\u2013 Repita el procedimiento de purga anterior para purgar todos los dispositivos de medici\u00f3n y asegurarse de que no haya aire atrapado en todo el sistema de lubricaci\u00f3n.<\/p>\n<h2>Manuales<\/h2>\n<div class=\"sdm_download_button_box_default\"><div class=\"sdm_download_link\"><a href=\"https:\/\/www.jinpinlub.com\/es\/?sdm_process_download=1&download_id=3960\" class=\"sdm_download white\" title=\"Privado: J100 Electric Grease Pump\" target=\"&quot;_blank&quot;\">Ver hoja de datos - Bomba de grasa J100<\/a><\/div><\/div>","protected":false},"excerpt":{"rendered":"<p>El motor el\u00e9ctrico J100 acciona el pist\u00f3n, que suministra el lubricante a la salida de la bomba a trav\u00e9s de la v\u00e1lvula de control y luego lo suministra al dispositivo dosificador de l\u00ednea \u00fanica. El sistema de control controla el ciclo de lubricaci\u00f3n y el presostato monitorea la presi\u00f3n del sistema.<\/p>","protected":false},"featured_media":4003,"template":"","meta":{"ocean_post_layout":"","ocean_both_sidebars_style":"","ocean_both_sidebars_content_width":0,"ocean_both_sidebars_sidebars_width":0,"ocean_sidebar":"0","ocean_second_sidebar":"0","ocean_disable_margins":"enable","ocean_add_body_class":"","ocean_shortcode_before_top_bar":"","ocean_shortcode_after_top_bar":"","ocean_shortcode_before_header":"","ocean_shortcode_after_header":"","ocean_has_shortcode":"","ocean_shortcode_after_title":"","ocean_shortcode_before_footer_widgets":"","ocean_shortcode_after_footer_widgets":"","ocean_shortcode_before_footer_bottom":"","ocean_shortcode_after_footer_bottom":"","ocean_display_top_bar":"default","ocean_display_header":"default","ocean_header_style":"","ocean_center_header_left_menu":"0","ocean_custom_header_template":"0","ocean_custom_logo":0,"ocean_custom_retina_logo":0,"ocean_custom_logo_max_width":0,"ocean_custom_logo_tablet_max_width":0,"ocean_custom_logo_mobile_max_width":0,"ocean_custom_logo_max_height":0,"ocean_custom_logo_tablet_max_height":0,"ocean_custom_logo_mobile_max_height":0,"ocean_header_custom_menu":"0","ocean_menu_typo_font_family":"0","ocean_menu_typo_font_subset":"","ocean_menu_typo_font_size":0,"ocean_menu_typo_font_size_tablet":0,"ocean_menu_typo_font_size_mobile":0,"ocean_menu_typo_font_size_unit":"px","ocean_menu_typo_font_weight":"","ocean_menu_typo_font_weight_tablet":"","ocean_menu_typo_font_weight_mobile":"","ocean_menu_typo_transform":"","ocean_menu_typo_transform_tablet":"","ocean_menu_typo_transform_mobile":"","ocean_menu_typo_line_height":0,"ocean_menu_typo_line_height_tablet":0,"ocean_menu_typo_line_height_mobile":0,"ocean_menu_typo_line_height_unit":"","ocean_menu_typo_spacing":0,"ocean_menu_typo_spacing_tablet":0,"ocean_menu_typo_spacing_mobile":0,"ocean_menu_typo_spacing_unit":"","ocean_menu_link_color":"","ocean_menu_link_color_hover":"","ocean_menu_link_color_active":"","ocean_menu_link_background":"","ocean_menu_link_hover_background":"","ocean_menu_link_active_background":"","ocean_menu_social_links_bg":"","ocean_menu_social_hover_links_bg":"","ocean_menu_social_links_color":"","ocean_menu_social_hover_links_color":"","ocean_disable_title":"default","ocean_disable_heading":"default","ocean_post_title":"","ocean_post_subheading":"","ocean_post_title_style":"","ocean_post_title_background_color":"","ocean_post_title_background":0,"ocean_post_title_bg_image_position":"","ocean_post_title_bg_image_attachment":"","ocean_post_title_bg_image_repeat":"","ocean_post_title_bg_image_size":"","ocean_post_title_height":0,"ocean_post_title_bg_overlay":0.5,"ocean_post_title_bg_overlay_color":"","ocean_disable_breadcrumbs":"default","ocean_breadcrumbs_color":"","ocean_breadcrumbs_separator_color":"","ocean_breadcrumbs_links_color":"","ocean_breadcrumbs_links_hover_color":"","ocean_display_footer_widgets":"default","ocean_display_footer_bottom":"default","ocean_custom_footer_template":"0","osh_disable_topbar_sticky":"default","osh_disable_header_sticky":"default","osh_sticky_header_style":"default","osh_sticky_header_effect":"","osh_custom_sticky_logo":0,"osh_custom_retina_sticky_logo":0,"osh_custom_sticky_logo_height":0,"osh_background_color":"","osh_links_color":"","osh_links_hover_color":"","osh_links_active_color":"","osh_links_bg_color":"","osh_links_hover_bg_color":"","osh_links_active_bg_color":"","osh_menu_social_links_color":"","osh_menu_social_hover_links_color":""},"product_brand":[],"product_cat":[38,37],"product_tag":[74,185,76,93,92],"class_list":{"0":"post-4002","1":"product","2":"type-product","3":"status-publish","4":"has-post-thumbnail","6":"product_cat-electric-pressure-relief-pumps","7":"product_cat-single-line-grease-systems","8":"product_tag-automatic-lubrication-pump","9":"product_tag-electric-grease-pump","10":"product_tag-electric-lubrication-system","11":"product_tag-pressure-relief-lubrication-pump","12":"product_tag-single-line-lubrication-pump","14":"entry","15":"has-media","17":"first","18":"instock","19":"shipping-taxable","20":"product-type-external","21":"col","22":"span_1_of_3","23":"owp-content-center","24":"owp-thumbs-layout-horizontal","25":"owp-btn-very-big","26":"owp-tabs-layout-horizontal"},"_links":{"self":[{"href":"https:\/\/www.jinpinlub.com\/es\/wp-json\/wp\/v2\/product\/4002","targetHints":{"allow":["GET"]}}],"collection":[{"href":"https:\/\/www.jinpinlub.com\/es\/wp-json\/wp\/v2\/product"}],"about":[{"href":"https:\/\/www.jinpinlub.com\/es\/wp-json\/wp\/v2\/types\/product"}],"wp:featuredmedia":[{"embeddable":true,"href":"https:\/\/www.jinpinlub.com\/es\/wp-json\/wp\/v2\/media\/4003"}],"wp:attachment":[{"href":"https:\/\/www.jinpinlub.com\/es\/wp-json\/wp\/v2\/media?parent=4002"}],"wp:term":[{"taxonomy":"product_brand","embeddable":true,"href":"https:\/\/www.jinpinlub.com\/es\/wp-json\/wp\/v2\/product_brand?post=4002"},{"taxonomy":"product_cat","embeddable":true,"href":"https:\/\/www.jinpinlub.com\/es\/wp-json\/wp\/v2\/product_cat?post=4002"},{"taxonomy":"product_tag","embeddable":true,"href":"https:\/\/www.jinpinlub.com\/es\/wp-json\/wp\/v2\/product_tag?post=4002"}],"curies":[{"name":"wp","href":"https:\/\/api.w.org\/{rel}","templated":true}]}}