{"id":4008,"date":"2024-12-12T05:23:20","date_gmt":"2024-12-11T21:23:20","guid":{"rendered":"https:\/\/www.jinpinlub.com\/?post_type=product&#038;p=4008"},"modified":"2024-12-12T05:41:01","modified_gmt":"2024-12-11T21:41:01","slug":"bombas-de-lubricacion-de-grasa-automaticas-electricas-de-24-v-cc-j100-7c","status":"publish","type":"product","link":"https:\/\/www.jinpinlub.com\/es\/product\/j100-7c-24vdc-electric-automatic-grease-lubrication-pumps\/","title":{"rendered":"Bombas de lubricaci\u00f3n autom\u00e1tica con grasa el\u00e9ctrica de 24 V CC J100-7C"},"content":{"rendered":"<h2>Caracter\u00edsticas<\/h2>\n<p>\u2013 Accionamiento el\u00e9ctrico: El motor el\u00e9ctrico acciona la unidad de bomba de pist\u00f3n de la bomba de lubricaci\u00f3n J100 y, a trav\u00e9s de una exc\u00e9ntrica, acciona el pist\u00f3n de suministro en direcci\u00f3n axial.<br \/>\n\u2013 Suministro de lubricante: El pist\u00f3n de suministro empuja el lubricante desde el cartucho de lubricante o el dep\u00f3sito de aceite de la bomba de lubricaci\u00f3n a trav\u00e9s de una v\u00e1lvula de control interna hasta la salida de lubricante.<br \/>\n\u2013 Alivio de presi\u00f3n: Despu\u00e9s del ciclo de lubricaci\u00f3n, al apagar el motor de la bomba de lubricaci\u00f3n, una v\u00e1lvula de alivio de presi\u00f3n libera la presi\u00f3n del sistema requerida por los dispositivos de medici\u00f3n de una sola l\u00ednea.<br \/>\n\u2013 Limitaci\u00f3n de presi\u00f3n: La v\u00e1lvula limitadora de presi\u00f3n integrada limita la presi\u00f3n m\u00e1xima del sistema de lubricaci\u00f3n centralizada a 80 bar.<br \/>\n\u2013 Suministro de lubricante: El lubricante puede suministrarse a trav\u00e9s de un cartucho de lubricante desechable o un dep\u00f3sito de aceite.<br \/>\n\u2013 Monitoreo del nivel de llenado: La bomba de lubricaci\u00f3n J100 puede equiparse opcionalmente con un interruptor de nivel de llenado para monitorear el nivel de llenado m\u00ednimo.<\/p>\n<h2>Especificaci\u00f3n<\/h2>\n<table>\n<tbody>\n<tr>\n<td>Modelo<\/td>\n<td>J100-3C<\/td>\n<\/tr>\n<tr>\n<td>Tiempo de lubricaci\u00f3n<\/td>\n<td>PLC o controlador externo<\/td>\n<\/tr>\n<tr>\n<td>Tiempo de intervalo<\/td>\n<td>PLC o controlador externo<\/td>\n<\/tr>\n<tr>\n<td>Temperatura de funcionamiento<\/td>\n<td>0\u2103~ +50\u00b0C (Las condiciones de baja temperatura requieren grasa anticongelante)<\/td>\n<\/tr>\n<tr>\n<td>N\u00famero de puntos de venta<\/td>\n<td>1 o 2<\/td>\n<\/tr>\n<tr>\n<td>Capacidad del dep\u00f3sito<\/td>\n<td>0,3 l, 0,5 l, 0,7 l, 1,5 l<\/td>\n<\/tr>\n<tr>\n<td>Recarga<\/td>\n<td>Puerto de llenado\/extra\u00edble\/cartucho<\/td>\n<\/tr>\n<tr>\n<td>Lubricante<\/td>\n<td>N\u00famero de modelo NLGI 000#~2#<\/td>\n<\/tr>\n<tr>\n<td>V\u00e1lvula de alivio de presi\u00f3n<\/td>\n<td>Opcional<\/td>\n<\/tr>\n<tr>\n<td>Descargar<\/td>\n<td>15 ml\/min<\/td>\n<\/tr>\n<tr>\n<td>Presi\u00f3n m\u00e1xima de funcionamiento<\/td>\n<td>8,0 MPa<\/td>\n<\/tr>\n<tr>\n<td>Hilo de conexi\u00f3n<\/td>\n<td>Salida \u03a66<\/td>\n<\/tr>\n<tr>\n<td>Voltaje de funcionamiento<\/td>\n<td>24 V CC<\/td>\n<\/tr>\n<tr>\n<td>Proceso de dar un t\u00edtulo<\/td>\n<td>CE<\/td>\n<\/tr>\n<tr>\n<td>Interruptor de nivel bajo<\/td>\n<td>Contacto NC<\/td>\n<\/tr>\n<\/tbody>\n<\/table>\n<h2>Mantenimiento<\/h2>\n<p>\u2013 Verifique los niveles de lubricante: verifique peri\u00f3dicamente seg\u00fan el n\u00famero de ciclos de la bomba y la configuraci\u00f3n del sistema.<br \/>\n\u2013 Comprobaci\u00f3n de fugas del sistema: comprobar si hay fugas en los componentes del sistema durante cada llenado de la bomba y reparar aquellas que se detecten inmediatamente.<br \/>\n\u2013 Seguridad el\u00e9ctrica: Los cables de la bomba de lubricaci\u00f3n el\u00e9ctrica deben inspeccionarse peri\u00f3dicamente para detectar posibles da\u00f1os. Todos los trabajos el\u00e9ctricos, como reparaciones y modificaciones, deben ser realizados por un t\u00e9cnico calificado despu\u00e9s de desconectar la alimentaci\u00f3n.<br \/>\n\u2013 Limpieza y prevenci\u00f3n de contaminaci\u00f3n: Utilice un agente de limpieza compatible para evitar la contaminaci\u00f3n de la bomba de lubricaci\u00f3n J100.<br \/>\n\u2013 Siga los procedimientos seguros: antes de comenzar cualquier mantenimiento, limpieza o reparaci\u00f3n en la bomba, aseg\u00farese de que se cumplan estrictamente las siguientes medidas de seguridad: corte de energ\u00eda, despresurizaci\u00f3n, bloqueo\/etiquetado del equipo y equipo de protecci\u00f3n personal.<\/p>\n<h2>Manuales<\/h2>\n<div class=\"sdm_download_button_box_default\"><div class=\"sdm_download_link\"><a href=\"https:\/\/www.jinpinlub.com\/es\/?sdm_process_download=1&download_id=3960\" class=\"sdm_download white\" title=\"Privado: J100 Electric Grease Pump\" target=\"&quot;_blank&quot;\">Ver hoja de datos - Bomba de grasa J100<\/a><\/div><\/div>","protected":false},"excerpt":{"rendered":"<p>La unidad de bomba de pist\u00f3n el\u00e9ctrica de la serie J100 es un dispositivo para sistemas de lubricaci\u00f3n centralizada de l\u00ednea \u00fanica, que presenta un dise\u00f1o compacto, reemplazo r\u00e1pido de cartuchos de lubricante, suministro de lubricante de salida doble, sistema de control autom\u00e1tico y lubricante de salida precisa.<\/p>","protected":false},"featured_media":4009,"template":"","meta":{"ocean_post_layout":"","ocean_both_sidebars_style":"","ocean_both_sidebars_content_width":0,"ocean_both_sidebars_sidebars_width":0,"ocean_sidebar":"0","ocean_second_sidebar":"0","ocean_disable_margins":"enable","ocean_add_body_class":"","ocean_shortcode_before_top_bar":"","ocean_shortcode_after_top_bar":"","ocean_shortcode_before_header":"","ocean_shortcode_after_header":"","ocean_has_shortcode":"","ocean_shortcode_after_title":"","ocean_shortcode_before_footer_widgets":"","ocean_shortcode_after_footer_widgets":"","ocean_shortcode_before_footer_bottom":"","ocean_shortcode_after_footer_bottom":"","ocean_display_top_bar":"default","ocean_display_header":"default","ocean_header_style":"","ocean_center_header_left_menu":"0","ocean_custom_header_template":"0","ocean_custom_logo":0,"ocean_custom_retina_logo":0,"ocean_custom_logo_max_width":0,"ocean_custom_logo_tablet_max_width":0,"ocean_custom_logo_mobile_max_width":0,"ocean_custom_logo_max_height":0,"ocean_custom_logo_tablet_max_height":0,"ocean_custom_logo_mobile_max_height":0,"ocean_header_custom_menu":"0","ocean_menu_typo_font_family":"0","ocean_menu_typo_font_subset":"","ocean_menu_typo_font_size":0,"ocean_menu_typo_font_size_tablet":0,"ocean_menu_typo_font_size_mobile":0,"ocean_menu_typo_font_size_unit":"px","ocean_menu_typo_font_weight":"","ocean_menu_typo_font_weight_tablet":"","ocean_menu_typo_font_weight_mobile":"","ocean_menu_typo_transform":"","ocean_menu_typo_transform_tablet":"","ocean_menu_typo_transform_mobile":"","ocean_menu_typo_line_height":0,"ocean_menu_typo_line_height_tablet":0,"ocean_menu_typo_line_height_mobile":0,"ocean_menu_typo_line_height_unit":"","ocean_menu_typo_spacing":0,"ocean_menu_typo_spacing_tablet":0,"ocean_menu_typo_spacing_mobile":0,"ocean_menu_typo_spacing_unit":"","ocean_menu_link_color":"","ocean_menu_link_color_hover":"","ocean_menu_link_color_active":"","ocean_menu_link_background":"","ocean_menu_link_hover_background":"","ocean_menu_link_active_background":"","ocean_menu_social_links_bg":"","ocean_menu_social_hover_links_bg":"","ocean_menu_social_links_color":"","ocean_menu_social_hover_links_color":"","ocean_disable_title":"default","ocean_disable_heading":"default","ocean_post_title":"","ocean_post_subheading":"","ocean_post_title_style":"","ocean_post_title_background_color":"","ocean_post_title_background":0,"ocean_post_title_bg_image_position":"","ocean_post_title_bg_image_attachment":"","ocean_post_title_bg_image_repeat":"","ocean_post_title_bg_image_size":"","ocean_post_title_height":0,"ocean_post_title_bg_overlay":0.5,"ocean_post_title_bg_overlay_color":"","ocean_disable_breadcrumbs":"default","ocean_breadcrumbs_color":"","ocean_breadcrumbs_separator_color":"","ocean_breadcrumbs_links_color":"","ocean_breadcrumbs_links_hover_color":"","ocean_display_footer_widgets":"default","ocean_display_footer_bottom":"default","ocean_custom_footer_template":"0","osh_disable_topbar_sticky":"default","osh_disable_header_sticky":"default","osh_sticky_header_style":"default","osh_sticky_header_effect":"","osh_custom_sticky_logo":0,"osh_custom_retina_sticky_logo":0,"osh_custom_sticky_logo_height":0,"osh_background_color":"","osh_links_color":"","osh_links_hover_color":"","osh_links_active_color":"","osh_links_bg_color":"","osh_links_hover_bg_color":"","osh_links_active_bg_color":"","osh_menu_social_links_color":"","osh_menu_social_hover_links_color":""},"product_brand":[],"product_cat":[38,37],"product_tag":[377,321,376,73,76],"class_list":{"0":"post-4008","1":"product","2":"type-product","3":"status-publish","4":"has-post-thumbnail","6":"product_cat-electric-pressure-relief-pumps","7":"product_cat-single-line-grease-systems","8":"product_tag-automatic-grease-pump","9":"product_tag-automatic-lubrication-system","10":"product_tag-cartridge-lubrication-pump","11":"product_tag-electric-lubrication-pump","12":"product_tag-electric-lubrication-system","14":"entry","15":"has-media","17":"first","18":"instock","19":"shipping-taxable","20":"product-type-external","21":"col","22":"span_1_of_3","23":"owp-content-center","24":"owp-thumbs-layout-horizontal","25":"owp-btn-very-big","26":"owp-tabs-layout-horizontal"},"_links":{"self":[{"href":"https:\/\/www.jinpinlub.com\/es\/wp-json\/wp\/v2\/product\/4008","targetHints":{"allow":["GET"]}}],"collection":[{"href":"https:\/\/www.jinpinlub.com\/es\/wp-json\/wp\/v2\/product"}],"about":[{"href":"https:\/\/www.jinpinlub.com\/es\/wp-json\/wp\/v2\/types\/product"}],"wp:featuredmedia":[{"embeddable":true,"href":"https:\/\/www.jinpinlub.com\/es\/wp-json\/wp\/v2\/media\/4009"}],"wp:attachment":[{"href":"https:\/\/www.jinpinlub.com\/es\/wp-json\/wp\/v2\/media?parent=4008"}],"wp:term":[{"taxonomy":"product_brand","embeddable":true,"href":"https:\/\/www.jinpinlub.com\/es\/wp-json\/wp\/v2\/product_brand?post=4008"},{"taxonomy":"product_cat","embeddable":true,"href":"https:\/\/www.jinpinlub.com\/es\/wp-json\/wp\/v2\/product_cat?post=4008"},{"taxonomy":"product_tag","embeddable":true,"href":"https:\/\/www.jinpinlub.com\/es\/wp-json\/wp\/v2\/product_tag?post=4008"}],"curies":[{"name":"wp","href":"https:\/\/api.w.org\/{rel}","templated":true}]}}