{"id":4018,"date":"2024-12-12T23:27:32","date_gmt":"2024-12-12T15:27:32","guid":{"rendered":"https:\/\/www.jinpinlub.com\/?post_type=product&#038;p=4018"},"modified":"2024-12-13T05:49:09","modified_gmt":"2024-12-12T21:49:09","slug":"bomba-de-lubricacion-electrica-j200-5d-con-deposito-desmontable","status":"publish","type":"product","link":"https:\/\/www.jinpinlub.com\/es\/product\/j200-5d-electric-lubrication-pump-with-detachable-reservoir\/","title":{"rendered":"Bomba de lubricaci\u00f3n el\u00e9ctrica J200-5D con dep\u00f3sito desmontable"},"content":{"rendered":"<h2>Caracter\u00edsticas<\/h2>\n<p><span id=\"input-sentence~0\">1. Alimentaci\u00f3n y puesta en marcha<br \/>\nLa bomba de lubricaci\u00f3n se alimenta mediante una fuente de alimentaci\u00f3n de 24 V CC. Cuando se activa la alimentaci\u00f3n, el motor arranca. La corriente nominal del motor es de 0,8 A. Dentro del rango normal de la fuente de alimentaci\u00f3n, el motor puede funcionar de manera estable y proporcionar energ\u00eda a la bomba.<\/span><span id=\"input-sentence~1\"><br \/>\n2. Suministro de lubricante<br \/>\nEl motor acciona la bomba de lubricaci\u00f3n para que funcione. El lubricante se extrae del contenedor o cartucho de almacenamiento a trav\u00e9s de la estructura interna que incluye el \u00e9mbolo, los engranajes, etc., y se entrega a cada punto de lubricaci\u00f3n de la m\u00e1quina a trav\u00e9s de la tuber\u00eda a un desplazamiento de 7 ml\/min.<\/span><span id=\"input-sentence~2\"> Durante el proceso de entrega, la presi\u00f3n de descarga puede alcanzar los 8 MPa.<br \/>\n3. Medici\u00f3n y control<br \/>\nEn el sistema de lubricaci\u00f3n, el distribuidor de desplazamiento positivo se utiliza para controlar con precisi\u00f3n la cantidad de lubricante que se debe suministrar. Esto permite que cada punto de lubricaci\u00f3n adquiera una cantidad adecuada de lubricante para lograr un efecto de lubricaci\u00f3n optimizado, en lugar de desperdiciar lubricantes. El tiempo de funcionamiento y el ciclo de intervalos de la bomba de lubricaci\u00f3n se establecen mediante el temporizador instalado en la m\u00e1quina y funcionan seg\u00fan la configuraci\u00f3n del programa.<\/span><\/p>\n<h2>Especificaci\u00f3n<\/h2>\n<table>\n<tbody>\n<tr>\n<td>Modelo<\/td>\n<td>J200-5D<\/td>\n<\/tr>\n<tr>\n<td>Tiempo de lubricaci\u00f3n<\/td>\n<td>PLC o controlador externo<\/td>\n<\/tr>\n<tr>\n<td>Tiempo de intervalo<\/td>\n<td>PLC o controlador externo<\/td>\n<\/tr>\n<tr>\n<td>Temperatura de funcionamiento<\/td>\n<td>0\u2103~ +50\u00b0C (Las condiciones de baja temperatura requieren grasa anticongelante)<\/td>\n<\/tr>\n<tr>\n<td>N\u00famero de puntos de venta<\/td>\n<td>1 o 2<\/td>\n<\/tr>\n<tr>\n<td>Capacidad del dep\u00f3sito<\/td>\n<td>0,3 l, 0,5 l, 0,7 l<\/td>\n<\/tr>\n<tr>\n<td>Recarga<\/td>\n<td>Dep\u00f3sito\/cartucho extra\u00edble<\/td>\n<\/tr>\n<tr>\n<td>Lubricante<\/td>\n<td>Grasas grado NLGI 000~2#<\/td>\n<\/tr>\n<tr>\n<td>V\u00e1lvula de alivio de presi\u00f3n<\/td>\n<td>Ensamblado<\/td>\n<\/tr>\n<tr>\n<td>Descargar<\/td>\n<td>7 ml\/min<\/td>\n<\/tr>\n<tr>\n<td>Presi\u00f3n m\u00e1xima de funcionamiento<\/td>\n<td>5,0 o 8,0 MPa<\/td>\n<\/tr>\n<tr>\n<td>Hilo de conexi\u00f3n<\/td>\n<td>Salida \u03a66<\/td>\n<\/tr>\n<tr>\n<td>Voltaje de funcionamiento<\/td>\n<td>24 V CC<\/td>\n<\/tr>\n<tr>\n<td>Proceso de dar un t\u00edtulo<\/td>\n<td>CE<\/td>\n<\/tr>\n<tr>\n<td>Interruptor de nivel bajo<\/td>\n<td>Contacto NC<\/td>\n<\/tr>\n<\/tbody>\n<\/table>\n<h2>Recarga<\/h2>\n<p><span id=\"input-sentence~0\">\u2013 Reemplace el cartucho despu\u00e9s de que el LHL en el cartucho se haya agotado completamente para evitar que entre aire en el cartucho debido a la grasa residual, lo que puede provocar un mal funcionamiento de la bomba de lubricaci\u00f3n.<br \/>\n\u2013 Durante el proceso de reemplazo del cartucho, aseg\u00farese de que el entorno est\u00e9 limpio para evitar que objetos extra\u00f1os como polvo e impurezas ingresen al cuerpo de la bomba de lubricaci\u00f3n o al cartucho.<\/span><span id=\"input-sentence~1\"><br \/>\n\u2013 Est\u00e1 estrictamente prohibido encender la alimentaci\u00f3n cuando el cartucho no est\u00e9 instalado en su lugar o retirado, de lo contrario, la bomba de lubricaci\u00f3n podr\u00eda inhalar aire u objetos extra\u00f1os.<br \/>\n\u2013 Al reemplazar el cartucho, si necesita limpiar alrededor del puerto de succi\u00f3n de aceite de la bomba, debe usar un pa\u00f1o limpio para evitar que objetos extra\u00f1os sean succionados hacia la bomba de lubricaci\u00f3n.<br \/>\n\u2013 Utilice \u00fanicamente el cartucho de grasa LHL especificado. El uso de otros lubricantes no especificados puede provocar fallas en el sistema de lubricaci\u00f3n.<br \/>\n\u2013 Nunca llene el cartucho de grasa vac\u00edo usado con lubricante y vuelva a utilizarlo.<\/span><\/p>\n<h2>Manuales<\/h2>\n<div class=\"sdm_download_button_box_default\"><div class=\"sdm_download_link\"><a href=\"https:\/\/www.jinpinlub.com\/es\/?sdm_process_download=1&download_id=3962\" class=\"sdm_download white\" title=\"Privado: J200 Electric Pump\" target=\"&quot;_blank&quot;\">Ver hoja de datos - Bomba de grasa J200<\/a><\/div><\/div>","protected":false},"excerpt":{"rendered":"<p>La bomba de lubricaci\u00f3n el\u00e9ctrica J200 es una unidad de bombeo de sistema de lubricaci\u00f3n de l\u00ednea \u00fanica. Sus caracter\u00edsticas principales incluyen: fuente de alimentaci\u00f3n de 24 V CC, volumen de descarga de 7 ml por minuto, presi\u00f3n de descarga de 5 MPa a 8 MPa, adecuada para grasa a base de litio, grado de protecci\u00f3n IP54.<\/p>","protected":false},"featured_media":4019,"template":"","meta":{"ocean_post_layout":"","ocean_both_sidebars_style":"","ocean_both_sidebars_content_width":0,"ocean_both_sidebars_sidebars_width":0,"ocean_sidebar":"0","ocean_second_sidebar":"0","ocean_disable_margins":"enable","ocean_add_body_class":"","ocean_shortcode_before_top_bar":"","ocean_shortcode_after_top_bar":"","ocean_shortcode_before_header":"","ocean_shortcode_after_header":"","ocean_has_shortcode":"","ocean_shortcode_after_title":"","ocean_shortcode_before_footer_widgets":"","ocean_shortcode_after_footer_widgets":"","ocean_shortcode_before_footer_bottom":"","ocean_shortcode_after_footer_bottom":"","ocean_display_top_bar":"default","ocean_display_header":"default","ocean_header_style":"","ocean_center_header_left_menu":"0","ocean_custom_header_template":"0","ocean_custom_logo":0,"ocean_custom_retina_logo":0,"ocean_custom_logo_max_width":0,"ocean_custom_logo_tablet_max_width":0,"ocean_custom_logo_mobile_max_width":0,"ocean_custom_logo_max_height":0,"ocean_custom_logo_tablet_max_height":0,"ocean_custom_logo_mobile_max_height":0,"ocean_header_custom_menu":"0","ocean_menu_typo_font_family":"0","ocean_menu_typo_font_subset":"","ocean_menu_typo_font_size":0,"ocean_menu_typo_font_size_tablet":0,"ocean_menu_typo_font_size_mobile":0,"ocean_menu_typo_font_size_unit":"px","ocean_menu_typo_font_weight":"","ocean_menu_typo_font_weight_tablet":"","ocean_menu_typo_font_weight_mobile":"","ocean_menu_typo_transform":"","ocean_menu_typo_transform_tablet":"","ocean_menu_typo_transform_mobile":"","ocean_menu_typo_line_height":0,"ocean_menu_typo_line_height_tablet":0,"ocean_menu_typo_line_height_mobile":0,"ocean_menu_typo_line_height_unit":"","ocean_menu_typo_spacing":0,"ocean_menu_typo_spacing_tablet":0,"ocean_menu_typo_spacing_mobile":0,"ocean_menu_typo_spacing_unit":"","ocean_menu_link_color":"","ocean_menu_link_color_hover":"","ocean_menu_link_color_active":"","ocean_menu_link_background":"","ocean_menu_link_hover_background":"","ocean_menu_link_active_background":"","ocean_menu_social_links_bg":"","ocean_menu_social_hover_links_bg":"","ocean_menu_social_links_color":"","ocean_menu_social_hover_links_color":"","ocean_disable_title":"default","ocean_disable_heading":"default","ocean_post_title":"","ocean_post_subheading":"","ocean_post_title_style":"","ocean_post_title_background_color":"","ocean_post_title_background":0,"ocean_post_title_bg_image_position":"","ocean_post_title_bg_image_attachment":"","ocean_post_title_bg_image_repeat":"","ocean_post_title_bg_image_size":"","ocean_post_title_height":0,"ocean_post_title_bg_overlay":0.5,"ocean_post_title_bg_overlay_color":"","ocean_disable_breadcrumbs":"default","ocean_breadcrumbs_color":"","ocean_breadcrumbs_separator_color":"","ocean_breadcrumbs_links_color":"","ocean_breadcrumbs_links_hover_color":"","ocean_display_footer_widgets":"default","ocean_display_footer_bottom":"default","ocean_custom_footer_template":"0","osh_disable_topbar_sticky":"default","osh_disable_header_sticky":"default","osh_sticky_header_style":"default","osh_sticky_header_effect":"","osh_custom_sticky_logo":0,"osh_custom_retina_sticky_logo":0,"osh_custom_sticky_logo_height":0,"osh_background_color":"","osh_links_color":"","osh_links_hover_color":"","osh_links_active_color":"","osh_links_bg_color":"","osh_links_hover_bg_color":"","osh_links_active_bg_color":"","osh_menu_social_links_color":"","osh_menu_social_hover_links_color":""},"product_brand":[],"product_cat":[38,37],"product_tag":[191,73,378,379,92],"class_list":{"0":"post-4018","1":"product","2":"type-product","3":"status-publish","4":"has-post-thumbnail","6":"product_cat-electric-pressure-relief-pumps","7":"product_cat-single-line-grease-systems","8":"product_tag-cnc-lubrication-pump","9":"product_tag-electric-lubrication-pump","10":"product_tag-lhl-lubrication-pump","11":"product_tag-machine-tool-lubrication-pump","12":"product_tag-single-line-lubrication-pump","14":"entry","15":"has-media","17":"first","18":"instock","19":"shipping-taxable","20":"product-type-external","21":"col","22":"span_1_of_3","23":"owp-content-center","24":"owp-thumbs-layout-horizontal","25":"owp-btn-very-big","26":"owp-tabs-layout-horizontal"},"_links":{"self":[{"href":"https:\/\/www.jinpinlub.com\/es\/wp-json\/wp\/v2\/product\/4018","targetHints":{"allow":["GET"]}}],"collection":[{"href":"https:\/\/www.jinpinlub.com\/es\/wp-json\/wp\/v2\/product"}],"about":[{"href":"https:\/\/www.jinpinlub.com\/es\/wp-json\/wp\/v2\/types\/product"}],"wp:featuredmedia":[{"embeddable":true,"href":"https:\/\/www.jinpinlub.com\/es\/wp-json\/wp\/v2\/media\/4019"}],"wp:attachment":[{"href":"https:\/\/www.jinpinlub.com\/es\/wp-json\/wp\/v2\/media?parent=4018"}],"wp:term":[{"taxonomy":"product_brand","embeddable":true,"href":"https:\/\/www.jinpinlub.com\/es\/wp-json\/wp\/v2\/product_brand?post=4018"},{"taxonomy":"product_cat","embeddable":true,"href":"https:\/\/www.jinpinlub.com\/es\/wp-json\/wp\/v2\/product_cat?post=4018"},{"taxonomy":"product_tag","embeddable":true,"href":"https:\/\/www.jinpinlub.com\/es\/wp-json\/wp\/v2\/product_tag?post=4018"}],"curies":[{"name":"wp","href":"https:\/\/api.w.org\/{rel}","templated":true}]}}