{"id":4023,"date":"2024-12-13T04:49:24","date_gmt":"2024-12-12T20:49:24","guid":{"rendered":"https:\/\/www.jinpinlub.com\/?post_type=product&#038;p=4023"},"modified":"2024-12-13T05:49:16","modified_gmt":"2024-12-12T21:49:16","slug":"bomba-de-lubricacion-cnc-jinpinlub-j200-para-cartucho-de-grasa-lhl","status":"publish","type":"product","link":"https:\/\/www.jinpinlub.com\/es\/product\/jinpinlub-j200-cnc-lubrication-pump-for-lhl-grease-cartridge\/","title":{"rendered":"Bomba de lubricaci\u00f3n CNC Jinpinlub J200 para cartucho de grasa LHL"},"content":{"rendered":"<h2>Caracter\u00edsticas<\/h2>\n<p><span id=\"input-sentence~0\">\u2013 La presi\u00f3n de funcionamiento de esta bomba de lubricaci\u00f3n J200 est\u00e1 dentro del rango de 5 MPa a 8 MPa, lo que proporciona un suministro estable de lubricante a alta presi\u00f3n.<br \/>\n\u2013 El caudal de lubricante de la bomba de lubricaci\u00f3n es de 7 ml por minuto. Esta descarga estable contribuye al funcionamiento eficiente del sistema de lubricaci\u00f3n.<\/span><span id=\"input-sentence~1\"><br \/>\n\u2013 La bomba de lubricaci\u00f3n J20 tiene un grado de protecci\u00f3n IP54, lo que significa que tiene buena resistencia al polvo y al agua y puede funcionar de manera confiable en entornos polvorientos y h\u00famedos.<br \/>\n\u2013 La bomba de lubricaci\u00f3n utiliza una fuente de alimentaci\u00f3n de 24 V CC. Este dise\u00f1o no solo garantiza el funcionamiento eficiente de la bomba, sino que tambi\u00e9n ahorra energ\u00eda.<br \/>\n\u2013 La bomba de lubricaci\u00f3n est\u00e1 equipada con un interruptor de alimentaci\u00f3n opcional y un interruptor de nivel de lubricante para el control y la operaci\u00f3n por parte del usuario. Adem\u00e1s, se utiliza un cartucho de grasa extra\u00edble espec\u00edfico.<\/span><\/p>\n<h2>Especificaci\u00f3n<\/h2>\n<table>\n<tbody>\n<tr>\n<td>Modelo<\/td>\n<td>J200-3D<\/td>\n<\/tr>\n<tr>\n<td>Tiempo de lubricaci\u00f3n<\/td>\n<td>PLC o controlador externo<\/td>\n<\/tr>\n<tr>\n<td>Tiempo de intervalo<\/td>\n<td>PLC o controlador externo<\/td>\n<\/tr>\n<tr>\n<td>Temperatura de funcionamiento<\/td>\n<td>0\u2103~ +50\u00b0C (Las condiciones de baja temperatura requieren grasa anticongelante)<\/td>\n<\/tr>\n<tr>\n<td>N\u00famero de puntos de venta<\/td>\n<td>1 o 2<\/td>\n<\/tr>\n<tr>\n<td>Capacidad del dep\u00f3sito<\/td>\n<td>0,3 l, 0,5 l, 0,7 l<\/td>\n<\/tr>\n<tr>\n<td>Recarga<\/td>\n<td>Dep\u00f3sito\/cartucho extra\u00edble<\/td>\n<\/tr>\n<tr>\n<td>Lubricante<\/td>\n<td>Grasas grado NLGI 000~2#<\/td>\n<\/tr>\n<tr>\n<td>V\u00e1lvula de alivio de presi\u00f3n<\/td>\n<td>Ensamblado<\/td>\n<\/tr>\n<tr>\n<td>Descargar<\/td>\n<td>7 ml\/min<\/td>\n<\/tr>\n<tr>\n<td>Presi\u00f3n m\u00e1xima de funcionamiento<\/td>\n<td>5,0 o 8,0 MPa<\/td>\n<\/tr>\n<tr>\n<td>Hilo de conexi\u00f3n<\/td>\n<td>Salida \u03a66<\/td>\n<\/tr>\n<tr>\n<td>Voltaje de funcionamiento<\/td>\n<td>24 V CC<\/td>\n<\/tr>\n<tr>\n<td>Proceso de dar un t\u00edtulo<\/td>\n<td>CE<\/td>\n<\/tr>\n<tr>\n<td>Interruptor de nivel bajo<\/td>\n<td>Contacto NC<\/td>\n<\/tr>\n<\/tbody>\n<\/table>\n<h2>Recarga<\/h2>\n<p>\u2013 Si la bomba de lubricaci\u00f3n no descarga grasa, es posible que quede menos grasa en el dep\u00f3sito. Si la v\u00e1lvula no descarga grasa, es posible que est\u00e9 bloqueada.<br \/>\n\u2013 Si hay aire en la bomba de lubricaci\u00f3n, qu\u00edtelo de acuerdo con las instrucciones del manual del usuario. Si hay aire en la tuber\u00eda principal, retire el tap\u00f3n del extremo y haga funcionar la bomba para drenar el aire.<br \/>\n\u2013 Si la bomba de lubricaci\u00f3n no funciona, verifique la conexi\u00f3n de alimentaci\u00f3n de 24 V CC para asegurarse de que los polos positivo y negativo de los cables est\u00e9n conectados correctamente. Incluso si la polaridad es incorrecta, la bomba no se da\u00f1ar\u00e1, pero es necesario corregirla.<br \/>\n\u2013 Si la bomba de lubricaci\u00f3n descarga una presi\u00f3n baja, puede haber una fuga en la salida de la bomba o en las piezas de conexi\u00f3n de la tuber\u00eda de la m\u00e1quina. Si la tuber\u00eda est\u00e1 da\u00f1ada, es necesario reemplazarla.<br \/>\n\u2013 Si no se establece la presi\u00f3n de la tuber\u00eda principal, consulte el tratamiento de la bomba de lubricaci\u00f3n que no descarga grasa. Tambi\u00e9n puede deberse a un corte de energ\u00eda, da\u00f1o en la tuber\u00eda o aire en el sistema.<\/p>\n<h2>Manuales<\/h2>\n<div class=\"sdm_download_button_box_default\"><div class=\"sdm_download_link\"><a href=\"https:\/\/www.jinpinlub.com\/es\/?sdm_process_download=1&download_id=3962\" class=\"sdm_download white\" title=\"Privado: J200 Electric Pump\" target=\"&quot;_blank&quot;\">Ver hoja de datos - Bomba de grasa J200<\/a><\/div><\/div>","protected":false},"excerpt":{"rendered":"<p>La bomba de lubricaci\u00f3n Jinpinlub J200 es una peque\u00f1a bomba de grasa el\u00e9ctrica con funciones de recarga conveniente, detecci\u00f3n autom\u00e1tica de la presi\u00f3n del sistema, control autom\u00e1tico del tiempo de funcionamiento y del intervalo de tiempo, y alivio autom\u00e1tico de la presi\u00f3n. Es de tama\u00f1o peque\u00f1o y su funcionamiento es confiable.<\/p>","protected":false},"featured_media":4024,"template":"","meta":{"ocean_post_layout":"","ocean_both_sidebars_style":"","ocean_both_sidebars_content_width":0,"ocean_both_sidebars_sidebars_width":0,"ocean_sidebar":"0","ocean_second_sidebar":"0","ocean_disable_margins":"enable","ocean_add_body_class":"","ocean_shortcode_before_top_bar":"","ocean_shortcode_after_top_bar":"","ocean_shortcode_before_header":"","ocean_shortcode_after_header":"","ocean_has_shortcode":"","ocean_shortcode_after_title":"","ocean_shortcode_before_footer_widgets":"","ocean_shortcode_after_footer_widgets":"","ocean_shortcode_before_footer_bottom":"","ocean_shortcode_after_footer_bottom":"","ocean_display_top_bar":"default","ocean_display_header":"default","ocean_header_style":"","ocean_center_header_left_menu":"0","ocean_custom_header_template":"0","ocean_custom_logo":0,"ocean_custom_retina_logo":0,"ocean_custom_logo_max_width":0,"ocean_custom_logo_tablet_max_width":0,"ocean_custom_logo_mobile_max_width":0,"ocean_custom_logo_max_height":0,"ocean_custom_logo_tablet_max_height":0,"ocean_custom_logo_mobile_max_height":0,"ocean_header_custom_menu":"0","ocean_menu_typo_font_family":"0","ocean_menu_typo_font_subset":"","ocean_menu_typo_font_size":0,"ocean_menu_typo_font_size_tablet":0,"ocean_menu_typo_font_size_mobile":0,"ocean_menu_typo_font_size_unit":"px","ocean_menu_typo_font_weight":"","ocean_menu_typo_font_weight_tablet":"","ocean_menu_typo_font_weight_mobile":"","ocean_menu_typo_transform":"","ocean_menu_typo_transform_tablet":"","ocean_menu_typo_transform_mobile":"","ocean_menu_typo_line_height":0,"ocean_menu_typo_line_height_tablet":0,"ocean_menu_typo_line_height_mobile":0,"ocean_menu_typo_line_height_unit":"","ocean_menu_typo_spacing":0,"ocean_menu_typo_spacing_tablet":0,"ocean_menu_typo_spacing_mobile":0,"ocean_menu_typo_spacing_unit":"","ocean_menu_link_color":"","ocean_menu_link_color_hover":"","ocean_menu_link_color_active":"","ocean_menu_link_background":"","ocean_menu_link_hover_background":"","ocean_menu_link_active_background":"","ocean_menu_social_links_bg":"","ocean_menu_social_hover_links_bg":"","ocean_menu_social_links_color":"","ocean_menu_social_hover_links_color":"","ocean_disable_title":"default","ocean_disable_heading":"default","ocean_post_title":"","ocean_post_subheading":"","ocean_post_title_style":"","ocean_post_title_background_color":"","ocean_post_title_background":0,"ocean_post_title_bg_image_position":"","ocean_post_title_bg_image_attachment":"","ocean_post_title_bg_image_repeat":"","ocean_post_title_bg_image_size":"","ocean_post_title_height":0,"ocean_post_title_bg_overlay":0.5,"ocean_post_title_bg_overlay_color":"","ocean_disable_breadcrumbs":"default","ocean_breadcrumbs_color":"","ocean_breadcrumbs_separator_color":"","ocean_breadcrumbs_links_color":"","ocean_breadcrumbs_links_hover_color":"","ocean_display_footer_widgets":"default","ocean_display_footer_bottom":"default","ocean_custom_footer_template":"0","osh_disable_topbar_sticky":"default","osh_disable_header_sticky":"default","osh_sticky_header_style":"default","osh_sticky_header_effect":"","osh_custom_sticky_logo":0,"osh_custom_retina_sticky_logo":0,"osh_custom_sticky_logo_height":0,"osh_background_color":"","osh_links_color":"","osh_links_hover_color":"","osh_links_active_color":"","osh_links_bg_color":"","osh_links_hover_bg_color":"","osh_links_active_bg_color":"","osh_menu_social_links_color":"","osh_menu_social_hover_links_color":""},"product_brand":[],"product_cat":[38,37],"product_tag":[73,380,378,111,92],"class_list":{"0":"post-4023","1":"product","2":"type-product","3":"status-publish","4":"has-post-thumbnail","6":"product_cat-electric-pressure-relief-pumps","7":"product_cat-single-line-grease-systems","8":"product_tag-electric-lubrication-pump","9":"product_tag-jinpuinlub-lubrication-pump","10":"product_tag-lhl-lubrication-pump","11":"product_tag-oil-lubrication-pump","12":"product_tag-single-line-lubrication-pump","14":"entry","15":"has-media","17":"first","18":"instock","19":"shipping-taxable","20":"product-type-external","21":"col","22":"span_1_of_3","23":"owp-content-center","24":"owp-thumbs-layout-horizontal","25":"owp-btn-very-big","26":"owp-tabs-layout-horizontal"},"_links":{"self":[{"href":"https:\/\/www.jinpinlub.com\/es\/wp-json\/wp\/v2\/product\/4023","targetHints":{"allow":["GET"]}}],"collection":[{"href":"https:\/\/www.jinpinlub.com\/es\/wp-json\/wp\/v2\/product"}],"about":[{"href":"https:\/\/www.jinpinlub.com\/es\/wp-json\/wp\/v2\/types\/product"}],"wp:featuredmedia":[{"embeddable":true,"href":"https:\/\/www.jinpinlub.com\/es\/wp-json\/wp\/v2\/media\/4024"}],"wp:attachment":[{"href":"https:\/\/www.jinpinlub.com\/es\/wp-json\/wp\/v2\/media?parent=4023"}],"wp:term":[{"taxonomy":"product_brand","embeddable":true,"href":"https:\/\/www.jinpinlub.com\/es\/wp-json\/wp\/v2\/product_brand?post=4023"},{"taxonomy":"product_cat","embeddable":true,"href":"https:\/\/www.jinpinlub.com\/es\/wp-json\/wp\/v2\/product_cat?post=4023"},{"taxonomy":"product_tag","embeddable":true,"href":"https:\/\/www.jinpinlub.com\/es\/wp-json\/wp\/v2\/product_tag?post=4023"}],"curies":[{"name":"wp","href":"https:\/\/api.w.org\/{rel}","templated":true}]}}