{"id":4045,"date":"2024-12-17T01:12:55","date_gmt":"2024-12-16T17:12:55","guid":{"rendered":"https:\/\/www.jinpinlub.com\/?post_type=product&#038;p=4045"},"modified":"2024-12-17T01:54:14","modified_gmt":"2024-12-16T17:54:14","slug":"bomba-de-grasa-electrica-para-sistema-de-lubricacion-central-jinpinlub","status":"publish","type":"product","link":"https:\/\/www.jinpinlub.com\/es\/product\/jinpinlub-central-lubrication-system-electric-grease-pump\/","title":{"rendered":"Bomba de grasa el\u00e9ctrica del sistema de lubricaci\u00f3n central Jinpinlub"},"content":{"rendered":"<h2>Caracter\u00edsticas<\/h2>\n<p>1. Bomba de lubricaci\u00f3n J203 sin placa seguidora<br \/>\nFunci\u00f3n del dep\u00f3sito y de la paleta agitadora: el dep\u00f3sito de aceite almacena el lubricante, la tapa es a prueba de contaminaci\u00f3n y resulta c\u00f3moda para repostar, y el dispositivo de ventilaci\u00f3n garantiza la circulaci\u00f3n del aire en el dep\u00f3sito de aceite cuando la bomba est\u00e1 en funcionamiento. La paleta agitadora homogeneiza el lubricante y ayuda a la bomba a succionar el aceite.<br \/>\nBase de la bomba y conexi\u00f3n interna: La base aloja el motor, las conexiones el\u00e9ctricas, los accesorios de recarga y hasta 3 elementos de bomba, y la salida de los diferentes elementos var\u00eda.<br \/>\n2. Bomba de lubricaci\u00f3n J203 con plato seguidor<br \/>\nDep\u00f3sito y piezas especiales: La funci\u00f3n del dep\u00f3sito es similar a la de la bomba sin placa seguidora, y el dispositivo de ventilaci\u00f3n cumple una funci\u00f3n durante el funcionamiento y el llenado. La placa seguidora reci\u00e9n a\u00f1adida presiona el aceite con un resorte, y la varilla de contacto detecta y se\u00f1ala el bajo nivel de l\u00edquido a trav\u00e9s del contacto de l\u00e1minas.<br \/>\nConexi\u00f3n y ampliaci\u00f3n de funciones: La funci\u00f3n de la carcasa de la bomba permanece inalterada y la conexi\u00f3n el\u00e9ctrica a\u00f1ade la funci\u00f3n de indicaci\u00f3n del nivel de l\u00edquido. Los tipos de conexi\u00f3n son conector cuadrado o conector M12.<\/p>\n<h2>Especificaci\u00f3n<\/h2>\n<table>\n<tbody>\n<tr>\n<td>Temperatura de funcionamiento<\/td>\n<td>(-40\u00b0C a +70\u00b0C)<\/td>\n<\/tr>\n<tr>\n<td>N\u00famero de puntos de venta<\/td>\n<td>1, 2 o 3<\/td>\n<\/tr>\n<tr>\n<td>Capacidad del dep\u00f3sito<\/td>\n<td>2L, 4L, 8L, 15L<\/td>\n<\/tr>\n<tr>\n<td>Recarga<\/td>\n<td>Accesorio de lubricaci\u00f3n hidr\u00e1ulica o desde arriba<\/td>\n<\/tr>\n<tr>\n<td>Lubricante<\/td>\n<td>Grasas de al menos grado NLGI 2, Aceites de hasta 40 mm\u00b2\/s (cSt) a 40\u00b0 C<\/td>\n<\/tr>\n<tr>\n<td>Clase de protecci\u00f3n<\/td>\n<td>IP6K 9K<\/td>\n<\/tr>\n<tr>\n<td>Di\u00e1metro del pist\u00f3n, K5<\/td>\n<td>5 mm, aprox. 2 cm\u00b3\/min<\/td>\n<\/tr>\n<tr>\n<td>Di\u00e1metro del pist\u00f3n, (est\u00e1ndar) K6<\/td>\n<td>6 mm, aprox. 2,8 cm\u00b3\/min<\/td>\n<\/tr>\n<tr>\n<td>Di\u00e1metro del pist\u00f3n, K7<\/td>\n<td>7 mm, aprox. 4 cm\u00b3\/min<\/td>\n<\/tr>\n<tr>\n<td>Presi\u00f3n m\u00e1xima de funcionamiento<\/td>\n<td>350 bares<\/td>\n<\/tr>\n<tr>\n<td>Hilo de conexi\u00f3n<\/td>\n<td>Sol 1\/4<\/td>\n<\/tr>\n<tr>\n<td>Voltaje de funcionamiento<\/td>\n<td>12 V CC, 24 V CC, 110-240 V CA<\/td>\n<\/tr>\n<\/tbody>\n<\/table>\n<h2><span data-slate-fragment=\"JTVCJTdCJTIydHlwZSUyMiUzQSUyMnBhcmFncmFwaCUyMiUyQyUyMmNoaWxkcmVuJTIyJTNBJTVCJTdCJTIyaWQlMjIlM0ElMjJXUDU4YUw0Snc3JTIyJTJDJTIycGFyYUlkeCUyMiUzQTAlMkMlMjJzcmMlMjIlM0ElMjJtYWludGVuYW5jZSUyMiUyQyUyMmRzdCUyMiUzQSUyMiVFNyVCQiVCNCVFNCVCRiVBRSUyMiUyQyUyMm1ldGFkYXRhJTIyJTNBJTIyJTIyJTJDJTIybWV0YURhdGElMjIlM0ElNUIlNUQlMkMlMjJ0ZXh0JTIyJTNBJTIybWFpbnRlbmFuY2UlMjIlN0QlNUQlN0QlNUQ=\">Mantenimiento<\/span><\/h2>\n<p>1. La bomba de lubricaci\u00f3n no funciona.<br \/>\n\u2013 Fallo de energ\u00eda: la m\u00e1quina superior est\u00e1 apagada, el cable de conexi\u00f3n est\u00e1 suelto o da\u00f1ado, el fusible externo est\u00e1 quemado, verificar y reparar.<br \/>\n\u2013 Problema del modo de operaci\u00f3n: en el modo de tiempo de pausa, ajuste el modo de operaci\u00f3n.<br \/>\n\u2013 Fallo interno: el motor, la placa de alimentaci\u00f3n est\u00e1 da\u00f1ado o el cable interno est\u00e1 roto, inspecci\u00f3n profesional y reparaci\u00f3n o reemplazo de piezas.<br \/>\n2. La bomba de lubricaci\u00f3n funciona pero el suministro de aceite es peque\u00f1o o nulo.<br \/>\n\u2013 Fallo de un componente del sistema: el sistema de lubricaci\u00f3n el\u00e9ctrica est\u00e1 bloqueado, la v\u00e1lvula unidireccional o la v\u00e1lvula de alivio de presi\u00f3n est\u00e1n da\u00f1adas, reemplace las piezas defectuosas.<br \/>\n\u2013 Problema en el componente de la bomba de lubricaci\u00f3n: el orificio de succi\u00f3n de aceite est\u00e1 bloqueado, el componente est\u00e1 cerrado, el lubricante tiene burbujas o viscosidad anormal, verifique y manipule los componentes de la bomba y el lubricante.<br \/>\n\u2013 Problema con el dispositivo de medici\u00f3n: el dispositivo de medici\u00f3n est\u00e1 configurado incorrectamente, vuelva a configurarlo correctamente. Aseg\u00farese de que se hayan tomado las medidas de seguridad y de que funcione de acuerdo con las normas antes de realizar el mantenimiento.<\/p>\n<h2>Manuales<\/h2>\n<div class=\"sdm_download_button_box_default\"><div class=\"sdm_download_link\"><a href=\"https:\/\/www.jinpinlub.com\/es\/?sdm_process_download=1&download_id=2429\" class=\"sdm_download white\" title=\"Privado: J203 Grease Pump\" target=\"&quot;_blank&quot;\">Ver hoja de datos - Bomba de grasa J203<\/a><\/div><\/div>","protected":false},"excerpt":{"rendered":"<p>J203 es una bomba de lubricaci\u00f3n centralizada autom\u00e1tica que puede soportar hasta 3 elementos de bomba y proporcionar hasta 150 puntos de lubricaci\u00f3n, adecuada para escenarios como maquinaria de construcci\u00f3n, chasis de autob\u00fas, maquinaria peque\u00f1a y mediana e industrias convencionales.<\/p>","protected":false},"featured_media":4046,"template":"","meta":{"ocean_post_layout":"","ocean_both_sidebars_style":"","ocean_both_sidebars_content_width":0,"ocean_both_sidebars_sidebars_width":0,"ocean_sidebar":"0","ocean_second_sidebar":"0","ocean_disable_margins":"enable","ocean_add_body_class":"","ocean_shortcode_before_top_bar":"","ocean_shortcode_after_top_bar":"","ocean_shortcode_before_header":"","ocean_shortcode_after_header":"","ocean_has_shortcode":"","ocean_shortcode_after_title":"","ocean_shortcode_before_footer_widgets":"","ocean_shortcode_after_footer_widgets":"","ocean_shortcode_before_footer_bottom":"","ocean_shortcode_after_footer_bottom":"","ocean_display_top_bar":"default","ocean_display_header":"default","ocean_header_style":"","ocean_center_header_left_menu":"0","ocean_custom_header_template":"0","ocean_custom_logo":0,"ocean_custom_retina_logo":0,"ocean_custom_logo_max_width":0,"ocean_custom_logo_tablet_max_width":0,"ocean_custom_logo_mobile_max_width":0,"ocean_custom_logo_max_height":0,"ocean_custom_logo_tablet_max_height":0,"ocean_custom_logo_mobile_max_height":0,"ocean_header_custom_menu":"0","ocean_menu_typo_font_family":"0","ocean_menu_typo_font_subset":"","ocean_menu_typo_font_size":0,"ocean_menu_typo_font_size_tablet":0,"ocean_menu_typo_font_size_mobile":0,"ocean_menu_typo_font_size_unit":"px","ocean_menu_typo_font_weight":"","ocean_menu_typo_font_weight_tablet":"","ocean_menu_typo_font_weight_mobile":"","ocean_menu_typo_transform":"","ocean_menu_typo_transform_tablet":"","ocean_menu_typo_transform_mobile":"","ocean_menu_typo_line_height":0,"ocean_menu_typo_line_height_tablet":0,"ocean_menu_typo_line_height_mobile":0,"ocean_menu_typo_line_height_unit":"","ocean_menu_typo_spacing":0,"ocean_menu_typo_spacing_tablet":0,"ocean_menu_typo_spacing_mobile":0,"ocean_menu_typo_spacing_unit":"","ocean_menu_link_color":"","ocean_menu_link_color_hover":"","ocean_menu_link_color_active":"","ocean_menu_link_background":"","ocean_menu_link_hover_background":"","ocean_menu_link_active_background":"","ocean_menu_social_links_bg":"","ocean_menu_social_hover_links_bg":"","ocean_menu_social_links_color":"","ocean_menu_social_hover_links_color":"","ocean_disable_title":"default","ocean_disable_heading":"default","ocean_post_title":"","ocean_post_subheading":"","ocean_post_title_style":"","ocean_post_title_background_color":"","ocean_post_title_background":0,"ocean_post_title_bg_image_position":"","ocean_post_title_bg_image_attachment":"","ocean_post_title_bg_image_repeat":"","ocean_post_title_bg_image_size":"","ocean_post_title_height":0,"ocean_post_title_bg_overlay":0.5,"ocean_post_title_bg_overlay_color":"","ocean_disable_breadcrumbs":"default","ocean_breadcrumbs_color":"","ocean_breadcrumbs_separator_color":"","ocean_breadcrumbs_links_color":"","ocean_breadcrumbs_links_hover_color":"","ocean_display_footer_widgets":"default","ocean_display_footer_bottom":"default","ocean_custom_footer_template":"0","osh_disable_topbar_sticky":"default","osh_disable_header_sticky":"default","osh_sticky_header_style":"default","osh_sticky_header_effect":"","osh_custom_sticky_logo":0,"osh_custom_retina_sticky_logo":0,"osh_custom_sticky_logo_height":0,"osh_background_color":"","osh_links_color":"","osh_links_hover_color":"","osh_links_active_color":"","osh_links_bg_color":"","osh_links_hover_bg_color":"","osh_links_active_bg_color":"","osh_menu_social_links_color":"","osh_menu_social_hover_links_color":""},"product_brand":[],"product_cat":[42,41],"product_tag":[321,73,76,77,91],"class_list":{"0":"post-4045","1":"product","2":"type-product","3":"status-publish","4":"has-post-thumbnail","6":"product_cat-electric-progressive-pumps","7":"product_cat-progressive-grease-systems","8":"product_tag-automatic-lubrication-system","9":"product_tag-electric-lubrication-pump","10":"product_tag-electric-lubrication-system","11":"product_tag-grease-lubrication-pump","12":"product_tag-progressive-lubrication-pump","14":"entry","15":"has-media","17":"first","18":"instock","19":"shipping-taxable","20":"product-type-external","21":"col","22":"span_1_of_3","23":"owp-content-center","24":"owp-thumbs-layout-horizontal","25":"owp-btn-very-big","26":"owp-tabs-layout-horizontal"},"_links":{"self":[{"href":"https:\/\/www.jinpinlub.com\/es\/wp-json\/wp\/v2\/product\/4045","targetHints":{"allow":["GET"]}}],"collection":[{"href":"https:\/\/www.jinpinlub.com\/es\/wp-json\/wp\/v2\/product"}],"about":[{"href":"https:\/\/www.jinpinlub.com\/es\/wp-json\/wp\/v2\/types\/product"}],"wp:featuredmedia":[{"embeddable":true,"href":"https:\/\/www.jinpinlub.com\/es\/wp-json\/wp\/v2\/media\/4046"}],"wp:attachment":[{"href":"https:\/\/www.jinpinlub.com\/es\/wp-json\/wp\/v2\/media?parent=4045"}],"wp:term":[{"taxonomy":"product_brand","embeddable":true,"href":"https:\/\/www.jinpinlub.com\/es\/wp-json\/wp\/v2\/product_brand?post=4045"},{"taxonomy":"product_cat","embeddable":true,"href":"https:\/\/www.jinpinlub.com\/es\/wp-json\/wp\/v2\/product_cat?post=4045"},{"taxonomy":"product_tag","embeddable":true,"href":"https:\/\/www.jinpinlub.com\/es\/wp-json\/wp\/v2\/product_tag?post=4045"}],"curies":[{"name":"wp","href":"https:\/\/api.w.org\/{rel}","templated":true}]}}