{"id":4052,"date":"2025-01-01T21:06:51","date_gmt":"2025-01-01T13:06:51","guid":{"rendered":"https:\/\/www.jinpinlub.com\/?post_type=product&#038;p=4052"},"modified":"2025-01-02T00:29:16","modified_gmt":"2025-01-01T16:29:16","slug":"mls-0-5l-minimal-lubrication-control-unit-for-sawing-machine","status":"publish","type":"product","link":"https:\/\/www.jinpinlub.com\/es\/product\/mls-0-5l-minimal-lubrication-control-unit-for-sawing-machine\/","title":{"rendered":"Unidad de control de lubricaci\u00f3n m\u00ednima MLS 4L para sierras"},"content":{"rendered":"<h2>Caracter\u00edstica<\/h2>\n<p>1. Lubricaci\u00f3n de precisi\u00f3n: la bomba de microlubricaci\u00f3n tiene buena capacidad de ajuste, tornillo dosificador de aire y perilla de ajuste de la carrera de la bomba que controla con precisi\u00f3n el volumen de pulverizaci\u00f3n de la bomba atomizadora; el generador de pulsos que controla la velocidad del ciclo de la bomba se puede realizar en varios tipos de formas de ajuste preciso.<br \/>\n2. Flexibilidad de configuraci\u00f3n: Su dise\u00f1o modular permite a los clientes configurarlo seg\u00fan sus necesidades. El sistema consta de todo tipo de bombas, v\u00e1lvulas reguladoras, tanques de almacenamiento de l\u00edquidos, etc. Se adapta a diferentes escenarios de aplicaci\u00f3n con diferentes estructuras de sistema y colocaci\u00f3n de componentes.<br \/>\n3. Se determinan los par\u00e1metros: presi\u00f3n de suministro de aire, par\u00e1metro de la bomba de microlubricaci\u00f3n, flujo de aire, frecuencia del generador de pulsos, rango de temperatura de trabajo y almacenamiento, etc.<\/p>\n<h2>Especificaci\u00f3n<\/h2>\n<table>\n<tbody>\n<tr>\n<td>Presi\u00f3n de aire de suministro<\/td>\n<td>Aire comprimido limpio y seco, 4~7 bar, 708 LPM m\u00ednimo<\/td>\n<\/tr>\n<tr>\n<td>Viscosidad de la bomba<\/td>\n<td>50 ~ 1000 SUS<\/td>\n<\/tr>\n<tr>\n<td>Rendimiento de la bomba a plena carrera<\/td>\n<td>0,033 ml (est\u00e1ndar de 1 gota), 0,100 ml (est\u00e1ndar de 3 gotas)<\/td>\n<\/tr>\n<tr>\n<td>Tasa de salida de la bomba<\/td>\n<td>0~396 ml\/h (est\u00e1ndar de 1 gota), 0~1200 ml\/h (est\u00e1ndar de 3 gotas)<\/td>\n<\/tr>\n<tr>\n<td>Caudal de aire<\/td>\n<td>0~4 SCFM para cada salida de aire y aceite, 1~2 SCFM t\u00edpico<\/td>\n<\/tr>\n<tr>\n<td>Generador de pulsos<\/td>\n<td>5~50 pulsos\/min, m\u00e1x. 200 pulsos\/min (no recomendado)<\/td>\n<\/tr>\n<tr>\n<td>Temperatura de funcionamiento<\/td>\n<td>0\u2103 ~ +50\u02daC<\/td>\n<\/tr>\n<tr>\n<td>Temperatura de almacenamiento<\/td>\n<td>(-16\u2103 ~ +70\u02daC)<\/td>\n<\/tr>\n<tr>\n<td>Dep\u00f3sito de l\u00edquido<\/td>\n<td>Personalizable, est\u00e1ndar 0,5 L, 1,0 L, 2 L, 4 L<\/td>\n<\/tr>\n<\/tbody>\n<\/table>\n<h2><span data-slate-fragment=\"JTVCJTdCJTIydHlwZSUyMiUzQSUyMnBhcmFncmFwaCUyMiUyQyUyMmNoaWxkcmVuJTIyJTNBJTVCJTdCJTIyaWQlMjIlM0ElMjJXUDU4YUw0Snc3JTIyJTJDJTIycGFyYUlkeCUyMiUzQTAlMkMlMjJzcmMlMjIlM0ElMjJtYWludGVuYW5jZSUyMiUyQyUyMmRzdCUyMiUzQSUyMiVFNyVCQiVCNCVFNCVCRiVBRSUyMiUyQyUyMm1ldGFkYXRhJTIyJTNBJTIyJTIyJTJDJTIybWV0YURhdGElMjIlM0ElNUIlNUQlMkMlMjJ0ZXh0JTIyJTNBJTIybWFpbnRlbmFuY2UlMjIlN0QlNUQlN0QlNUQ=\">Montaje<\/span><\/h2>\n<p><span id=\"input-sentence~0\">Ubicaci\u00f3n de la instalaci\u00f3n<br \/>\nEl sistema de microlubricaci\u00f3n se instala cerca de la m\u00e1quina y garantiza que no haya obst\u00e1culos que puedan comprimir o torcer las tuber\u00edas de salida o de suministro de gas. El dispositivo debe instalarse con el tanque de almacenamiento hacia arriba y en posici\u00f3n horizontal.<\/span><span id=\"input-sentence~1\"><br \/>\nM\u00e9todo de instalaci\u00f3n<br \/>\nInstalaci\u00f3n directa: Monte el sistema de microlubricaci\u00f3n directamente en la m\u00e1quina, observando la instalaci\u00f3n para su seguridad. Utilice los tornillos adecuados en cada posici\u00f3n de instalaci\u00f3n con sus respectivos tornillos para una instalaci\u00f3n correcta.<br \/>\nInstalaci\u00f3n con imanes: La instalaci\u00f3n con imanes tambi\u00e9n puede utilizarse opcionalmente seg\u00fan las necesidades de la instalaci\u00f3n. La seguridad en la instalaci\u00f3n tambi\u00e9n garantizar\u00e1 la estabilidad del sistema de microlubricaci\u00f3n.<\/span><\/p>\n<h2>Manuales<\/h2>\n<div class=\"sdm_download_button_box_default\"><div class=\"sdm_download_link\"><a href=\"https:\/\/www.jinpinlub.com\/es\/?sdm_process_download=1&download_id=4054\" class=\"sdm_download white\" title=\"Privado: Minimal Quantity Lubrication\" target=\"&quot;_blank&quot;\">Ver hoja de datos - Lubricaci\u00f3n de cantidad m\u00ednima<\/a><\/div><\/div>","protected":false},"excerpt":{"rendered":"<p>El sistema de microlubricaci\u00f3n MLS utiliza una bomba de desplazamiento positivo accionada por aire comprimido, que controla con precisi\u00f3n la salida de la neblina de aceite. Presenta un dise\u00f1o modular, un rendimiento fiable, una configuraci\u00f3n flexible y una f\u00e1cil instalaci\u00f3n.<\/p>","protected":false},"featured_media":4057,"template":"","meta":{"ocean_post_layout":"","ocean_both_sidebars_style":"","ocean_both_sidebars_content_width":0,"ocean_both_sidebars_sidebars_width":0,"ocean_sidebar":"0","ocean_second_sidebar":"0","ocean_disable_margins":"enable","ocean_add_body_class":"","ocean_shortcode_before_top_bar":"","ocean_shortcode_after_top_bar":"","ocean_shortcode_before_header":"","ocean_shortcode_after_header":"","ocean_has_shortcode":"","ocean_shortcode_after_title":"","ocean_shortcode_before_footer_widgets":"","ocean_shortcode_after_footer_widgets":"","ocean_shortcode_before_footer_bottom":"","ocean_shortcode_after_footer_bottom":"","ocean_display_top_bar":"default","ocean_display_header":"default","ocean_header_style":"","ocean_center_header_left_menu":"0","ocean_custom_header_template":"0","ocean_custom_logo":0,"ocean_custom_retina_logo":0,"ocean_custom_logo_max_width":0,"ocean_custom_logo_tablet_max_width":0,"ocean_custom_logo_mobile_max_width":0,"ocean_custom_logo_max_height":0,"ocean_custom_logo_tablet_max_height":0,"ocean_custom_logo_mobile_max_height":0,"ocean_header_custom_menu":"0","ocean_menu_typo_font_family":"0","ocean_menu_typo_font_subset":"","ocean_menu_typo_font_size":0,"ocean_menu_typo_font_size_tablet":0,"ocean_menu_typo_font_size_mobile":0,"ocean_menu_typo_font_size_unit":"px","ocean_menu_typo_font_weight":"","ocean_menu_typo_font_weight_tablet":"","ocean_menu_typo_font_weight_mobile":"","ocean_menu_typo_transform":"","ocean_menu_typo_transform_tablet":"","ocean_menu_typo_transform_mobile":"","ocean_menu_typo_line_height":0,"ocean_menu_typo_line_height_tablet":0,"ocean_menu_typo_line_height_mobile":0,"ocean_menu_typo_line_height_unit":"","ocean_menu_typo_spacing":0,"ocean_menu_typo_spacing_tablet":0,"ocean_menu_typo_spacing_mobile":0,"ocean_menu_typo_spacing_unit":"","ocean_menu_link_color":"","ocean_menu_link_color_hover":"","ocean_menu_link_color_active":"","ocean_menu_link_background":"","ocean_menu_link_hover_background":"","ocean_menu_link_active_background":"","ocean_menu_social_links_bg":"","ocean_menu_social_hover_links_bg":"","ocean_menu_social_links_color":"","ocean_menu_social_hover_links_color":"","ocean_disable_title":"default","ocean_disable_heading":"default","ocean_post_title":"","ocean_post_subheading":"","ocean_post_title_style":"","ocean_post_title_background_color":"","ocean_post_title_background":0,"ocean_post_title_bg_image_position":"","ocean_post_title_bg_image_attachment":"","ocean_post_title_bg_image_repeat":"","ocean_post_title_bg_image_size":"","ocean_post_title_height":0,"ocean_post_title_bg_overlay":0.5,"ocean_post_title_bg_overlay_color":"","ocean_disable_breadcrumbs":"default","ocean_breadcrumbs_color":"","ocean_breadcrumbs_separator_color":"","ocean_breadcrumbs_links_color":"","ocean_breadcrumbs_links_hover_color":"","ocean_display_footer_widgets":"default","ocean_display_footer_bottom":"default","ocean_custom_footer_template":"0","osh_disable_topbar_sticky":"default","osh_disable_header_sticky":"default","osh_sticky_header_style":"default","osh_sticky_header_effect":"","osh_custom_sticky_logo":0,"osh_custom_retina_sticky_logo":0,"osh_custom_sticky_logo_height":0,"osh_background_color":"","osh_links_color":"","osh_links_hover_color":"","osh_links_active_color":"","osh_links_bg_color":"","osh_links_hover_bg_color":"","osh_links_active_bg_color":"","osh_menu_social_links_color":"","osh_menu_social_hover_links_color":""},"product_brand":[],"product_cat":[46],"product_tag":[386,382,388,381,387],"class_list":{"0":"post-4052","1":"product","2":"type-product","3":"status-publish","4":"has-post-thumbnail","6":"product_cat-oil-mist-lubrication-systems","7":"product_tag-micro-lubrication-system","8":"product_tag-minimal-quantity-lubrication","9":"product_tag-minimum-quantity-lubrication","10":"product_tag-mql-lubrication-pump","11":"product_tag-oil-mist-coolant-pumps","13":"entry","14":"has-media","16":"first","17":"instock","18":"shipping-taxable","19":"product-type-external","20":"col","21":"span_1_of_3","22":"owp-content-center","23":"owp-thumbs-layout-horizontal","24":"owp-btn-very-big","25":"owp-tabs-layout-horizontal"},"_links":{"self":[{"href":"https:\/\/www.jinpinlub.com\/es\/wp-json\/wp\/v2\/product\/4052","targetHints":{"allow":["GET"]}}],"collection":[{"href":"https:\/\/www.jinpinlub.com\/es\/wp-json\/wp\/v2\/product"}],"about":[{"href":"https:\/\/www.jinpinlub.com\/es\/wp-json\/wp\/v2\/types\/product"}],"wp:featuredmedia":[{"embeddable":true,"href":"https:\/\/www.jinpinlub.com\/es\/wp-json\/wp\/v2\/media\/4057"}],"wp:attachment":[{"href":"https:\/\/www.jinpinlub.com\/es\/wp-json\/wp\/v2\/media?parent=4052"}],"wp:term":[{"taxonomy":"product_brand","embeddable":true,"href":"https:\/\/www.jinpinlub.com\/es\/wp-json\/wp\/v2\/product_brand?post=4052"},{"taxonomy":"product_cat","embeddable":true,"href":"https:\/\/www.jinpinlub.com\/es\/wp-json\/wp\/v2\/product_cat?post=4052"},{"taxonomy":"product_tag","embeddable":true,"href":"https:\/\/www.jinpinlub.com\/es\/wp-json\/wp\/v2\/product_tag?post=4052"}],"curies":[{"name":"wp","href":"https:\/\/api.w.org\/{rel}","templated":true}]}}