{"id":4065,"date":"2025-01-02T01:03:48","date_gmt":"2025-01-01T17:03:48","guid":{"rendered":"https:\/\/www.jinpinlub.com\/?post_type=product&#038;p=4065"},"modified":"2025-01-11T11:48:58","modified_gmt":"2025-01-11T03:48:58","slug":"sistema-de-lubricacion-por-pulverizacion-de-microprecision-para-corte-de-metales","status":"publish","type":"product","link":"https:\/\/www.jinpinlub.com\/es\/product\/micro-precision-spray-lubrication-system-for-metal-cutting\/","title":{"rendered":"Sistema de lubricaci\u00f3n por pulverizaci\u00f3n de microprecisi\u00f3n para corte de metales"},"content":{"rendered":"<h2>Caracter\u00edstica<\/h2>\n<p><span id=\"input-sentence~0\">\u2013 Mezcla de aire y aceite: la bomba de lubricaci\u00f3n de cantidad m\u00ednima puede proporcionar una mezcla de aire y aceite que puede utilizarse para diferentes escenarios de aplicaci\u00f3n que requieren una lubricaci\u00f3n precisa.<br \/>\n\u2013 Funci\u00f3n de ajuste: El regulador de carrera y el generador de pulsos en la bomba de lubricaci\u00f3n de cantidad m\u00ednima permiten a los usuarios regular la velocidad de circulaci\u00f3n y el rendimiento por carrera de la bomba seg\u00fan los requisitos, lo que permite una regulaci\u00f3n precisa.<\/span><span id=\"input-sentence~1\"><br \/>\n<span id=\"input-sentence~0\">&#8211; <\/span>Respetuoso con el medio ambiente: el aceite gu\u00eda para m\u00e1quinas herramienta ISO VG 68 recomendado por la bomba tiene caracter\u00edsticas respetuosas con el medio ambiente y la lubricaci\u00f3n precisa con niebla de microaceite puede reducir a\u00fan m\u00e1s el impacto en el medio ambiente.<br \/>\n<span id=\"input-sentence~0\">&#8211; <\/span>Materiales de alto rendimiento: Las boquillas de diferentes materiales son adecuadas para diferentes entornos de trabajo, como las boquillas de acero inoxidable para entornos que requieren alta rigidez, mientras que las boquillas de pl\u00e1stico flexible son adecuadas para entornos que requieren un f\u00e1cil ajuste de direcci\u00f3n.<\/span><\/p>\n<h2>Especificaci\u00f3n<\/h2>\n<table>\n<tbody>\n<tr>\n<td>Presi\u00f3n de aire de suministro<\/td>\n<td>Aire comprimido limpio y seco, 4~7 bar, 708 LPM m\u00ednimo<\/td>\n<\/tr>\n<tr>\n<td>Viscosidad de la bomba<\/td>\n<td>50 ~ 1000 SUS<\/td>\n<\/tr>\n<tr>\n<td>Rendimiento de la bomba a plena carrera<\/td>\n<td>0,033 ml (est\u00e1ndar de 1 gota), 0,100 ml (est\u00e1ndar de 3 gotas)<\/td>\n<\/tr>\n<tr>\n<td>Tasa de salida de la bomba<\/td>\n<td>0~396 ml\/h (est\u00e1ndar de 1 gota), 0~1200 ml\/h (est\u00e1ndar de 3 gotas)<\/td>\n<\/tr>\n<tr>\n<td>Caudal de aire<\/td>\n<td>0~4 SCFM para cada salida de aire y aceite, 1~2 SCFM t\u00edpico<\/td>\n<\/tr>\n<tr>\n<td>Generador de pulsos<\/td>\n<td>5~50 pulsos\/min, m\u00e1x. 200 pulsos\/min (no recomendado)<\/td>\n<\/tr>\n<tr>\n<td>Temperatura de funcionamiento<\/td>\n<td>0\u2103 ~ +50\u02daC<\/td>\n<\/tr>\n<tr>\n<td>Temperatura de almacenamiento<\/td>\n<td>(-16\u2103 ~ +70\u02daC)<\/td>\n<\/tr>\n<tr>\n<td>Dep\u00f3sito de l\u00edquido<\/td>\n<td>Personalizable, est\u00e1ndar 0,5 L, 1,0 L, 2 L, 4 L<\/td>\n<\/tr>\n<\/tbody>\n<\/table>\n<h2>Montaje<\/h2>\n<p><span id=\"input-sentence~0\">1. Preparaci\u00f3n de la instalaci\u00f3n: Lea el manual de funcionamiento, comprenda los principios del sistema de lubricaci\u00f3n por cantidad m\u00ednima, las funciones de los componentes y los m\u00e9todos de ajuste. Prepare todas las herramientas que puedan ser necesarias para el montaje.<br \/>\n2. Ubicaci\u00f3n de instalaci\u00f3n: Elija un lugar cercano a la m\u00e1quina y de f\u00e1cil operaci\u00f3n y mantenimiento, asegur\u00e1ndose de que la bomba de lubricaci\u00f3n de cantidad m\u00ednima est\u00e9 instalada horizontalmente con el tanque de almacenamiento de l\u00edquido hacia arriba.<\/span><span id=\"input-sentence~1\"><br \/>\n3. M\u00e9todo de instalaci\u00f3n: se fija con tornillos en cuatro puntos de instalaci\u00f3n y se aplica un sistema de lubricaci\u00f3n de cantidad m\u00ednima. En cuanto al m\u00e9todo de instalaci\u00f3n del im\u00e1n de la carcasa, se debe instalar en un lugar de instalaci\u00f3n limpio y plano.<br \/>\n4. Conexi\u00f3n de aire: Mantenga la presi\u00f3n de suministro de aire entre 4 y 7 bar, conecte la l\u00ednea de suministro de aire a trav\u00e9s del filtro de aire y selle la interfaz.<br \/>\n5. Llenado de aceite diluido: Llene el tanque de aceite con aceite diluido calificado hasta 75%. Durante el proceso de llenado, presione la tapa hacia abajo para eliminar el aire sobrante.<\/span><\/p>\n<h2>Manuales<\/h2>\n<div class=\"sdm_download_button_box_default\"><div class=\"sdm_download_link\"><a href=\"https:\/\/www.jinpinlub.com\/es\/?sdm_process_download=1&download_id=4054\" class=\"sdm_download white\" title=\"Privado: Minimal Quantity Lubrication\" target=\"&quot;_blank&quot;\">Ver hoja de datos - Lubricaci\u00f3n de cantidad m\u00ednima<\/a><\/div><\/div>","protected":false},"excerpt":{"rendered":"<p>La bomba de microlubricaci\u00f3n MLS es un dispositivo que se utiliza para reemplazar el sistema de enfriamiento tradicional con fluido de corte soluble en agua. Roc\u00eda una mezcla de aire y aceite en el \u00e1rea de procesamiento mediante atomizaci\u00f3n a alta presi\u00f3n, de modo que una peque\u00f1a cantidad de aceite lubricante se disperse de manera m\u00e1s uniforme.<\/p>","protected":false},"featured_media":4066,"template":"","meta":{"ocean_post_layout":"","ocean_both_sidebars_style":"","ocean_both_sidebars_content_width":0,"ocean_both_sidebars_sidebars_width":0,"ocean_sidebar":"0","ocean_second_sidebar":"0","ocean_disable_margins":"enable","ocean_add_body_class":"","ocean_shortcode_before_top_bar":"","ocean_shortcode_after_top_bar":"","ocean_shortcode_before_header":"","ocean_shortcode_after_header":"","ocean_has_shortcode":"","ocean_shortcode_after_title":"","ocean_shortcode_before_footer_widgets":"","ocean_shortcode_after_footer_widgets":"","ocean_shortcode_before_footer_bottom":"","ocean_shortcode_after_footer_bottom":"","ocean_display_top_bar":"default","ocean_display_header":"default","ocean_header_style":"","ocean_center_header_left_menu":"0","ocean_custom_header_template":"0","ocean_custom_logo":0,"ocean_custom_retina_logo":0,"ocean_custom_logo_max_width":0,"ocean_custom_logo_tablet_max_width":0,"ocean_custom_logo_mobile_max_width":0,"ocean_custom_logo_max_height":0,"ocean_custom_logo_tablet_max_height":0,"ocean_custom_logo_mobile_max_height":0,"ocean_header_custom_menu":"0","ocean_menu_typo_font_family":"0","ocean_menu_typo_font_subset":"","ocean_menu_typo_font_size":0,"ocean_menu_typo_font_size_tablet":0,"ocean_menu_typo_font_size_mobile":0,"ocean_menu_typo_font_size_unit":"px","ocean_menu_typo_font_weight":"","ocean_menu_typo_font_weight_tablet":"","ocean_menu_typo_font_weight_mobile":"","ocean_menu_typo_transform":"","ocean_menu_typo_transform_tablet":"","ocean_menu_typo_transform_mobile":"","ocean_menu_typo_line_height":0,"ocean_menu_typo_line_height_tablet":0,"ocean_menu_typo_line_height_mobile":0,"ocean_menu_typo_line_height_unit":"","ocean_menu_typo_spacing":0,"ocean_menu_typo_spacing_tablet":0,"ocean_menu_typo_spacing_mobile":0,"ocean_menu_typo_spacing_unit":"","ocean_menu_link_color":"","ocean_menu_link_color_hover":"","ocean_menu_link_color_active":"","ocean_menu_link_background":"","ocean_menu_link_hover_background":"","ocean_menu_link_active_background":"","ocean_menu_social_links_bg":"","ocean_menu_social_hover_links_bg":"","ocean_menu_social_links_color":"","ocean_menu_social_hover_links_color":"","ocean_disable_title":"default","ocean_disable_heading":"default","ocean_post_title":"","ocean_post_subheading":"","ocean_post_title_style":"","ocean_post_title_background_color":"","ocean_post_title_background":0,"ocean_post_title_bg_image_position":"","ocean_post_title_bg_image_attachment":"","ocean_post_title_bg_image_repeat":"","ocean_post_title_bg_image_size":"","ocean_post_title_height":0,"ocean_post_title_bg_overlay":0.5,"ocean_post_title_bg_overlay_color":"","ocean_disable_breadcrumbs":"default","ocean_breadcrumbs_color":"","ocean_breadcrumbs_separator_color":"","ocean_breadcrumbs_links_color":"","ocean_breadcrumbs_links_hover_color":"","ocean_display_footer_widgets":"default","ocean_display_footer_bottom":"default","ocean_custom_footer_template":"0","osh_disable_topbar_sticky":"default","osh_disable_header_sticky":"default","osh_sticky_header_style":"default","osh_sticky_header_effect":"","osh_custom_sticky_logo":0,"osh_custom_retina_sticky_logo":0,"osh_custom_sticky_logo_height":0,"osh_background_color":"","osh_links_color":"","osh_links_hover_color":"","osh_links_active_color":"","osh_links_bg_color":"","osh_links_hover_bg_color":"","osh_links_active_bg_color":"","osh_menu_social_links_color":"","osh_menu_social_hover_links_color":""},"product_brand":[],"product_cat":[46],"product_tag":[386,382,387,389,390],"class_list":{"0":"post-4065","1":"product","2":"type-product","3":"status-publish","4":"has-post-thumbnail","6":"product_cat-oil-mist-lubrication-systems","7":"product_tag-micro-lubrication-system","8":"product_tag-minimal-quantity-lubrication","9":"product_tag-oil-mist-coolant-pumps","10":"product_tag-pneumatic-oil-mist-pump","11":"product_tag-pneumatic-spray-pump","13":"entry","14":"has-media","16":"first","17":"instock","18":"featured","19":"shipping-taxable","20":"product-type-external","21":"col","22":"span_1_of_3","23":"owp-content-center","24":"owp-thumbs-layout-horizontal","25":"owp-btn-very-big","26":"owp-tabs-layout-horizontal"},"_links":{"self":[{"href":"https:\/\/www.jinpinlub.com\/es\/wp-json\/wp\/v2\/product\/4065","targetHints":{"allow":["GET"]}}],"collection":[{"href":"https:\/\/www.jinpinlub.com\/es\/wp-json\/wp\/v2\/product"}],"about":[{"href":"https:\/\/www.jinpinlub.com\/es\/wp-json\/wp\/v2\/types\/product"}],"wp:featuredmedia":[{"embeddable":true,"href":"https:\/\/www.jinpinlub.com\/es\/wp-json\/wp\/v2\/media\/4066"}],"wp:attachment":[{"href":"https:\/\/www.jinpinlub.com\/es\/wp-json\/wp\/v2\/media?parent=4065"}],"wp:term":[{"taxonomy":"product_brand","embeddable":true,"href":"https:\/\/www.jinpinlub.com\/es\/wp-json\/wp\/v2\/product_brand?post=4065"},{"taxonomy":"product_cat","embeddable":true,"href":"https:\/\/www.jinpinlub.com\/es\/wp-json\/wp\/v2\/product_cat?post=4065"},{"taxonomy":"product_tag","embeddable":true,"href":"https:\/\/www.jinpinlub.com\/es\/wp-json\/wp\/v2\/product_tag?post=4065"}],"curies":[{"name":"wp","href":"https:\/\/api.w.org\/{rel}","templated":true}]}}