{"id":4070,"date":"2025-01-02T01:48:41","date_gmt":"2025-01-01T17:48:41","guid":{"rendered":"https:\/\/www.jinpinlub.com\/?post_type=product&#038;p=4070"},"modified":"2025-01-02T02:05:48","modified_gmt":"2025-01-01T18:05:48","slug":"dispositivo-de-lubricacion-neumatica-micro-personalizada-para-maquina-de-sierra","status":"publish","type":"product","link":"https:\/\/www.jinpinlub.com\/es\/product\/customize-pneumatic-micro-lubrication-device-for-saw-machine\/","title":{"rendered":"Dispositivo de lubricaci\u00f3n neum\u00e1tica micropersonalizado para m\u00e1quina de sierra"},"content":{"rendered":"<h2>Caracter\u00edstica<\/h2>\n<p><span id=\"input-sentence~0\">\u2013 F\u00e1cil de instalar y mantener: este sistema de microlubricaci\u00f3n est\u00e1 dise\u00f1ado para una f\u00e1cil instalaci\u00f3n y mantenimiento, lo que permite menos tiempos de inactividad de la m\u00e1quina.<br \/>\n\u2013 Amplia gama de posibilidades de configuraci\u00f3n: El sistema de lubricaci\u00f3n por cantidad m\u00ednima, con su dise\u00f1o modular, se puede aplicar a diversas aplicaciones industriales que van desde las simples a las complejas y se puede personalizar seg\u00fan las necesidades, independientemente del puerto de salida de lubricaci\u00f3n o la capacidad del dep\u00f3sito.<\/span><span id=\"input-sentence~1\"><br \/>\n<span id=\"input-sentence~0\">&#8211; <\/span>Fuerte adaptabilidad: el aceite gu\u00eda para m\u00e1quinas herramienta VG 68 tambi\u00e9n puede funcionar junto con fluidos de diferentes viscosidades dentro del rango de par\u00e1metros para diferentes aplicaciones industriales.<br \/>\n<span id=\"input-sentence~0\">&#8211; <\/span>Adaptabilidad a la temperatura: Este sistema de refrigeraci\u00f3n por niebla de aceite est\u00e1 dise\u00f1ado para adaptarse a cambios extremos de temperatura y garantizar la estabilidad y confiabilidad en diferentes entornos dentro del rango de temperatura de operaci\u00f3n.<\/span><\/p>\n<h2>Especificaci\u00f3n<\/h2>\n<table>\n<tbody>\n<tr>\n<td>Presi\u00f3n de aire de suministro<\/td>\n<td>Aire comprimido limpio y seco, 4~7 bar, 708 LPM m\u00ednimo<\/td>\n<\/tr>\n<tr>\n<td>Viscosidad de la bomba<\/td>\n<td>50 ~ 1000 SUS<\/td>\n<\/tr>\n<tr>\n<td>Rendimiento de la bomba a plena carrera<\/td>\n<td>0,033 ml (est\u00e1ndar de 1 gota), 0,100 ml (est\u00e1ndar de 3 gotas)<\/td>\n<\/tr>\n<tr>\n<td>Tasa de salida de la bomba<\/td>\n<td>0~396 ml\/h (est\u00e1ndar de 1 gota), 0~1200 ml\/h (est\u00e1ndar de 3 gotas)<\/td>\n<\/tr>\n<tr>\n<td>Caudal de aire<\/td>\n<td>0~4 SCFM para cada salida de aire y aceite, 1~2 SCFM t\u00edpico<\/td>\n<\/tr>\n<tr>\n<td>Generador de pulsos<\/td>\n<td>5~50 pulsos\/min, m\u00e1x. 200 pulsos\/min (no recomendado)<\/td>\n<\/tr>\n<tr>\n<td>Temperatura de funcionamiento<\/td>\n<td>0\u2103 ~ +50\u02daC<\/td>\n<\/tr>\n<tr>\n<td>Temperatura de almacenamiento<\/td>\n<td>(-16\u2103 ~ +70\u02daC)<\/td>\n<\/tr>\n<tr>\n<td>Dep\u00f3sito de l\u00edquido<\/td>\n<td>Personalizable, est\u00e1ndar 0,5 L, 1,0 L, 2 L, 4 L<\/td>\n<\/tr>\n<\/tbody>\n<\/table>\n<h2>Solicitud<\/h2>\n<p>\u2013 Centro de mecanizado: En los centros de mecanizado CNC, el sistema de microlubricaci\u00f3n MQL reemplaza la lubricaci\u00f3n por emulsi\u00f3n tradicional, reduciendo el tratamiento de l\u00edquidos residuales y los problemas de protecci\u00f3n ambiental.<br \/>\n\u200c- Torno\u200c: En los tornos, el sistema MQL reduce el desperdicio de aceite lubricante y los problemas de limpieza causados por una gran cantidad de lubricaci\u00f3n por aspersi\u00f3n. A trav\u00e9s de la microlubricaci\u00f3n, se reduce la fricci\u00f3n entre la herramienta y la pieza de trabajo y se mejora la eficiencia de corte.<br \/>\n\u2013 Sierras: En las sierras, el sistema MQL sustituye la lubricaci\u00f3n tradicional por emulsi\u00f3n, mejora el entorno de trabajo y reduce los problemas de mala lubricaci\u00f3n y desgaste de las herramientas.<br \/>\n\u2013 Procesamiento de aluminio y cobre: el sistema MQL se utiliza para cortar y serrar barras de aluminio y barras de cobre, cortar y serrar lingotes de aluminio y cobre de diversas especificaciones, fresar lingotes de placas y cortar perfiles despu\u00e9s de la extrusi\u00f3n mediante extrusoras. La vida \u00fatil de la herramienta se extiende de 2 a 3 veces y la eficiencia de producci\u00f3n de procesamiento aumenta en m\u00e1s de 50%.<\/p>\n<h2>Manuales<\/h2>\n<div class=\"sdm_download_button_box_default\"><div class=\"sdm_download_link\"><a href=\"https:\/\/www.jinpinlub.com\/es\/?sdm_process_download=1&download_id=4054\" class=\"sdm_download white\" title=\"Privado: Minimal Quantity Lubrication\" target=\"&quot;_blank&quot;\">Ver hoja de datos - Lubricaci\u00f3n de cantidad m\u00ednima<\/a><\/div><\/div>","protected":false},"excerpt":{"rendered":"<p>El sistema MQL (Minimum Quantity Lubrication) es un dispositivo que logra una lubricaci\u00f3n y enfriamiento efectivos al rociar lubricante en forma de atomizaci\u00f3n o spray fino directamente en el \u00e1rea de procesamiento, al tiempo que reduce el uso a gran escala del refrigerante tradicional.<\/p>","protected":false},"featured_media":4071,"template":"","meta":{"ocean_post_layout":"","ocean_both_sidebars_style":"","ocean_both_sidebars_content_width":0,"ocean_both_sidebars_sidebars_width":0,"ocean_sidebar":"0","ocean_second_sidebar":"0","ocean_disable_margins":"enable","ocean_add_body_class":"","ocean_shortcode_before_top_bar":"","ocean_shortcode_after_top_bar":"","ocean_shortcode_before_header":"","ocean_shortcode_after_header":"","ocean_has_shortcode":"","ocean_shortcode_after_title":"","ocean_shortcode_before_footer_widgets":"","ocean_shortcode_after_footer_widgets":"","ocean_shortcode_before_footer_bottom":"","ocean_shortcode_after_footer_bottom":"","ocean_display_top_bar":"default","ocean_display_header":"default","ocean_header_style":"","ocean_center_header_left_menu":"0","ocean_custom_header_template":"0","ocean_custom_logo":0,"ocean_custom_retina_logo":0,"ocean_custom_logo_max_width":0,"ocean_custom_logo_tablet_max_width":0,"ocean_custom_logo_mobile_max_width":0,"ocean_custom_logo_max_height":0,"ocean_custom_logo_tablet_max_height":0,"ocean_custom_logo_mobile_max_height":0,"ocean_header_custom_menu":"0","ocean_menu_typo_font_family":"0","ocean_menu_typo_font_subset":"","ocean_menu_typo_font_size":0,"ocean_menu_typo_font_size_tablet":0,"ocean_menu_typo_font_size_mobile":0,"ocean_menu_typo_font_size_unit":"px","ocean_menu_typo_font_weight":"","ocean_menu_typo_font_weight_tablet":"","ocean_menu_typo_font_weight_mobile":"","ocean_menu_typo_transform":"","ocean_menu_typo_transform_tablet":"","ocean_menu_typo_transform_mobile":"","ocean_menu_typo_line_height":0,"ocean_menu_typo_line_height_tablet":0,"ocean_menu_typo_line_height_mobile":0,"ocean_menu_typo_line_height_unit":"","ocean_menu_typo_spacing":0,"ocean_menu_typo_spacing_tablet":0,"ocean_menu_typo_spacing_mobile":0,"ocean_menu_typo_spacing_unit":"","ocean_menu_link_color":"","ocean_menu_link_color_hover":"","ocean_menu_link_color_active":"","ocean_menu_link_background":"","ocean_menu_link_hover_background":"","ocean_menu_link_active_background":"","ocean_menu_social_links_bg":"","ocean_menu_social_hover_links_bg":"","ocean_menu_social_links_color":"","ocean_menu_social_hover_links_color":"","ocean_disable_title":"default","ocean_disable_heading":"default","ocean_post_title":"","ocean_post_subheading":"","ocean_post_title_style":"","ocean_post_title_background_color":"","ocean_post_title_background":0,"ocean_post_title_bg_image_position":"","ocean_post_title_bg_image_attachment":"","ocean_post_title_bg_image_repeat":"","ocean_post_title_bg_image_size":"","ocean_post_title_height":0,"ocean_post_title_bg_overlay":0.5,"ocean_post_title_bg_overlay_color":"","ocean_disable_breadcrumbs":"default","ocean_breadcrumbs_color":"","ocean_breadcrumbs_separator_color":"","ocean_breadcrumbs_links_color":"","ocean_breadcrumbs_links_hover_color":"","ocean_display_footer_widgets":"default","ocean_display_footer_bottom":"default","ocean_custom_footer_template":"0","osh_disable_topbar_sticky":"default","osh_disable_header_sticky":"default","osh_sticky_header_style":"default","osh_sticky_header_effect":"","osh_custom_sticky_logo":0,"osh_custom_retina_sticky_logo":0,"osh_custom_sticky_logo_height":0,"osh_background_color":"","osh_links_color":"","osh_links_hover_color":"","osh_links_active_color":"","osh_links_bg_color":"","osh_links_hover_bg_color":"","osh_links_active_bg_color":"","osh_menu_social_links_color":"","osh_menu_social_hover_links_color":""},"product_brand":[],"product_cat":[46],"product_tag":[385,383,381,384,389],"class_list":{"0":"post-4070","1":"product","2":"type-product","3":"status-publish","4":"has-post-thumbnail","6":"product_cat-oil-mist-lubrication-systems","7":"product_tag-cooling-lubrication-system","8":"product_tag-micro-lubrication-pump","9":"product_tag-mql-lubrication-pump","10":"product_tag-oil-mist-lubrication-system","11":"product_tag-pneumatic-oil-mist-pump","13":"entry","14":"has-media","16":"first","17":"instock","18":"shipping-taxable","19":"product-type-external","20":"col","21":"span_1_of_3","22":"owp-content-center","23":"owp-thumbs-layout-horizontal","24":"owp-btn-very-big","25":"owp-tabs-layout-horizontal"},"_links":{"self":[{"href":"https:\/\/www.jinpinlub.com\/es\/wp-json\/wp\/v2\/product\/4070","targetHints":{"allow":["GET"]}}],"collection":[{"href":"https:\/\/www.jinpinlub.com\/es\/wp-json\/wp\/v2\/product"}],"about":[{"href":"https:\/\/www.jinpinlub.com\/es\/wp-json\/wp\/v2\/types\/product"}],"wp:featuredmedia":[{"embeddable":true,"href":"https:\/\/www.jinpinlub.com\/es\/wp-json\/wp\/v2\/media\/4071"}],"wp:attachment":[{"href":"https:\/\/www.jinpinlub.com\/es\/wp-json\/wp\/v2\/media?parent=4070"}],"wp:term":[{"taxonomy":"product_brand","embeddable":true,"href":"https:\/\/www.jinpinlub.com\/es\/wp-json\/wp\/v2\/product_brand?post=4070"},{"taxonomy":"product_cat","embeddable":true,"href":"https:\/\/www.jinpinlub.com\/es\/wp-json\/wp\/v2\/product_cat?post=4070"},{"taxonomy":"product_tag","embeddable":true,"href":"https:\/\/www.jinpinlub.com\/es\/wp-json\/wp\/v2\/product_tag?post=4070"}],"curies":[{"name":"wp","href":"https:\/\/api.w.org\/{rel}","templated":true}]}}