{"id":4080,"date":"2025-01-02T04:38:57","date_gmt":"2025-01-01T20:38:57","guid":{"rendered":"https:\/\/www.jinpinlub.com\/?post_type=product&#038;p=4080"},"modified":"2025-01-02T04:50:49","modified_gmt":"2025-01-01T20:50:49","slug":"sistema-de-refrigeracion-y-lubricacion-de-cantidad-minima-personalizado-mql","status":"publish","type":"product","link":"https:\/\/www.jinpinlub.com\/es\/product\/customized-mql-minimal-quantity-lubrication-cooling-system\/","title":{"rendered":"Sistema de refrigeraci\u00f3n con lubricaci\u00f3n de cantidad m\u00ednima MQL personalizado"},"content":{"rendered":"<h2>Caracter\u00edstica<\/h2>\n<p>\u2013 Filtro de aire: Configuraci\u00f3n est\u00e1ndar del sistema de lubricaci\u00f3n MQL con carcasa de acero, utilizado para filtrar impurezas en el aire.<br \/>\n\u2013 V\u00e1lvula de control: El sistema de lubricaci\u00f3n MQL incluye v\u00e1lvula solenoide, v\u00e1lvula piloto de aire, v\u00e1lvula manual o v\u00e1lvula de pie, y se puede seleccionar el m\u00e9todo de control apropiado seg\u00fan las necesidades espec\u00edficas.<br \/>\n\u2013 Bomba de desplazamiento positivo: precisa y confiable, con un caudal de carrera completa de 0,033 ml, 0,100 ml o 0,045 ml.<br \/>\n\u2013 Generador de pulsos neum\u00e1ticos: Controla la velocidad del ciclo de la bomba atomizadora, y su frecuencia se ve afectada por los cambios de presi\u00f3n de aire y los cambios mec\u00e1nicos y se puede ajustar.<br \/>\n\u2013 Tornillo dosificador de aire: se utiliza para controlar el flujo de aire de la boquilla de la bomba atomizadora y ajustar el efecto de pulverizaci\u00f3n junto con la perilla de ajuste de la carrera de la bomba.<br \/>\n\u2013 Perilla de ajuste de la carrera de la bomba: controla la cantidad de l\u00edquido suministrado por carrera para lograr un ajuste preciso de la salida de aceite.<br \/>\n\u2013 Dep\u00f3sito: El sistema de lubricaci\u00f3n MQL tiene una variedad de capacidades para elegir, como 0,5 L, 1,0 L, 2,0 L, 4,0 L, y tambi\u00e9n se puede personalizar seg\u00fan las necesidades.<\/p>\n<h2>Especificaci\u00f3n<\/h2>\n<table>\n<tbody>\n<tr>\n<td>Presi\u00f3n de aire de suministro<\/td>\n<td>Aire comprimido limpio y seco, 4~7 bar, 708 LPM m\u00ednimo<\/td>\n<\/tr>\n<tr>\n<td>Viscosidad de la bomba<\/td>\n<td>50 ~ 1000 SUS<\/td>\n<\/tr>\n<tr>\n<td>Rendimiento de la bomba a plena carrera<\/td>\n<td>0,033 ml (est\u00e1ndar de 1 gota), 0,100 ml (est\u00e1ndar de 3 gotas)<\/td>\n<\/tr>\n<tr>\n<td>Tasa de salida de la bomba<\/td>\n<td>0~396 ml\/h (est\u00e1ndar de 1 gota), 0~1200 ml\/h (est\u00e1ndar de 3 gotas)<\/td>\n<\/tr>\n<tr>\n<td>Caudal de aire<\/td>\n<td>0~4 SCFM para cada salida de aire y aceite, 1~2 SCFM t\u00edpico<\/td>\n<\/tr>\n<tr>\n<td>Generador de pulsos<\/td>\n<td>5~50 pulsos\/min, m\u00e1x. 200 pulsos\/min (no recomendado)<\/td>\n<\/tr>\n<tr>\n<td>Temperatura de funcionamiento<\/td>\n<td>0\u2103 ~ +50\u02daC<\/td>\n<\/tr>\n<tr>\n<td>Temperatura de almacenamiento<\/td>\n<td>(-16\u2103 ~ +70\u02daC)<\/td>\n<\/tr>\n<tr>\n<td>Dep\u00f3sito de l\u00edquido<\/td>\n<td>Personalizable, est\u00e1ndar 0,5 L, 1,0 L, 2 L, 4 L<\/td>\n<\/tr>\n<\/tbody>\n<\/table>\n<h2>Principio<\/h2>\n<p>Principio de funcionamiento de la bomba<br \/>\nLa fuente de energ\u00eda del sistema MQL: utiliza una bomba neum\u00e1tica de desplazamiento positivo para lograr el suministro y la medici\u00f3n de aceite.<br \/>\nM\u00e9todo de dosificaci\u00f3n: La bomba atomizadora controla el flujo de aire a trav\u00e9s del tornillo dosificador de aire y trabaja junto con la perilla de ajuste de carrera para lograr una dosificaci\u00f3n y salida precisas de la mezcla de aceite y aire.<br \/>\nPrincipio de atomizaci\u00f3n<br \/>\nEn la bomba atomizadora del sistema MQL, el aceite y el aire se mantienen separados en la bomba hasta que llegan al punto de aplicaci\u00f3n. A trav\u00e9s del m\u00e9todo de salida coaxial, el fluido y el aire se combinan en la punta de la boquilla, y la \u201ccamisa de aire\u201d alrededor de la salida del fluido atomiza uniformemente el fluido.<br \/>\nPrincipio del generador de pulsos<br \/>\nEl generador de pulsos del sistema MQL controla la velocidad del ciclo de la bomba controlando el ritmo de encendido y apagado del aire comprimido. Si se requiere un control preciso, utilice el interruptor de aire ajustable y ajuste la perilla para establecer la frecuencia.<\/p>\n<h2>Manuales<\/h2>\n<div class=\"sdm_download_button_box_default\"><div class=\"sdm_download_link\"><a href=\"https:\/\/www.jinpinlub.com\/es\/?sdm_process_download=1&download_id=4054\" class=\"sdm_download white\" title=\"Privado: Minimal Quantity Lubrication\" target=\"&quot;_blank&quot;\">Ver hoja de datos - Lubricaci\u00f3n de cantidad m\u00ednima<\/a><\/div><\/div>","protected":false},"excerpt":{"rendered":"<p>El sistema de lubricaci\u00f3n por cantidad m\u00ednima MLS de Jinpinlub se utiliza generalmente en procesos de taladrado, torneado, fresado y otros procesos de procesamiento. Mediante la lubricaci\u00f3n por cantidad m\u00ednima con niebla de aceite, se puede reducir eficazmente el desgaste, el calor y las virutas, al tiempo que se mantienen limpias la pieza de trabajo y la herramienta.<\/p>","protected":false},"featured_media":4081,"template":"","meta":{"ocean_post_layout":"","ocean_both_sidebars_style":"","ocean_both_sidebars_content_width":0,"ocean_both_sidebars_sidebars_width":0,"ocean_sidebar":"0","ocean_second_sidebar":"0","ocean_disable_margins":"enable","ocean_add_body_class":"","ocean_shortcode_before_top_bar":"","ocean_shortcode_after_top_bar":"","ocean_shortcode_before_header":"","ocean_shortcode_after_header":"","ocean_has_shortcode":"","ocean_shortcode_after_title":"","ocean_shortcode_before_footer_widgets":"","ocean_shortcode_after_footer_widgets":"","ocean_shortcode_before_footer_bottom":"","ocean_shortcode_after_footer_bottom":"","ocean_display_top_bar":"default","ocean_display_header":"default","ocean_header_style":"","ocean_center_header_left_menu":"0","ocean_custom_header_template":"0","ocean_custom_logo":0,"ocean_custom_retina_logo":0,"ocean_custom_logo_max_width":0,"ocean_custom_logo_tablet_max_width":0,"ocean_custom_logo_mobile_max_width":0,"ocean_custom_logo_max_height":0,"ocean_custom_logo_tablet_max_height":0,"ocean_custom_logo_mobile_max_height":0,"ocean_header_custom_menu":"0","ocean_menu_typo_font_family":"0","ocean_menu_typo_font_subset":"","ocean_menu_typo_font_size":0,"ocean_menu_typo_font_size_tablet":0,"ocean_menu_typo_font_size_mobile":0,"ocean_menu_typo_font_size_unit":"px","ocean_menu_typo_font_weight":"","ocean_menu_typo_font_weight_tablet":"","ocean_menu_typo_font_weight_mobile":"","ocean_menu_typo_transform":"","ocean_menu_typo_transform_tablet":"","ocean_menu_typo_transform_mobile":"","ocean_menu_typo_line_height":0,"ocean_menu_typo_line_height_tablet":0,"ocean_menu_typo_line_height_mobile":0,"ocean_menu_typo_line_height_unit":"","ocean_menu_typo_spacing":0,"ocean_menu_typo_spacing_tablet":0,"ocean_menu_typo_spacing_mobile":0,"ocean_menu_typo_spacing_unit":"","ocean_menu_link_color":"","ocean_menu_link_color_hover":"","ocean_menu_link_color_active":"","ocean_menu_link_background":"","ocean_menu_link_hover_background":"","ocean_menu_link_active_background":"","ocean_menu_social_links_bg":"","ocean_menu_social_hover_links_bg":"","ocean_menu_social_links_color":"","ocean_menu_social_hover_links_color":"","ocean_disable_title":"default","ocean_disable_heading":"default","ocean_post_title":"","ocean_post_subheading":"","ocean_post_title_style":"","ocean_post_title_background_color":"","ocean_post_title_background":0,"ocean_post_title_bg_image_position":"","ocean_post_title_bg_image_attachment":"","ocean_post_title_bg_image_repeat":"","ocean_post_title_bg_image_size":"","ocean_post_title_height":0,"ocean_post_title_bg_overlay":0.5,"ocean_post_title_bg_overlay_color":"","ocean_disable_breadcrumbs":"default","ocean_breadcrumbs_color":"","ocean_breadcrumbs_separator_color":"","ocean_breadcrumbs_links_color":"","ocean_breadcrumbs_links_hover_color":"","ocean_display_footer_widgets":"default","ocean_display_footer_bottom":"default","ocean_custom_footer_template":"0","osh_disable_topbar_sticky":"default","osh_disable_header_sticky":"default","osh_sticky_header_style":"default","osh_sticky_header_effect":"","osh_custom_sticky_logo":0,"osh_custom_retina_sticky_logo":0,"osh_custom_sticky_logo_height":0,"osh_background_color":"","osh_links_color":"","osh_links_hover_color":"","osh_links_active_color":"","osh_links_bg_color":"","osh_links_hover_bg_color":"","osh_links_active_bg_color":"","osh_menu_social_links_color":"","osh_menu_social_hover_links_color":""},"product_brand":[],"product_cat":[46],"product_tag":[385,381,384,389,390],"class_list":{"0":"post-4080","1":"product","2":"type-product","3":"status-publish","4":"has-post-thumbnail","6":"product_cat-oil-mist-lubrication-systems","7":"product_tag-cooling-lubrication-system","8":"product_tag-mql-lubrication-pump","9":"product_tag-oil-mist-lubrication-system","10":"product_tag-pneumatic-oil-mist-pump","11":"product_tag-pneumatic-spray-pump","13":"entry","14":"has-media","16":"first","17":"instock","18":"shipping-taxable","19":"product-type-external","20":"col","21":"span_1_of_3","22":"owp-content-center","23":"owp-thumbs-layout-horizontal","24":"owp-btn-very-big","25":"owp-tabs-layout-horizontal"},"_links":{"self":[{"href":"https:\/\/www.jinpinlub.com\/es\/wp-json\/wp\/v2\/product\/4080","targetHints":{"allow":["GET"]}}],"collection":[{"href":"https:\/\/www.jinpinlub.com\/es\/wp-json\/wp\/v2\/product"}],"about":[{"href":"https:\/\/www.jinpinlub.com\/es\/wp-json\/wp\/v2\/types\/product"}],"wp:featuredmedia":[{"embeddable":true,"href":"https:\/\/www.jinpinlub.com\/es\/wp-json\/wp\/v2\/media\/4081"}],"wp:attachment":[{"href":"https:\/\/www.jinpinlub.com\/es\/wp-json\/wp\/v2\/media?parent=4080"}],"wp:term":[{"taxonomy":"product_brand","embeddable":true,"href":"https:\/\/www.jinpinlub.com\/es\/wp-json\/wp\/v2\/product_brand?post=4080"},{"taxonomy":"product_cat","embeddable":true,"href":"https:\/\/www.jinpinlub.com\/es\/wp-json\/wp\/v2\/product_cat?post=4080"},{"taxonomy":"product_tag","embeddable":true,"href":"https:\/\/www.jinpinlub.com\/es\/wp-json\/wp\/v2\/product_tag?post=4080"}],"curies":[{"name":"wp","href":"https:\/\/api.w.org\/{rel}","templated":true}]}}