{"id":4101,"date":"2025-01-12T03:58:27","date_gmt":"2025-01-11T19:58:27","guid":{"rendered":"https:\/\/www.jinpinlub.com\/?post_type=product&#038;p=4101"},"modified":"2025-01-12T04:24:39","modified_gmt":"2025-01-11T20:24:39","slug":"bomba-de-lubricacion-con-grasa-de-desplazamiento-positivo-jhg4-para-cnc","status":"publish","type":"product","link":"https:\/\/www.jinpinlub.com\/es\/product\/jhg4-positive-displacement-grease-lubrication-pump-for-cnc\/","title":{"rendered":"Bomba de lubricaci\u00f3n con grasa de desplazamiento positivo JHG4 para CNC"},"content":{"rendered":"<h2>Caracter\u00edstica<\/h2>\n<p>1. La bomba de lubricaci\u00f3n JHG4 es adecuada para lubricar grasas y aceites lubricantes de bajo caudal. La viscosidad de la mantequilla l\u00edquida aplicable es NLGI 000, 00, 0#.<br \/>\n2. Utilice una pistola engrasadora o una m\u00e1quina llenadora autom\u00e1tica para rellenar la entrada del lubricador con grasa para evitar que entre aire y residuos.<br \/>\n3. La bomba de lubricaci\u00f3n el\u00e9ctrica est\u00e1 controlada por un PLC y se puede utilizar con distribuidores cuantitativos MU, MG2, MG para controlar el suministro de aceite. Los distribuidores cuantitativos MU, MG2, MG tienen m\u00faltiples opciones de flujo, y el mismo conjunto de distribuidores tambi\u00e9n puede tener m\u00faltiples opciones de flujo.<br \/>\n4. Se puede seleccionar un sensor de nivel bajo de l\u00edquido, es decir, cuando la cantidad de lubricante es demasiado baja, puede enviar una se\u00f1al autom\u00e1ticamente.<br \/>\n5. Se puede seleccionar un man\u00f3metro para observar visualmente de forma directa la condici\u00f3n de presi\u00f3n cuando se descarga el aceite.<br \/>\n6. Con una v\u00e1lvula reguladora de presi\u00f3n para ajustar la presi\u00f3n de trabajo de la bomba de lubricaci\u00f3n y proteger su seguridad de trabajo.<br \/>\n7. Con un grupo de v\u00e1lvulas de alivio de presi\u00f3n electromagn\u00e9ticas, la bomba de lubricaci\u00f3n deja de funcionar y se alivia la presi\u00f3n en la tuber\u00eda.<\/p>\n<h2>Especificaci\u00f3n<\/h2>\n<table>\n<tbody>\n<tr>\n<td>Modelo<\/td>\n<td>JHG4<\/td>\n<\/tr>\n<tr>\n<td>Tiempo de lubricaci\u00f3n<\/td>\n<td>PLC o controlador externo<\/td>\n<\/tr>\n<tr>\n<td>Tiempo de intervalo<\/td>\n<td>PLC o controlador externo<\/td>\n<\/tr>\n<tr>\n<td>Temperatura de funcionamiento<\/td>\n<td>0\u2103~ +50\u00b0C (Las condiciones de baja temperatura requieren grasa anticongelante)<\/td>\n<\/tr>\n<tr>\n<td>N\u00famero de puntos de venta<\/td>\n<td>1<\/td>\n<\/tr>\n<tr>\n<td>Capacidad del dep\u00f3sito<\/td>\n<td>1,5 litros<\/td>\n<\/tr>\n<tr>\n<td>Recarga<\/td>\n<td>Entrada (dep\u00f3sito)<\/td>\n<\/tr>\n<tr>\n<td>Lubricante<\/td>\n<td>Grasas NLGI grado 000~1#<\/td>\n<\/tr>\n<tr>\n<td>V\u00e1lvula de alivio de presi\u00f3n<\/td>\n<td>Ensamblado<\/td>\n<\/tr>\n<tr>\n<td>Descargar<\/td>\n<td>15 ml\/min<\/td>\n<\/tr>\n<tr>\n<td>Presi\u00f3n m\u00e1xima de funcionamiento<\/td>\n<td>8,0 MPa<\/td>\n<\/tr>\n<tr>\n<td>Hilo de conexi\u00f3n<\/td>\n<td>Salida \u03a66 o \u03a68<\/td>\n<\/tr>\n<tr>\n<td>Voltaje de funcionamiento<\/td>\n<td>12\/24 V CC, 110\/220 V CA, 220\/380 V CA<\/td>\n<\/tr>\n<tr>\n<td>Proceso de dar un t\u00edtulo<\/td>\n<td>CE<\/td>\n<\/tr>\n<tr>\n<td>Interruptor de nivel bajo<\/td>\n<td>NPN-NO, PNP-NO<\/td>\n<\/tr>\n<\/tbody>\n<\/table>\n<h2>Precauci\u00f3n<\/h2>\n<p>1. Cuando se utiliza una bomba de lubricaci\u00f3n nueva por primera vez o no se ha utilizado durante un largo tiempo, se debe vaciar completamente el aire de la misma. Llene la tuber\u00eda principal y la tuber\u00eda secundaria con grasa a trav\u00e9s de la bomba de lubricaci\u00f3n o la m\u00e1quina de reposici\u00f3n de grasa y luego conecte el distribuidor.<br \/>\n2. La bomba de lubricaci\u00f3n utiliza caucho de nitrilo (NBR) y caucho fluorado (VITON) como componentes de sellado. No utilice ning\u00fan lubricante que pueda da\u00f1ar estos materiales.<br \/>\n4. Cuando se agote la grasa lubricante en el dep\u00f3sito JHG4, aseg\u00farese de agregarla desde el puerto de llenado de grasa.<br \/>\n5. Si la bomba no se ha utilizado durante mucho tiempo, la pel\u00edcula de aceite lubricante puede romperse. Es mejor forzar manualmente la bomba de lubricaci\u00f3n para que funcione de modo que la superficie de lubricaci\u00f3n tenga la cantidad adecuada de lubricaci\u00f3n con grasa para evitar el desgaste o las quemaduras debido a una lubricaci\u00f3n insuficiente.<br \/>\n6. Cuando la especificaci\u00f3n de voltaje de la bomba de lubricaci\u00f3n es una bomba de lubricaci\u00f3n de 24 VCC, preste atenci\u00f3n a los polos positivo y negativo al cablear el motor.<br \/>\n7. La bomba de lubricaci\u00f3n el\u00e9ctrica JHG4 puede estar equipada con un detector de l\u00e1minas. La posici\u00f3n del detector de l\u00e1minas debe evitar la interferencia con la inducci\u00f3n del detector de l\u00e1minas debido a la fuerza magn\u00e9tica del motor u otros factores, lo que provocar\u00eda que la inducci\u00f3n del detector de l\u00e1minas fallara.<\/p>\n<h2>Manuales<\/h2>\n<div class=\"sdm_download_button_box_default\"><div class=\"sdm_download_link\"><a href=\"https:\/\/www.jinpinlub.com\/es\/?sdm_process_download=1&download_id=4090\" class=\"sdm_download white\" title=\"Privado: JHG4 Pressure-relief Pump\" target=\"&quot;_blank&quot;\">Ver hoja de datos - Bomba de grasa JHG4<\/a><\/div><\/div>","protected":false},"excerpt":{"rendered":"<p>La bomba de lubricaci\u00f3n JHG4 es una bomba de lubricaci\u00f3n de una sola l\u00ednea, que es un tipo de bomba de lubricaci\u00f3n de alivio de presi\u00f3n de desplazamiento positivo. Las partes principales de la bomba de lubricaci\u00f3n son el motor, la v\u00e1lvula de alivio de presi\u00f3n, el man\u00f3metro, el sensor de nivel bajo de l\u00edquido y el dep\u00f3sito tiene una placa de presi\u00f3n y un resorte.<\/p>","protected":false},"featured_media":4096,"template":"","meta":{"ocean_post_layout":"","ocean_both_sidebars_style":"","ocean_both_sidebars_content_width":0,"ocean_both_sidebars_sidebars_width":0,"ocean_sidebar":"0","ocean_second_sidebar":"0","ocean_disable_margins":"enable","ocean_add_body_class":"","ocean_shortcode_before_top_bar":"","ocean_shortcode_after_top_bar":"","ocean_shortcode_before_header":"","ocean_shortcode_after_header":"","ocean_has_shortcode":"","ocean_shortcode_after_title":"","ocean_shortcode_before_footer_widgets":"","ocean_shortcode_after_footer_widgets":"","ocean_shortcode_before_footer_bottom":"","ocean_shortcode_after_footer_bottom":"","ocean_display_top_bar":"default","ocean_display_header":"default","ocean_header_style":"","ocean_center_header_left_menu":"0","ocean_custom_header_template":"0","ocean_custom_logo":0,"ocean_custom_retina_logo":0,"ocean_custom_logo_max_width":0,"ocean_custom_logo_tablet_max_width":0,"ocean_custom_logo_mobile_max_width":0,"ocean_custom_logo_max_height":0,"ocean_custom_logo_tablet_max_height":0,"ocean_custom_logo_mobile_max_height":0,"ocean_header_custom_menu":"0","ocean_menu_typo_font_family":"0","ocean_menu_typo_font_subset":"","ocean_menu_typo_font_size":0,"ocean_menu_typo_font_size_tablet":0,"ocean_menu_typo_font_size_mobile":0,"ocean_menu_typo_font_size_unit":"px","ocean_menu_typo_font_weight":"","ocean_menu_typo_font_weight_tablet":"","ocean_menu_typo_font_weight_mobile":"","ocean_menu_typo_transform":"","ocean_menu_typo_transform_tablet":"","ocean_menu_typo_transform_mobile":"","ocean_menu_typo_line_height":0,"ocean_menu_typo_line_height_tablet":0,"ocean_menu_typo_line_height_mobile":0,"ocean_menu_typo_line_height_unit":"","ocean_menu_typo_spacing":0,"ocean_menu_typo_spacing_tablet":0,"ocean_menu_typo_spacing_mobile":0,"ocean_menu_typo_spacing_unit":"","ocean_menu_link_color":"","ocean_menu_link_color_hover":"","ocean_menu_link_color_active":"","ocean_menu_link_background":"","ocean_menu_link_hover_background":"","ocean_menu_link_active_background":"","ocean_menu_social_links_bg":"","ocean_menu_social_hover_links_bg":"","ocean_menu_social_links_color":"","ocean_menu_social_hover_links_color":"","ocean_disable_title":"default","ocean_disable_heading":"default","ocean_post_title":"","ocean_post_subheading":"","ocean_post_title_style":"","ocean_post_title_background_color":"","ocean_post_title_background":0,"ocean_post_title_bg_image_position":"","ocean_post_title_bg_image_attachment":"","ocean_post_title_bg_image_repeat":"","ocean_post_title_bg_image_size":"","ocean_post_title_height":0,"ocean_post_title_bg_overlay":0.5,"ocean_post_title_bg_overlay_color":"","ocean_disable_breadcrumbs":"default","ocean_breadcrumbs_color":"","ocean_breadcrumbs_separator_color":"","ocean_breadcrumbs_links_color":"","ocean_breadcrumbs_links_hover_color":"","ocean_display_footer_widgets":"default","ocean_display_footer_bottom":"default","ocean_custom_footer_template":"0","osh_disable_topbar_sticky":"default","osh_disable_header_sticky":"default","osh_sticky_header_style":"default","osh_sticky_header_effect":"","osh_custom_sticky_logo":0,"osh_custom_retina_sticky_logo":0,"osh_custom_sticky_logo_height":0,"osh_background_color":"","osh_links_color":"","osh_links_hover_color":"","osh_links_active_color":"","osh_links_bg_color":"","osh_links_hover_bg_color":"","osh_links_active_bg_color":"","osh_menu_social_links_color":"","osh_menu_social_hover_links_color":""},"product_brand":[],"product_cat":[38,37],"product_tag":[74,321,73,320,92],"class_list":{"0":"post-4101","1":"product","2":"type-product","3":"status-publish","4":"has-post-thumbnail","6":"product_cat-electric-pressure-relief-pumps","7":"product_cat-single-line-grease-systems","8":"product_tag-automatic-lubrication-pump","9":"product_tag-automatic-lubrication-system","10":"product_tag-electric-lubrication-pump","11":"product_tag-single-line-grease-pump","12":"product_tag-single-line-lubrication-pump","14":"entry","15":"has-media","17":"first","18":"instock","19":"shipping-taxable","20":"product-type-external","21":"col","22":"span_1_of_3","23":"owp-content-center","24":"owp-thumbs-layout-horizontal","25":"owp-btn-very-big","26":"owp-tabs-layout-horizontal"},"_links":{"self":[{"href":"https:\/\/www.jinpinlub.com\/es\/wp-json\/wp\/v2\/product\/4101","targetHints":{"allow":["GET"]}}],"collection":[{"href":"https:\/\/www.jinpinlub.com\/es\/wp-json\/wp\/v2\/product"}],"about":[{"href":"https:\/\/www.jinpinlub.com\/es\/wp-json\/wp\/v2\/types\/product"}],"wp:featuredmedia":[{"embeddable":true,"href":"https:\/\/www.jinpinlub.com\/es\/wp-json\/wp\/v2\/media\/4096"}],"wp:attachment":[{"href":"https:\/\/www.jinpinlub.com\/es\/wp-json\/wp\/v2\/media?parent=4101"}],"wp:term":[{"taxonomy":"product_brand","embeddable":true,"href":"https:\/\/www.jinpinlub.com\/es\/wp-json\/wp\/v2\/product_brand?post=4101"},{"taxonomy":"product_cat","embeddable":true,"href":"https:\/\/www.jinpinlub.com\/es\/wp-json\/wp\/v2\/product_cat?post=4101"},{"taxonomy":"product_tag","embeddable":true,"href":"https:\/\/www.jinpinlub.com\/es\/wp-json\/wp\/v2\/product_tag?post=4101"}],"curies":[{"name":"wp","href":"https:\/\/api.w.org\/{rel}","templated":true}]}}