{"id":4106,"date":"2025-01-12T04:27:01","date_gmt":"2025-01-11T20:27:01","guid":{"rendered":"https:\/\/www.jinpinlub.com\/?post_type=product&#038;p=4106"},"modified":"2025-01-12T05:38:44","modified_gmt":"2025-01-11T21:38:44","slug":"bombas-de-lubricacion-electricas-con-alivio-de-presion-de-cartucho-jhgs4","status":"publish","type":"product","link":"https:\/\/www.jinpinlub.com\/es\/product\/jhgs4-cartridge-pressure-relief-electric-lubrication-pumps\/","title":{"rendered":"Bombas de lubricaci\u00f3n el\u00e9ctricas con alivio de presi\u00f3n de cartucho JHGS4"},"content":{"rendered":"<h2>Operaci\u00f3n<\/h2>\n<p>1. Para el modelo JHGS4, utilice el m\u00e9todo de reemplazo de cartucho para llenar la grasa. Debido a que hay un resorte fuerte instalado en la tapa, cuando la tapa se afloja, evite que la tapa se salga debido a la fuerza del resorte.<br \/>\n2. El rango de viscosidad del lubricante aplicable es NLGI 000, 00, 0, 1#. Cuando el volumen de grasa sea inferior al nivel normal, reemplace el cartucho nuevo de inmediato.<br \/>\n3. Cuando utilice la bomba de lubricaci\u00f3n por primera vez o cuando no se pueda bombear el lubricante o se reemplace el cartucho, primero debe realizar la acci\u00f3n de escape a trav\u00e9s de la funci\u00f3n de lubricaci\u00f3n forzada y el puerto de escape de acuerdo con el manual del usuario.<br \/>\n4. Cuando utilice la bomba de lubricaci\u00f3n por primera vez, llene la tuber\u00eda principal y la tuber\u00eda secundaria con grasa a trav\u00e9s de la bomba de lubricaci\u00f3n o la m\u00e1quina de reposici\u00f3n de grasa y luego conecte el distribuidor.<br \/>\n5. Cuando el volumen de lubricante de la bomba de lubricaci\u00f3n sea demasiado bajo, reemplace el cartucho nuevo inmediatamente para evitar que la bomba succione aire y no pueda bombear aceite.<br \/>\n6. Cuando el valor de presi\u00f3n de la bomba de lubricaci\u00f3n el\u00e9ctrica no coincide con el valor predeterminado, puede ajustar la v\u00e1lvula reguladora de presi\u00f3n de acuerdo con el manual del usuario.<\/p>\n<h2>Especificaci\u00f3n<\/h2>\n<table>\n<tbody>\n<tr>\n<td>Modelo<\/td>\n<td>JHGS4<\/td>\n<\/tr>\n<tr>\n<td>Tiempo de lubricaci\u00f3n<\/td>\n<td>PLC o controlador externo<\/td>\n<\/tr>\n<tr>\n<td>Tiempo de intervalo<\/td>\n<td>PLC o controlador externo<\/td>\n<\/tr>\n<tr>\n<td>Temperatura de funcionamiento<\/td>\n<td>0\u2103~ +50\u00b0C (Las condiciones de baja temperatura requieren grasa anticongelante)<\/td>\n<\/tr>\n<tr>\n<td>N\u00famero de puntos de venta<\/td>\n<td>1<\/td>\n<\/tr>\n<tr>\n<td>Capacidad del dep\u00f3sito<\/td>\n<td>0,7 litros<\/td>\n<\/tr>\n<tr>\n<td>Recarga<\/td>\n<td>Cartucho<\/td>\n<\/tr>\n<tr>\n<td>Lubricante<\/td>\n<td>Grasas NLGI grado 000~1#<\/td>\n<\/tr>\n<tr>\n<td>V\u00e1lvula de alivio de presi\u00f3n<\/td>\n<td>Ensamblado<\/td>\n<\/tr>\n<tr>\n<td>Descargar<\/td>\n<td>15 ml\/min<\/td>\n<\/tr>\n<tr>\n<td>Presi\u00f3n m\u00e1xima de funcionamiento<\/td>\n<td>8,0 MPa<\/td>\n<\/tr>\n<tr>\n<td>Hilo de conexi\u00f3n<\/td>\n<td>Salida \u03a66 o \u03a68<\/td>\n<\/tr>\n<tr>\n<td>Voltaje de funcionamiento<\/td>\n<td>12\/24 V CC, 110\/220 V CA, 220\/380 V CA<\/td>\n<\/tr>\n<tr>\n<td>Proceso de dar un t\u00edtulo<\/td>\n<td>CE<\/td>\n<\/tr>\n<tr>\n<td>Interruptor de nivel bajo<\/td>\n<td>Contacto NPN-NO, PNP-NO<\/td>\n<\/tr>\n<\/tbody>\n<\/table>\n<h2>Precauci\u00f3n<\/h2>\n<p>1. Esta bomba de lubricaci\u00f3n utiliza NBR y VITON como componentes de sellado. No utilice ning\u00fan lubricante que pueda da\u00f1ar estos materiales.<br \/>\n2. Para evitar que entre aire en el cartucho, aplique un poco de lubricante antes de instalarlo al reemplazar el cartucho.<br \/>\n3. Cuando se agote la grasa lubricante del cartucho JHGS4, est\u00e1 prohibido rellenarlo y reutilizarlo. Se debe utilizar un cartucho nuevo para reemplazarlo.<br \/>\n4. Si la bomba de lubricaci\u00f3n el\u00e9ctrica JHGS4 funciona durante mucho tiempo, el motor interno se calentar\u00e1, lo que afectar\u00e1 la temperatura de la m\u00e1quina. Por lo tanto, el tiempo de intervalo de la bomba de lubricaci\u00f3n debe configurarse en m\u00e1s de 10 veces el tiempo de acci\u00f3n para permitir que el motor disipe el calor de manera efectiva. Por ejemplo: el tiempo de acci\u00f3n se configura en 60 segundos, por lo que el valor m\u00ednimo de configuraci\u00f3n del tiempo de intervalo debe ser de 600 segundos.<br \/>\n5. En cuanto al ajuste de tiempo de la bomba de lubricaci\u00f3n el\u00e9ctrica, la primera acci\u00f3n de lubricaci\u00f3n despu\u00e9s de encender la m\u00e1quina al d\u00eda siguiente de apagarla puede tener una presi\u00f3n insuficiente. Esto se debe a que la presi\u00f3n residual dentro de la tuber\u00eda de aceite se ha liberado por completo. Se recomienda que el tiempo de la primera acci\u00f3n de arranque sea superior a 140% de la acci\u00f3n normal.<\/p>\n<h2>Manuales<\/h2>\n<div class=\"sdm_download_button_box_default\"><div class=\"sdm_download_link\"><a href=\"https:\/\/www.jinpinlub.com\/es\/?sdm_process_download=1&download_id=4088\" class=\"sdm_download white\" title=\"Privado: JHGS4 Pressure-relief Pump\" target=\"&quot;_blank&quot;\">Ver hoja de datos - Bomba de grasa JHGS4<\/a><\/div><\/div>","protected":false},"excerpt":{"rendered":"<p>La JHGS4 es una bomba de lubricaci\u00f3n el\u00e9ctrica de cartucho de una sola l\u00ednea con alivio de presi\u00f3n controlada por un PLC anfitri\u00f3n. Cuando se agota el lubricante del cartucho, los usuarios solo necesitan reemplazarlo con un cartucho est\u00e1ndar, lo que resulta conveniente para la operaci\u00f3n y el mantenimiento.<\/p>","protected":false},"featured_media":4102,"template":"","meta":{"ocean_post_layout":"","ocean_both_sidebars_style":"","ocean_both_sidebars_content_width":0,"ocean_both_sidebars_sidebars_width":0,"ocean_sidebar":"0","ocean_second_sidebar":"0","ocean_disable_margins":"enable","ocean_add_body_class":"","ocean_shortcode_before_top_bar":"","ocean_shortcode_after_top_bar":"","ocean_shortcode_before_header":"","ocean_shortcode_after_header":"","ocean_has_shortcode":"","ocean_shortcode_after_title":"","ocean_shortcode_before_footer_widgets":"","ocean_shortcode_after_footer_widgets":"","ocean_shortcode_before_footer_bottom":"","ocean_shortcode_after_footer_bottom":"","ocean_display_top_bar":"default","ocean_display_header":"default","ocean_header_style":"","ocean_center_header_left_menu":"0","ocean_custom_header_template":"0","ocean_custom_logo":0,"ocean_custom_retina_logo":0,"ocean_custom_logo_max_width":0,"ocean_custom_logo_tablet_max_width":0,"ocean_custom_logo_mobile_max_width":0,"ocean_custom_logo_max_height":0,"ocean_custom_logo_tablet_max_height":0,"ocean_custom_logo_mobile_max_height":0,"ocean_header_custom_menu":"0","ocean_menu_typo_font_family":"0","ocean_menu_typo_font_subset":"","ocean_menu_typo_font_size":0,"ocean_menu_typo_font_size_tablet":0,"ocean_menu_typo_font_size_mobile":0,"ocean_menu_typo_font_size_unit":"px","ocean_menu_typo_font_weight":"","ocean_menu_typo_font_weight_tablet":"","ocean_menu_typo_font_weight_mobile":"","ocean_menu_typo_transform":"","ocean_menu_typo_transform_tablet":"","ocean_menu_typo_transform_mobile":"","ocean_menu_typo_line_height":0,"ocean_menu_typo_line_height_tablet":0,"ocean_menu_typo_line_height_mobile":0,"ocean_menu_typo_line_height_unit":"","ocean_menu_typo_spacing":0,"ocean_menu_typo_spacing_tablet":0,"ocean_menu_typo_spacing_mobile":0,"ocean_menu_typo_spacing_unit":"","ocean_menu_link_color":"","ocean_menu_link_color_hover":"","ocean_menu_link_color_active":"","ocean_menu_link_background":"","ocean_menu_link_hover_background":"","ocean_menu_link_active_background":"","ocean_menu_social_links_bg":"","ocean_menu_social_hover_links_bg":"","ocean_menu_social_links_color":"","ocean_menu_social_hover_links_color":"","ocean_disable_title":"default","ocean_disable_heading":"default","ocean_post_title":"","ocean_post_subheading":"","ocean_post_title_style":"","ocean_post_title_background_color":"","ocean_post_title_background":0,"ocean_post_title_bg_image_position":"","ocean_post_title_bg_image_attachment":"","ocean_post_title_bg_image_repeat":"","ocean_post_title_bg_image_size":"","ocean_post_title_height":0,"ocean_post_title_bg_overlay":0.5,"ocean_post_title_bg_overlay_color":"","ocean_disable_breadcrumbs":"default","ocean_breadcrumbs_color":"","ocean_breadcrumbs_separator_color":"","ocean_breadcrumbs_links_color":"","ocean_breadcrumbs_links_hover_color":"","ocean_display_footer_widgets":"default","ocean_display_footer_bottom":"default","ocean_custom_footer_template":"0","osh_disable_topbar_sticky":"default","osh_disable_header_sticky":"default","osh_sticky_header_style":"default","osh_sticky_header_effect":"","osh_custom_sticky_logo":0,"osh_custom_retina_sticky_logo":0,"osh_custom_sticky_logo_height":0,"osh_background_color":"","osh_links_color":"","osh_links_hover_color":"","osh_links_active_color":"","osh_links_bg_color":"","osh_links_hover_bg_color":"","osh_links_active_bg_color":"","osh_menu_social_links_color":"","osh_menu_social_hover_links_color":""},"product_brand":[],"product_cat":[38,37],"product_tag":[393,392,391,73,76],"class_list":{"0":"post-4106","1":"product","2":"type-product","3":"status-publish","4":"has-post-thumbnail","6":"product_cat-electric-pressure-relief-pumps","7":"product_cat-single-line-grease-systems","8":"product_tag-dc-pressure-lubricator","9":"product_tag-electric-lube-system","10":"product_tag-electric-lubricant-pump","11":"product_tag-electric-lubrication-pump","12":"product_tag-electric-lubrication-system","14":"entry","15":"has-media","17":"first","18":"instock","19":"shipping-taxable","20":"product-type-external","21":"col","22":"span_1_of_3","23":"owp-content-center","24":"owp-thumbs-layout-horizontal","25":"owp-btn-very-big","26":"owp-tabs-layout-horizontal"},"_links":{"self":[{"href":"https:\/\/www.jinpinlub.com\/es\/wp-json\/wp\/v2\/product\/4106","targetHints":{"allow":["GET"]}}],"collection":[{"href":"https:\/\/www.jinpinlub.com\/es\/wp-json\/wp\/v2\/product"}],"about":[{"href":"https:\/\/www.jinpinlub.com\/es\/wp-json\/wp\/v2\/types\/product"}],"wp:featuredmedia":[{"embeddable":true,"href":"https:\/\/www.jinpinlub.com\/es\/wp-json\/wp\/v2\/media\/4102"}],"wp:attachment":[{"href":"https:\/\/www.jinpinlub.com\/es\/wp-json\/wp\/v2\/media?parent=4106"}],"wp:term":[{"taxonomy":"product_brand","embeddable":true,"href":"https:\/\/www.jinpinlub.com\/es\/wp-json\/wp\/v2\/product_brand?post=4106"},{"taxonomy":"product_cat","embeddable":true,"href":"https:\/\/www.jinpinlub.com\/es\/wp-json\/wp\/v2\/product_cat?post=4106"},{"taxonomy":"product_tag","embeddable":true,"href":"https:\/\/www.jinpinlub.com\/es\/wp-json\/wp\/v2\/product_tag?post=4106"}],"curies":[{"name":"wp","href":"https:\/\/api.w.org\/{rel}","templated":true}]}}