{"id":4107,"date":"2025-01-12T05:29:09","date_gmt":"2025-01-11T21:29:09","guid":{"rendered":"https:\/\/www.jinpinlub.com\/?post_type=product&#038;p=4107"},"modified":"2025-01-12T05:38:24","modified_gmt":"2025-01-11T21:38:24","slug":"sistema-de-lubricacion-con-grasa-electrica-progresiva-tipo-cartucho-jhgs2","status":"publish","type":"product","link":"https:\/\/www.jinpinlub.com\/es\/product\/jhgs2-cartridge-type-progressive-electric-grease-lube-system\/","title":{"rendered":"Sistema de lubricaci\u00f3n con grasa el\u00e9ctrica progresiva tipo cartucho JHGS2"},"content":{"rendered":"<h2>Caracter\u00edstica<\/h2>\n<p>\u2013 Control preciso: el tiempo de lubricaci\u00f3n y el intervalo de tiempo de la bomba de lubricaci\u00f3n el\u00e9ctrica JHGS2 est\u00e1n controlados con precisi\u00f3n por PLC, y la frecuencia y la duraci\u00f3n de la lubricaci\u00f3n se pueden ajustar de manera flexible de acuerdo con los requisitos operativos de diferentes equipos.<br \/>\n\u2013 Monitoreo del nivel de l\u00edquido: La bomba de lubricaci\u00f3n se puede instalar con un detector de nivel bajo de l\u00edquido, que puede enviar autom\u00e1ticamente una se\u00f1al cuando el nivel de aceite est\u00e1 en un nivel bajo.<br \/>\nLubricante adaptable: La bomba de lubricaci\u00f3n es compatible con lubricantes NLGI 000, 00, 0 y 1#. Su amplia aplicabilidad le permite adaptarse a diferentes situaciones de trabajo.<br \/>\nSalida estable: La bomba de lubricaci\u00f3n autom\u00e1tica tiene una presi\u00f3n de trabajo de 8,0 MPa y un desplazamiento de 15 ml\/min. Garantiza que el lubricante se transporte a cada punto de lubricaci\u00f3n del equipo con un caudal y una presi\u00f3n estables.<br \/>\nAmplia gama de accesorios: Esta bomba de lubricaci\u00f3n progresiva es compatible con diversos accesorios, como distribuidores progresivos JSV, adaptadores PD, adaptadores PH, etc. Adem\u00e1s, se puede combinar con gran flexibilidad con diferentes tipos de equipos y sistemas.<br \/>\n\u2013 Alimentaci\u00f3n flexible: La bomba de lubricaci\u00f3n proporciona diferentes voltajes, como 110 V CA, 220 V CA, 12 V CC, 24 V CC, etc. Los usuarios pueden elegir seg\u00fan su uso.<\/p>\n<h2>Especificaci\u00f3n<\/h2>\n<table>\n<tbody>\n<tr>\n<td>Modelo<\/td>\n<td>JHGS2<\/td>\n<\/tr>\n<tr>\n<td>Tiempo de lubricaci\u00f3n<\/td>\n<td>PLC o controlador externo<\/td>\n<\/tr>\n<tr>\n<td>Tiempo de intervalo<\/td>\n<td>PLC o controlador externo<\/td>\n<\/tr>\n<tr>\n<td>Temperatura de funcionamiento<\/td>\n<td>0\u2103~ +50\u00b0C (Las condiciones de baja temperatura requieren grasa anticongelante)<\/td>\n<\/tr>\n<tr>\n<td>N\u00famero de puntos de venta<\/td>\n<td>1<\/td>\n<\/tr>\n<tr>\n<td>Capacidad del dep\u00f3sito<\/td>\n<td>0,7 litros<\/td>\n<\/tr>\n<tr>\n<td>Recarga<\/td>\n<td>Cartucho<\/td>\n<\/tr>\n<tr>\n<td>Lubricante<\/td>\n<td>Grasas NLGI grado 000~1#<\/td>\n<\/tr>\n<tr>\n<td>V\u00e1lvula de alivio de presi\u00f3n<\/td>\n<td>Ensamblado<\/td>\n<\/tr>\n<tr>\n<td>Descargar<\/td>\n<td>15 ml\/min<\/td>\n<\/tr>\n<tr>\n<td>Presi\u00f3n m\u00e1xima de funcionamiento<\/td>\n<td>8,0 MPa<\/td>\n<\/tr>\n<tr>\n<td>Accesorios de conexi\u00f3n<\/td>\n<td>Salida \u03a66 o \u03a68<\/td>\n<\/tr>\n<tr>\n<td>Voltaje de funcionamiento<\/td>\n<td>12\/24 V CC, 110\/220 V CA, 220\/380 V CA<\/td>\n<\/tr>\n<tr>\n<td>Proceso de dar un t\u00edtulo<\/td>\n<td>CE<\/td>\n<\/tr>\n<tr>\n<td>Interruptor de nivel bajo<\/td>\n<td>NO contacto<\/td>\n<\/tr>\n<\/tbody>\n<\/table>\n<h2>Soluci\u00f3n de problemas<\/h2>\n<p>La bomba de lubricaci\u00f3n no puede descargar o la cantidad es insuficiente: las razones incluyen que el motor no funcione, que el motor gire en sentido contrario, que la calidad no sea constante, que la salida est\u00e9 bloqueada o que haya aire en el cartucho. Las soluciones incluyen detectar la tensi\u00f3n de entrada, reemplazar el motor, recablear, limpiar o reemplazar la junta de salida, purgar el aire, etc.<br \/>\nFuga de lubricante: es posible que el cartucho est\u00e9 da\u00f1ado o deformado, que no est\u00e9 bloqueado o que la junta t\u00f3rica que lo conecta falte o est\u00e9 deteriorada. Las soluciones son reemplazar el cartucho, volver a bloquearlo, a\u00f1adir o reemplazar la junta t\u00f3rica.<br \/>\nPresi\u00f3n anormal: Las impurezas en el pist\u00f3n de la bomba de lubricaci\u00f3n, una presi\u00f3n preajustada insuficiente y la rotura de la tuber\u00eda pueden causar este problema. Se puede solucionar limpiando el pist\u00f3n, ajustando la v\u00e1lvula reguladora de presi\u00f3n y reemplazando una tuber\u00eda nueva.<br \/>\nLa aguja del man\u00f3metro no vuelve a cero o se detiene: la causa puede ser que el man\u00f3metro est\u00e9 defectuoso o que haya aire en la bomba de lubricaci\u00f3n. La soluci\u00f3n es reemplazar el man\u00f3metro o realizar una operaci\u00f3n de escape.<\/p>\n<h2>Manuales<\/h2>\n<div class=\"sdm_download_button_box_default\"><div class=\"sdm_download_link\"><a href=\"https:\/\/www.jinpinlub.com\/es\/?sdm_process_download=1&download_id=4086\" class=\"sdm_download white\" title=\"Privado: JHGS2 Progressive Pump\" target=\"&quot;_blank&quot;\">Ver hoja de datos - Bomba de grasa JHGS2<\/a><\/div><\/div>","protected":false},"excerpt":{"rendered":"<p>La JHGS2 es una bomba el\u00e9ctrica progresiva de lubricaci\u00f3n de grasa, compatible con diversas viscosidades de grasa, con una presi\u00f3n de 8 MPa y un caudal de 15 ml\/min, y con m\u00faltiples voltajes opcionales. Su estructura es simple pero duradera, y su operaci\u00f3n y mantenimiento son f\u00e1ciles gracias al reemplazo del cartucho.<\/p>","protected":false},"featured_media":4108,"template":"","meta":{"ocean_post_layout":"","ocean_both_sidebars_style":"","ocean_both_sidebars_content_width":0,"ocean_both_sidebars_sidebars_width":0,"ocean_sidebar":"0","ocean_second_sidebar":"0","ocean_disable_margins":"enable","ocean_add_body_class":"","ocean_shortcode_before_top_bar":"","ocean_shortcode_after_top_bar":"","ocean_shortcode_before_header":"","ocean_shortcode_after_header":"","ocean_has_shortcode":"","ocean_shortcode_after_title":"","ocean_shortcode_before_footer_widgets":"","ocean_shortcode_after_footer_widgets":"","ocean_shortcode_before_footer_bottom":"","ocean_shortcode_after_footer_bottom":"","ocean_display_top_bar":"default","ocean_display_header":"default","ocean_header_style":"","ocean_center_header_left_menu":"0","ocean_custom_header_template":"0","ocean_custom_logo":0,"ocean_custom_retina_logo":0,"ocean_custom_logo_max_width":0,"ocean_custom_logo_tablet_max_width":0,"ocean_custom_logo_mobile_max_width":0,"ocean_custom_logo_max_height":0,"ocean_custom_logo_tablet_max_height":0,"ocean_custom_logo_mobile_max_height":0,"ocean_header_custom_menu":"0","ocean_menu_typo_font_family":"0","ocean_menu_typo_font_subset":"","ocean_menu_typo_font_size":0,"ocean_menu_typo_font_size_tablet":0,"ocean_menu_typo_font_size_mobile":0,"ocean_menu_typo_font_size_unit":"px","ocean_menu_typo_font_weight":"","ocean_menu_typo_font_weight_tablet":"","ocean_menu_typo_font_weight_mobile":"","ocean_menu_typo_transform":"","ocean_menu_typo_transform_tablet":"","ocean_menu_typo_transform_mobile":"","ocean_menu_typo_line_height":0,"ocean_menu_typo_line_height_tablet":0,"ocean_menu_typo_line_height_mobile":0,"ocean_menu_typo_line_height_unit":"","ocean_menu_typo_spacing":0,"ocean_menu_typo_spacing_tablet":0,"ocean_menu_typo_spacing_mobile":0,"ocean_menu_typo_spacing_unit":"","ocean_menu_link_color":"","ocean_menu_link_color_hover":"","ocean_menu_link_color_active":"","ocean_menu_link_background":"","ocean_menu_link_hover_background":"","ocean_menu_link_active_background":"","ocean_menu_social_links_bg":"","ocean_menu_social_hover_links_bg":"","ocean_menu_social_links_color":"","ocean_menu_social_hover_links_color":"","ocean_disable_title":"default","ocean_disable_heading":"default","ocean_post_title":"","ocean_post_subheading":"","ocean_post_title_style":"","ocean_post_title_background_color":"","ocean_post_title_background":0,"ocean_post_title_bg_image_position":"","ocean_post_title_bg_image_attachment":"","ocean_post_title_bg_image_repeat":"","ocean_post_title_bg_image_size":"","ocean_post_title_height":0,"ocean_post_title_bg_overlay":0.5,"ocean_post_title_bg_overlay_color":"","ocean_disable_breadcrumbs":"default","ocean_breadcrumbs_color":"","ocean_breadcrumbs_separator_color":"","ocean_breadcrumbs_links_color":"","ocean_breadcrumbs_links_hover_color":"","ocean_display_footer_widgets":"default","ocean_display_footer_bottom":"default","ocean_custom_footer_template":"0","osh_disable_topbar_sticky":"default","osh_disable_header_sticky":"default","osh_sticky_header_style":"default","osh_sticky_header_effect":"","osh_custom_sticky_logo":0,"osh_custom_retina_sticky_logo":0,"osh_custom_sticky_logo_height":0,"osh_background_color":"","osh_links_color":"","osh_links_hover_color":"","osh_links_active_color":"","osh_links_bg_color":"","osh_links_hover_bg_color":"","osh_links_active_bg_color":"","osh_menu_social_links_color":"","osh_menu_social_hover_links_color":""},"product_brand":[],"product_cat":[42,41],"product_tag":[321,73,196,91,221],"class_list":{"0":"post-4107","1":"product","2":"type-product","3":"status-publish","4":"has-post-thumbnail","6":"product_cat-electric-progressive-pumps","7":"product_cat-progressive-grease-systems","8":"product_tag-automatic-lubrication-system","9":"product_tag-electric-lubrication-pump","10":"product_tag-grease-lubrication-system","11":"product_tag-progressive-lubrication-pump","12":"product_tag-progressive-lubrication-system","14":"entry","15":"has-media","17":"first","18":"instock","19":"shipping-taxable","20":"product-type-external","21":"col","22":"span_1_of_3","23":"owp-content-center","24":"owp-thumbs-layout-horizontal","25":"owp-btn-very-big","26":"owp-tabs-layout-horizontal"},"_links":{"self":[{"href":"https:\/\/www.jinpinlub.com\/es\/wp-json\/wp\/v2\/product\/4107","targetHints":{"allow":["GET"]}}],"collection":[{"href":"https:\/\/www.jinpinlub.com\/es\/wp-json\/wp\/v2\/product"}],"about":[{"href":"https:\/\/www.jinpinlub.com\/es\/wp-json\/wp\/v2\/types\/product"}],"wp:featuredmedia":[{"embeddable":true,"href":"https:\/\/www.jinpinlub.com\/es\/wp-json\/wp\/v2\/media\/4108"}],"wp:attachment":[{"href":"https:\/\/www.jinpinlub.com\/es\/wp-json\/wp\/v2\/media?parent=4107"}],"wp:term":[{"taxonomy":"product_brand","embeddable":true,"href":"https:\/\/www.jinpinlub.com\/es\/wp-json\/wp\/v2\/product_brand?post=4107"},{"taxonomy":"product_cat","embeddable":true,"href":"https:\/\/www.jinpinlub.com\/es\/wp-json\/wp\/v2\/product_cat?post=4107"},{"taxonomy":"product_tag","embeddable":true,"href":"https:\/\/www.jinpinlub.com\/es\/wp-json\/wp\/v2\/product_tag?post=4107"}],"curies":[{"name":"wp","href":"https:\/\/api.w.org\/{rel}","templated":true}]}}