{"id":4112,"date":"2025-01-18T03:10:27","date_gmt":"2025-01-17T19:10:27","guid":{"rendered":"https:\/\/www.jinpinlub.com\/?post_type=product&#038;p=4112"},"modified":"2025-01-18T03:35:14","modified_gmt":"2025-01-17T19:35:14","slug":"lubricador-automatico-de-punto-unico-accionado-por-resorte-ajustable","status":"publish","type":"product","link":"https:\/\/www.jinpinlub.com\/es\/product\/adjustable-spring-driven-single-point-automatic-lubricator\/","title":{"rendered":"Lubricador autom\u00e1tico de punto \u00fanico accionado por resorte ajustable"},"content":{"rendered":"<h2>Caracter\u00edstica<\/h2>\n<p>1. Los lubricadores autom\u00e1ticos ajustables se clasifican seg\u00fan el tipo de lubricante. Los modelos GP son para grasa. Los modelos OP y CP-36C son para aceite.<br \/>\n2. Todos los modelos pueden suministrar autom\u00e1ticamente el lubricante a un \u00fanico punto de lubricaci\u00f3n de manera constante.<br \/>\n3. CP-36C equipa un cepillo pero sin adaptadores.<br \/>\n4. Todos los modelos son adecuados para lubricar gu\u00edas lineales, cojinetes y ejes de motores.<br \/>\n5. Todos los modelos cuentan con reguladores de volumen que permiten ajustar el volumen de lubricante seg\u00fan las necesidades. Para los modelos OP<br \/>\ny CP-36C, gire los ajustadores de volumen en el sentido de las agujas del reloj hasta el punto cero cuando no est\u00e9n en uso.<br \/>\n6. Modelos GP: llene la grasa a trav\u00e9s de los engrasadores y cierre la tapa del engrasador despu\u00e9s de llenar la grasa.<br \/>\n7. Modelos OP y CP-36C: llene el aceite a trav\u00e9s de la entrada de aceite y vuelva a colocar la tapa de aceite despu\u00e9s de terminar.<br \/>\n8. No utilice disolventes org\u00e1nicos como tolueno o tetracloruro de carbono para limpiar el tanque de lubricante.<\/p>\n<h2>Especificaci\u00f3n<\/h2>\n<p>Nombre: Lubricador de punto \u00fanico GP<br \/>\nM\u00e9todo de conducci\u00f3n: Accionado por resorte<br \/>\nTiempo de vaciado: 3-5 a\u00f1os<br \/>\nDescarga: Ajustar seg\u00fan necesidades<br \/>\nTemperatura de trabajo: -20 \u2103 ~ +155 \u2103<br \/>\nLubricantes: aceite o grasa \u2264 NLGI#2<br \/>\nNivel de protecci\u00f3n: IP68<br \/>\nPeso neto: 200-250g<br \/>\nCertificado: Certificaci\u00f3n CE<\/p>\n<h2>Montaje<\/h2>\n<p>Como se muestra en el dibujo. Seleccione uno de los tres tipos de rosca del adaptador: 1\/4\u2033 PT19, 1\/8\u2033 PT28 y 1\/4\u2033 UNF28 para la instalaci\u00f3n de codos de 45\u00b0, 90\u00b0 y 180\u00b0.<br \/>\nM\u00e9todo de regulaci\u00f3n:<br \/>\nDependiendo del tama\u00f1o del cojinete y la cantidad de grasa, ajuste la v\u00e1lvula de aguja para obtener la cantidad de salida de grasa adecuada.<br \/>\nTeniendo en cuenta la escala de la taza, gire la v\u00e1lvula de aguja para regular la cantidad de grasa.<br \/>\nCuando la v\u00e1lvula de aguja se gira 90\u00b0 eso significa que el orificio de salida es de 0,12 mm.<br \/>\nCuando la v\u00e1lvula de aguja gira un c\u00edrculo completo, eso significa que el orificio de salida es de 0,45 mm.<br \/>\nEl alambre de resorte est\u00e1 hecho de alambre de piano alem\u00e1n, no lo reemplace de todos modos.<br \/>\nLos consejos para regular la cantidad de salida de grasa se muestran a continuaci\u00f3n:<br \/>\n1. Para un ajuste m\u00e1s preciso, tenga en cuenta la temperatura ambiente de trabajo (interior, exterior, baja temperatura, alta temperatura), el tama\u00f1o del rodamiento, la velocidad de rotaci\u00f3n y la viscosidad de la grasa. La cantidad de grasa sugerida debe ajustarse de la siguiente manera:<br \/>\nPara NLGI 0: gire la v\u00e1lvula 1,5 vueltas. Durante el funcionamiento, mantenga 1,0 vueltas como m\u00ednimo.<br \/>\nPara NLGI 1: gire la v\u00e1lvula 3 veces. Durante el funcionamiento, gire al menos 2 veces.<br \/>\nPara NLGI 2: gire la v\u00e1lvula de 3 a 5 vueltas. Durante el funcionamiento, mantenga un m\u00ednimo de 3 vueltas.<br \/>\nNo utilice grasa endurecida ni grasa saponificada y luego aplique una cantidad de grasa adecuada a las condiciones de trabajo.<br \/>\nAdem\u00e1s, mientras se recarga el alimentador, la v\u00e1lvula de aguja debe mantenerse abierta para expulsar la grasa vieja.<\/p>\n<h2>Manuales<\/h2>\n<div class=\"sdm_download_button_box_default\"><div class=\"sdm_download_link\"><a href=\"https:\/\/www.jinpinlub.com\/es\/?sdm_process_download=1&download_id=4117\" class=\"sdm_download white\" title=\"Privado: GP single-point lubricator\" target=\"&quot;_blank&quot;\">Ver hoja de datos - Lubricador de punto \u00fanico GP<\/a><\/div><\/div>","protected":false},"excerpt":{"rendered":"<p>El lubricador de punto \u00fanico JINPINLUB es un lubricador autom\u00e1tico ajustable accionado por resorte. Se divide en GP para grasa y OP para aceite. Todos los modelos suministran lubricante de forma autom\u00e1tica y estable a un solo punto y son adecuados para componentes como gu\u00edas lineales.<\/p>","protected":false},"featured_media":4115,"template":"","meta":{"ocean_post_layout":"","ocean_both_sidebars_style":"","ocean_both_sidebars_content_width":0,"ocean_both_sidebars_sidebars_width":0,"ocean_sidebar":"0","ocean_second_sidebar":"0","ocean_disable_margins":"enable","ocean_add_body_class":"","ocean_shortcode_before_top_bar":"","ocean_shortcode_after_top_bar":"","ocean_shortcode_before_header":"","ocean_shortcode_after_header":"","ocean_has_shortcode":"","ocean_shortcode_after_title":"","ocean_shortcode_before_footer_widgets":"","ocean_shortcode_after_footer_widgets":"","ocean_shortcode_before_footer_bottom":"","ocean_shortcode_after_footer_bottom":"","ocean_display_top_bar":"default","ocean_display_header":"default","ocean_header_style":"","ocean_center_header_left_menu":"0","ocean_custom_header_template":"0","ocean_custom_logo":0,"ocean_custom_retina_logo":0,"ocean_custom_logo_max_width":0,"ocean_custom_logo_tablet_max_width":0,"ocean_custom_logo_mobile_max_width":0,"ocean_custom_logo_max_height":0,"ocean_custom_logo_tablet_max_height":0,"ocean_custom_logo_mobile_max_height":0,"ocean_header_custom_menu":"0","ocean_menu_typo_font_family":"0","ocean_menu_typo_font_subset":"","ocean_menu_typo_font_size":0,"ocean_menu_typo_font_size_tablet":0,"ocean_menu_typo_font_size_mobile":0,"ocean_menu_typo_font_size_unit":"px","ocean_menu_typo_font_weight":"","ocean_menu_typo_font_weight_tablet":"","ocean_menu_typo_font_weight_mobile":"","ocean_menu_typo_transform":"","ocean_menu_typo_transform_tablet":"","ocean_menu_typo_transform_mobile":"","ocean_menu_typo_line_height":0,"ocean_menu_typo_line_height_tablet":0,"ocean_menu_typo_line_height_mobile":0,"ocean_menu_typo_line_height_unit":"","ocean_menu_typo_spacing":0,"ocean_menu_typo_spacing_tablet":0,"ocean_menu_typo_spacing_mobile":0,"ocean_menu_typo_spacing_unit":"","ocean_menu_link_color":"","ocean_menu_link_color_hover":"","ocean_menu_link_color_active":"","ocean_menu_link_background":"","ocean_menu_link_hover_background":"","ocean_menu_link_active_background":"","ocean_menu_social_links_bg":"","ocean_menu_social_hover_links_bg":"","ocean_menu_social_links_color":"","ocean_menu_social_hover_links_color":"","ocean_disable_title":"default","ocean_disable_heading":"default","ocean_post_title":"","ocean_post_subheading":"","ocean_post_title_style":"","ocean_post_title_background_color":"","ocean_post_title_background":0,"ocean_post_title_bg_image_position":"","ocean_post_title_bg_image_attachment":"","ocean_post_title_bg_image_repeat":"","ocean_post_title_bg_image_size":"","ocean_post_title_height":0,"ocean_post_title_bg_overlay":0.5,"ocean_post_title_bg_overlay_color":"","ocean_disable_breadcrumbs":"default","ocean_breadcrumbs_color":"","ocean_breadcrumbs_separator_color":"","ocean_breadcrumbs_links_color":"","ocean_breadcrumbs_links_hover_color":"","ocean_display_footer_widgets":"default","ocean_display_footer_bottom":"default","ocean_custom_footer_template":"0","osh_disable_topbar_sticky":"default","osh_disable_header_sticky":"default","osh_sticky_header_style":"default","osh_sticky_header_effect":"","osh_custom_sticky_logo":0,"osh_custom_retina_sticky_logo":0,"osh_custom_sticky_logo_height":0,"osh_background_color":"","osh_links_color":"","osh_links_hover_color":"","osh_links_active_color":"","osh_links_bg_color":"","osh_links_hover_bg_color":"","osh_links_active_bg_color":"","osh_menu_social_links_color":"","osh_menu_social_hover_links_color":""},"product_brand":[],"product_cat":[33],"product_tag":[396,394,395,102,103],"class_list":{"0":"post-4112","1":"product","2":"type-product","3":"status-publish","4":"has-post-thumbnail","6":"product_cat-single-point-lubricators","7":"product_tag-automatic-lubricator","8":"product_tag-bearing-single-point-lubrication","9":"product_tag-single-point-grease-lubrication","10":"product_tag-single-point-lubrication-pump","11":"product_tag-single-point-lubricator","13":"entry","14":"has-media","16":"first","17":"instock","18":"featured","19":"shipping-taxable","20":"product-type-external","21":"col","22":"span_1_of_3","23":"owp-content-center","24":"owp-thumbs-layout-horizontal","25":"owp-btn-very-big","26":"owp-tabs-layout-horizontal"},"_links":{"self":[{"href":"https:\/\/www.jinpinlub.com\/es\/wp-json\/wp\/v2\/product\/4112","targetHints":{"allow":["GET"]}}],"collection":[{"href":"https:\/\/www.jinpinlub.com\/es\/wp-json\/wp\/v2\/product"}],"about":[{"href":"https:\/\/www.jinpinlub.com\/es\/wp-json\/wp\/v2\/types\/product"}],"wp:featuredmedia":[{"embeddable":true,"href":"https:\/\/www.jinpinlub.com\/es\/wp-json\/wp\/v2\/media\/4115"}],"wp:attachment":[{"href":"https:\/\/www.jinpinlub.com\/es\/wp-json\/wp\/v2\/media?parent=4112"}],"wp:term":[{"taxonomy":"product_brand","embeddable":true,"href":"https:\/\/www.jinpinlub.com\/es\/wp-json\/wp\/v2\/product_brand?post=4112"},{"taxonomy":"product_cat","embeddable":true,"href":"https:\/\/www.jinpinlub.com\/es\/wp-json\/wp\/v2\/product_cat?post=4112"},{"taxonomy":"product_tag","embeddable":true,"href":"https:\/\/www.jinpinlub.com\/es\/wp-json\/wp\/v2\/product_tag?post=4112"}],"curies":[{"name":"wp","href":"https:\/\/api.w.org\/{rel}","templated":true}]}}