{"id":4119,"date":"2025-01-18T18:26:38","date_gmt":"2025-01-18T10:26:38","guid":{"rendered":"https:\/\/www.jinpinlub.com\/?post_type=product&#038;p=4119"},"modified":"2025-01-18T21:30:25","modified_gmt":"2025-01-18T13:30:25","slug":"adaptadores-de-buje-de-compresion-de-laton-pa-accesorios-de-compresion","status":"publish","type":"product","link":"https:\/\/www.jinpinlub.com\/es\/product\/pa-brass-compression-bushing-adapters-compression-fittings\/","title":{"rendered":"Adaptadores de buje de compresi\u00f3n de lat\u00f3n PA Accesorios de compresi\u00f3n"},"content":{"rendered":"<h2>Caracter\u00edstica<\/h2>\n<p>\u2013 El buje de compresi\u00f3n se instala en un estilo de buje, que est\u00e1 firmemente combinado, no es f\u00e1cil de aflojar ni caer, tiene un buen sellado y previene eficazmente las fugas.<br \/>\n\u2013 El buje de compresi\u00f3n puede soportar una presi\u00f3n de 3 MPa y funcionar de manera estable en circuitos de aceite de alta presi\u00f3n o sistemas neum\u00e1ticos.<br \/>\n\u2013 La temperatura de funcionamiento del buje de compresi\u00f3n resiste el rango de -20 \u2103 a 80 \u2103, lo que puede adaptarse a diferentes climas y entornos industriales.<br \/>\n\u2013 El material del buje de compresi\u00f3n es lat\u00f3n, que tiene alta resistencia y resistencia a la corrosi\u00f3n, prolonga la vida \u00fatil y reduce los costos de mantenimiento.<\/p>\n<h2>Especificaci\u00f3n<\/h2>\n<figure id=\"attachment_4125\" aria-describedby=\"caption-attachment-4125\" style=\"width: 800px\" class=\"wp-caption alignnone\"><img loading=\"lazy\" decoding=\"async\" class=\"size-full wp-image-4125\" src=\"https:\/\/www.jinpinlub.com\/wp-content\/uploads\/2025\/01\/brass-compression-bushing-6.jpg\" alt=\"casquillo de compresi\u00f3n de lat\u00f3n (6)\" width=\"800\" height=\"508\" srcset=\"https:\/\/www.jinpinlub.com\/wp-content\/uploads\/2025\/01\/brass-compression-bushing-6.jpg 800w, https:\/\/www.jinpinlub.com\/wp-content\/uploads\/2025\/01\/brass-compression-bushing-6-300x191.jpg 300w, https:\/\/www.jinpinlub.com\/wp-content\/uploads\/2025\/01\/brass-compression-bushing-6-768x488.jpg 768w, https:\/\/www.jinpinlub.com\/wp-content\/uploads\/2025\/01\/brass-compression-bushing-6-18x12.jpg 18w\" sizes=\"auto, (max-width: 800px) 100vw, 800px\" \/><figcaption id=\"caption-attachment-4125\" class=\"wp-caption-text\">casquillo de compresi\u00f3n de lat\u00f3n (6)<\/figcaption><\/figure>\n<h2>Principio<\/h2>\n<p>Sellado de Compresi\u00f3n: B\u00e1sicamente, la filosof\u00eda de trabajo de las juntas de compresi\u00f3n PA es que, durante el enroscado de la tuerca, la f\u00e9rula interna o el anillo de sellado se deforma y se comprime para sujetar firmemente la pared exterior de la tuber\u00eda y proporcionar una conexi\u00f3n sellada que resiste la fuga del fluido.<br \/>\nLa fijaci\u00f3n mec\u00e1nica se refiere a una t\u00e9cnica que se basa en el atornillado de la rosca, que se conectar\u00e1 firmemente con la uni\u00f3n a la tuber\u00eda u otros accesorios de tuber\u00eda mientras soporta cierta presi\u00f3n y tensi\u00f3n para garantizar la estabilidad en la conexi\u00f3n.<\/p>\n<figure id=\"attachment_4124\" aria-describedby=\"caption-attachment-4124\" style=\"width: 800px\" class=\"wp-caption alignnone\"><img loading=\"lazy\" decoding=\"async\" class=\"size-full wp-image-4124\" src=\"https:\/\/www.jinpinlub.com\/wp-content\/uploads\/2025\/01\/brass-compression-bushing-5.jpg\" alt=\"casquillo de compresi\u00f3n de lat\u00f3n (5)\" width=\"800\" height=\"800\" srcset=\"https:\/\/www.jinpinlub.com\/wp-content\/uploads\/2025\/01\/brass-compression-bushing-5.jpg 800w, https:\/\/www.jinpinlub.com\/wp-content\/uploads\/2025\/01\/brass-compression-bushing-5-300x300.jpg 300w, https:\/\/www.jinpinlub.com\/wp-content\/uploads\/2025\/01\/brass-compression-bushing-5-150x150.jpg 150w, https:\/\/www.jinpinlub.com\/wp-content\/uploads\/2025\/01\/brass-compression-bushing-5-768x768.jpg 768w, https:\/\/www.jinpinlub.com\/wp-content\/uploads\/2025\/01\/brass-compression-bushing-5-12x12.jpg 12w, https:\/\/www.jinpinlub.com\/wp-content\/uploads\/2025\/01\/brass-compression-bushing-5-600x600.jpg 600w, https:\/\/www.jinpinlub.com\/wp-content\/uploads\/2025\/01\/brass-compression-bushing-5-100x100.jpg 100w\" sizes=\"auto, (max-width: 800px) 100vw, 800px\" \/><figcaption id=\"caption-attachment-4124\" class=\"wp-caption-text\">casquillo de compresi\u00f3n de lat\u00f3n (5)<\/figcaption><\/figure>\n<h2>Manuales<\/h2>\n<div class=\"sdm_download_button_box_default\"><div class=\"sdm_download_link\"><a href=\"https:\/\/www.jinpinlub.com\/es\/?sdm_process_download=1&download_id=3172\" class=\"sdm_download white\" title=\"Privado: PA\/PB\/PD\/Connector\" target=\"&quot;_blank&quot;\">Ver hoja de datos - Conector PA\/PB\/PD<\/a><\/div><\/div>","protected":false},"excerpt":{"rendered":"<p>Los casquillos de compresi\u00f3n PA se utilizan habitualmente para conectar tuber\u00edas de aceite y aire en los sistemas hidr\u00e1ulicos y neum\u00e1ticos de m\u00e1quinas herramienta. Tambi\u00e9n se utilizan para conexiones de tuber\u00edas en l\u00edneas de producci\u00f3n automatizadas, como el transporte de aire comprimido y refrigerantes.<\/p>","protected":false},"featured_media":4120,"template":"","meta":{"ocean_post_layout":"","ocean_both_sidebars_style":"","ocean_both_sidebars_content_width":0,"ocean_both_sidebars_sidebars_width":0,"ocean_sidebar":"0","ocean_second_sidebar":"0","ocean_disable_margins":"enable","ocean_add_body_class":"","ocean_shortcode_before_top_bar":"","ocean_shortcode_after_top_bar":"","ocean_shortcode_before_header":"","ocean_shortcode_after_header":"","ocean_has_shortcode":"","ocean_shortcode_after_title":"","ocean_shortcode_before_footer_widgets":"","ocean_shortcode_after_footer_widgets":"","ocean_shortcode_before_footer_bottom":"","ocean_shortcode_after_footer_bottom":"","ocean_display_top_bar":"default","ocean_display_header":"default","ocean_header_style":"","ocean_center_header_left_menu":"0","ocean_custom_header_template":"0","ocean_custom_logo":0,"ocean_custom_retina_logo":0,"ocean_custom_logo_max_width":0,"ocean_custom_logo_tablet_max_width":0,"ocean_custom_logo_mobile_max_width":0,"ocean_custom_logo_max_height":0,"ocean_custom_logo_tablet_max_height":0,"ocean_custom_logo_mobile_max_height":0,"ocean_header_custom_menu":"0","ocean_menu_typo_font_family":"0","ocean_menu_typo_font_subset":"","ocean_menu_typo_font_size":0,"ocean_menu_typo_font_size_tablet":0,"ocean_menu_typo_font_size_mobile":0,"ocean_menu_typo_font_size_unit":"px","ocean_menu_typo_font_weight":"","ocean_menu_typo_font_weight_tablet":"","ocean_menu_typo_font_weight_mobile":"","ocean_menu_typo_transform":"","ocean_menu_typo_transform_tablet":"","ocean_menu_typo_transform_mobile":"","ocean_menu_typo_line_height":0,"ocean_menu_typo_line_height_tablet":0,"ocean_menu_typo_line_height_mobile":0,"ocean_menu_typo_line_height_unit":"","ocean_menu_typo_spacing":0,"ocean_menu_typo_spacing_tablet":0,"ocean_menu_typo_spacing_mobile":0,"ocean_menu_typo_spacing_unit":"","ocean_menu_link_color":"","ocean_menu_link_color_hover":"","ocean_menu_link_color_active":"","ocean_menu_link_background":"","ocean_menu_link_hover_background":"","ocean_menu_link_active_background":"","ocean_menu_social_links_bg":"","ocean_menu_social_hover_links_bg":"","ocean_menu_social_links_color":"","ocean_menu_social_hover_links_color":"","ocean_disable_title":"default","ocean_disable_heading":"default","ocean_post_title":"","ocean_post_subheading":"","ocean_post_title_style":"","ocean_post_title_background_color":"","ocean_post_title_background":0,"ocean_post_title_bg_image_position":"","ocean_post_title_bg_image_attachment":"","ocean_post_title_bg_image_repeat":"","ocean_post_title_bg_image_size":"","ocean_post_title_height":0,"ocean_post_title_bg_overlay":0.5,"ocean_post_title_bg_overlay_color":"","ocean_disable_breadcrumbs":"default","ocean_breadcrumbs_color":"","ocean_breadcrumbs_separator_color":"","ocean_breadcrumbs_links_color":"","ocean_breadcrumbs_links_hover_color":"","ocean_display_footer_widgets":"default","ocean_display_footer_bottom":"default","ocean_custom_footer_template":"0","osh_disable_topbar_sticky":"default","osh_disable_header_sticky":"default","osh_sticky_header_style":"default","osh_sticky_header_effect":"","osh_custom_sticky_logo":0,"osh_custom_retina_sticky_logo":0,"osh_custom_sticky_logo_height":0,"osh_background_color":"","osh_links_color":"","osh_links_hover_color":"","osh_links_active_color":"","osh_links_bg_color":"","osh_links_hover_bg_color":"","osh_links_active_bg_color":"","osh_menu_social_links_color":"","osh_menu_social_hover_links_color":""},"product_brand":[],"product_cat":[31],"product_tag":[400,401,399,397,398],"class_list":{"0":"post-4119","1":"product","2":"type-product","3":"status-publish","4":"has-post-thumbnail","6":"product_cat-lube-system-accessories","7":"product_tag-brass-connector","8":"product_tag-brass-pipe-fittings","9":"product_tag-compression-adapter","10":"product_tag-compression-bushing","11":"product_tag-compression-connector","13":"entry","14":"has-media","16":"first","17":"instock","18":"shipping-taxable","19":"product-type-external","20":"col","21":"span_1_of_3","22":"owp-content-center","23":"owp-thumbs-layout-horizontal","24":"owp-btn-very-big","25":"owp-tabs-layout-horizontal"},"_links":{"self":[{"href":"https:\/\/www.jinpinlub.com\/es\/wp-json\/wp\/v2\/product\/4119","targetHints":{"allow":["GET"]}}],"collection":[{"href":"https:\/\/www.jinpinlub.com\/es\/wp-json\/wp\/v2\/product"}],"about":[{"href":"https:\/\/www.jinpinlub.com\/es\/wp-json\/wp\/v2\/types\/product"}],"wp:featuredmedia":[{"embeddable":true,"href":"https:\/\/www.jinpinlub.com\/es\/wp-json\/wp\/v2\/media\/4120"}],"wp:attachment":[{"href":"https:\/\/www.jinpinlub.com\/es\/wp-json\/wp\/v2\/media?parent=4119"}],"wp:term":[{"taxonomy":"product_brand","embeddable":true,"href":"https:\/\/www.jinpinlub.com\/es\/wp-json\/wp\/v2\/product_brand?post=4119"},{"taxonomy":"product_cat","embeddable":true,"href":"https:\/\/www.jinpinlub.com\/es\/wp-json\/wp\/v2\/product_cat?post=4119"},{"taxonomy":"product_tag","embeddable":true,"href":"https:\/\/www.jinpinlub.com\/es\/wp-json\/wp\/v2\/product_tag?post=4119"}],"curies":[{"name":"wp","href":"https:\/\/api.w.org\/{rel}","templated":true}]}}