{"id":4127,"date":"2025-01-19T05:18:35","date_gmt":"2025-01-18T21:18:35","guid":{"rendered":"https:\/\/www.jinpinlub.com\/?post_type=product&#038;p=4127"},"modified":"2025-01-19T05:37:29","modified_gmt":"2025-01-18T21:37:29","slug":"pb-brass-double-cone-sealing-ring-clamp-compression-sleeve","status":"publish","type":"product","link":"https:\/\/www.jinpinlub.com\/es\/product\/pb-brass-double-cone-sealing-ring-clamp-compression-sleeve\/","title":{"rendered":"Abrazadera de anillo de sellado de doble cono de lat\u00f3n PB, manguito de compresi\u00f3n"},"content":{"rendered":"<h2>Caracter\u00edstica<\/h2>\n<p>Forma de doble cono: El manguito de compresi\u00f3n cuenta con dos superficies de sellado c\u00f3nicas. Esta forma permite que el manguito se adapte mejor a la forma de la superficie de la tuber\u00eda al apretar la f\u00e9rula, aumentando el \u00e1rea de contacto de sellado y mejorando el rendimiento del sellado.<br \/>\nCaracter\u00edsticas del material: Fabricado en lat\u00f3n, ofrece buena tenacidad, resistencia a la corrosi\u00f3n y al desgaste. El manguito de compresi\u00f3n de cobre mantiene un rendimiento estable en diversos entornos de trabajo, no se corroe f\u00e1cilmente con aceite, aire ni otros medios, y soporta cierto grado de fricci\u00f3n y extrusi\u00f3n.<\/p>\n<h2>Especificaci\u00f3n<\/h2>\n<figure id=\"attachment_4133\" aria-describedby=\"caption-attachment-4133\" style=\"width: 800px\" class=\"wp-caption alignnone\"><img loading=\"lazy\" decoding=\"async\" class=\"size-full wp-image-4133\" src=\"https:\/\/www.jinpinlub.com\/wp-content\/uploads\/2025\/01\/PB-compression-Sleeve-5.jpg\" alt=\"Manga de compresi\u00f3n PB (5)\" width=\"800\" height=\"460\" srcset=\"https:\/\/www.jinpinlub.com\/wp-content\/uploads\/2025\/01\/PB-compression-Sleeve-5.jpg 800w, https:\/\/www.jinpinlub.com\/wp-content\/uploads\/2025\/01\/PB-compression-Sleeve-5-300x173.jpg 300w, https:\/\/www.jinpinlub.com\/wp-content\/uploads\/2025\/01\/PB-compression-Sleeve-5-768x442.jpg 768w, https:\/\/www.jinpinlub.com\/wp-content\/uploads\/2025\/01\/PB-compression-Sleeve-5-18x10.jpg 18w\" sizes=\"auto, (max-width: 800px) 100vw, 800px\" \/><figcaption id=\"caption-attachment-4133\" class=\"wp-caption-text\">Manga de compresi\u00f3n PB (5)<\/figcaption><\/figure>\n<h2>Solicitud<\/h2>\n<p>Sistema hidr\u00e1ulico: En los equipos hidr\u00e1ulicos, se utilizan manguitos de compresi\u00f3n para conectar las tuber\u00edas de aceite hidr\u00e1ulico para garantizar un flujo suave de aceite hidr\u00e1ulico en el sistema y, al mismo tiempo, evitar fugas de aceite.<br \/>\nSistema de lubricaci\u00f3n: En equipos como las bombas de lubricaci\u00f3n, se utilizan manguitos de compresi\u00f3n para conectar las tuber\u00edas de lubricaci\u00f3n y proporcionar un suministro estable de lubricante para el equipo mec\u00e1nico.<br \/>\nTransmisi\u00f3n de otros fluidos: Los manguitos de compresi\u00f3n se pueden utilizar en sistemas de tuber\u00edas que transmiten otros l\u00edquidos o gases, como refrigerantes y aire comprimido.<\/p>\n<figure id=\"attachment_4124\" aria-describedby=\"caption-attachment-4124\" style=\"width: 800px\" class=\"wp-caption alignnone\"><img loading=\"lazy\" decoding=\"async\" class=\"size-full wp-image-4124\" src=\"https:\/\/www.jinpinlub.com\/wp-content\/uploads\/2025\/01\/brass-compression-bushing-5.jpg\" alt=\"casquillo de compresi\u00f3n de lat\u00f3n (5)\" width=\"800\" height=\"800\" srcset=\"https:\/\/www.jinpinlub.com\/wp-content\/uploads\/2025\/01\/brass-compression-bushing-5.jpg 800w, https:\/\/www.jinpinlub.com\/wp-content\/uploads\/2025\/01\/brass-compression-bushing-5-300x300.jpg 300w, https:\/\/www.jinpinlub.com\/wp-content\/uploads\/2025\/01\/brass-compression-bushing-5-150x150.jpg 150w, https:\/\/www.jinpinlub.com\/wp-content\/uploads\/2025\/01\/brass-compression-bushing-5-768x768.jpg 768w, https:\/\/www.jinpinlub.com\/wp-content\/uploads\/2025\/01\/brass-compression-bushing-5-12x12.jpg 12w, https:\/\/www.jinpinlub.com\/wp-content\/uploads\/2025\/01\/brass-compression-bushing-5-600x600.jpg 600w, https:\/\/www.jinpinlub.com\/wp-content\/uploads\/2025\/01\/brass-compression-bushing-5-100x100.jpg 100w\" sizes=\"auto, (max-width: 800px) 100vw, 800px\" \/><figcaption id=\"caption-attachment-4124\" class=\"wp-caption-text\">casquillo de compresi\u00f3n de lat\u00f3n (5)<\/figcaption><\/figure>\n<h2>Manuales<\/h2>\n<div class=\"sdm_download_button_box_default\"><div class=\"sdm_download_link\"><a href=\"https:\/\/www.jinpinlub.com\/es\/?sdm_process_download=1&download_id=3172\" class=\"sdm_download white\" title=\"Privado: PA\/PB\/PD\/Connector\" target=\"&quot;_blank&quot;\">Ver hoja de datos - Conector PA\/PB\/PD<\/a><\/div><\/div>","protected":false},"excerpt":{"rendered":"<p>El manguito de compresi\u00f3n PB se utiliza principalmente en la uni\u00f3n de la tuber\u00eda de aceite, que se ajusta firmemente con los accesorios de la tuber\u00eda a trav\u00e9s de una estructura de doble cono para formar un sello, evitar fugas de aceite y garantizar el sellado y la estabilidad del sistema hidr\u00e1ulico o el sistema de lubricaci\u00f3n.<\/p>","protected":false},"featured_media":4128,"template":"","meta":{"ocean_post_layout":"","ocean_both_sidebars_style":"","ocean_both_sidebars_content_width":0,"ocean_both_sidebars_sidebars_width":0,"ocean_sidebar":"0","ocean_second_sidebar":"0","ocean_disable_margins":"enable","ocean_add_body_class":"","ocean_shortcode_before_top_bar":"","ocean_shortcode_after_top_bar":"","ocean_shortcode_before_header":"","ocean_shortcode_after_header":"","ocean_has_shortcode":"","ocean_shortcode_after_title":"","ocean_shortcode_before_footer_widgets":"","ocean_shortcode_after_footer_widgets":"","ocean_shortcode_before_footer_bottom":"","ocean_shortcode_after_footer_bottom":"","ocean_display_top_bar":"default","ocean_display_header":"default","ocean_header_style":"","ocean_center_header_left_menu":"0","ocean_custom_header_template":"0","ocean_custom_logo":0,"ocean_custom_retina_logo":0,"ocean_custom_logo_max_width":0,"ocean_custom_logo_tablet_max_width":0,"ocean_custom_logo_mobile_max_width":0,"ocean_custom_logo_max_height":0,"ocean_custom_logo_tablet_max_height":0,"ocean_custom_logo_mobile_max_height":0,"ocean_header_custom_menu":"0","ocean_menu_typo_font_family":"0","ocean_menu_typo_font_subset":"","ocean_menu_typo_font_size":0,"ocean_menu_typo_font_size_tablet":0,"ocean_menu_typo_font_size_mobile":0,"ocean_menu_typo_font_size_unit":"px","ocean_menu_typo_font_weight":"","ocean_menu_typo_font_weight_tablet":"","ocean_menu_typo_font_weight_mobile":"","ocean_menu_typo_transform":"","ocean_menu_typo_transform_tablet":"","ocean_menu_typo_transform_mobile":"","ocean_menu_typo_line_height":0,"ocean_menu_typo_line_height_tablet":0,"ocean_menu_typo_line_height_mobile":0,"ocean_menu_typo_line_height_unit":"","ocean_menu_typo_spacing":0,"ocean_menu_typo_spacing_tablet":0,"ocean_menu_typo_spacing_mobile":0,"ocean_menu_typo_spacing_unit":"","ocean_menu_link_color":"","ocean_menu_link_color_hover":"","ocean_menu_link_color_active":"","ocean_menu_link_background":"","ocean_menu_link_hover_background":"","ocean_menu_link_active_background":"","ocean_menu_social_links_bg":"","ocean_menu_social_hover_links_bg":"","ocean_menu_social_links_color":"","ocean_menu_social_hover_links_color":"","ocean_disable_title":"default","ocean_disable_heading":"default","ocean_post_title":"","ocean_post_subheading":"","ocean_post_title_style":"","ocean_post_title_background_color":"","ocean_post_title_background":0,"ocean_post_title_bg_image_position":"","ocean_post_title_bg_image_attachment":"","ocean_post_title_bg_image_repeat":"","ocean_post_title_bg_image_size":"","ocean_post_title_height":0,"ocean_post_title_bg_overlay":0.5,"ocean_post_title_bg_overlay_color":"","ocean_disable_breadcrumbs":"default","ocean_breadcrumbs_color":"","ocean_breadcrumbs_separator_color":"","ocean_breadcrumbs_links_color":"","ocean_breadcrumbs_links_hover_color":"","ocean_display_footer_widgets":"default","ocean_display_footer_bottom":"default","ocean_custom_footer_template":"0","osh_disable_topbar_sticky":"default","osh_disable_header_sticky":"default","osh_sticky_header_style":"default","osh_sticky_header_effect":"","osh_custom_sticky_logo":0,"osh_custom_retina_sticky_logo":0,"osh_custom_sticky_logo_height":0,"osh_background_color":"","osh_links_color":"","osh_links_hover_color":"","osh_links_active_color":"","osh_links_bg_color":"","osh_links_hover_bg_color":"","osh_links_active_bg_color":"","osh_menu_social_links_color":"","osh_menu_social_hover_links_color":""},"product_brand":[],"product_cat":[31],"product_tag":[400,403,399,398,402],"class_list":{"0":"post-4127","1":"product","2":"type-product","3":"status-publish","4":"has-post-thumbnail","6":"product_cat-lube-system-accessories","7":"product_tag-brass-connector","8":"product_tag-brass-sealing-ring","9":"product_tag-compression-adapter","10":"product_tag-compression-connector","11":"product_tag-compression-sleeve","13":"entry","14":"has-media","16":"first","17":"instock","18":"shipping-taxable","19":"product-type-external","20":"col","21":"span_1_of_3","22":"owp-content-center","23":"owp-thumbs-layout-horizontal","24":"owp-btn-very-big","25":"owp-tabs-layout-horizontal"},"_links":{"self":[{"href":"https:\/\/www.jinpinlub.com\/es\/wp-json\/wp\/v2\/product\/4127","targetHints":{"allow":["GET"]}}],"collection":[{"href":"https:\/\/www.jinpinlub.com\/es\/wp-json\/wp\/v2\/product"}],"about":[{"href":"https:\/\/www.jinpinlub.com\/es\/wp-json\/wp\/v2\/types\/product"}],"wp:featuredmedia":[{"embeddable":true,"href":"https:\/\/www.jinpinlub.com\/es\/wp-json\/wp\/v2\/media\/4128"}],"wp:attachment":[{"href":"https:\/\/www.jinpinlub.com\/es\/wp-json\/wp\/v2\/media?parent=4127"}],"wp:term":[{"taxonomy":"product_brand","embeddable":true,"href":"https:\/\/www.jinpinlub.com\/es\/wp-json\/wp\/v2\/product_brand?post=4127"},{"taxonomy":"product_cat","embeddable":true,"href":"https:\/\/www.jinpinlub.com\/es\/wp-json\/wp\/v2\/product_cat?post=4127"},{"taxonomy":"product_tag","embeddable":true,"href":"https:\/\/www.jinpinlub.com\/es\/wp-json\/wp\/v2\/product_tag?post=4127"}],"curies":[{"name":"wp","href":"https:\/\/api.w.org\/{rel}","templated":true}]}}