{"id":4144,"date":"2025-01-20T02:46:42","date_gmt":"2025-01-19T18:46:42","guid":{"rendered":"https:\/\/www.jinpinlub.com\/?post_type=product&#038;p=4144"},"modified":"2025-01-20T03:13:23","modified_gmt":"2025-01-19T19:13:23","slug":"pz-oil-tube-fixing-clips-for-nylon-copper-aluminum-tubing","status":"publish","type":"product","link":"https:\/\/www.jinpinlub.com\/es\/product\/pz-oil-tube-fixing-clips-for-nylon-copper-aluminum-tubing\/","title":{"rendered":"Clips de fijaci\u00f3n para tubos de aceite PZ para tubos de aluminio, cobre y nailon"},"content":{"rendered":"<h2>Caracter\u00edstica<\/h2>\n<p>Los clips de los tubos de aceite generalmente est\u00e1n hechos de material de galvanoplastia de hierro, que tiene buena resistencia a la corrosi\u00f3n y al envejecimiento y puede adaptarse al entorno de trabajo de las tuber\u00edas de aceite lubricante.<br \/>\nLas abrazaderas para tubos de aceite suelen estar dise\u00f1adas con hebillas fijas de un solo lado. Para instalarlas, simplemente introduzca el tubo de aceite en la ranura de la abrazadera y fije la hebilla.<br \/>\nLas abrazaderas del tubo de aceite pueden fijar de manera confiable la tuber\u00eda de aceite lubricante en la posici\u00f3n especificada para evitar que la tuber\u00eda de aceite se mueva o se caiga debido a la vibraci\u00f3n, el desplazamiento, etc. durante el funcionamiento del equipo.<\/p>\n<h2>Especificaci\u00f3n<\/h2>\n<figure id=\"attachment_4150\" aria-describedby=\"caption-attachment-4150\" style=\"width: 798px\" class=\"wp-caption alignnone\"><img loading=\"lazy\" decoding=\"async\" class=\"size-full wp-image-4150\" src=\"https:\/\/www.jinpinlub.com\/wp-content\/uploads\/2025\/01\/oil-tube-clips-6.jpg\" alt=\"clips de tubo de aceite (6)\" width=\"798\" height=\"1016\" srcset=\"https:\/\/www.jinpinlub.com\/wp-content\/uploads\/2025\/01\/oil-tube-clips-6.jpg 798w, https:\/\/www.jinpinlub.com\/wp-content\/uploads\/2025\/01\/oil-tube-clips-6-236x300.jpg 236w, https:\/\/www.jinpinlub.com\/wp-content\/uploads\/2025\/01\/oil-tube-clips-6-768x978.jpg 768w, https:\/\/www.jinpinlub.com\/wp-content\/uploads\/2025\/01\/oil-tube-clips-6-9x12.jpg 9w\" sizes=\"auto, (max-width: 798px) 100vw, 798px\" \/><figcaption id=\"caption-attachment-4150\" class=\"wp-caption-text\">clips de tubo de aceite (6)<\/figcaption><\/figure>\n<h2>Solicitud<\/h2>\n<p>Los clips para tubos de aceite lubricante se utilizan ampliamente en los sistemas de lubricaci\u00f3n de diversos equipos industriales, como maquinaria CNC, centros de mecanizado, fresadoras, rectificadoras, punzonadoras, m\u00e1quinas de fundici\u00f3n a presi\u00f3n, m\u00e1quinas de moldeo por inyecci\u00f3n, etc. Se utilizan para fijar las tuber\u00edas de aceite lubricante para garantizar la lubricaci\u00f3n y el funcionamiento normales del equipo.<\/p>\n<h2>Manuales<\/h2>\n<div class=\"sdm_download_button_box_default\"><div class=\"sdm_download_link\"><a href=\"https:\/\/www.jinpinlub.com\/es\/?sdm_process_download=1&download_id=4142\" class=\"sdm_download white\" title=\"Privado: PZ oil tube clips\" target=\"&quot;_blank&quot;\">Ver hoja de datos - Abrazaderas para tubos PZ<\/a><\/div><\/div>","protected":false},"excerpt":{"rendered":"<p>La abrazadera PZ para tuber\u00eda de aceite lubricante es un accesorio que se utiliza para fijar tuber\u00edas de aceite lubricante. Est\u00e1 fabricada con hierro zincado coloreado y ofrece buena resistencia a la corrosi\u00f3n y durabilidad. Se puede utilizar para fijar tuber\u00edas de aceite de diversos materiales, como nailon, cobre, aluminio, etc.<\/p>","protected":false},"featured_media":4148,"template":"","meta":{"ocean_post_layout":"","ocean_both_sidebars_style":"","ocean_both_sidebars_content_width":0,"ocean_both_sidebars_sidebars_width":0,"ocean_sidebar":"0","ocean_second_sidebar":"0","ocean_disable_margins":"enable","ocean_add_body_class":"","ocean_shortcode_before_top_bar":"","ocean_shortcode_after_top_bar":"","ocean_shortcode_before_header":"","ocean_shortcode_after_header":"","ocean_has_shortcode":"","ocean_shortcode_after_title":"","ocean_shortcode_before_footer_widgets":"","ocean_shortcode_after_footer_widgets":"","ocean_shortcode_before_footer_bottom":"","ocean_shortcode_after_footer_bottom":"","ocean_display_top_bar":"default","ocean_display_header":"default","ocean_header_style":"","ocean_center_header_left_menu":"0","ocean_custom_header_template":"0","ocean_custom_logo":0,"ocean_custom_retina_logo":0,"ocean_custom_logo_max_width":0,"ocean_custom_logo_tablet_max_width":0,"ocean_custom_logo_mobile_max_width":0,"ocean_custom_logo_max_height":0,"ocean_custom_logo_tablet_max_height":0,"ocean_custom_logo_mobile_max_height":0,"ocean_header_custom_menu":"0","ocean_menu_typo_font_family":"0","ocean_menu_typo_font_subset":"","ocean_menu_typo_font_size":0,"ocean_menu_typo_font_size_tablet":0,"ocean_menu_typo_font_size_mobile":0,"ocean_menu_typo_font_size_unit":"px","ocean_menu_typo_font_weight":"","ocean_menu_typo_font_weight_tablet":"","ocean_menu_typo_font_weight_mobile":"","ocean_menu_typo_transform":"","ocean_menu_typo_transform_tablet":"","ocean_menu_typo_transform_mobile":"","ocean_menu_typo_line_height":0,"ocean_menu_typo_line_height_tablet":0,"ocean_menu_typo_line_height_mobile":0,"ocean_menu_typo_line_height_unit":"","ocean_menu_typo_spacing":0,"ocean_menu_typo_spacing_tablet":0,"ocean_menu_typo_spacing_mobile":0,"ocean_menu_typo_spacing_unit":"","ocean_menu_link_color":"","ocean_menu_link_color_hover":"","ocean_menu_link_color_active":"","ocean_menu_link_background":"","ocean_menu_link_hover_background":"","ocean_menu_link_active_background":"","ocean_menu_social_links_bg":"","ocean_menu_social_hover_links_bg":"","ocean_menu_social_links_color":"","ocean_menu_social_hover_links_color":"","ocean_disable_title":"default","ocean_disable_heading":"default","ocean_post_title":"","ocean_post_subheading":"","ocean_post_title_style":"","ocean_post_title_background_color":"","ocean_post_title_background":0,"ocean_post_title_bg_image_position":"","ocean_post_title_bg_image_attachment":"","ocean_post_title_bg_image_repeat":"","ocean_post_title_bg_image_size":"","ocean_post_title_height":0,"ocean_post_title_bg_overlay":0.5,"ocean_post_title_bg_overlay_color":"","ocean_disable_breadcrumbs":"default","ocean_breadcrumbs_color":"","ocean_breadcrumbs_separator_color":"","ocean_breadcrumbs_links_color":"","ocean_breadcrumbs_links_hover_color":"","ocean_display_footer_widgets":"default","ocean_display_footer_bottom":"default","ocean_custom_footer_template":"0","osh_disable_topbar_sticky":"default","osh_disable_header_sticky":"default","osh_sticky_header_style":"default","osh_sticky_header_effect":"","osh_custom_sticky_logo":0,"osh_custom_retina_sticky_logo":0,"osh_custom_sticky_logo_height":0,"osh_background_color":"","osh_links_color":"","osh_links_hover_color":"","osh_links_active_color":"","osh_links_bg_color":"","osh_links_hover_bg_color":"","osh_links_active_bg_color":"","osh_menu_social_links_color":"","osh_menu_social_hover_links_color":""},"product_brand":[],"product_cat":[31],"product_tag":[412,411,408,410,409],"class_list":{"0":"post-4144","1":"product","2":"type-product","3":"status-publish","4":"has-post-thumbnail","6":"product_cat-lube-system-accessories","7":"product_tag-aluminum-tube-clamp","8":"product_tag-copper-tube-clamp","9":"product_tag-lubrication-tube-fixing-clip","10":"product_tag-nylon-tube-clamp","11":"product_tag-tube-fixing-clamp","13":"entry","14":"has-media","16":"first","17":"instock","18":"shipping-taxable","19":"product-type-external","20":"col","21":"span_1_of_3","22":"owp-content-center","23":"owp-thumbs-layout-horizontal","24":"owp-btn-very-big","25":"owp-tabs-layout-horizontal"},"_links":{"self":[{"href":"https:\/\/www.jinpinlub.com\/es\/wp-json\/wp\/v2\/product\/4144","targetHints":{"allow":["GET"]}}],"collection":[{"href":"https:\/\/www.jinpinlub.com\/es\/wp-json\/wp\/v2\/product"}],"about":[{"href":"https:\/\/www.jinpinlub.com\/es\/wp-json\/wp\/v2\/types\/product"}],"wp:featuredmedia":[{"embeddable":true,"href":"https:\/\/www.jinpinlub.com\/es\/wp-json\/wp\/v2\/media\/4148"}],"wp:attachment":[{"href":"https:\/\/www.jinpinlub.com\/es\/wp-json\/wp\/v2\/media?parent=4144"}],"wp:term":[{"taxonomy":"product_brand","embeddable":true,"href":"https:\/\/www.jinpinlub.com\/es\/wp-json\/wp\/v2\/product_brand?post=4144"},{"taxonomy":"product_cat","embeddable":true,"href":"https:\/\/www.jinpinlub.com\/es\/wp-json\/wp\/v2\/product_cat?post=4144"},{"taxonomy":"product_tag","embeddable":true,"href":"https:\/\/www.jinpinlub.com\/es\/wp-json\/wp\/v2\/product_tag?post=4144"}],"curies":[{"name":"wp","href":"https:\/\/api.w.org\/{rel}","templated":true}]}}