{"id":1817,"date":"2024-06-26T23:57:12","date_gmt":"2024-06-26T23:57:12","guid":{"rendered":"https:\/\/www.jinpinlub.com\/?page_id=1817"},"modified":"2024-07-28T11:36:08","modified_gmt":"2024-07-28T11:36:08","slug":"faq","status":"publish","type":"page","link":"https:\/\/www.jinpinlub.com\/fr\/faqs\/","title":{"rendered":"FAQ"},"content":{"rendered":"<div class=\"wp-block-ogb-columns ogb-block ogb-columns ogb-columns-a90745be\"><div class=\"ogb-columns-container\">\n<div class=\"ogb-block ogb-column ogb-column-73727ad4\"><div class=\"ogb-column-container\">\n<ol class=\"wp-block-list\">\n<li><strong>Etes-vous une soci\u00e9t\u00e9 commerciale ou un fabricant ?<\/strong><br>\u2014\u2014Nous sommes un fournisseur sp\u00e9cialis\u00e9 dans la fourniture de divers syst\u00e8mes de lubrification centralis\u00e9e, avec des usines professionnelles et des \u00e9quipes techniques. Nos produits ont obtenu les certifications CE et RoHS, nos usines sont certifi\u00e9es ISO-9001 et disposent d&#039;un certain nombre de brevets technologiques de produits.<\/li>\n\n\n\n<li><strong>Quels sont les principaux produits de notre entreprise ?<\/strong><br>\u2014\u2014Nous nous concentrons sur divers syst\u00e8mes de lubrification centralis\u00e9s, y compris les syst\u00e8mes de lubrification \u00e0 la graisse, les syst\u00e8mes de lubrification \u00e0 huile fine, les syst\u00e8mes de lubrification \u00e0 ligne unique, les syst\u00e8mes de lubrification progressive, les syst\u00e8mes de lubrification \u00e0 double ligne, les pompes de lubrification \u00e0 point unique, les syst\u00e8mes de lubrification manuels, etc. Notre \u00e9quipe technique a plus de 10 ans d&#039;exp\u00e9rience, une excellente qualit\u00e9 de produit et une forte comp\u00e9titivit\u00e9.<\/li>\n\n\n\n<li><strong>Pourquoi nous choisir?<\/strong><br>\u2014\u2014Nous nous concentrons sur les fournisseurs de solutions de syst\u00e8mes de lubrification centralis\u00e9s depuis plus de 10 ans. Nous avons servi des clients dans plus de 30 pays. Nous avons fourni des dizaines de milliers de stations de pompage de lubrification \u00e0 des clients du monde entier. Nous pouvons vous fournir une solution compl\u00e8te. Si n\u00e9cessaire, des produits OEM et ODM peuvent \u00eatre fournis. Nous vous fournirons le meilleur prix et la meilleure qualit\u00e9 et le meilleur service. Nos produits sont positionn\u00e9s dans le milieu et le haut de gamme du march\u00e9. Tous les produits garantissent la qualit\u00e9 et la quantit\u00e9 ainsi que le service apr\u00e8s-vente, et le prix pr\u00e9sente des avantages sur le march\u00e9.<\/li>\n\n\n\n<li><strong>Comment garantissons-nous la qualit\u00e9 ?<\/strong><br>\u2014\u2014Pendant la production, nous disposons d&#039;une \u00e9quipe de contr\u00f4le qualit\u00e9 compl\u00e8te et de processus conformes aux normes internationales. Nous disposons d&#039;\u00e9quipements de test professionnels et effectuons des tests rigoureux sur les produits, notamment des tests de dur\u00e9e de vie, des tests de temp\u00e9rature, des tests de pression, etc. Nous avons la certification ISO9001 et la certification CE. Chaque lot de produits sera test\u00e9 avant de quitter l&#039;usine et la liste de contr\u00f4le sera v\u00e9rifi\u00e9e une par une pour garantir l&#039;exactitude de la quantit\u00e9.<\/li>\n\n\n\n<li><strong>Comment obtenir un devis ?<\/strong><br>\u2014\u2014Avant de nous consulter, vous pouvez vous r\u00e9f\u00e9rer \u00e0 notre catalogue de produits et \u00e0 notre fiche technique de produit, puis nous indiquer le code de commande du produit que vous souhaitez en fonction de cela. Vous pouvez \u00e9galement nous communiquer certains d\u00e9tails sur vos besoins en mati\u00e8re de syst\u00e8me de lubrification, tels que la capacit\u00e9 de la pompe de lubrification, le lubrifiant utilis\u00e9, la tension, la pression, le nombre de points de lubrification, la longueur du tuyau, etc. Nos ing\u00e9nieurs professionnels vous fourniront des suggestions d\u00e9taill\u00e9es sur les mod\u00e8les et les sp\u00e9cifications.<\/li>\n\n\n\n<li><strong>Dans combien de temps puis-je obtenir un devis ?<\/strong><br>\u2014\u2014Nous vous proposons g\u00e9n\u00e9ralement un devis dans les 8 heures suivant la r\u00e9ception de votre demande. Si vous avez besoin d&#039;obtenir un prix de toute urgence, veuillez nous appeler ou nous laisser un message ou nous envoyer un message via Whatsapp.<\/li>\n\n\n\n<li><strong>Quel est votre prix ?<\/strong><br>\u2014\u2014Nous fournissons des produits de haute qualit\u00e9 et comp\u00e9titifs, garantissant une qualit\u00e9 sup\u00e9rieure tout en offrant des prix comp\u00e9titifs.<\/li>\n\n\n\n<li><strong>Quel est votre d\u00e9lai de livraison ?<\/strong><br>\u2014\u2014Si la commande est en petite quantit\u00e9, elle peut \u00eatre exp\u00e9di\u00e9e en 3 jours. S&#039;il s&#039;agit d&#039;un gros lot de produits, nous pouvons \u00e9galement livrer dans un d\u00e9lai d&#039;environ quinze jours. Le d\u00e9lai sp\u00e9cifique d\u00e9pend du produit et de la personnalisation.<\/li>\n\n\n\n<li><strong>Quelle est votre quantit\u00e9 minimum de commande ?<\/strong><br>\u2014\u2014Pour les produits standards, la quantit\u00e9 minimum de commande peut \u00eatre n\u00e9goci\u00e9e. La quantit\u00e9 minimum de commande des diff\u00e9rents mod\u00e8les est diff\u00e9rente, et certains n&#039;ont pas de quantit\u00e9 minimum de commande. Pour les commandes OEM, nous pouvons fournir et ajuster nos produits pour r\u00e9pondre \u00e0 divers besoins. Par cons\u00e9quent, la quantit\u00e9 minimum de commande et le prix peuvent varier consid\u00e9rablement en raison de la taille, du mat\u00e9riau et d&#039;autres sp\u00e9cifications, telles que des produits co\u00fbteux ou des produits standards. La quantit\u00e9 minimum de commande est g\u00e9n\u00e9ralement inf\u00e9rieure.<\/li>\n\n\n\n<li><strong>Pouvez-vous fournir des produits OEM ou ODM ?<\/strong><br>\u2014\u2014Oui, nous pouvons produire selon vos \u00e9chantillons ou dessins techniques, et nous pouvons fabriquer des moules et des montages. En g\u00e9n\u00e9ral, vos besoins peuvent \u00eatre modifi\u00e9s dans notre technologie de produit pour y parvenir.<\/li>\n\n\n\n<li><strong>Puis-je \u00eatre votre agent dans mon pays ?<\/strong><br>\u2014\u2014Nous attendons avec impatience une coop\u00e9ration \u00e0 long terme, si vous avez des id\u00e9es, nous pouvons communiquer en d\u00e9tail, nous avons besoin de partenaires pour cr\u00e9er de la valeur ensemble.<\/li>\n\n\n\n<li><strong>Quelle est la dur\u00e9e de la p\u00e9riode de garantie du produit ?<\/strong><br>\u2014\u2014Notre p\u00e9riode de garantie produit est d\u2019un an.<\/li>\n\n\n\n<li><strong>Comment puis-je obtenir des \u00e9chantillons ?<\/strong><br>\u2014\u2014Habituellement, nous ne pouvons pas fournir d&#039;\u00e9chantillons gratuits, veuillez payer les frais d&#039;\u00e9chantillon et de messagerie, les frais d&#039;\u00e9chantillon peuvent \u00eatre d\u00e9duits de votre premi\u00e8re grosse commande.<\/li>\n\n\n\n<li><strong>Quelle est votre capacit\u00e9 de production comp\u00e9titive ?<\/strong><br>\u2014\u2014Production mensuelle de plus de 5000 ensembles.<\/li>\n\n\n\n<li><strong>Quels modes de paiement votre entreprise accepte-t-elle ?<\/strong><br>\u2014\u2014Nous acceptons T\/T (virement bancaire), Western Union, Paypal, Alipay, WeChat Pay.<\/li>\n\n\n\n<li><strong>Quelles sont vos conditions de livraison ?<\/strong><br>\u2014\u2014EXW, FOB, CFR, CIF, DAP, DDP<\/li>\n\n\n\n<li><strong>Quel type de m\u00e9thode d&#039;exp\u00e9dition proposez-vous ?<\/strong><br>\u2014\u2014Si vous commandez une petite quantit\u00e9 de produits, nous vous recommandons la livraison par express international tel que DHL, FedEx, UPS, EMS, etc. Si la quantit\u00e9 command\u00e9e est importante, nous prenons en charge plusieurs m\u00e9thodes d&#039;exp\u00e9dition, telles que l&#039;express, l&#039;air, la mer, le chemin de fer, etc. Nous pouvons \u00e9galement vous aider \u00e0 stocker les marchandises d&#039;autres fournisseurs dans notre entrep\u00f4t et \u00e0 les exp\u00e9dier ensemble.<\/li>\n\n\n\n<li><strong>Comment est l&#039;emballage ?<\/strong><br>\u2014\u2014Cartons d&#039;exportation standard, caisses en bois et autres emballages maritimes. Avant de payer le solde, pour nous assurer que tous les produits correspondent \u00e0 vos besoins, nous vous montrerons des photos, des dessins, des vid\u00e9os, etc. avant l&#039;exp\u00e9dition.<\/li>\n\n\n\n<li><strong>Comment est le service apr\u00e8s-vente ?<\/strong><br>\u2014\u2014Apr\u00e8s que le client ait pos\u00e9 une question, nous r\u00e9pondrons dans les 24 heures.<\/li>\n<\/ol>\n<\/div><\/div>\n<\/div><\/div>","protected":false},"excerpt":{"rendered":"","protected":false},"author":1,"featured_media":0,"parent":0,"menu_order":0,"comment_status":"closed","ping_status":"closed","template":"","meta":{"ocean_post_layout":"full-screen","ocean_both_sidebars_style":"","ocean_both_sidebars_content_width":0,"ocean_both_sidebars_sidebars_width":0,"ocean_sidebar":"0","ocean_second_sidebar":"0","ocean_disable_margins":"on","ocean_add_body_class":"","ocean_shortcode_before_top_bar":"","ocean_shortcode_after_top_bar":"","ocean_shortcode_before_header":"","ocean_shortcode_after_header":"","ocean_has_shortcode":"","ocean_shortcode_after_title":"","ocean_shortcode_before_footer_widgets":"","ocean_shortcode_after_footer_widgets":"","ocean_shortcode_before_footer_bottom":"","ocean_shortcode_after_footer_bottom":"","ocean_display_top_bar":"default","ocean_display_header":"default","ocean_header_style":"","ocean_center_header_left_menu":"0","ocean_custom_header_template":"0","ocean_custom_logo":0,"ocean_custom_retina_logo":0,"ocean_custom_logo_max_width":0,"ocean_custom_logo_tablet_max_width":0,"ocean_custom_logo_mobile_max_width":0,"ocean_custom_logo_max_height":0,"ocean_custom_logo_tablet_max_height":0,"ocean_custom_logo_mobile_max_height":0,"ocean_header_custom_menu":"0","ocean_menu_typo_font_family":"0","ocean_menu_typo_font_subset":"","ocean_menu_typo_font_size":0,"ocean_menu_typo_font_size_tablet":0,"ocean_menu_typo_font_size_mobile":0,"ocean_menu_typo_font_size_unit":"px","ocean_menu_typo_font_weight":"","ocean_menu_typo_font_weight_tablet":"","ocean_menu_typo_font_weight_mobile":"","ocean_menu_typo_transform":"","ocean_menu_typo_transform_tablet":"","ocean_menu_typo_transform_mobile":"","ocean_menu_typo_line_height":0,"ocean_menu_typo_line_height_tablet":0,"ocean_menu_typo_line_height_mobile":0,"ocean_menu_typo_line_height_unit":"","ocean_menu_typo_spacing":0,"ocean_menu_typo_spacing_tablet":0,"ocean_menu_typo_spacing_mobile":0,"ocean_menu_typo_spacing_unit":"","ocean_menu_link_color":"","ocean_menu_link_color_hover":"","ocean_menu_link_color_active":"","ocean_menu_link_background":"","ocean_menu_link_hover_background":"","ocean_menu_link_active_background":"","ocean_menu_social_links_bg":"","ocean_menu_social_hover_links_bg":"","ocean_menu_social_links_color":"","ocean_menu_social_hover_links_color":"","ocean_disable_title":"default","ocean_disable_heading":"default","ocean_post_title":"","ocean_post_subheading":"","ocean_post_title_style":"","ocean_post_title_background_color":"","ocean_post_title_background":0,"ocean_post_title_bg_image_position":"","ocean_post_title_bg_image_attachment":"","ocean_post_title_bg_image_repeat":"","ocean_post_title_bg_image_size":"","ocean_post_title_height":0,"ocean_post_title_bg_overlay":0.5,"ocean_post_title_bg_overlay_color":"","ocean_disable_breadcrumbs":"default","ocean_breadcrumbs_color":"","ocean_breadcrumbs_separator_color":"","ocean_breadcrumbs_links_color":"","ocean_breadcrumbs_links_hover_color":"","ocean_display_footer_widgets":"default","ocean_display_footer_bottom":"default","ocean_custom_footer_template":"0","osh_disable_topbar_sticky":"default","osh_disable_header_sticky":"default","osh_sticky_header_style":"default","osh_sticky_header_effect":"","osh_custom_sticky_logo":0,"osh_custom_retina_sticky_logo":0,"osh_custom_sticky_logo_height":0,"osh_background_color":"","osh_links_color":"","osh_links_hover_color":"","osh_links_active_color":"","osh_links_bg_color":"","osh_links_hover_bg_color":"","osh_links_active_bg_color":"","osh_menu_social_links_color":"","osh_menu_social_hover_links_color":"","footnotes":""},"class_list":["post-1817","page","type-page","status-publish","hentry","entry","owp-thumbs-layout-horizontal","owp-btn-very-big","owp-tabs-layout-horizontal","has-no-thumbnails"],"_links":{"self":[{"href":"https:\/\/www.jinpinlub.com\/fr\/wp-json\/wp\/v2\/pages\/1817","targetHints":{"allow":["GET"]}}],"collection":[{"href":"https:\/\/www.jinpinlub.com\/fr\/wp-json\/wp\/v2\/pages"}],"about":[{"href":"https:\/\/www.jinpinlub.com\/fr\/wp-json\/wp\/v2\/types\/page"}],"author":[{"embeddable":true,"href":"https:\/\/www.jinpinlub.com\/fr\/wp-json\/wp\/v2\/users\/1"}],"replies":[{"embeddable":true,"href":"https:\/\/www.jinpinlub.com\/fr\/wp-json\/wp\/v2\/comments?post=1817"}],"version-history":[{"count":0,"href":"https:\/\/www.jinpinlub.com\/fr\/wp-json\/wp\/v2\/pages\/1817\/revisions"}],"wp:attachment":[{"href":"https:\/\/www.jinpinlub.com\/fr\/wp-json\/wp\/v2\/media?parent=1817"}],"curies":[{"name":"wp","href":"https:\/\/api.w.org\/{rel}","templated":true}]}}