{"id":2393,"date":"2024-07-16T03:34:27","date_gmt":"2024-07-16T03:34:27","guid":{"rendered":"https:\/\/www.jinpinlub.com\/?post_type=product&#038;p=2393"},"modified":"2024-08-02T09:06:09","modified_gmt":"2024-08-02T09:06:09","slug":"pompe-a-graisse-j203-systeme-de-pompe-de-lubrification-centralisee-electrique","status":"publish","type":"product","link":"https:\/\/www.jinpinlub.com\/fr\/product\/j203-grease-pump-electric-centralized-lubrication-pump-system\/","title":{"rendered":"Pompe \u00e0 graisse J203 Syst\u00e8me de pompe de lubrification centralis\u00e9e \u00e9lectrique"},"content":{"rendered":"<h2>Caract\u00e9ristiques<\/h2>\n<p>1. Construction compacte : la pompe de lubrification J203 est con\u00e7ue de mani\u00e8re tr\u00e8s compacte, ce qui la rend vraiment compatible avec un montage dans un espace r\u00e9duit. Au total, elle se compose d&#039;un bo\u00eetier avec un moteur int\u00e9gr\u00e9, d&#039;un r\u00e9cipient avec une pale de m\u00e9lange, d&#039;un \u00e9l\u00e9ment de pompe, d&#039;un graisseur et de pi\u00e8ces de raccordement \u00e9lectrique.<br \/>\n2. Cette pompe est tr\u00e8s efficace : selon la longueur de la ligne, elle dessert jusqu&#039;\u00e0 150 points de lubrification. Elle peut entra\u00eener jusqu&#039;\u00e0 trois groupes motopompes et peut \u00eatre \u00e9quip\u00e9e d&#039;un contr\u00f4leur de niveau d&#039;huile bas (avec ou sans carte de commande) pour assurer un fonctionnement continu du syst\u00e8me de lubrification.<br \/>\n3. R\u00e9glages des param\u00e8tres multi-op\u00e9rationnels : en fonction des exigences de l&#039;application, l&#039;utilisateur peut ajuster plusieurs param\u00e8tres de fonctionnement impliqu\u00e9s dans la carte de circuit imprim\u00e9 de commande de la pompe de lubrification J203.<br \/>\n4. Large champ d&#039;application : alimentation en courant continu ou alternatif et fonctionnalit\u00e9s diff\u00e9rents types de r\u00e9servoirs d&#039;huile, avec des \u00e9l\u00e9ments de pompe pour r\u00e9pondre \u00e0 diff\u00e9rentes exigences de sortie.<br \/>\n5. Durabilit\u00e9 : Gr\u00e2ce \u00e0 des mat\u00e9riaux hautement efficaces, le J203 fonctionne dans des conditions de temp\u00e9rature extr\u00eames. Ainsi, le P203 a une plage de temp\u00e9rature de fonctionnement de \u201340 \u00e0 +70 \u00baC (DC) et de \u201325 \u00e0 +70 \u00baC (AC).<\/p>\n<h2>Sp\u00e9cification<\/h2>\n<table>\n<tbody>\n<tr>\n<td>Temp\u00e9rature de fonctionnement<\/td>\n<td>(-40\u00b0C \u00e0 +70\u00b0C)<\/td>\n<\/tr>\n<tr>\n<td>Nombre de points de vente<\/td>\n<td>1, 2 ou 3<\/td>\n<\/tr>\n<tr>\n<td>Capacit\u00e9 du r\u00e9servoir<\/td>\n<td>2L, 4L, 8L<\/td>\n<\/tr>\n<tr>\n<td>Remplissage<\/td>\n<td>Raccord de lubrification hydraulique ou par le haut<\/td>\n<\/tr>\n<tr>\n<td>Lubrifiant<\/td>\n<td>Graisses de grade NLGI 2 minimum, huiles jusqu&#039;\u00e0 40 mm\u00b2\/s (cSt) \u00e0 40\u00b0 C<\/td>\n<\/tr>\n<tr>\n<td>Classe de protection<\/td>\n<td>IP6K 9K<\/td>\n<\/tr>\n<tr>\n<td>Diam\u00e8tre du piston, K5<\/td>\n<td>5 mm, environ 2 cm\u00b3\/min<\/td>\n<\/tr>\n<tr>\n<td>Diam\u00e8tre du piston (standard) K6<\/td>\n<td>6 mm, environ 2,8 cm\u00b3\/min<\/td>\n<\/tr>\n<tr>\n<td>Diam\u00e8tre du piston, K7<\/td>\n<td>7 mm, environ 4 cm\u00b3\/min<\/td>\n<\/tr>\n<tr>\n<td>Pression de service max.<\/td>\n<td>350 bars<\/td>\n<\/tr>\n<tr>\n<td>Fil de connexion<\/td>\n<td>Sol 1\/4<\/td>\n<\/tr>\n<tr>\n<td>Tension de fonctionnement<\/td>\n<td>12 V CC, 24 V CC, 110-240 V CA<\/td>\n<\/tr>\n<\/tbody>\n<\/table>\n<h2>Applications<\/h2>\n<p>1. \u00c9quipement mobile : les pompes J203 sont principalement install\u00e9es sur une large gamme d&#039;\u00e9quipements mobiles, des chargeuses sur pneus et des excavatrices jusqu&#039;aux \u00e9quipements de petite et moyenne taille. Ce type d&#039;\u00e9quipement est souvent soumis \u00e0 des conditions de travail extr\u00eamement mauvaises ; par cons\u00e9quent, un syst\u00e8me de lubrification fiable est extr\u00eamement n\u00e9cessaire pour un fonctionnement normal.<br \/>\n2. Industrie g\u00e9n\u00e9rale : la pompe J203 dans les applications industrielles g\u00e9n\u00e9rales lubrifie tous les \u00e9quipements m\u00e9caniques, principalement les moissonneuses-batteuses, les presses \u00e0 balles et les ensileuses.<br \/>\n3. Applications sp\u00e9ciales : Cette pompe est adapt\u00e9e \u00e0 certaines applications sp\u00e9ciales, comme dans l&#039;industrie agroalimentaire. Par cons\u00e9quent, les composants de la pompe sont en acier nickel\u00e9, tandis que les lubrifiants utilis\u00e9s dans ces pompes sont conformes aux crit\u00e8res de lubrification de qualit\u00e9 alimentaire.<\/p>\n<h2>Manuels<\/h2>\n<div class=\"sdm_download_button_box_default\"><div class=\"sdm_download_link\"><a href=\"https:\/\/www.jinpinlub.com\/fr\/?sdm_process_download=1&download_id=2429\" class=\"sdm_download white\" title=\"Priv\u00e9\u00a0: J203 Grease Pump\" target=\"&quot;_blank&quot;\">Voir la fiche technique - Pompe \u00e0 graisse J203<\/a><\/div><\/div>","protected":false},"excerpt":{"rendered":"<p>La pompe de lubrification J203 est un syst\u00e8me de lubrification polyvalent, compact et relativement peu co\u00fbteux qui trouve des applications dans une grande vari\u00e9t\u00e9 d&#039;\u00e9quipements industriels et mobiles. Elle est con\u00e7ue pour fournir des solutions de lubrification efficaces et fiables afin de garantir le fonctionnement normal et la dur\u00e9e de vie prolong\u00e9e des \u00e9quipements.<\/p>","protected":false},"featured_media":2394,"template":"","meta":{"ocean_post_layout":"","ocean_both_sidebars_style":"","ocean_both_sidebars_content_width":0,"ocean_both_sidebars_sidebars_width":0,"ocean_sidebar":"0","ocean_second_sidebar":"0","ocean_disable_margins":"enable","ocean_add_body_class":"","ocean_shortcode_before_top_bar":"","ocean_shortcode_after_top_bar":"","ocean_shortcode_before_header":"","ocean_shortcode_after_header":"","ocean_has_shortcode":"","ocean_shortcode_after_title":"","ocean_shortcode_before_footer_widgets":"","ocean_shortcode_after_footer_widgets":"","ocean_shortcode_before_footer_bottom":"","ocean_shortcode_after_footer_bottom":"","ocean_display_top_bar":"default","ocean_display_header":"default","ocean_header_style":"","ocean_center_header_left_menu":"0","ocean_custom_header_template":"0","ocean_custom_logo":0,"ocean_custom_retina_logo":0,"ocean_custom_logo_max_width":0,"ocean_custom_logo_tablet_max_width":0,"ocean_custom_logo_mobile_max_width":0,"ocean_custom_logo_max_height":0,"ocean_custom_logo_tablet_max_height":0,"ocean_custom_logo_mobile_max_height":0,"ocean_header_custom_menu":"0","ocean_menu_typo_font_family":"0","ocean_menu_typo_font_subset":"","ocean_menu_typo_font_size":0,"ocean_menu_typo_font_size_tablet":0,"ocean_menu_typo_font_size_mobile":0,"ocean_menu_typo_font_size_unit":"px","ocean_menu_typo_font_weight":"","ocean_menu_typo_font_weight_tablet":"","ocean_menu_typo_font_weight_mobile":"","ocean_menu_typo_transform":"","ocean_menu_typo_transform_tablet":"","ocean_menu_typo_transform_mobile":"","ocean_menu_typo_line_height":0,"ocean_menu_typo_line_height_tablet":0,"ocean_menu_typo_line_height_mobile":0,"ocean_menu_typo_line_height_unit":"","ocean_menu_typo_spacing":0,"ocean_menu_typo_spacing_tablet":0,"ocean_menu_typo_spacing_mobile":0,"ocean_menu_typo_spacing_unit":"","ocean_menu_link_color":"","ocean_menu_link_color_hover":"","ocean_menu_link_color_active":"","ocean_menu_link_background":"","ocean_menu_link_hover_background":"","ocean_menu_link_active_background":"","ocean_menu_social_links_bg":"","ocean_menu_social_hover_links_bg":"","ocean_menu_social_links_color":"","ocean_menu_social_hover_links_color":"","ocean_disable_title":"default","ocean_disable_heading":"default","ocean_post_title":"","ocean_post_subheading":"","ocean_post_title_style":"","ocean_post_title_background_color":"","ocean_post_title_background":0,"ocean_post_title_bg_image_position":"","ocean_post_title_bg_image_attachment":"","ocean_post_title_bg_image_repeat":"","ocean_post_title_bg_image_size":"","ocean_post_title_height":0,"ocean_post_title_bg_overlay":0.5,"ocean_post_title_bg_overlay_color":"","ocean_disable_breadcrumbs":"default","ocean_breadcrumbs_color":"","ocean_breadcrumbs_separator_color":"","ocean_breadcrumbs_links_color":"","ocean_breadcrumbs_links_hover_color":"","ocean_display_footer_widgets":"default","ocean_display_footer_bottom":"default","ocean_custom_footer_template":"0","osh_disable_topbar_sticky":"default","osh_disable_header_sticky":"default","osh_sticky_header_style":"default","osh_sticky_header_effect":"","osh_custom_sticky_logo":0,"osh_custom_retina_sticky_logo":0,"osh_custom_sticky_logo_height":0,"osh_background_color":"","osh_links_color":"","osh_links_hover_color":"","osh_links_active_color":"","osh_links_bg_color":"","osh_links_hover_bg_color":"","osh_links_active_bg_color":"","osh_menu_social_links_color":"","osh_menu_social_hover_links_color":""},"product_brand":[],"product_cat":[42,41],"product_tag":[73,71,72],"class_list":{"0":"post-2393","1":"product","2":"type-product","3":"status-publish","4":"has-post-thumbnail","6":"product_cat-electric-progressive-pumps","7":"product_cat-progressive-grease-systems","8":"product_tag-electric-lubrication-pump","9":"product_tag-lubrication-pump","10":"product_tag-lubrication-system","12":"entry","13":"has-media","15":"first","16":"instock","17":"featured","18":"shipping-taxable","19":"product-type-external","20":"col","21":"span_1_of_3","22":"owp-content-center","23":"owp-thumbs-layout-horizontal","24":"owp-btn-very-big","25":"owp-tabs-layout-horizontal"},"_links":{"self":[{"href":"https:\/\/www.jinpinlub.com\/fr\/wp-json\/wp\/v2\/product\/2393","targetHints":{"allow":["GET"]}}],"collection":[{"href":"https:\/\/www.jinpinlub.com\/fr\/wp-json\/wp\/v2\/product"}],"about":[{"href":"https:\/\/www.jinpinlub.com\/fr\/wp-json\/wp\/v2\/types\/product"}],"wp:featuredmedia":[{"embeddable":true,"href":"https:\/\/www.jinpinlub.com\/fr\/wp-json\/wp\/v2\/media\/2394"}],"wp:attachment":[{"href":"https:\/\/www.jinpinlub.com\/fr\/wp-json\/wp\/v2\/media?parent=2393"}],"wp:term":[{"taxonomy":"product_brand","embeddable":true,"href":"https:\/\/www.jinpinlub.com\/fr\/wp-json\/wp\/v2\/product_brand?post=2393"},{"taxonomy":"product_cat","embeddable":true,"href":"https:\/\/www.jinpinlub.com\/fr\/wp-json\/wp\/v2\/product_cat?post=2393"},{"taxonomy":"product_tag","embeddable":true,"href":"https:\/\/www.jinpinlub.com\/fr\/wp-json\/wp\/v2\/product_tag?post=2393"}],"curies":[{"name":"wp","href":"https:\/\/api.w.org\/{rel}","templated":true}]}}