{"id":2437,"date":"2024-07-16T09:24:04","date_gmt":"2024-07-16T09:24:04","guid":{"rendered":"https:\/\/www.jinpinlub.com\/?post_type=product&#038;p=2437"},"modified":"2025-01-11T11:50:24","modified_gmt":"2025-01-11T03:50:24","slug":"pompe-de-lubrification-a-graisse-j203-pour-systeme-de-lubrification-progressif","status":"publish","type":"product","link":"https:\/\/www.jinpinlub.com\/fr\/produit\/pompe-de-lubrification-a-graisse-j203-pour-systeme-de-lubrification-progressif\/","title":{"rendered":"Pompe de lubrification \u00e0 graisse J203 pour syst\u00e8me de lubrification progressif"},"content":{"rendered":"<h2>Caract\u00e9ristiques<\/h2>\n<p>1. Haute efficacit\u00e9 : J203 utilise une technologie de pompe \u00e0 piston avanc\u00e9e pour assurer une distribution stable avec une pression \u00e9lev\u00e9e et une vitesse \u00e9lev\u00e9e, am\u00e9liorant ainsi consid\u00e9rablement l&#039;efficacit\u00e9 de la lubrification.<br \/>\n2. Fiabilit\u00e9 : le corps de la pompe de lubrification est fabriqu\u00e9 \u00e0 partir de mat\u00e9riaux \u00e0 haute r\u00e9sistance, avec un contr\u00f4le de qualit\u00e9 et des tests longitudinaux stricts pour garantir son fonctionnement stable \u00e0 long terme dans diverses conditions de travail.<br \/>\n3. R\u00e9glable : La pression de sortie et le d\u00e9bit de la pompe \u00e0 graisse sont r\u00e9glables en fonction des besoins r\u00e9els afin de r\u00e9pondre aux exigences de lubrification des diff\u00e9rents \u00e9quipements.<br \/>\n4. S\u00e9curit\u00e9 : plusieurs ensembles de dispositifs de protection de s\u00e9curit\u00e9, comme la protection contre les surcharges et l&#039;alarme de pression, assurent l&#039;arr\u00eat rapide de l&#039;\u00e9quipement en cas de conditions anormales pour \u00e9viter les dommages et les accidents.<\/p>\n<h2>Sp\u00e9cification<\/h2>\n<table>\n<tbody>\n<tr>\n<td>Temp\u00e9rature de fonctionnement<\/td>\n<td>(-40\u00b0C \u00e0 +70\u00b0C)<\/td>\n<\/tr>\n<tr>\n<td>Nombre de points de vente<\/td>\n<td>1, 2 ou 3<\/td>\n<\/tr>\n<tr>\n<td>Capacit\u00e9 du r\u00e9servoir<\/td>\n<td>2L, 4L, 8L<\/td>\n<\/tr>\n<tr>\n<td>Remplissage<\/td>\n<td>Raccord de lubrification hydraulique ou par le haut<\/td>\n<\/tr>\n<tr>\n<td>Lubrifiant<\/td>\n<td>Graisses de grade NLGI 2 minimum, huiles jusqu&#039;\u00e0 40 mm\u00b2\/s (cSt) \u00e0 40\u00b0 C<\/td>\n<\/tr>\n<tr>\n<td>Classe de protection<\/td>\n<td>IP6K 9K<\/td>\n<\/tr>\n<tr>\n<td>Diam\u00e8tre du piston, K5<\/td>\n<td>5 mm, environ 2 cm\u00b3\/min<\/td>\n<\/tr>\n<tr>\n<td>Diam\u00e8tre du piston (standard) K6<\/td>\n<td>6 mm, environ 2,8 cm\u00b3\/min<\/td>\n<\/tr>\n<tr>\n<td>Diam\u00e8tre du piston, K7<\/td>\n<td>7 mm, environ 4 cm\u00b3\/min<\/td>\n<\/tr>\n<tr>\n<td>Pression de service max.<\/td>\n<td>350 bars<\/td>\n<\/tr>\n<tr>\n<td>Fil de connexion<\/td>\n<td>Sol 1\/4<\/td>\n<\/tr>\n<tr>\n<td>Tension de fonctionnement<\/td>\n<td>12 V CC, 24 V CC, 110-240 V CA<\/td>\n<\/tr>\n<\/tbody>\n<\/table>\n<h2>Applications<\/h2>\n<p>1. Fabrication de machines : cela fournit un syst\u00e8me de lubrification continu et stable pour certains composants importants, tels que les roulements et les engrenages utilis\u00e9s dans les machines-outils, les engins de construction et les machines mini\u00e8res.<br \/>\n2. Transport : Travailler dans les principales pi\u00e8ces de travail des syst\u00e8mes de moteurs et de transmission des moyens de transport sur terre, sur mer et dans les airs.<br \/>\n3. P\u00e9trochimie : Dans la production d&#039;\u00e9quipements d&#039;une industrie p\u00e9trochimique, cela garantit un bon fonctionnement et r\u00e9duit l&#039;usure et les d\u00e9faillances des \u00e9quipements cl\u00e9s.<br \/>\n4. M\u00e9tallurgie du fer et de l&#039;acier : Prend en charge les syst\u00e8mes de lubrification des lignes de production des laminoirs, des \u00e9quipements sid\u00e9rurgiques et autres.<\/p>\n<h2>Manuels<\/h2>\n<div class=\"sdm_download_button_box_default\"><div class=\"sdm_download_link\"><a href=\"https:\/\/www.jinpinlub.com\/fr\/?sdm_process_download=1&download_id=2429\" class=\"sdm_download white\" title=\"Priv\u00e9\u00a0: J203 Grease Pump\" target=\"&quot;_blank&quot;\">Voir la fiche technique - Pompe \u00e0 graisse J203<\/a><\/div><\/div>","protected":false},"excerpt":{"rendered":"<p>La pompe de lubrification J203 est une pompe de lubrification professionnelle con\u00e7ue pour les applications industrielles. Elle adopte une conception \u00e0 \u00e9conomie d&#039;\u00e9nergie et peut fournir un d\u00e9bit de lubrifiant stable et continu pour lubrifier les pi\u00e8ces cl\u00e9s de l&#039;\u00e9quipement, prolongeant ainsi efficacement la dur\u00e9e de vie de l&#039;\u00e9quipement.<\/p>","protected":false},"featured_media":2438,"template":"","meta":{"ocean_post_layout":"","ocean_both_sidebars_style":"","ocean_both_sidebars_content_width":0,"ocean_both_sidebars_sidebars_width":0,"ocean_sidebar":"0","ocean_second_sidebar":"0","ocean_disable_margins":"enable","ocean_add_body_class":"","ocean_shortcode_before_top_bar":"","ocean_shortcode_after_top_bar":"","ocean_shortcode_before_header":"","ocean_shortcode_after_header":"","ocean_has_shortcode":"","ocean_shortcode_after_title":"","ocean_shortcode_before_footer_widgets":"","ocean_shortcode_after_footer_widgets":"","ocean_shortcode_before_footer_bottom":"","ocean_shortcode_after_footer_bottom":"","ocean_display_top_bar":"default","ocean_display_header":"default","ocean_header_style":"","ocean_center_header_left_menu":"0","ocean_custom_header_template":"0","ocean_custom_logo":0,"ocean_custom_retina_logo":0,"ocean_custom_logo_max_width":0,"ocean_custom_logo_tablet_max_width":0,"ocean_custom_logo_mobile_max_width":0,"ocean_custom_logo_max_height":0,"ocean_custom_logo_tablet_max_height":0,"ocean_custom_logo_mobile_max_height":0,"ocean_header_custom_menu":"0","ocean_menu_typo_font_family":"0","ocean_menu_typo_font_subset":"","ocean_menu_typo_font_size":0,"ocean_menu_typo_font_size_tablet":0,"ocean_menu_typo_font_size_mobile":0,"ocean_menu_typo_font_size_unit":"px","ocean_menu_typo_font_weight":"","ocean_menu_typo_font_weight_tablet":"","ocean_menu_typo_font_weight_mobile":"","ocean_menu_typo_transform":"","ocean_menu_typo_transform_tablet":"","ocean_menu_typo_transform_mobile":"","ocean_menu_typo_line_height":0,"ocean_menu_typo_line_height_tablet":0,"ocean_menu_typo_line_height_mobile":0,"ocean_menu_typo_line_height_unit":"","ocean_menu_typo_spacing":0,"ocean_menu_typo_spacing_tablet":0,"ocean_menu_typo_spacing_mobile":0,"ocean_menu_typo_spacing_unit":"","ocean_menu_link_color":"","ocean_menu_link_color_hover":"","ocean_menu_link_color_active":"","ocean_menu_link_background":"","ocean_menu_link_hover_background":"","ocean_menu_link_active_background":"","ocean_menu_social_links_bg":"","ocean_menu_social_hover_links_bg":"","ocean_menu_social_links_color":"","ocean_menu_social_hover_links_color":"","ocean_disable_title":"default","ocean_disable_heading":"default","ocean_post_title":"","ocean_post_subheading":"","ocean_post_title_style":"","ocean_post_title_background_color":"","ocean_post_title_background":0,"ocean_post_title_bg_image_position":"","ocean_post_title_bg_image_attachment":"","ocean_post_title_bg_image_repeat":"","ocean_post_title_bg_image_size":"","ocean_post_title_height":0,"ocean_post_title_bg_overlay":0.5,"ocean_post_title_bg_overlay_color":"","ocean_disable_breadcrumbs":"default","ocean_breadcrumbs_color":"","ocean_breadcrumbs_separator_color":"","ocean_breadcrumbs_links_color":"","ocean_breadcrumbs_links_hover_color":"","ocean_display_footer_widgets":"default","ocean_display_footer_bottom":"default","ocean_custom_footer_template":"0","osh_disable_topbar_sticky":"default","osh_disable_header_sticky":"default","osh_sticky_header_style":"default","osh_sticky_header_effect":"","osh_custom_sticky_logo":0,"osh_custom_retina_sticky_logo":0,"osh_custom_sticky_logo_height":0,"osh_background_color":"","osh_links_color":"","osh_links_hover_color":"","osh_links_active_color":"","osh_links_bg_color":"","osh_links_hover_bg_color":"","osh_links_active_bg_color":"","osh_menu_social_links_color":"","osh_menu_social_hover_links_color":""},"product_brand":[],"product_cat":[41,42],"product_tag":[74,73,75],"class_list":{"0":"post-2437","1":"product","2":"type-product","3":"status-publish","4":"has-post-thumbnail","6":"product_cat-progressive-grease-systems","7":"product_cat-electric-progressive-pumps","8":"product_tag-automatic-lubrication-pump","9":"product_tag-electric-lubrication-pump","10":"product_tag-electric-lubrication-station","12":"entry","13":"has-media","15":"first","16":"instock","17":"shipping-taxable","18":"product-type-external","19":"col","20":"span_1_of_3","21":"owp-content-center","22":"owp-thumbs-layout-horizontal","23":"owp-btn-very-big","24":"owp-tabs-layout-horizontal"},"_links":{"self":[{"href":"https:\/\/www.jinpinlub.com\/fr\/wp-json\/wp\/v2\/product\/2437","targetHints":{"allow":["GET"]}}],"collection":[{"href":"https:\/\/www.jinpinlub.com\/fr\/wp-json\/wp\/v2\/product"}],"about":[{"href":"https:\/\/www.jinpinlub.com\/fr\/wp-json\/wp\/v2\/types\/product"}],"wp:featuredmedia":[{"embeddable":true,"href":"https:\/\/www.jinpinlub.com\/fr\/wp-json\/wp\/v2\/media\/2438"}],"wp:attachment":[{"href":"https:\/\/www.jinpinlub.com\/fr\/wp-json\/wp\/v2\/media?parent=2437"}],"wp:term":[{"taxonomy":"product_brand","embeddable":true,"href":"https:\/\/www.jinpinlub.com\/fr\/wp-json\/wp\/v2\/product_brand?post=2437"},{"taxonomy":"product_cat","embeddable":true,"href":"https:\/\/www.jinpinlub.com\/fr\/wp-json\/wp\/v2\/product_cat?post=2437"},{"taxonomy":"product_tag","embeddable":true,"href":"https:\/\/www.jinpinlub.com\/fr\/wp-json\/wp\/v2\/product_tag?post=2437"}],"curies":[{"name":"wp","href":"https:\/\/api.w.org\/{rel}","templated":true}]}}