{"id":2485,"date":"2024-07-17T02:49:22","date_gmt":"2024-07-17T02:49:22","guid":{"rendered":"https:\/\/www.jinpinlub.com\/?post_type=product&#038;p=2485"},"modified":"2024-07-17T04:02:47","modified_gmt":"2024-07-17T04:02:47","slug":"injecteur-a-deplacement-positif-lt-pour-systeme-de-lubrification-a-lhuile","status":"publish","type":"product","link":"https:\/\/www.jinpinlub.com\/fr\/produit\/injecteur-a-deplacement-positif-lt-pour-systeme-de-lubrification-a-lhuile\/","title":{"rendered":"Injecteur \u00e0 d\u00e9placement positif LT pour syst\u00e8me de lubrification \u00e0 l&#039;huile"},"content":{"rendered":"<h2>Caract\u00e9ristiques<\/h2>\n<p>1. Il doit \u00eatre \u00e9quip\u00e9 d&#039;une pompe de lubrification \u00e0 d\u00e9charge de pression avec une quantit\u00e9 d&#039;huile pr\u00e9cise, qui peut \u00eatre s\u00e9lectionn\u00e9e en fonction des besoins.<br \/>\n2. Chaque prise est dot\u00e9e d&#039;une tige indicatrice pour la d\u00e9tection visuelle, et un interrupteur de proximit\u00e9 ou un micro-interrupteur peut \u00eatre s\u00e9lectionn\u00e9 pour la d\u00e9tection du signal.<br \/>\n3. L&#039;interrupteur de proximit\u00e9 standard est un contact normalement ferm\u00e9 et un contact normalement ouvert peut \u00e9galement \u00eatre s\u00e9lectionn\u00e9.<br \/>\n4. Le micro-interrupteur ne peut \u00eatre install\u00e9 qu&#039;\u00e0 la sortie de 0,5 ml, et les contacts NO et NC sont facultatifs.<br \/>\n5. Le distributeur LT standard est \u00e9quip\u00e9 d&#039;un connecteur \u00e0 virole et un connecteur \u00e0 prise rapide est en option.<\/p>\n<h2>Sp\u00e9cification<\/h2>\n<table>\n<tbody>\n<tr>\n<td>Principe de fonctionnement<\/td>\n<td>Injecteur \u00e0 d\u00e9placement positif<\/td>\n<\/tr>\n<tr>\n<td>Points de vente<\/td>\n<td>2, 3, 4, 5, 6, 7<\/td>\n<\/tr>\n<tr>\n<td>Dosage de la quantit\u00e9 d&#039;huile<\/td>\n<td>0,1, 0,2, 0,3, 0,4, 0,5, 0,06 ml\/cycle<\/td>\n<\/tr>\n<tr>\n<td>Lubrifiant<\/td>\n<td>32~90 cSt \u00e0 40\u00b0C<\/td>\n<\/tr>\n<tr>\n<td>Temp\u00e9rature de fonctionnement<\/td>\n<td>0 \u00e0 +80 \u00b0C<\/td>\n<\/tr>\n<tr>\n<td>Pression de service<\/td>\n<td>8 \u00e0 30 bars<\/td>\n<\/tr>\n<tr>\n<td>Mat\u00e9riel<\/td>\n<td>Zinc moul\u00e9 sous pression, laiton<\/td>\n<\/tr>\n<tr>\n<td>Prise de connexion<\/td>\n<td>Entr\u00e9e \u03a66(M10x1), Sortie \u03a64(M8x1)<\/td>\n<\/tr>\n<tr>\n<td>Raccords de sortie<\/td>\n<td>Type de manchon, type rapide<\/td>\n<\/tr>\n<tr>\n<td>Position de montage<\/td>\n<td>N&#039;importe lequel<\/td>\n<\/tr>\n<\/tbody>\n<\/table>\n<h2>Principe<\/h2>\n<p>Le LT est principalement bas\u00e9 sur l&#039;action du piston doseur et la coop\u00e9ration de la vanne \u00e0 deux voies en forme de parapluie. Lorsque l&#039;huile pomp\u00e9e par la pompe de lubrification est inject\u00e9e depuis le tuyau principal, la vanne \u00e0 deux voies en forme de parapluie est pouss\u00e9e, de sorte que l&#039;huile s&#039;\u00e9coule dans la chambre du piston et est press\u00e9e \u00e0 travers le passage. Sous l&#039;action de l&#039;huile sous pression, le piston doseur se d\u00e9place vers le bas, accumule l&#039;huile et comprime le ressort. Lorsque la pression d&#039;huile dans le tuyau principal est rel\u00e2ch\u00e9e (c&#039;est-\u00e0-dire la d\u00e9charge de pression), la vanne en forme de parapluie se d\u00e9place en raison de la diff\u00e9rence de pression et ouvre la sortie en m\u00eame temps, de sorte que l&#039;huile accumul\u00e9e dans la chambre de vie est envoy\u00e9e dans le tube d&#039;huile par la sortie.<\/p>\n<h2>Manuels<\/h2>\n<div class=\"sdm_download_button_box_default\"><div class=\"sdm_download_link\"><a href=\"https:\/\/www.jinpinlub.com\/fr\/?sdm_process_download=1&download_id=2475\" class=\"sdm_download white\" title=\"Priv\u00e9\u00a0: LT Pressure-relief Distributor\" target=\"&quot;_blank&quot;\">Voir la fiche technique - Distributeur LT<\/a><\/div><\/div>","protected":false},"excerpt":{"rendered":"<p>Les distributeurs d\u00e9pressuris\u00e9s LT sont largement utilis\u00e9s dans les \u00e9quipements industriels qui n\u00e9cessitent une lubrification pr\u00e9cise, tels que les \u00e9quipements de processus de laminage \u00e0 froid, les machines de moulage par injection, les machines de moulage sous pression, etc. Ils n\u00e9cessitent un approvisionnement stable en huile de lubrification pour assurer un fonctionnement \u00e0 long terme.<\/p>","protected":false},"featured_media":2490,"template":"","meta":{"ocean_post_layout":"","ocean_both_sidebars_style":"","ocean_both_sidebars_content_width":0,"ocean_both_sidebars_sidebars_width":0,"ocean_sidebar":"0","ocean_second_sidebar":"0","ocean_disable_margins":"enable","ocean_add_body_class":"","ocean_shortcode_before_top_bar":"","ocean_shortcode_after_top_bar":"","ocean_shortcode_before_header":"","ocean_shortcode_after_header":"","ocean_has_shortcode":"","ocean_shortcode_after_title":"","ocean_shortcode_before_footer_widgets":"","ocean_shortcode_after_footer_widgets":"","ocean_shortcode_before_footer_bottom":"","ocean_shortcode_after_footer_bottom":"","ocean_display_top_bar":"default","ocean_display_header":"default","ocean_header_style":"","ocean_center_header_left_menu":"0","ocean_custom_header_template":"0","ocean_custom_logo":0,"ocean_custom_retina_logo":0,"ocean_custom_logo_max_width":0,"ocean_custom_logo_tablet_max_width":0,"ocean_custom_logo_mobile_max_width":0,"ocean_custom_logo_max_height":0,"ocean_custom_logo_tablet_max_height":0,"ocean_custom_logo_mobile_max_height":0,"ocean_header_custom_menu":"0","ocean_menu_typo_font_family":"0","ocean_menu_typo_font_subset":"","ocean_menu_typo_font_size":0,"ocean_menu_typo_font_size_tablet":0,"ocean_menu_typo_font_size_mobile":0,"ocean_menu_typo_font_size_unit":"px","ocean_menu_typo_font_weight":"","ocean_menu_typo_font_weight_tablet":"","ocean_menu_typo_font_weight_mobile":"","ocean_menu_typo_transform":"","ocean_menu_typo_transform_tablet":"","ocean_menu_typo_transform_mobile":"","ocean_menu_typo_line_height":0,"ocean_menu_typo_line_height_tablet":0,"ocean_menu_typo_line_height_mobile":0,"ocean_menu_typo_line_height_unit":"","ocean_menu_typo_spacing":0,"ocean_menu_typo_spacing_tablet":0,"ocean_menu_typo_spacing_mobile":0,"ocean_menu_typo_spacing_unit":"","ocean_menu_link_color":"","ocean_menu_link_color_hover":"","ocean_menu_link_color_active":"","ocean_menu_link_background":"","ocean_menu_link_hover_background":"","ocean_menu_link_active_background":"","ocean_menu_social_links_bg":"","ocean_menu_social_hover_links_bg":"","ocean_menu_social_links_color":"","ocean_menu_social_hover_links_color":"","ocean_disable_title":"default","ocean_disable_heading":"default","ocean_post_title":"","ocean_post_subheading":"","ocean_post_title_style":"","ocean_post_title_background_color":"","ocean_post_title_background":0,"ocean_post_title_bg_image_position":"","ocean_post_title_bg_image_attachment":"","ocean_post_title_bg_image_repeat":"","ocean_post_title_bg_image_size":"","ocean_post_title_height":0,"ocean_post_title_bg_overlay":0.5,"ocean_post_title_bg_overlay_color":"","ocean_disable_breadcrumbs":"default","ocean_breadcrumbs_color":"","ocean_breadcrumbs_separator_color":"","ocean_breadcrumbs_links_color":"","ocean_breadcrumbs_links_hover_color":"","ocean_display_footer_widgets":"default","ocean_display_footer_bottom":"default","ocean_custom_footer_template":"0","osh_disable_topbar_sticky":"default","osh_disable_header_sticky":"default","osh_sticky_header_style":"default","osh_sticky_header_effect":"","osh_custom_sticky_logo":0,"osh_custom_retina_sticky_logo":0,"osh_custom_sticky_logo_height":0,"osh_background_color":"","osh_links_color":"","osh_links_hover_color":"","osh_links_active_color":"","osh_links_bg_color":"","osh_links_hover_bg_color":"","osh_links_active_bg_color":"","osh_menu_social_links_color":"","osh_menu_social_hover_links_color":""},"product_brand":[],"product_cat":[47,49],"product_tag":[82,83,84],"class_list":{"0":"post-2485","1":"product","2":"type-product","3":"status-publish","4":"has-post-thumbnail","6":"product_cat-volumetric-thin-oil-systems","7":"product_cat-volumetric-oil-injectors","8":"product_tag-positive-displacement-injector","9":"product_tag-pressure-relief-distributor","10":"product_tag-volumetric-distributor","12":"entry","13":"has-media","15":"first","16":"instock","17":"shipping-taxable","18":"product-type-external","19":"col","20":"span_1_of_3","21":"owp-content-center","22":"owp-thumbs-layout-horizontal","23":"owp-btn-very-big","24":"owp-tabs-layout-horizontal"},"_links":{"self":[{"href":"https:\/\/www.jinpinlub.com\/fr\/wp-json\/wp\/v2\/product\/2485","targetHints":{"allow":["GET"]}}],"collection":[{"href":"https:\/\/www.jinpinlub.com\/fr\/wp-json\/wp\/v2\/product"}],"about":[{"href":"https:\/\/www.jinpinlub.com\/fr\/wp-json\/wp\/v2\/types\/product"}],"wp:featuredmedia":[{"embeddable":true,"href":"https:\/\/www.jinpinlub.com\/fr\/wp-json\/wp\/v2\/media\/2490"}],"wp:attachment":[{"href":"https:\/\/www.jinpinlub.com\/fr\/wp-json\/wp\/v2\/media?parent=2485"}],"wp:term":[{"taxonomy":"product_brand","embeddable":true,"href":"https:\/\/www.jinpinlub.com\/fr\/wp-json\/wp\/v2\/product_brand?post=2485"},{"taxonomy":"product_cat","embeddable":true,"href":"https:\/\/www.jinpinlub.com\/fr\/wp-json\/wp\/v2\/product_cat?post=2485"},{"taxonomy":"product_tag","embeddable":true,"href":"https:\/\/www.jinpinlub.com\/fr\/wp-json\/wp\/v2\/product_tag?post=2485"}],"curies":[{"name":"wp","href":"https:\/\/api.w.org\/{rel}","templated":true}]}}