{"id":2494,"date":"2024-07-17T08:36:45","date_gmt":"2024-07-17T08:36:45","guid":{"rendered":"https:\/\/www.jinpinlub.com\/?post_type=product&#038;p=2494"},"modified":"2024-08-06T18:08:15","modified_gmt":"2024-08-06T18:08:15","slug":"distributeur-de-surpression-mgk-pour-systeme-de-graissage-a-une-seule-ligne","status":"publish","type":"product","link":"https:\/\/www.jinpinlub.com\/fr\/product\/mgk-pressure-relief-distributor-for-single-line-grease-system\/","title":{"rendered":"Distributeur de d\u00e9charge de pression MGK pour syst\u00e8me de graissage \u00e0 conduite unique"},"content":{"rendered":"<h2>Caract\u00e9ristiques<\/h2>\n<p>1. Vanne de dosage quantitative sous pression, type \u00e0 action de pression directe.<br \/>\nL&#039;huile sous pression d\u00e9livr\u00e9e par la pompe pousse le piston int\u00e9gr\u00e9 \u00e0 la soupape de dosage \u00e0 se d\u00e9placer, for\u00e7ant ainsi le lubrifiant quantitatif \u00e0 \u00eatre \u00e9vacu\u00e9.<br \/>\nLorsque la pompe cesse de fonctionner, le piston de la partie doseuse est r\u00e9initialis\u00e9 sous l&#039;action de la force du ressort, c&#039;est-\u00e0-dire que le lubrifiant quantitatif est stock\u00e9.<br \/>\n2. D\u00e9charge pr\u00e9cise, la partie de mesure n&#039;est d\u00e9charg\u00e9e qu&#039;une seule fois dans un cycle, et la distance entre eux dans le syst\u00e8me, qu&#039;elle soit \u00e9loign\u00e9e, proche, haute ou basse, installation horizontale ou verticale, n&#039;a aucun effet sur la d\u00e9charge.<br \/>\n3. D\u00e9charge forc\u00e9e, action sensible. Deux joints sont utilis\u00e9s pour emp\u00eacher le refoulement du liquide d\u00e9charg\u00e9.<br \/>\n4. Les vannes de dosage peuvent \u00eatre s\u00e9lectionn\u00e9es en fonction des besoins de chaque point de lubrification et peuvent \u00eatre utilis\u00e9es en combinaison avec la jonction MGJ, en s\u00e9rie ou en parall\u00e8le.<br \/>\n5. Type de manchon : le tube en nylon \u03a64 doit \u00eatre combin\u00e9 avec un joint PA-4 et une virole \u00e0 double c\u00f4ne PB-4. Type de branchement rapide : le tube en nylon \u03a64 peut \u00eatre ins\u00e9r\u00e9.<br \/>\n6. Applicable \u00e0 la graisse NLGI 000#, 00#.<\/p>\n<h2>Sp\u00e9cification<\/h2>\n<table>\n<tbody>\n<tr>\n<td>Principe de fonctionnement<\/td>\n<td>Soupape de dosage de d\u00e9charge de pression<\/td>\n<\/tr>\n<tr>\n<td>Nombre de points de vente<\/td>\n<td>1, 2, 3, 4, 5<\/td>\n<\/tr>\n<tr>\n<td>Quantit\u00e9 de mesure<\/td>\n<td>0,03, 0,05, 0,13, 0,20, 0,30, 0,50 ml\/cycle<\/td>\n<\/tr>\n<tr>\n<td>Lubrifiant<\/td>\n<td>Graisse NLGI 000#, 00#.<\/td>\n<\/tr>\n<tr>\n<td>Temp\u00e9rature de fonctionnement<\/td>\n<td>0 \u00e0 +80 \u00b0C<\/td>\n<\/tr>\n<tr>\n<td>Pression de service<\/td>\n<td>0,5 \u00e0 1,5 MPa<\/td>\n<\/tr>\n<tr>\n<td>Mat\u00e9riel<\/td>\n<td>Cuivre, alliage d&#039;aluminium<\/td>\n<\/tr>\n<tr>\n<td>Prise de connexion<\/td>\n<td>Entr\u00e9e Rc1\/8, Sortie \u03a64(Rc1\/8)<\/td>\n<\/tr>\n<tr>\n<td>Raccords de sortie<\/td>\n<td>Type de manchon, type rapide<\/td>\n<\/tr>\n<tr>\n<td>Position de montage<\/td>\n<td>N&#039;importe lequel<\/td>\n<\/tr>\n<\/tbody>\n<\/table>\n<h2>Application<\/h2>\n<p>Les distributeurs sp\u00e9ciaux de syst\u00e8me de lubrification \u00e0 graisse \u00e0 d\u00e9charge de pression simple ligne sont largement utilis\u00e9s dans les \u00e9quipements m\u00e9caniques qui n\u00e9cessitent une lubrification pr\u00e9cise, tels que les machines de construction, les machines mini\u00e8res, la fabrication automobile, etc. Ils sont particuli\u00e8rement adapt\u00e9s aux occasions o\u00f9 il existe de nombreux points de lubrification et il est n\u00e9cessaire de garantir que chaque point peut \u00eatre correctement lubrifi\u00e9.<\/p>\n<h2>Manuels<\/h2>\n<div class=\"sdm_download_button_box_default\"><div class=\"sdm_download_link\"><a href=\"https:\/\/www.jinpinlub.com\/fr\/?sdm_process_download=1&download_id=2470\" class=\"sdm_download white\" title=\"Priv\u00e9\u00a0: MGK Metering Valve\" target=\"&quot;_blank&quot;\">Voir la fiche technique - Vanne de dosage MGK<\/a><\/div><\/div>","protected":false},"excerpt":{"rendered":"<p>Le distributeur de graisse \u00e0 d\u00e9compression \u00e0 ligne unique MGK distribue le lubrifiant \u00e0 diff\u00e9rents points de lubrification via une seule conduite d&#039;alimentation. Chaque distributeur peut contr\u00f4ler avec pr\u00e9cision la quantit\u00e9 de lubrifiant pour assurer le fonctionnement et l&#039;entretien normaux de l&#039;\u00e9quipement.<\/p>","protected":false},"featured_media":2495,"template":"","meta":{"ocean_post_layout":"","ocean_both_sidebars_style":"","ocean_both_sidebars_content_width":0,"ocean_both_sidebars_sidebars_width":0,"ocean_sidebar":"0","ocean_second_sidebar":"0","ocean_disable_margins":"enable","ocean_add_body_class":"","ocean_shortcode_before_top_bar":"","ocean_shortcode_after_top_bar":"","ocean_shortcode_before_header":"","ocean_shortcode_after_header":"","ocean_has_shortcode":"","ocean_shortcode_after_title":"","ocean_shortcode_before_footer_widgets":"","ocean_shortcode_after_footer_widgets":"","ocean_shortcode_before_footer_bottom":"","ocean_shortcode_after_footer_bottom":"","ocean_display_top_bar":"default","ocean_display_header":"default","ocean_header_style":"","ocean_center_header_left_menu":"0","ocean_custom_header_template":"0","ocean_custom_logo":0,"ocean_custom_retina_logo":0,"ocean_custom_logo_max_width":0,"ocean_custom_logo_tablet_max_width":0,"ocean_custom_logo_mobile_max_width":0,"ocean_custom_logo_max_height":0,"ocean_custom_logo_tablet_max_height":0,"ocean_custom_logo_mobile_max_height":0,"ocean_header_custom_menu":"0","ocean_menu_typo_font_family":"0","ocean_menu_typo_font_subset":"","ocean_menu_typo_font_size":0,"ocean_menu_typo_font_size_tablet":0,"ocean_menu_typo_font_size_mobile":0,"ocean_menu_typo_font_size_unit":"px","ocean_menu_typo_font_weight":"","ocean_menu_typo_font_weight_tablet":"","ocean_menu_typo_font_weight_mobile":"","ocean_menu_typo_transform":"","ocean_menu_typo_transform_tablet":"","ocean_menu_typo_transform_mobile":"","ocean_menu_typo_line_height":0,"ocean_menu_typo_line_height_tablet":0,"ocean_menu_typo_line_height_mobile":0,"ocean_menu_typo_line_height_unit":"","ocean_menu_typo_spacing":0,"ocean_menu_typo_spacing_tablet":0,"ocean_menu_typo_spacing_mobile":0,"ocean_menu_typo_spacing_unit":"","ocean_menu_link_color":"","ocean_menu_link_color_hover":"","ocean_menu_link_color_active":"","ocean_menu_link_background":"","ocean_menu_link_hover_background":"","ocean_menu_link_active_background":"","ocean_menu_social_links_bg":"","ocean_menu_social_hover_links_bg":"","ocean_menu_social_links_color":"","ocean_menu_social_hover_links_color":"","ocean_disable_title":"default","ocean_disable_heading":"default","ocean_post_title":"","ocean_post_subheading":"","ocean_post_title_style":"","ocean_post_title_background_color":"","ocean_post_title_background":0,"ocean_post_title_bg_image_position":"","ocean_post_title_bg_image_attachment":"","ocean_post_title_bg_image_repeat":"","ocean_post_title_bg_image_size":"","ocean_post_title_height":0,"ocean_post_title_bg_overlay":0.5,"ocean_post_title_bg_overlay_color":"","ocean_disable_breadcrumbs":"default","ocean_breadcrumbs_color":"","ocean_breadcrumbs_separator_color":"","ocean_breadcrumbs_links_color":"","ocean_breadcrumbs_links_hover_color":"","ocean_display_footer_widgets":"default","ocean_display_footer_bottom":"default","ocean_custom_footer_template":"0","osh_disable_topbar_sticky":"default","osh_disable_header_sticky":"default","osh_sticky_header_style":"default","osh_sticky_header_effect":"","osh_custom_sticky_logo":0,"osh_custom_retina_sticky_logo":0,"osh_custom_sticky_logo_height":0,"osh_background_color":"","osh_links_color":"","osh_links_hover_color":"","osh_links_active_color":"","osh_links_bg_color":"","osh_links_hover_bg_color":"","osh_links_active_bg_color":"","osh_menu_social_links_color":"","osh_menu_social_hover_links_color":""},"product_brand":[],"product_cat":[40,37],"product_tag":[87,85,86],"class_list":{"0":"post-2494","1":"product","2":"type-product","3":"status-publish","4":"has-post-thumbnail","6":"product_cat-pressure-relief-metering-valves","7":"product_cat-single-line-grease-systems","8":"product_tag-grease-distributor","9":"product_tag-pressure-relief-metering-valve","10":"product_tag-single-line-distributor","12":"entry","13":"has-media","15":"first","16":"instock","17":"shipping-taxable","18":"product-type-external","19":"col","20":"span_1_of_3","21":"owp-content-center","22":"owp-thumbs-layout-horizontal","23":"owp-btn-very-big","24":"owp-tabs-layout-horizontal"},"_links":{"self":[{"href":"https:\/\/www.jinpinlub.com\/fr\/wp-json\/wp\/v2\/product\/2494","targetHints":{"allow":["GET"]}}],"collection":[{"href":"https:\/\/www.jinpinlub.com\/fr\/wp-json\/wp\/v2\/product"}],"about":[{"href":"https:\/\/www.jinpinlub.com\/fr\/wp-json\/wp\/v2\/types\/product"}],"wp:featuredmedia":[{"embeddable":true,"href":"https:\/\/www.jinpinlub.com\/fr\/wp-json\/wp\/v2\/media\/2495"}],"wp:attachment":[{"href":"https:\/\/www.jinpinlub.com\/fr\/wp-json\/wp\/v2\/media?parent=2494"}],"wp:term":[{"taxonomy":"product_brand","embeddable":true,"href":"https:\/\/www.jinpinlub.com\/fr\/wp-json\/wp\/v2\/product_brand?post=2494"},{"taxonomy":"product_cat","embeddable":true,"href":"https:\/\/www.jinpinlub.com\/fr\/wp-json\/wp\/v2\/product_cat?post=2494"},{"taxonomy":"product_tag","embeddable":true,"href":"https:\/\/www.jinpinlub.com\/fr\/wp-json\/wp\/v2\/product_tag?post=2494"}],"curies":[{"name":"wp","href":"https:\/\/api.w.org\/{rel}","templated":true}]}}