{"id":2499,"date":"2024-07-17T09:21:57","date_gmt":"2024-07-17T09:21:57","guid":{"rendered":"https:\/\/www.jinpinlub.com\/?post_type=product&#038;p=2499"},"modified":"2024-08-06T09:30:11","modified_gmt":"2024-08-06T09:30:11","slug":"goujon-de-tuyau-kd-kh-manchon-filete-pour-tuyau-haute-pression-kf300","status":"publish","type":"product","link":"https:\/\/www.jinpinlub.com\/fr\/product\/kd-kh-hose-stud-threaded-sleeve-for-high-pressure-hose-kf300\/","title":{"rendered":"Manchon filet\u00e9 pour goujon de tuyau KD KH pour tuyau haute pression KF300"},"content":{"rendered":"<h2>Caract\u00e9ristiques<\/h2>\n<p>Les manchons filet\u00e9s et les goujons de flexibles KD KH pour flexibles haute pression tels que le KF300 sont des composants essentiels dans diverses applications industrielles. Ces raccords assurent une connexion s\u00fbre et \u00e9tanche, capable de r\u00e9sister \u00e0 une pression \u00e9lev\u00e9e. Ils sont souvent utilis\u00e9s dans les syst\u00e8mes n\u00e9cessitant des connexions fiables et durables, tels que les syst\u00e8mes hydrauliques, les syst\u00e8mes de lubrification et d&#039;autres applications \u00e0 haute pression.<\/p>\n<h2>Sp\u00e9cification<\/h2>\n<table>\n<tbody>\n<tr>\n<td>Tuyau assorti<\/td>\n<td>Tuyau de r\u00e9sine de graisse haute pression<\/td>\n<\/tr>\n<tr>\n<td>Temp\u00e9rature de fonctionnement<\/td>\n<td>(-40\u2103 \u00e0 +80 \u00b0C)<\/td>\n<\/tr>\n<tr>\n<td>Pression de service<\/td>\n<td>84 MPa maximum<\/td>\n<\/tr>\n<tr>\n<td>Mat\u00e9riel<\/td>\n<td>Acier inoxydable ou acier galvanis\u00e9<\/td>\n<\/tr>\n<tr>\n<td>Connexion<\/td>\n<td>Tuyau \u03a64, \u03a66, \u03a68<\/td>\n<\/tr>\n<tr>\n<td>Type de forme<\/td>\n<td>Droit ou \u00e0 angle droit<\/td>\n<\/tr>\n<tr>\n<td>Position de montage<\/td>\n<td>N&#039;importe lequel<\/td>\n<\/tr>\n<\/tbody>\n<\/table>\n<h2>Pr\u00e9caution<\/h2>\n<p>Assurez-vous que le tuyau et les goujons de tuyau fonctionnent sous la pression de service sp\u00e9cifi\u00e9e. Pour ceux qui sont fr\u00e9quemment utilis\u00e9s et souvent pli\u00e9s et tordus, la pression de service doit \u00eatre r\u00e9duite en cons\u00e9quence.<br \/>\nFaites attention \u00e0 la temp\u00e9rature du fluide et \u00e0 la temp\u00e9rature ambiante, et \u00e9vitez les temp\u00e9ratures inf\u00e9rieures ou sup\u00e9rieures \u00e0 la temp\u00e9rature recommand\u00e9e du tuyau.<br \/>\nAssurez-vous que le lubrifiant du tuyau est compatible avec le mat\u00e9riau du tuyau pour \u00e9viter tout dommage chimique au tuyau.<\/p>\n<h2>Manuels<\/h2>\n<div class=\"sdm_download_button_box_default\"><div class=\"sdm_download_link\"><a href=\"https:\/\/www.jinpinlub.com\/fr\/?sdm_process_download=1&download_id=2460\" class=\"sdm_download white\" title=\"Priv\u00e9\u00a0: HGH High Pressure Hose\" target=\"&quot;_blank&quot;\">Voir la fiche technique - Tuyau HGH<\/a><\/div><\/div>","protected":false},"excerpt":{"rendered":"<p>Le noyau d&#039;expansion est un outil sp\u00e9cial pour le raccordement de tuyaux haute pression. Sa fonction principale est d&#039;assurer une connexion \u00e9tanche entre le tuyau et le connecteur gr\u00e2ce \u00e0 une expansion m\u00e9canique, emp\u00eachant ainsi les fuites et am\u00e9liorant la s\u00e9curit\u00e9 et la fiabilit\u00e9 du syst\u00e8me.<\/p>","protected":false},"featured_media":2500,"template":"","meta":{"ocean_post_layout":"","ocean_both_sidebars_style":"","ocean_both_sidebars_content_width":0,"ocean_both_sidebars_sidebars_width":0,"ocean_sidebar":"0","ocean_second_sidebar":"0","ocean_disable_margins":"enable","ocean_add_body_class":"","ocean_shortcode_before_top_bar":"","ocean_shortcode_after_top_bar":"","ocean_shortcode_before_header":"","ocean_shortcode_after_header":"","ocean_has_shortcode":"","ocean_shortcode_after_title":"","ocean_shortcode_before_footer_widgets":"","ocean_shortcode_after_footer_widgets":"","ocean_shortcode_before_footer_bottom":"","ocean_shortcode_after_footer_bottom":"","ocean_display_top_bar":"default","ocean_display_header":"default","ocean_header_style":"","ocean_center_header_left_menu":"0","ocean_custom_header_template":"0","ocean_custom_logo":0,"ocean_custom_retina_logo":0,"ocean_custom_logo_max_width":0,"ocean_custom_logo_tablet_max_width":0,"ocean_custom_logo_mobile_max_width":0,"ocean_custom_logo_max_height":0,"ocean_custom_logo_tablet_max_height":0,"ocean_custom_logo_mobile_max_height":0,"ocean_header_custom_menu":"0","ocean_menu_typo_font_family":"0","ocean_menu_typo_font_subset":"","ocean_menu_typo_font_size":0,"ocean_menu_typo_font_size_tablet":0,"ocean_menu_typo_font_size_mobile":0,"ocean_menu_typo_font_size_unit":"px","ocean_menu_typo_font_weight":"","ocean_menu_typo_font_weight_tablet":"","ocean_menu_typo_font_weight_mobile":"","ocean_menu_typo_transform":"","ocean_menu_typo_transform_tablet":"","ocean_menu_typo_transform_mobile":"","ocean_menu_typo_line_height":0,"ocean_menu_typo_line_height_tablet":0,"ocean_menu_typo_line_height_mobile":0,"ocean_menu_typo_line_height_unit":"","ocean_menu_typo_spacing":0,"ocean_menu_typo_spacing_tablet":0,"ocean_menu_typo_spacing_mobile":0,"ocean_menu_typo_spacing_unit":"","ocean_menu_link_color":"","ocean_menu_link_color_hover":"","ocean_menu_link_color_active":"","ocean_menu_link_background":"","ocean_menu_link_hover_background":"","ocean_menu_link_active_background":"","ocean_menu_social_links_bg":"","ocean_menu_social_hover_links_bg":"","ocean_menu_social_links_color":"","ocean_menu_social_hover_links_color":"","ocean_disable_title":"default","ocean_disable_heading":"default","ocean_post_title":"","ocean_post_subheading":"","ocean_post_title_style":"","ocean_post_title_background_color":"","ocean_post_title_background":0,"ocean_post_title_bg_image_position":"","ocean_post_title_bg_image_attachment":"","ocean_post_title_bg_image_repeat":"","ocean_post_title_bg_image_size":"","ocean_post_title_height":0,"ocean_post_title_bg_overlay":0.5,"ocean_post_title_bg_overlay_color":"","ocean_disable_breadcrumbs":"default","ocean_breadcrumbs_color":"","ocean_breadcrumbs_separator_color":"","ocean_breadcrumbs_links_color":"","ocean_breadcrumbs_links_hover_color":"","ocean_display_footer_widgets":"default","ocean_display_footer_bottom":"default","ocean_custom_footer_template":"0","osh_disable_topbar_sticky":"default","osh_disable_header_sticky":"default","osh_sticky_header_style":"default","osh_sticky_header_effect":"","osh_custom_sticky_logo":0,"osh_custom_retina_sticky_logo":0,"osh_custom_sticky_logo_height":0,"osh_background_color":"","osh_links_color":"","osh_links_hover_color":"","osh_links_active_color":"","osh_links_bg_color":"","osh_links_hover_bg_color":"","osh_links_active_bg_color":"","osh_menu_social_links_color":"","osh_menu_social_hover_links_color":""},"product_brand":[],"product_cat":[31],"product_tag":[90,88,89],"class_list":{"0":"post-2499","1":"product","2":"type-product","3":"status-publish","4":"has-post-thumbnail","6":"product_cat-lube-system-accessories","7":"product_tag-hose-expansion-core","8":"product_tag-hose-threaded-sleeve","9":"product_tag-kf300-hose-stud","11":"entry","12":"has-media","14":"first","15":"instock","16":"shipping-taxable","17":"product-type-external","18":"col","19":"span_1_of_3","20":"owp-content-center","21":"owp-thumbs-layout-horizontal","22":"owp-btn-very-big","23":"owp-tabs-layout-horizontal"},"_links":{"self":[{"href":"https:\/\/www.jinpinlub.com\/fr\/wp-json\/wp\/v2\/product\/2499","targetHints":{"allow":["GET"]}}],"collection":[{"href":"https:\/\/www.jinpinlub.com\/fr\/wp-json\/wp\/v2\/product"}],"about":[{"href":"https:\/\/www.jinpinlub.com\/fr\/wp-json\/wp\/v2\/types\/product"}],"wp:featuredmedia":[{"embeddable":true,"href":"https:\/\/www.jinpinlub.com\/fr\/wp-json\/wp\/v2\/media\/2500"}],"wp:attachment":[{"href":"https:\/\/www.jinpinlub.com\/fr\/wp-json\/wp\/v2\/media?parent=2499"}],"wp:term":[{"taxonomy":"product_brand","embeddable":true,"href":"https:\/\/www.jinpinlub.com\/fr\/wp-json\/wp\/v2\/product_brand?post=2499"},{"taxonomy":"product_cat","embeddable":true,"href":"https:\/\/www.jinpinlub.com\/fr\/wp-json\/wp\/v2\/product_cat?post=2499"},{"taxonomy":"product_tag","embeddable":true,"href":"https:\/\/www.jinpinlub.com\/fr\/wp-json\/wp\/v2\/product_tag?post=2499"}],"curies":[{"name":"wp","href":"https:\/\/api.w.org\/{rel}","templated":true}]}}