{"id":2504,"date":"2024-07-17T10:01:41","date_gmt":"2024-07-17T10:01:41","guid":{"rendered":"https:\/\/www.jinpinlub.com\/?post_type=product&#038;p=2504"},"modified":"2024-08-02T09:06:45","modified_gmt":"2024-08-02T09:06:45","slug":"pompe-de-lubrification-a-graisse-electrique-j200-pour-une-lubrification-precise","status":"publish","type":"product","link":"https:\/\/www.jinpinlub.com\/fr\/product\/j200-electric-grease-lubrication-pump-for-accurate-lubrication\/","title":{"rendered":"Pompe de lubrification \u00e9lectrique \u00e0 graisse J100 pour une lubrification pr\u00e9cise"},"content":{"rendered":"<h2>Caract\u00e9ristiques<\/h2>\n<p>La pompe de lubrification P100 est une pompe \u00e9lectrique compacte adapt\u00e9e \u00e0 l&#039;huile et \u00e0 la graisse. Elle dispose d&#039;une fonction de d\u00e9charge de pression int\u00e9gr\u00e9e et peut r\u00e9pondre aux besoins des syst\u00e8mes de lubrification monoligne ou progressifs. La pompe de lubrification ECP n\u00e9cessite une alimentation 24 V CC et peut \u00eatre contr\u00f4l\u00e9e par le contr\u00f4leur logique programmable (PLC) de la machine. De plus, la pompe fournit un interrupteur pour d\u00e9marrer manuellement des cycles de lubrification suppl\u00e9mentaires et un interrupteur de niveau int\u00e9gr\u00e9 en option pour surveiller le niveau du r\u00e9servoir d&#039;huile ou de la cartouche de graisse.<br \/>\nLes principales caract\u00e9ristiques de la pompe de lubrification P100 sont la r\u00e9duction des temps d&#039;arr\u00eat impr\u00e9vus, l&#039;allongement des intervalles de maintenance, la minimisation de l&#039;impact environnemental gr\u00e2ce \u00e0 une utilisation efficace des lubrifiants et la r\u00e9duction du risque d&#039;utilisation de lubrifiants inappropri\u00e9s ou contamin\u00e9s. Elle dispose \u00e9galement d&#039;une tension de fonctionnement 24 V CC \u00e0 \u00e9conomie d&#039;\u00e9nergie et est facile \u00e0 installer et \u00e0 utiliser.<\/p>\n<h2>Sp\u00e9cification<\/h2>\n<table>\n<tbody>\n<tr>\n<td>Temp\u00e9rature de fonctionnement<\/td>\n<td>0~+50\u00b0C<\/td>\n<\/tr>\n<tr>\n<td>Nombre de points de vente<\/td>\n<td>1, 2<\/td>\n<\/tr>\n<tr>\n<td>Capacit\u00e9 du r\u00e9servoir<\/td>\n<td>0,3 L, 1,5 L (r\u00e9servoir), 0,3 L, 0,7 L (cartouche)<\/td>\n<\/tr>\n<tr>\n<td>Remplissage<\/td>\n<td>Raccord de lubrification hydraulique<\/td>\n<\/tr>\n<tr>\n<td>Lubrifiant<\/td>\n<td>Graisses de grade NLGI 000~2#<\/td>\n<\/tr>\n<tr>\n<td>Classe de protection<\/td>\n<td>IP54<\/td>\n<\/tr>\n<tr>\n<td>D\u00e9charge<\/td>\n<td>15 ml\/min<\/td>\n<\/tr>\n<tr>\n<td>Pression de service max.<\/td>\n<td>8 MPa<\/td>\n<\/tr>\n<tr>\n<td>Fil de connexion<\/td>\n<td>\u03a66 ou \u03a68<\/td>\n<\/tr>\n<tr>\n<td>Tension de fonctionnement<\/td>\n<td>24 V CC<\/td>\n<\/tr>\n<tr>\n<td>Certification<\/td>\n<td>CE<\/td>\n<\/tr>\n<tr>\n<td>Position de montage<\/td>\n<td>Droit<\/td>\n<\/tr>\n<\/tbody>\n<\/table>\n<h2>Applications<\/h2>\n<p>La pompe de lubrification P100 est largement utilis\u00e9e dans les machines de moulage par injection, les automobiles, les ascenseurs et les syst\u00e8mes de levage, le transport de mat\u00e9riaux, les robots industriels, les machines-outils, les guides lin\u00e9aires et les \u00e9quipements d&#039;automatisation. Dans ces sc\u00e9narios d&#039;application, le syst\u00e8me de lubrification P100 garantit un fonctionnement efficace et une longue dur\u00e9e de vie de l&#039;\u00e9quipement en fournissant une solution de lubrification fiable et adaptable.<\/p>\n<h2>Manuels<\/h2>\n<div class=\"sdm_download_button_box_default\"><div class=\"sdm_download_link\"><a href=\"https:\/\/www.jinpinlub.com\/fr\/?sdm_process_download=1&download_id=2462\" class=\"sdm_download white\" title=\"Priv\u00e9\u00a0: J100 Grease Pump\" target=\"&quot;_blank&quot;\">Voir la fiche technique - Pompe \u00e0 graisse J100<\/a><\/div><\/div>","protected":false},"excerpt":{"rendered":"<p>La pompe de lubrification P100 est con\u00e7ue pour \u00eatre flexible, offrant un r\u00e9servoir de lubrifiant de 0,3 L \u00e0 1,5 L ou des cartouches de graisse standard de 300 ou 700 ml facilement rempla\u00e7ables. Grades de graisse de NLGI 000# \u00e0 2#. La pompe poss\u00e8de deux sorties et peut desservir deux lignes de lubrification en m\u00eame temps.<\/p>","protected":false},"featured_media":2509,"template":"","meta":{"ocean_post_layout":"","ocean_both_sidebars_style":"","ocean_both_sidebars_content_width":0,"ocean_both_sidebars_sidebars_width":0,"ocean_sidebar":"0","ocean_second_sidebar":"0","ocean_disable_margins":"enable","ocean_add_body_class":"","ocean_shortcode_before_top_bar":"","ocean_shortcode_after_top_bar":"","ocean_shortcode_before_header":"","ocean_shortcode_after_header":"","ocean_has_shortcode":"","ocean_shortcode_after_title":"","ocean_shortcode_before_footer_widgets":"","ocean_shortcode_after_footer_widgets":"","ocean_shortcode_before_footer_bottom":"","ocean_shortcode_after_footer_bottom":"","ocean_display_top_bar":"default","ocean_display_header":"default","ocean_header_style":"","ocean_center_header_left_menu":"0","ocean_custom_header_template":"0","ocean_custom_logo":0,"ocean_custom_retina_logo":0,"ocean_custom_logo_max_width":0,"ocean_custom_logo_tablet_max_width":0,"ocean_custom_logo_mobile_max_width":0,"ocean_custom_logo_max_height":0,"ocean_custom_logo_tablet_max_height":0,"ocean_custom_logo_mobile_max_height":0,"ocean_header_custom_menu":"0","ocean_menu_typo_font_family":"0","ocean_menu_typo_font_subset":"","ocean_menu_typo_font_size":0,"ocean_menu_typo_font_size_tablet":0,"ocean_menu_typo_font_size_mobile":0,"ocean_menu_typo_font_size_unit":"px","ocean_menu_typo_font_weight":"","ocean_menu_typo_font_weight_tablet":"","ocean_menu_typo_font_weight_mobile":"","ocean_menu_typo_transform":"","ocean_menu_typo_transform_tablet":"","ocean_menu_typo_transform_mobile":"","ocean_menu_typo_line_height":0,"ocean_menu_typo_line_height_tablet":0,"ocean_menu_typo_line_height_mobile":0,"ocean_menu_typo_line_height_unit":"","ocean_menu_typo_spacing":0,"ocean_menu_typo_spacing_tablet":0,"ocean_menu_typo_spacing_mobile":0,"ocean_menu_typo_spacing_unit":"","ocean_menu_link_color":"","ocean_menu_link_color_hover":"","ocean_menu_link_color_active":"","ocean_menu_link_background":"","ocean_menu_link_hover_background":"","ocean_menu_link_active_background":"","ocean_menu_social_links_bg":"","ocean_menu_social_hover_links_bg":"","ocean_menu_social_links_color":"","ocean_menu_social_hover_links_color":"","ocean_disable_title":"default","ocean_disable_heading":"default","ocean_post_title":"","ocean_post_subheading":"","ocean_post_title_style":"","ocean_post_title_background_color":"","ocean_post_title_background":0,"ocean_post_title_bg_image_position":"","ocean_post_title_bg_image_attachment":"","ocean_post_title_bg_image_repeat":"","ocean_post_title_bg_image_size":"","ocean_post_title_height":0,"ocean_post_title_bg_overlay":0.5,"ocean_post_title_bg_overlay_color":"","ocean_disable_breadcrumbs":"default","ocean_breadcrumbs_color":"","ocean_breadcrumbs_separator_color":"","ocean_breadcrumbs_links_color":"","ocean_breadcrumbs_links_hover_color":"","ocean_display_footer_widgets":"default","ocean_display_footer_bottom":"default","ocean_custom_footer_template":"0","osh_disable_topbar_sticky":"default","osh_disable_header_sticky":"default","osh_sticky_header_style":"default","osh_sticky_header_effect":"","osh_custom_sticky_logo":0,"osh_custom_retina_sticky_logo":0,"osh_custom_sticky_logo_height":0,"osh_background_color":"","osh_links_color":"","osh_links_hover_color":"","osh_links_active_color":"","osh_links_bg_color":"","osh_links_hover_bg_color":"","osh_links_active_bg_color":"","osh_menu_social_links_color":"","osh_menu_social_hover_links_color":""},"product_brand":[],"product_cat":[38,42,41,37],"product_tag":[93,91,92],"class_list":{"0":"post-2504","1":"product","2":"type-product","3":"status-publish","4":"has-post-thumbnail","6":"product_cat-electric-pressure-relief-pumps","7":"product_cat-electric-progressive-pumps","8":"product_cat-progressive-grease-systems","9":"product_cat-single-line-grease-systems","10":"product_tag-pressure-relief-lubrication-pump","11":"product_tag-progressive-lubrication-pump","12":"product_tag-single-line-lubrication-pump","14":"entry","15":"has-media","17":"first","18":"instock","19":"featured","20":"shipping-taxable","21":"product-type-external","22":"col","23":"span_1_of_3","24":"owp-content-center","25":"owp-thumbs-layout-horizontal","26":"owp-btn-very-big","27":"owp-tabs-layout-horizontal"},"_links":{"self":[{"href":"https:\/\/www.jinpinlub.com\/fr\/wp-json\/wp\/v2\/product\/2504","targetHints":{"allow":["GET"]}}],"collection":[{"href":"https:\/\/www.jinpinlub.com\/fr\/wp-json\/wp\/v2\/product"}],"about":[{"href":"https:\/\/www.jinpinlub.com\/fr\/wp-json\/wp\/v2\/types\/product"}],"wp:featuredmedia":[{"embeddable":true,"href":"https:\/\/www.jinpinlub.com\/fr\/wp-json\/wp\/v2\/media\/2509"}],"wp:attachment":[{"href":"https:\/\/www.jinpinlub.com\/fr\/wp-json\/wp\/v2\/media?parent=2504"}],"wp:term":[{"taxonomy":"product_brand","embeddable":true,"href":"https:\/\/www.jinpinlub.com\/fr\/wp-json\/wp\/v2\/product_brand?post=2504"},{"taxonomy":"product_cat","embeddable":true,"href":"https:\/\/www.jinpinlub.com\/fr\/wp-json\/wp\/v2\/product_cat?post=2504"},{"taxonomy":"product_tag","embeddable":true,"href":"https:\/\/www.jinpinlub.com\/fr\/wp-json\/wp\/v2\/product_tag?post=2504"}],"curies":[{"name":"wp","href":"https:\/\/api.w.org\/{rel}","templated":true}]}}