{"id":2519,"date":"2024-07-17T10:46:12","date_gmt":"2024-07-17T10:46:12","guid":{"rendered":"https:\/\/www.jinpinlub.com\/?post_type=product&#038;p=2519"},"modified":"2024-08-02T09:06:52","modified_gmt":"2024-08-02T09:06:52","slug":"pompe-de-surpression-j200-pour-systemes-de-lubrification-a-simple-ligne","status":"publish","type":"product","link":"https:\/\/www.jinpinlub.com\/fr\/product\/j200-pressure-relief-pump-for-single-line-lubrication-systems\/","title":{"rendered":"Pompe de surpression J200 pour syst\u00e8mes de lubrification \u00e0 simple ligne"},"content":{"rendered":"<h2>Caract\u00e9ristiques<\/h2>\n<p>1. Haute efficacit\u00e9 : la conception m\u00e9canique avanc\u00e9e rend la pompe de lubrification J200 tr\u00e8s efficace, fonctionnant \u00e0 grande vitesse et avec une grande capacit\u00e9 de d\u00e9bit, ce qui lui permet de fournir rapidement son huile de lubrification \u00e0 divers points de lubrification en utilisant un laps de temps tr\u00e8s court pour garantir le bon fonctionnement de l&#039;\u00e9quipement.<br \/>\n2. Fiabilit\u00e9 : un mat\u00e9riau de qualit\u00e9 et un processus de fabrication pr\u00e9cis garantissent que la pompe pr\u00e9sente une excellente r\u00e9sistance \u00e0 l&#039;abrasion et \u00e0 la corrosion pour permettre un fonctionnement stable pendant une longue p\u00e9riode dans des conditions de travail difficiles, et r\u00e9duit \u00e9galement les co\u00fbts de maintenance.<br \/>\n3. Intelligence : la pompe de lubrification J200 a \u00e9t\u00e9 appliqu\u00e9e aux syst\u00e8mes de lubrification \u00e0 d\u00e9charge de pression \u00e0 ligne unique qui ajustent le d\u00e9bit et la pression de l&#039;huile de lubrification en fonction des besoins r\u00e9els de l&#039;\u00e9quipement, dans le but d&#039;\u00e9viter le gaspillage gr\u00e2ce \u00e0 une lubrification pr\u00e9cise.<br \/>\n4. Entretien facile : la pompe est de conception simple et est facile \u00e0 d\u00e9monter pour assurer l&#039;entretien n\u00e9cessaire. Tous les types de travaux de nettoyage et d&#039;entretien quotidiens peuvent \u00eatre effectu\u00e9s par l&#039;utilisateur lui-m\u00eame pour prolonger sa dur\u00e9e de vie.<\/p>\n<h2>Sp\u00e9cification<\/h2>\n<table>\n<tbody>\n<tr>\n<td>Temp\u00e9rature de fonctionnement<\/td>\n<td>0~+50\u00b0C<\/td>\n<\/tr>\n<tr>\n<td>Nombre de points de vente<\/td>\n<td>1, 2<\/td>\n<\/tr>\n<tr>\n<td>Capacit\u00e9 du r\u00e9servoir<\/td>\n<td>0,3 L, 1,5 L (r\u00e9servoir), 0,3 L, 0,7 L (cartouche)<\/td>\n<\/tr>\n<tr>\n<td>Remplissage<\/td>\n<td>Raccord de lubrification hydraulique<\/td>\n<\/tr>\n<tr>\n<td>Lubrifiant<\/td>\n<td>Graisses de grade NLGI 000~2#<\/td>\n<\/tr>\n<tr>\n<td>Classe de protection<\/td>\n<td>IP54<\/td>\n<\/tr>\n<tr>\n<td>D\u00e9charge<\/td>\n<td>15 ml\/min<\/td>\n<\/tr>\n<tr>\n<td>Pression de service max.<\/td>\n<td>8 MPa<\/td>\n<\/tr>\n<tr>\n<td>Fil de connexion<\/td>\n<td>\u03a66 ou \u03a68<\/td>\n<\/tr>\n<tr>\n<td>Tension de fonctionnement<\/td>\n<td>24 V CC<\/td>\n<\/tr>\n<tr>\n<td>Certification<\/td>\n<td>CE<\/td>\n<\/tr>\n<tr>\n<td>Position de montage<\/td>\n<td>Droit<\/td>\n<\/tr>\n<\/tbody>\n<\/table>\n<h2>Applications<\/h2>\n<p>Fabrication : Divers types d&#039;\u00e9quipements m\u00e9caniques tels que des machines-outils, des machines de moulage par injection, des machines de moulage sous pression, etc. Il fournit un flux constant d&#039;huile lubrifiante tout en assurant un fonctionnement efficace de l&#039;\u00e9quipement.<br \/>\nIndustrie mini\u00e8re : Il fournit une lubrification brillante aux machines lourdes comme les monte-charges miniers, les excavatrices, etc., r\u00e9duisant l&#039;usure des \u00e9quipements et am\u00e9liorant l&#039;efficacit\u00e9 op\u00e9rationnelle.<br \/>\nSecteur \u00e9nerg\u00e9tique : application aux groupes \u00e9lectrog\u00e8nes, \u00e0 la production d&#039;\u00e9nergie \u00e9olienne et \u00e0 d&#039;autres \u00e9quipements. Garantit un approvisionnement en huile de lubrification en temps opportun pour les \u00e9quipements et r\u00e9duit le taux de d\u00e9faillance des \u00e9quipements, garantissant ainsi un approvisionnement stable en \u00e9nergie.<\/p>\n<h2>Manuels<\/h2>\n<div class=\"sdm_download_button_box_default\"><div class=\"sdm_download_link\"><a href=\"https:\/\/www.jinpinlub.com\/fr\/?sdm_process_download=1&download_id=2464\" class=\"sdm_download white\" title=\"Priv\u00e9\u00a0: J200 Grease Pump\" target=\"&quot;_blank&quot;\">Voir la fiche technique - Pompe \u00e0 graisse J200<\/a><\/div><\/div>","protected":false},"excerpt":{"rendered":"<p>La pompe de lubrification J200 est utilis\u00e9e dans les syst\u00e8mes de lubrification \u00e0 ligne simple, avec une pression maximale de 8 MPa, un intervalle de lubrification minimal de 5 minutes et une ligne principale maximale de 15 m\u00e8tres. Elle joue un r\u00f4le important dans de nombreux domaines gr\u00e2ce \u00e0 son rendement \u00e9lev\u00e9, sa fiabilit\u00e9 et sa facilit\u00e9 d&#039;entretien.<\/p>","protected":false},"featured_media":2520,"template":"","meta":{"ocean_post_layout":"","ocean_both_sidebars_style":"","ocean_both_sidebars_content_width":0,"ocean_both_sidebars_sidebars_width":0,"ocean_sidebar":"0","ocean_second_sidebar":"0","ocean_disable_margins":"enable","ocean_add_body_class":"","ocean_shortcode_before_top_bar":"","ocean_shortcode_after_top_bar":"","ocean_shortcode_before_header":"","ocean_shortcode_after_header":"","ocean_has_shortcode":"","ocean_shortcode_after_title":"","ocean_shortcode_before_footer_widgets":"","ocean_shortcode_after_footer_widgets":"","ocean_shortcode_before_footer_bottom":"","ocean_shortcode_after_footer_bottom":"","ocean_display_top_bar":"default","ocean_display_header":"default","ocean_header_style":"","ocean_center_header_left_menu":"0","ocean_custom_header_template":"0","ocean_custom_logo":0,"ocean_custom_retina_logo":0,"ocean_custom_logo_max_width":0,"ocean_custom_logo_tablet_max_width":0,"ocean_custom_logo_mobile_max_width":0,"ocean_custom_logo_max_height":0,"ocean_custom_logo_tablet_max_height":0,"ocean_custom_logo_mobile_max_height":0,"ocean_header_custom_menu":"0","ocean_menu_typo_font_family":"0","ocean_menu_typo_font_subset":"","ocean_menu_typo_font_size":0,"ocean_menu_typo_font_size_tablet":0,"ocean_menu_typo_font_size_mobile":0,"ocean_menu_typo_font_size_unit":"px","ocean_menu_typo_font_weight":"","ocean_menu_typo_font_weight_tablet":"","ocean_menu_typo_font_weight_mobile":"","ocean_menu_typo_transform":"","ocean_menu_typo_transform_tablet":"","ocean_menu_typo_transform_mobile":"","ocean_menu_typo_line_height":0,"ocean_menu_typo_line_height_tablet":0,"ocean_menu_typo_line_height_mobile":0,"ocean_menu_typo_line_height_unit":"","ocean_menu_typo_spacing":0,"ocean_menu_typo_spacing_tablet":0,"ocean_menu_typo_spacing_mobile":0,"ocean_menu_typo_spacing_unit":"","ocean_menu_link_color":"","ocean_menu_link_color_hover":"","ocean_menu_link_color_active":"","ocean_menu_link_background":"","ocean_menu_link_hover_background":"","ocean_menu_link_active_background":"","ocean_menu_social_links_bg":"","ocean_menu_social_hover_links_bg":"","ocean_menu_social_links_color":"","ocean_menu_social_hover_links_color":"","ocean_disable_title":"default","ocean_disable_heading":"default","ocean_post_title":"","ocean_post_subheading":"","ocean_post_title_style":"","ocean_post_title_background_color":"","ocean_post_title_background":0,"ocean_post_title_bg_image_position":"","ocean_post_title_bg_image_attachment":"","ocean_post_title_bg_image_repeat":"","ocean_post_title_bg_image_size":"","ocean_post_title_height":0,"ocean_post_title_bg_overlay":0.5,"ocean_post_title_bg_overlay_color":"","ocean_disable_breadcrumbs":"default","ocean_breadcrumbs_color":"","ocean_breadcrumbs_separator_color":"","ocean_breadcrumbs_links_color":"","ocean_breadcrumbs_links_hover_color":"","ocean_display_footer_widgets":"default","ocean_display_footer_bottom":"default","ocean_custom_footer_template":"0","osh_disable_topbar_sticky":"default","osh_disable_header_sticky":"default","osh_sticky_header_style":"default","osh_sticky_header_effect":"","osh_custom_sticky_logo":0,"osh_custom_retina_sticky_logo":0,"osh_custom_sticky_logo_height":0,"osh_background_color":"","osh_links_color":"","osh_links_hover_color":"","osh_links_active_color":"","osh_links_bg_color":"","osh_links_hover_bg_color":"","osh_links_active_bg_color":"","osh_menu_social_links_color":"","osh_menu_social_hover_links_color":""},"product_brand":[],"product_cat":[38,37],"product_tag":[77,93,92],"class_list":{"0":"post-2519","1":"product","2":"type-product","3":"status-publish","4":"has-post-thumbnail","6":"product_cat-electric-pressure-relief-pumps","7":"product_cat-single-line-grease-systems","8":"product_tag-grease-lubrication-pump","9":"product_tag-pressure-relief-lubrication-pump","10":"product_tag-single-line-lubrication-pump","12":"entry","13":"has-media","15":"first","16":"instock","17":"featured","18":"shipping-taxable","19":"product-type-external","20":"col","21":"span_1_of_3","22":"owp-content-center","23":"owp-thumbs-layout-horizontal","24":"owp-btn-very-big","25":"owp-tabs-layout-horizontal"},"_links":{"self":[{"href":"https:\/\/www.jinpinlub.com\/fr\/wp-json\/wp\/v2\/product\/2519","targetHints":{"allow":["GET"]}}],"collection":[{"href":"https:\/\/www.jinpinlub.com\/fr\/wp-json\/wp\/v2\/product"}],"about":[{"href":"https:\/\/www.jinpinlub.com\/fr\/wp-json\/wp\/v2\/types\/product"}],"wp:featuredmedia":[{"embeddable":true,"href":"https:\/\/www.jinpinlub.com\/fr\/wp-json\/wp\/v2\/media\/2520"}],"wp:attachment":[{"href":"https:\/\/www.jinpinlub.com\/fr\/wp-json\/wp\/v2\/media?parent=2519"}],"wp:term":[{"taxonomy":"product_brand","embeddable":true,"href":"https:\/\/www.jinpinlub.com\/fr\/wp-json\/wp\/v2\/product_brand?post=2519"},{"taxonomy":"product_cat","embeddable":true,"href":"https:\/\/www.jinpinlub.com\/fr\/wp-json\/wp\/v2\/product_cat?post=2519"},{"taxonomy":"product_tag","embeddable":true,"href":"https:\/\/www.jinpinlub.com\/fr\/wp-json\/wp\/v2\/product_tag?post=2519"}],"curies":[{"name":"wp","href":"https:\/\/api.w.org\/{rel}","templated":true}]}}