{"id":2524,"date":"2024-07-17T11:28:45","date_gmt":"2024-07-17T11:28:45","guid":{"rendered":"https:\/\/www.jinpinlub.com\/?post_type=product&#038;p=2524"},"modified":"2024-08-30T10:15:54","modified_gmt":"2024-08-30T02:15:54","slug":"pompe-de-lubrification-a-deplacement-positif-electrique-jdl-4-pour-cnc","status":"publish","type":"product","link":"https:\/\/www.jinpinlub.com\/fr\/product\/jdl-4-electric-positive-displacement-lubrication-pump-for-cnc\/","title":{"rendered":"Pompe de lubrification \u00e9lectrique \u00e0 d\u00e9placement positif JDL-4 pour CNC"},"content":{"rendered":"<h2>Caract\u00e9ristiques<\/h2>\n<p>1. La lubrification et le temps d&#039;intervalle sont contr\u00f4l\u00e9s par PLC.<br \/>\n2. Avec un pressostat pour d\u00e9tecter si le circuit d&#039;huile est endommag\u00e9.<br \/>\n3. Avec un interrupteur \u00e0 flotteur pour d\u00e9tecter un faible niveau de liquide et envoyer automatiquement un signal.<br \/>\n4. Avec un manom\u00e8tre pour d\u00e9tecter la pression de fonctionnement de la pompe \u00e0 huile.<br \/>\n5. Avec le bouton de lubrification forc\u00e9e, lubrification continue pendant moins de 3 minutes pour \u00e9viter la surcharge du moteur.<br \/>\n6. Lorsque la protection contre les temp\u00e9ratures \u00e9lev\u00e9es du moteur est d\u00e9clench\u00e9e, il s&#039;arr\u00eate pendant environ 10 minutes.<br \/>\n7. Un \u00e9liminateur d&#039;\u00e9tincelles peut \u00eatre ajout\u00e9 pour supprimer les interf\u00e9rences de tension et d&#039;\u00e9tincelles sur l&#039;API.<br \/>\n8. Il doit \u00eatre utilis\u00e9 avec un distributeur volum\u00e9trique.<\/p>\n<h2>Sp\u00e9cification<\/h2>\n<table>\n<tbody>\n<tr>\n<td>Minuteur<\/td>\n<td>Automate programmable<\/td>\n<\/tr>\n<tr>\n<td>Temp\u00e9rature de fonctionnement<\/td>\n<td>0~+50\u00b0C<\/td>\n<\/tr>\n<tr>\n<td>Nombre de points de vente<\/td>\n<td>1<\/td>\n<\/tr>\n<tr>\n<td>Capacit\u00e9 du r\u00e9servoir<\/td>\n<td>2L, 3L, 4L, 8L<\/td>\n<\/tr>\n<tr>\n<td>Remplissage<\/td>\n<td>De haut en bas<\/td>\n<\/tr>\n<tr>\n<td>Lubrifiant<\/td>\n<td>32-68cSt \u00e0 40\u2103<\/td>\n<\/tr>\n<tr>\n<td>Classe de protection<\/td>\n<td>IP54<\/td>\n<\/tr>\n<tr>\n<td>D\u00e9charge<\/td>\n<td>150 ml\/min<\/td>\n<\/tr>\n<tr>\n<td>Pression de service max.<\/td>\n<td>1,8 MPa<\/td>\n<\/tr>\n<tr>\n<td>Fil de connexion<\/td>\n<td>Sortie \u03a66<\/td>\n<\/tr>\n<tr>\n<td>Tension de fonctionnement<\/td>\n<td>110 VCA, 220 VCA<\/td>\n<\/tr>\n<tr>\n<td>Certification<\/td>\n<td>CE<\/td>\n<\/tr>\n<tr>\n<td>Position de montage<\/td>\n<td>Droit<\/td>\n<\/tr>\n<\/tbody>\n<\/table>\n<h2>Applications<\/h2>\n<p>Les pompes de lubrification \u00e0 d\u00e9placement positif sont principalement utilis\u00e9es pour fournir une quantit\u00e9 d&#039;huile de lubrification dos\u00e9e afin de faciliter le fonctionnement m\u00e9canique et de r\u00e9duire l&#039;usure. Elles sont largement utilis\u00e9es dans les domaines suivants :<br \/>\n1. \u00c9quipements m\u00e9caniques : y compris les tours, les fraiseuses, etc., qui n\u00e9cessitent une lubrification de leurs diff\u00e9rentes vari\u00e9t\u00e9s de pi\u00e8ces mobiles.<br \/>\n2. Appareil de moulage sous pression : environnement de fonctionnement \u00e0 haute temp\u00e9rature et \u00e0 haute contrainte, n\u00e9cessitant une lubrification fiable.<br \/>\n3. Machines textiles : m\u00e9tiers \u00e0 tisser, machines \u00e0 filer et bien d&#039;autres. Veulent une continuit\u00e9 dans leur fonctionnement.<br \/>\n4. Machines d&#039;impression : pour des d\u00e9placements propres et une pr\u00e9cision dans les op\u00e9rations d&#039;impression.<br \/>\n5. Machines alimentaires et d&#039;emballage : exigences d&#039;hygi\u00e8ne \u00e9lev\u00e9es.<\/p>\n<h2>Manuels<\/h2>\n<div class=\"sdm_download_button_box_default\"><div class=\"sdm_download_link\"><a href=\"https:\/\/www.jinpinlub.com\/fr\/?sdm_process_download=1&download_id=2466\" class=\"sdm_download white\" title=\"Priv\u00e9\u00a0: JDL4 Volumetric Pump\" target=\"&quot;_blank&quot;\">Voir la fiche technique - Pompe JDL4<\/a><\/div><\/div>","protected":false},"excerpt":{"rendered":"<p>Le syst\u00e8me JDL-4 comprend une pompe \u00e0 huile, un distributeur volum\u00e9trique, des tuyaux d&#039;huile et divers connecteurs. Il convient aux \u00e9quipements comportant moins de points de lubrification, tels que les petites machines-outils. Son avantage est qu&#039;il peut fournir de l&#039;huile avec pr\u00e9cision \u00e0 plusieurs points de lubrification.<\/p>","protected":false},"featured_media":2526,"template":"","meta":{"ocean_post_layout":"","ocean_both_sidebars_style":"","ocean_both_sidebars_content_width":0,"ocean_both_sidebars_sidebars_width":0,"ocean_sidebar":"0","ocean_second_sidebar":"0","ocean_disable_margins":"enable","ocean_add_body_class":"","ocean_shortcode_before_top_bar":"","ocean_shortcode_after_top_bar":"","ocean_shortcode_before_header":"","ocean_shortcode_after_header":"","ocean_has_shortcode":"","ocean_shortcode_after_title":"","ocean_shortcode_before_footer_widgets":"","ocean_shortcode_after_footer_widgets":"","ocean_shortcode_before_footer_bottom":"","ocean_shortcode_after_footer_bottom":"","ocean_display_top_bar":"default","ocean_display_header":"default","ocean_header_style":"","ocean_center_header_left_menu":"0","ocean_custom_header_template":"0","ocean_custom_logo":0,"ocean_custom_retina_logo":0,"ocean_custom_logo_max_width":0,"ocean_custom_logo_tablet_max_width":0,"ocean_custom_logo_mobile_max_width":0,"ocean_custom_logo_max_height":0,"ocean_custom_logo_tablet_max_height":0,"ocean_custom_logo_mobile_max_height":0,"ocean_header_custom_menu":"0","ocean_menu_typo_font_family":"0","ocean_menu_typo_font_subset":"","ocean_menu_typo_font_size":0,"ocean_menu_typo_font_size_tablet":0,"ocean_menu_typo_font_size_mobile":0,"ocean_menu_typo_font_size_unit":"px","ocean_menu_typo_font_weight":"","ocean_menu_typo_font_weight_tablet":"","ocean_menu_typo_font_weight_mobile":"","ocean_menu_typo_transform":"","ocean_menu_typo_transform_tablet":"","ocean_menu_typo_transform_mobile":"","ocean_menu_typo_line_height":0,"ocean_menu_typo_line_height_tablet":0,"ocean_menu_typo_line_height_mobile":0,"ocean_menu_typo_line_height_unit":"","ocean_menu_typo_spacing":0,"ocean_menu_typo_spacing_tablet":0,"ocean_menu_typo_spacing_mobile":0,"ocean_menu_typo_spacing_unit":"","ocean_menu_link_color":"","ocean_menu_link_color_hover":"","ocean_menu_link_color_active":"","ocean_menu_link_background":"","ocean_menu_link_hover_background":"","ocean_menu_link_active_background":"","ocean_menu_social_links_bg":"","ocean_menu_social_hover_links_bg":"","ocean_menu_social_links_color":"","ocean_menu_social_hover_links_color":"","ocean_disable_title":"default","ocean_disable_heading":"default","ocean_post_title":"","ocean_post_subheading":"","ocean_post_title_style":"","ocean_post_title_background_color":"","ocean_post_title_background":0,"ocean_post_title_bg_image_position":"","ocean_post_title_bg_image_attachment":"","ocean_post_title_bg_image_repeat":"","ocean_post_title_bg_image_size":"","ocean_post_title_height":0,"ocean_post_title_bg_overlay":0.5,"ocean_post_title_bg_overlay_color":"","ocean_disable_breadcrumbs":"default","ocean_breadcrumbs_color":"","ocean_breadcrumbs_separator_color":"","ocean_breadcrumbs_links_color":"","ocean_breadcrumbs_links_hover_color":"","ocean_display_footer_widgets":"default","ocean_display_footer_bottom":"default","ocean_custom_footer_template":"0","osh_disable_topbar_sticky":"default","osh_disable_header_sticky":"default","osh_sticky_header_style":"default","osh_sticky_header_effect":"","osh_custom_sticky_logo":0,"osh_custom_retina_sticky_logo":0,"osh_custom_sticky_logo_height":0,"osh_background_color":"","osh_links_color":"","osh_links_hover_color":"","osh_links_active_color":"","osh_links_bg_color":"","osh_links_hover_bg_color":"","osh_links_active_bg_color":"","osh_menu_social_links_color":"","osh_menu_social_hover_links_color":""},"product_brand":[],"product_cat":[48,47],"product_tag":[95,94,96],"class_list":{"0":"post-2524","1":"product","2":"type-product","3":"status-publish","4":"has-post-thumbnail","6":"product_cat-electric-volumetric-pumps","7":"product_cat-volumetric-thin-oil-systems","8":"product_tag-positive-displacement-lubrication-pump","9":"product_tag-positive-displacement-lubrication-system","10":"product_tag-volumetric-lubrication-pump","12":"entry","13":"has-media","15":"first","16":"instock","17":"shipping-taxable","18":"product-type-external","19":"col","20":"span_1_of_3","21":"owp-content-center","22":"owp-thumbs-layout-horizontal","23":"owp-btn-very-big","24":"owp-tabs-layout-horizontal"},"_links":{"self":[{"href":"https:\/\/www.jinpinlub.com\/fr\/wp-json\/wp\/v2\/product\/2524","targetHints":{"allow":["GET"]}}],"collection":[{"href":"https:\/\/www.jinpinlub.com\/fr\/wp-json\/wp\/v2\/product"}],"about":[{"href":"https:\/\/www.jinpinlub.com\/fr\/wp-json\/wp\/v2\/types\/product"}],"wp:featuredmedia":[{"embeddable":true,"href":"https:\/\/www.jinpinlub.com\/fr\/wp-json\/wp\/v2\/media\/2526"}],"wp:attachment":[{"href":"https:\/\/www.jinpinlub.com\/fr\/wp-json\/wp\/v2\/media?parent=2524"}],"wp:term":[{"taxonomy":"product_brand","embeddable":true,"href":"https:\/\/www.jinpinlub.com\/fr\/wp-json\/wp\/v2\/product_brand?post=2524"},{"taxonomy":"product_cat","embeddable":true,"href":"https:\/\/www.jinpinlub.com\/fr\/wp-json\/wp\/v2\/product_cat?post=2524"},{"taxonomy":"product_tag","embeddable":true,"href":"https:\/\/www.jinpinlub.com\/fr\/wp-json\/wp\/v2\/product_tag?post=2524"}],"curies":[{"name":"wp","href":"https:\/\/api.w.org\/{rel}","templated":true}]}}