{"id":2535,"date":"2024-07-17T13:08:15","date_gmt":"2024-07-17T13:08:15","guid":{"rendered":"https:\/\/www.jinpinlub.com\/?post_type=product&#038;p=2535"},"modified":"2025-01-23T22:26:23","modified_gmt":"2025-01-23T14:26:23","slug":"jl-1-dispositif-de-dosage-haute-pression-pour-systeme-de-lubrification-a-conduite-unique","status":"publish","type":"product","link":"https:\/\/www.jinpinlub.com\/fr\/product\/jl-1-high-pressure-metering-device-for-single-line-lube-system\/","title":{"rendered":"Dispositif de dosage haute pression JL-1 pour syst\u00e8me de lubrification \u00e0 ligne unique"},"content":{"rendered":"<h2>Caract\u00e9ristiques<\/h2>\n<p>1. Fonctionnement \u00e0 haute pression : le dispositif de mesure JL-1 est adapt\u00e9 aux environnements \u00e0 haute pression ; sa plage de pression de travail est de 127 \u00e0 240 bars tandis que la pression de lib\u00e9ration est \u00e9valu\u00e9e \u00e0 41 bars.<br \/>\n2. Sortie r\u00e9glable de l&#039;ext\u00e9rieur : La sortie de l&#039;appareil est r\u00e9glable de l&#039;ext\u00e9rieur dans la plage de 0,016 \u00e0 1,31 cm\u00b3 pour \u00eatre utilis\u00e9e dans divers besoins de lubrification.<br \/>\n3. Conception de l&#039;aiguille indicatrice : Chaque dispositif de dosage est \u00e9quip\u00e9 d&#039;une aiguille indicatrice qui permet une inspection visuelle de son \u00e9tat de fonctionnement et garantit ainsi la fiabilit\u00e9 de la lubrification.<br \/>\n4. S\u00e9lection du mat\u00e9riau : le doseur JL-1 est disponible en deux options de mat\u00e9riau : acier au carbone et acier inoxydable pour une utilisation dans diff\u00e9rents environnements. La version en acier inoxydable est adapt\u00e9e aux environnements de travail hostiles \u00e0 l&#039;acier au carbone.<br \/>\n5. Conception multi-ports : l&#039;appareil peut transporter 1 \u00e0 6 points de lubrification ; il est donc flexible dans sa capacit\u00e9 \u00e0 s&#039;adapter aux diff\u00e9rentes exigences du syst\u00e8me de lubrification.<br \/>\n6. Entretien facile : les \u00e9quipements de mesure individuels sont faciles \u00e0 d\u00e9monter \u00e0 des fins d&#039;inspection ou de remplacement de pi\u00e8ces us\u00e9es, ce qui permet de gagner du temps pour l&#039;entretien et de r\u00e9duire les co\u00fbts globaux de maintenance.<\/p>\n<h2>Sp\u00e9cification<\/h2>\n<table>\n<tbody>\n<tr>\n<td>Principe de fonctionnement<\/td>\n<td>Soupape de dosage de d\u00e9charge de pression<\/td>\n<\/tr>\n<tr>\n<td>Nombre de points de vente<\/td>\n<td>1, 2, 3, 4, 5, 6<\/td>\n<\/tr>\n<tr>\n<td>Quantit\u00e9 de mesure<\/td>\n<td>0,016-1,31 ml\/cycle<\/td>\n<\/tr>\n<tr>\n<td>Lubrifiant<\/td>\n<td>Graisse NLGI 0, 1, 2<\/td>\n<\/tr>\n<tr>\n<td>Temp\u00e9rature de fonctionnement<\/td>\n<td>(-10 \u00e0 +80 \u00b0C)<\/td>\n<\/tr>\n<tr>\n<td>Pression de service<\/td>\n<td>127-240 bars<\/td>\n<\/tr>\n<tr>\n<td>Mat\u00e9riel<\/td>\n<td>Acier au carbone, acier inoxydable<\/td>\n<\/tr>\n<tr>\n<td>Connexion ligne principale<\/td>\n<td>Rc3\/8<\/td>\n<\/tr>\n<tr>\n<td>Prise de connexion<\/td>\n<td>M22*1,5<\/td>\n<\/tr>\n<tr>\n<td>Position de montage<\/td>\n<td>N&#039;importe lequel<\/td>\n<\/tr>\n<\/tbody>\n<\/table>\n<h2>Application<\/h2>\n<p>1. Exploitation mini\u00e8re et traitement des min\u00e9raux : les dispositifs de dosage JL-1 sont largement utilis\u00e9s dans les industries mini\u00e8res et de traitement des min\u00e9raux, fournissant aux syst\u00e8mes une lubrification fiable pendant les travaux tr\u00e8s durs.<br \/>\n2. Engins de chantier : Dans le domaine des \u00e9quipements de chantier, le dispositif de dosage JL-1 garantit que chaque point de lubrification de l&#039;\u00e9quipement est bien lubrifi\u00e9 pour prolonger la dur\u00e9e de vie de l&#039;\u00e9quipement.<br \/>\n3. Industrie sid\u00e9rurgique et industrie lourde : Cet \u00e9quipement est \u00e9galement largement utilis\u00e9 dans les industries sid\u00e9rurgiques et lourdes, fonctionnant de mani\u00e8re stable dans des environnements \u00e0 haute pression et \u00e0 haute temp\u00e9rature.<\/p>\n<h2>Manuels<\/h2>\n<div class=\"sdm_download_button_box_default\"><div class=\"sdm_download_link\"><a href=\"https:\/\/www.jinpinlub.com\/fr\/?sdm_process_download=1&download_id=2472\" class=\"sdm_download white\" title=\"Priv\u00e9\u00a0: JL-1 Grease Injector\" target=\"&quot;_blank&quot;\">Voir la fiche technique - Injecteur de graisse JL-1<\/a><\/div><\/div>","protected":false},"excerpt":{"rendered":"<p>Le JL-1 est un choix id\u00e9al pour diverses applications en raison de son fonctionnement \u00e0 haute pression, de sa sortie r\u00e9glable de l&#039;ext\u00e9rieur, de sa conception \u00e0 aiguille indicatrice et de ses multiples options de port. Sa maintenance facile et ses multiples options de mat\u00e9riaux am\u00e9liorent encore son applicabilit\u00e9 dans diff\u00e9rents environnements.<\/p>","protected":false},"featured_media":2536,"template":"","meta":{"ocean_post_layout":"","ocean_both_sidebars_style":"","ocean_both_sidebars_content_width":0,"ocean_both_sidebars_sidebars_width":0,"ocean_sidebar":"0","ocean_second_sidebar":"0","ocean_disable_margins":"enable","ocean_add_body_class":"","ocean_shortcode_before_top_bar":"","ocean_shortcode_after_top_bar":"","ocean_shortcode_before_header":"","ocean_shortcode_after_header":"","ocean_has_shortcode":"","ocean_shortcode_after_title":"","ocean_shortcode_before_footer_widgets":"","ocean_shortcode_after_footer_widgets":"","ocean_shortcode_before_footer_bottom":"","ocean_shortcode_after_footer_bottom":"","ocean_display_top_bar":"default","ocean_display_header":"default","ocean_header_style":"","ocean_center_header_left_menu":"0","ocean_custom_header_template":"0","ocean_custom_logo":0,"ocean_custom_retina_logo":0,"ocean_custom_logo_max_width":0,"ocean_custom_logo_tablet_max_width":0,"ocean_custom_logo_mobile_max_width":0,"ocean_custom_logo_max_height":0,"ocean_custom_logo_tablet_max_height":0,"ocean_custom_logo_mobile_max_height":0,"ocean_header_custom_menu":"0","ocean_menu_typo_font_family":"0","ocean_menu_typo_font_subset":"","ocean_menu_typo_font_size":0,"ocean_menu_typo_font_size_tablet":0,"ocean_menu_typo_font_size_mobile":0,"ocean_menu_typo_font_size_unit":"px","ocean_menu_typo_font_weight":"","ocean_menu_typo_font_weight_tablet":"","ocean_menu_typo_font_weight_mobile":"","ocean_menu_typo_transform":"","ocean_menu_typo_transform_tablet":"","ocean_menu_typo_transform_mobile":"","ocean_menu_typo_line_height":0,"ocean_menu_typo_line_height_tablet":0,"ocean_menu_typo_line_height_mobile":0,"ocean_menu_typo_line_height_unit":"","ocean_menu_typo_spacing":0,"ocean_menu_typo_spacing_tablet":0,"ocean_menu_typo_spacing_mobile":0,"ocean_menu_typo_spacing_unit":"","ocean_menu_link_color":"","ocean_menu_link_color_hover":"","ocean_menu_link_color_active":"","ocean_menu_link_background":"","ocean_menu_link_hover_background":"","ocean_menu_link_active_background":"","ocean_menu_social_links_bg":"","ocean_menu_social_hover_links_bg":"","ocean_menu_social_links_color":"","ocean_menu_social_hover_links_color":"","ocean_disable_title":"default","ocean_disable_heading":"default","ocean_post_title":"","ocean_post_subheading":"","ocean_post_title_style":"","ocean_post_title_background_color":"","ocean_post_title_background":0,"ocean_post_title_bg_image_position":"","ocean_post_title_bg_image_attachment":"","ocean_post_title_bg_image_repeat":"","ocean_post_title_bg_image_size":"","ocean_post_title_height":0,"ocean_post_title_bg_overlay":0.5,"ocean_post_title_bg_overlay_color":"","ocean_disable_breadcrumbs":"default","ocean_breadcrumbs_color":"","ocean_breadcrumbs_separator_color":"","ocean_breadcrumbs_links_color":"","ocean_breadcrumbs_links_hover_color":"","ocean_display_footer_widgets":"default","ocean_display_footer_bottom":"default","ocean_custom_footer_template":"0","osh_disable_topbar_sticky":"default","osh_disable_header_sticky":"default","osh_sticky_header_style":"default","osh_sticky_header_effect":"","osh_custom_sticky_logo":0,"osh_custom_retina_sticky_logo":0,"osh_custom_sticky_logo_height":0,"osh_background_color":"","osh_links_color":"","osh_links_hover_color":"","osh_links_active_color":"","osh_links_bg_color":"","osh_links_hover_bg_color":"","osh_links_active_bg_color":"","osh_menu_social_links_color":"","osh_menu_social_hover_links_color":""},"product_brand":[],"product_cat":[40,37],"product_tag":[97,98,86],"class_list":{"0":"post-2535","1":"product","2":"type-product","3":"status-publish","4":"has-post-thumbnail","6":"product_cat-pressure-relief-metering-valves","7":"product_cat-single-line-grease-systems","8":"product_tag-grease-injector","9":"product_tag-grease-metering-device","10":"product_tag-single-line-distributor","12":"entry","13":"has-media","15":"first","16":"instock","17":"shipping-taxable","18":"product-type-external","19":"col","20":"span_1_of_3","21":"owp-content-center","22":"owp-thumbs-layout-horizontal","23":"owp-btn-very-big","24":"owp-tabs-layout-horizontal"},"_links":{"self":[{"href":"https:\/\/www.jinpinlub.com\/fr\/wp-json\/wp\/v2\/product\/2535","targetHints":{"allow":["GET"]}}],"collection":[{"href":"https:\/\/www.jinpinlub.com\/fr\/wp-json\/wp\/v2\/product"}],"about":[{"href":"https:\/\/www.jinpinlub.com\/fr\/wp-json\/wp\/v2\/types\/product"}],"wp:featuredmedia":[{"embeddable":true,"href":"https:\/\/www.jinpinlub.com\/fr\/wp-json\/wp\/v2\/media\/2536"}],"wp:attachment":[{"href":"https:\/\/www.jinpinlub.com\/fr\/wp-json\/wp\/v2\/media?parent=2535"}],"wp:term":[{"taxonomy":"product_brand","embeddable":true,"href":"https:\/\/www.jinpinlub.com\/fr\/wp-json\/wp\/v2\/product_brand?post=2535"},{"taxonomy":"product_cat","embeddable":true,"href":"https:\/\/www.jinpinlub.com\/fr\/wp-json\/wp\/v2\/product_cat?post=2535"},{"taxonomy":"product_tag","embeddable":true,"href":"https:\/\/www.jinpinlub.com\/fr\/wp-json\/wp\/v2\/product_tag?post=2535"}],"curies":[{"name":"wp","href":"https:\/\/api.w.org\/{rel}","templated":true}]}}