{"id":2547,"date":"2024-07-18T09:49:55","date_gmt":"2024-07-18T09:49:55","guid":{"rendered":"https:\/\/www.jinpinlub.com\/?post_type=product&#038;p=2547"},"modified":"2025-04-30T15:28:50","modified_gmt":"2025-04-30T07:28:50","slug":"graisseur-monopoint-automatique-reglable-a-gaz-sml-60","status":"publish","type":"product","link":"https:\/\/www.jinpinlub.com\/fr\/product\/sml-60-gas-driven-adjustable-automatic-single-point-lubricator\/","title":{"rendered":"Lubrificateur \u00e0 point unique automatique r\u00e9glable \u00e0 gaz SML-60"},"content":{"rendered":"<h2>Caract\u00e9ristiques<\/h2>\n<p>1. Il peut \u00eatre r\u00e9gl\u00e9 pour se d\u00e9charger automatiquement, uniform\u00e9ment, \u00e0 temps et avec pr\u00e9cision chaque jour pendant 1 \u00e0 12 mois.<br \/>\n2. Contr\u00f4lez activement la lubrification, \u00e9conomisez les co\u00fbts de maintenance de l&#039;\u00e9quipement et \u00e9vitez les fuites d&#039;huile et la pollution de l&#039;environnement.<br \/>\n4. Fonctionnement sur batterie s\u00e8che, non affect\u00e9 par des facteurs externes.<br \/>\n5. R\u00e9utilisable et \u00e0 prix raisonnable.<br \/>\n6. Fonctionnement m\u00e9canique, s\u00e9curit\u00e9 antid\u00e9flagrante.<br \/>\n7. Il peut \u00eatre arr\u00eat\u00e9 et repris \u00e0 tout moment selon les besoins.<br \/>\n8. R\u00e9cipient transparent permettant de v\u00e9rifier \u00e0 tout moment la capacit\u00e9 restante.<\/p>\n<h2>Sp\u00e9cification<\/h2>\n<p>Nom : Graisseur \u00e0 gaz SML<br \/>\nMode de propulsion : gaz \u00e9lectrochimique<br \/>\nPression de service : maximum 5 bars<br \/>\nTemps de vidange : 1 \u00e0 12 mois<br \/>\n\u00c9coulement : 0,17-4,17 ml\/jour<br \/>\nTemp\u00e9rature de fonctionnement : -20 \u2103~+55 \u2103<br \/>\nLubrifiants : huile ou graisse \u2264 NLGI#2<br \/>\nNiveau de protection : IP68<br \/>\nDur\u00e9e de vie : 2 ans<br \/>\nTemp\u00e9rature d&#039;inventaire : 20 \u2103\u00b1 5 \u2103<br \/>\nPoids rempli : 115 g (60 ml), 190 g (125 ml)<br \/>\nCertificat: Certification CE<\/p>\n<h2>Applications<\/h2>\n<p>Roulements : Assurez-vous que les roulements sont continuellement lubrifi\u00e9s pendant le fonctionnement, r\u00e9duisant ainsi l&#039;usure et les co\u00fbts de maintenance.<br \/>\nCha\u00eenes : Assurer une lubrification continue pendant le fonctionnement de la cha\u00eene pour \u00e9viter tout dommage pr\u00e9matur\u00e9.<br \/>\nGuides et guides coulissants : Assurez le bon fonctionnement des guides et r\u00e9duisez les frottements.<br \/>\nPompes et moteurs : Assurez-vous que les composants cl\u00e9s de ces appareils sont correctement lubrifi\u00e9s pour prolonger leur dur\u00e9e de vie.<br \/>\nEngrenages et broches : assurent une lubrification pr\u00e9cise pour r\u00e9duire l&#039;usure et les d\u00e9faillances.<br \/>\nSyst\u00e8mes de ventilation : Utilis\u00e9 dans les \u00e9quipements de ventilation pour assurer leur bon fonctionnement<\/p>\n<h2>Manuels<\/h2>\n<div class=\"sdm_download_button_box_default\"><div class=\"sdm_download_link\"><a href=\"https:\/\/www.jinpinlub.com\/fr\/?sdm_process_download=1&download_id=2479\" class=\"sdm_download white\" title=\"Priv\u00e9\u00a0: SML Single-point Lubricator\" target=\"&quot;_blank&quot;\">Voir la fiche technique - Lubrificateur SML<\/a><\/div><\/div>","protected":false},"excerpt":{"rendered":"<p>Le lubrificateur SML peut \u00eatre install\u00e9 dans n&#039;importe quel endroit mobile, vibrant, sous-marin, \u00e0 haute altitude ou contamin\u00e9, et peut \u00e9galement \u00eatre install\u00e9 \u00e0 l&#039;envers ou horizontalement. Ce lubrificateur est normalement un produit jetable, mais peut \u00eatre rempli jusqu&#039;\u00e0 trois fois et est facile \u00e0 jeter apr\u00e8s utilisation.<\/p>","protected":false},"featured_media":3182,"template":"","meta":{"ocean_post_layout":"","ocean_both_sidebars_style":"","ocean_both_sidebars_content_width":0,"ocean_both_sidebars_sidebars_width":0,"ocean_sidebar":"0","ocean_second_sidebar":"0","ocean_disable_margins":"enable","ocean_add_body_class":"","ocean_shortcode_before_top_bar":"","ocean_shortcode_after_top_bar":"","ocean_shortcode_before_header":"","ocean_shortcode_after_header":"","ocean_has_shortcode":"","ocean_shortcode_after_title":"","ocean_shortcode_before_footer_widgets":"","ocean_shortcode_after_footer_widgets":"","ocean_shortcode_before_footer_bottom":"","ocean_shortcode_after_footer_bottom":"","ocean_display_top_bar":"default","ocean_display_header":"default","ocean_header_style":"","ocean_center_header_left_menu":"0","ocean_custom_header_template":"0","ocean_custom_logo":0,"ocean_custom_retina_logo":0,"ocean_custom_logo_max_width":0,"ocean_custom_logo_tablet_max_width":0,"ocean_custom_logo_mobile_max_width":0,"ocean_custom_logo_max_height":0,"ocean_custom_logo_tablet_max_height":0,"ocean_custom_logo_mobile_max_height":0,"ocean_header_custom_menu":"0","ocean_menu_typo_font_family":"0","ocean_menu_typo_font_subset":"","ocean_menu_typo_font_size":0,"ocean_menu_typo_font_size_tablet":0,"ocean_menu_typo_font_size_mobile":0,"ocean_menu_typo_font_size_unit":"px","ocean_menu_typo_font_weight":"","ocean_menu_typo_font_weight_tablet":"","ocean_menu_typo_font_weight_mobile":"","ocean_menu_typo_transform":"","ocean_menu_typo_transform_tablet":"","ocean_menu_typo_transform_mobile":"","ocean_menu_typo_line_height":0,"ocean_menu_typo_line_height_tablet":0,"ocean_menu_typo_line_height_mobile":0,"ocean_menu_typo_line_height_unit":"","ocean_menu_typo_spacing":0,"ocean_menu_typo_spacing_tablet":0,"ocean_menu_typo_spacing_mobile":0,"ocean_menu_typo_spacing_unit":"","ocean_menu_link_color":"","ocean_menu_link_color_hover":"","ocean_menu_link_color_active":"","ocean_menu_link_background":"","ocean_menu_link_hover_background":"","ocean_menu_link_active_background":"","ocean_menu_social_links_bg":"","ocean_menu_social_hover_links_bg":"","ocean_menu_social_links_color":"","ocean_menu_social_hover_links_color":"","ocean_disable_title":"default","ocean_disable_heading":"default","ocean_post_title":"","ocean_post_subheading":"","ocean_post_title_style":"","ocean_post_title_background_color":"","ocean_post_title_background":0,"ocean_post_title_bg_image_position":"","ocean_post_title_bg_image_attachment":"","ocean_post_title_bg_image_repeat":"","ocean_post_title_bg_image_size":"","ocean_post_title_height":0,"ocean_post_title_bg_overlay":0.5,"ocean_post_title_bg_overlay_color":"","ocean_disable_breadcrumbs":"default","ocean_breadcrumbs_color":"","ocean_breadcrumbs_separator_color":"","ocean_breadcrumbs_links_color":"","ocean_breadcrumbs_links_hover_color":"","ocean_display_footer_widgets":"default","ocean_display_footer_bottom":"default","ocean_custom_footer_template":"0","osh_disable_topbar_sticky":"default","osh_disable_header_sticky":"default","osh_sticky_header_style":"default","osh_sticky_header_effect":"","osh_custom_sticky_logo":0,"osh_custom_retina_sticky_logo":0,"osh_custom_sticky_logo_height":0,"osh_background_color":"","osh_links_color":"","osh_links_hover_color":"","osh_links_active_color":"","osh_links_bg_color":"","osh_links_hover_bg_color":"","osh_links_active_bg_color":"","osh_menu_social_links_color":"","osh_menu_social_hover_links_color":""},"product_brand":[],"product_cat":[33],"product_tag":[104,102,103],"class_list":{"0":"post-2547","1":"product","2":"type-product","3":"status-publish","4":"has-post-thumbnail","6":"product_cat-single-point-lubricators","7":"product_tag-gas-single-point-lubricator","8":"product_tag-single-point-lubrication-pump","9":"product_tag-single-point-lubricator","11":"entry","12":"has-media","14":"first","15":"instock","16":"featured","17":"shipping-taxable","18":"product-type-external","19":"col","20":"span_1_of_3","21":"owp-content-center","22":"owp-thumbs-layout-horizontal","23":"owp-btn-very-big","24":"owp-tabs-layout-horizontal"},"_links":{"self":[{"href":"https:\/\/www.jinpinlub.com\/fr\/wp-json\/wp\/v2\/product\/2547","targetHints":{"allow":["GET"]}}],"collection":[{"href":"https:\/\/www.jinpinlub.com\/fr\/wp-json\/wp\/v2\/product"}],"about":[{"href":"https:\/\/www.jinpinlub.com\/fr\/wp-json\/wp\/v2\/types\/product"}],"wp:featuredmedia":[{"embeddable":true,"href":"https:\/\/www.jinpinlub.com\/fr\/wp-json\/wp\/v2\/media\/3182"}],"wp:attachment":[{"href":"https:\/\/www.jinpinlub.com\/fr\/wp-json\/wp\/v2\/media?parent=2547"}],"wp:term":[{"taxonomy":"product_brand","embeddable":true,"href":"https:\/\/www.jinpinlub.com\/fr\/wp-json\/wp\/v2\/product_brand?post=2547"},{"taxonomy":"product_cat","embeddable":true,"href":"https:\/\/www.jinpinlub.com\/fr\/wp-json\/wp\/v2\/product_cat?post=2547"},{"taxonomy":"product_tag","embeddable":true,"href":"https:\/\/www.jinpinlub.com\/fr\/wp-json\/wp\/v2\/product_tag?post=2547"}],"curies":[{"name":"wp","href":"https:\/\/api.w.org\/{rel}","templated":true}]}}