{"id":2989,"date":"2024-08-05T18:32:14","date_gmt":"2024-08-05T18:32:14","guid":{"rendered":"https:\/\/www.jinpinlub.com\/?post_type=product&#038;p=2989"},"modified":"2024-08-29T05:35:45","modified_gmt":"2024-08-28T21:35:45","slug":"pompe-a-engrenages-de-lubrification-a-huile-a-resistance-electrique-jdl1-avec-capteur","status":"publish","type":"product","link":"https:\/\/www.jinpinlub.com\/fr\/product\/jdl1-electric-resistance-oil-lubrication-gear-pump-with-sensor\/","title":{"rendered":"Pompe \u00e0 engrenages de lubrification \u00e0 huile \u00e0 r\u00e9sistance \u00e9lectrique JDL1 avec capteur"},"content":{"rendered":"<h2>Caract\u00e9ristiques<\/h2>\n<p>1. Deux modes d&#039;action :<br \/>\n\u2460 Lubrification : le temps de lubrification est ex\u00e9cut\u00e9 en premier au d\u00e9marrage.<br \/>\n\u2461 M\u00e9moire : continuer \u00e0 ex\u00e9cuter l&#039;intervalle de temps inachev\u00e9 au d\u00e9marrage.<br \/>\n2. Le pressostat peut d\u00e9tecter les dommages au circuit d&#039;huile.<br \/>\n3. L&#039;interrupteur \u00e0 flotteur peut d\u00e9tecter le niveau d&#039;huile et envoyer un signal.<br \/>\n4. Le manom\u00e8tre peut d\u00e9tecter la pression du circuit d&#039;huile.<br \/>\n5. La minuterie peut \u00eatre r\u00e9gl\u00e9e et dispose d&#039;une fonction d&#039;autoblocage, temps LUB : 1 \u00e0 999 secondes (min), temps d&#039;intervalle : 1 \u00e0 999 minutes (sec\/heures\/cycles).<br \/>\n6. L&#039;indicateur du panneau indique l&#039;\u00e9tat de lubrification et l&#039;intervalle de la pompe.<br \/>\n7. Le bouton \u00ab RST \u00bb peut forcer la lubrification ou \u00e9liminer les signaux anormaux.<br \/>\n8. Le temps de lubrification doit \u00eatre inf\u00e9rieur \u00e0 2 minutes, le temps d&#039;intervalle doit \u00eatre sup\u00e9rieur \u00e0 5 fois le temps de lubrification pour \u00e9viter de d\u00e9clencher le dispositif de protection contre les hautes temp\u00e9ratures.<\/p>\n<h2>Sp\u00e9cification<\/h2>\n<table>\n<tbody>\n<tr>\n<td>Mod\u00e8le<\/td>\n<td>JDL1<\/td>\n<\/tr>\n<tr>\n<td>Temps de lubrification<\/td>\n<td>1 \u00e0 999 minutes<\/td>\n<\/tr>\n<tr>\n<td>Intervalle de temps<\/td>\n<td>1 \u00e0 999 minutes<\/td>\n<\/tr>\n<tr>\n<td>Temp\u00e9rature de fonctionnement<\/td>\n<td>0~+50\u00b0C<\/td>\n<\/tr>\n<tr>\n<td>Nombre de points de vente<\/td>\n<td>1<\/td>\n<\/tr>\n<tr>\n<td>Capacit\u00e9 du r\u00e9servoir<\/td>\n<td>2L, 3L, 4L, 8L<\/td>\n<\/tr>\n<tr>\n<td>Remplissage<\/td>\n<td>De haut en bas<\/td>\n<\/tr>\n<tr>\n<td>Lubrifiant<\/td>\n<td>32-68cSt \u00e0 40\u2103<\/td>\n<\/tr>\n<tr>\n<td>Puissance du moteur<\/td>\n<td>30 W<\/td>\n<\/tr>\n<tr>\n<td>D\u00e9charge<\/td>\n<td>150 ml\/min<\/td>\n<\/tr>\n<tr>\n<td>Pression de service max.<\/td>\n<td>1,5 MPa<\/td>\n<\/tr>\n<tr>\n<td>Fil de connexion<\/td>\n<td>Sortie \u03a66<\/td>\n<\/tr>\n<tr>\n<td>Tension de fonctionnement<\/td>\n<td>110 VCA, 220 VCA<\/td>\n<\/tr>\n<tr>\n<td>Certification<\/td>\n<td>CE<\/td>\n<\/tr>\n<tr>\n<td>Interrupteur de bas niveau<\/td>\n<td>Contact NC<\/td>\n<\/tr>\n<\/tbody>\n<\/table>\n<h2>Applications<\/h2>\n<p>1. Lubrification des roulements : en particulier les roulements de broches \u00e9lectriques \u00e0 grande vitesse.<br \/>\n2. Lubrification de la machine de transmission : convient \u00e0 la partie transmission de nombreux dispositifs m\u00e9caniques.<br \/>\n3. Rail manuel coulissant et lubrification du support : assure le bon fonctionnement du gadget m\u00e9canique.<br \/>\n4. Lubrification tout au long de la r\u00e9union et du traitement : am\u00e9liore les performances de production et la dur\u00e9e de vie de l&#039;appareil.<br \/>\n5. Engrenages, rails de guidage, cha\u00eenes et bien d&#039;autres. De machines-outils \u00e0 commande num\u00e9rique, tours, machines \u00e0 tissu, ascenseurs et machines \u00e0 bois.<br \/>\n6. Gadget de lubrification centralis\u00e9 pour gadget d&#039;automatisation tel que les machines de moulage par injection, les machines de moulage sous pression, les machines \u00e0 caoutchouc et les outils de gadget CNC.<\/p>\n<h2>Manuels<\/h2>\n<div class=\"sdm_download_button_box_default\"><div class=\"sdm_download_link\"><a href=\"https:\/\/www.jinpinlub.com\/fr\/?sdm_process_download=1&download_id=3000\" class=\"sdm_download white\" title=\"Priv\u00e9\u00a0: JDL1 Resistance Pump\" target=\"&quot;_blank&quot;\">Voir la fiche technique - Pompe JDL1<\/a><\/div><\/div>","protected":false},"excerpt":{"rendered":"<p>La pompe de lubrification \u00e0 r\u00e9sistance JDL1 est entra\u00een\u00e9e par un moteur \u00e9lectrique pour r\u00e9aliser l&#039;aspiration et la distribution d&#039;huile. La conception de la pompe \u00e0 engrenages lui permet de fournir une pression et un d\u00e9bit de sortie stables et convient aux situations n\u00e9cessitant une lubrification chronom\u00e9tr\u00e9e et quantitative.<\/p>","protected":false},"featured_media":2994,"template":"","meta":{"ocean_post_layout":"","ocean_both_sidebars_style":"","ocean_both_sidebars_content_width":0,"ocean_both_sidebars_sidebars_width":0,"ocean_sidebar":"0","ocean_second_sidebar":"0","ocean_disable_margins":"enable","ocean_add_body_class":"","ocean_shortcode_before_top_bar":"","ocean_shortcode_after_top_bar":"","ocean_shortcode_before_header":"","ocean_shortcode_after_header":"","ocean_has_shortcode":"","ocean_shortcode_after_title":"","ocean_shortcode_before_footer_widgets":"","ocean_shortcode_after_footer_widgets":"","ocean_shortcode_before_footer_bottom":"","ocean_shortcode_after_footer_bottom":"","ocean_display_top_bar":"default","ocean_display_header":"default","ocean_header_style":"","ocean_center_header_left_menu":"0","ocean_custom_header_template":"0","ocean_custom_logo":0,"ocean_custom_retina_logo":0,"ocean_custom_logo_max_width":0,"ocean_custom_logo_tablet_max_width":0,"ocean_custom_logo_mobile_max_width":0,"ocean_custom_logo_max_height":0,"ocean_custom_logo_tablet_max_height":0,"ocean_custom_logo_mobile_max_height":0,"ocean_header_custom_menu":"0","ocean_menu_typo_font_family":"0","ocean_menu_typo_font_subset":"","ocean_menu_typo_font_size":0,"ocean_menu_typo_font_size_tablet":0,"ocean_menu_typo_font_size_mobile":0,"ocean_menu_typo_font_size_unit":"px","ocean_menu_typo_font_weight":"","ocean_menu_typo_font_weight_tablet":"","ocean_menu_typo_font_weight_mobile":"","ocean_menu_typo_transform":"","ocean_menu_typo_transform_tablet":"","ocean_menu_typo_transform_mobile":"","ocean_menu_typo_line_height":0,"ocean_menu_typo_line_height_tablet":0,"ocean_menu_typo_line_height_mobile":0,"ocean_menu_typo_line_height_unit":"","ocean_menu_typo_spacing":0,"ocean_menu_typo_spacing_tablet":0,"ocean_menu_typo_spacing_mobile":0,"ocean_menu_typo_spacing_unit":"","ocean_menu_link_color":"","ocean_menu_link_color_hover":"","ocean_menu_link_color_active":"","ocean_menu_link_background":"","ocean_menu_link_hover_background":"","ocean_menu_link_active_background":"","ocean_menu_social_links_bg":"","ocean_menu_social_hover_links_bg":"","ocean_menu_social_links_color":"","ocean_menu_social_hover_links_color":"","ocean_disable_title":"default","ocean_disable_heading":"default","ocean_post_title":"","ocean_post_subheading":"","ocean_post_title_style":"","ocean_post_title_background_color":"","ocean_post_title_background":0,"ocean_post_title_bg_image_position":"","ocean_post_title_bg_image_attachment":"","ocean_post_title_bg_image_repeat":"","ocean_post_title_bg_image_size":"","ocean_post_title_height":0,"ocean_post_title_bg_overlay":0.5,"ocean_post_title_bg_overlay_color":"","ocean_disable_breadcrumbs":"default","ocean_breadcrumbs_color":"","ocean_breadcrumbs_separator_color":"","ocean_breadcrumbs_links_color":"","ocean_breadcrumbs_links_hover_color":"","ocean_display_footer_widgets":"default","ocean_display_footer_bottom":"default","ocean_custom_footer_template":"0","osh_disable_topbar_sticky":"default","osh_disable_header_sticky":"default","osh_sticky_header_style":"default","osh_sticky_header_effect":"","osh_custom_sticky_logo":0,"osh_custom_retina_sticky_logo":0,"osh_custom_sticky_logo_height":0,"osh_background_color":"","osh_links_color":"","osh_links_hover_color":"","osh_links_active_color":"","osh_links_bg_color":"","osh_links_hover_bg_color":"","osh_links_active_bg_color":"","osh_menu_social_links_color":"","osh_menu_social_hover_links_color":""},"product_brand":[],"product_cat":[51,50],"product_tag":[109,108,110],"class_list":{"0":"post-2989","1":"product","2":"type-product","3":"status-publish","4":"has-post-thumbnail","6":"product_cat-electric-resistance-pumps","7":"product_cat-resistance-thin-oil-systems","8":"product_tag-electric-gear-pump","9":"product_tag-resistance-lubrication-pump","10":"product_tag-resistance-lubrication-system","12":"entry","13":"has-media","15":"first","16":"instock","17":"featured","18":"shipping-taxable","19":"product-type-external","20":"col","21":"span_1_of_3","22":"owp-content-center","23":"owp-thumbs-layout-horizontal","24":"owp-btn-very-big","25":"owp-tabs-layout-horizontal"},"_links":{"self":[{"href":"https:\/\/www.jinpinlub.com\/fr\/wp-json\/wp\/v2\/product\/2989","targetHints":{"allow":["GET"]}}],"collection":[{"href":"https:\/\/www.jinpinlub.com\/fr\/wp-json\/wp\/v2\/product"}],"about":[{"href":"https:\/\/www.jinpinlub.com\/fr\/wp-json\/wp\/v2\/types\/product"}],"wp:featuredmedia":[{"embeddable":true,"href":"https:\/\/www.jinpinlub.com\/fr\/wp-json\/wp\/v2\/media\/2994"}],"wp:attachment":[{"href":"https:\/\/www.jinpinlub.com\/fr\/wp-json\/wp\/v2\/media?parent=2989"}],"wp:term":[{"taxonomy":"product_brand","embeddable":true,"href":"https:\/\/www.jinpinlub.com\/fr\/wp-json\/wp\/v2\/product_brand?post=2989"},{"taxonomy":"product_cat","embeddable":true,"href":"https:\/\/www.jinpinlub.com\/fr\/wp-json\/wp\/v2\/product_cat?post=2989"},{"taxonomy":"product_tag","embeddable":true,"href":"https:\/\/www.jinpinlub.com\/fr\/wp-json\/wp\/v2\/product_tag?post=2989"}],"curies":[{"name":"wp","href":"https:\/\/api.w.org\/{rel}","templated":true}]}}