{"id":3028,"date":"2024-08-06T15:50:15","date_gmt":"2024-08-06T15:50:15","guid":{"rendered":"https:\/\/www.jinpinlub.com\/?post_type=product&#038;p=3028"},"modified":"2024-08-06T16:32:32","modified_gmt":"2024-08-06T16:32:32","slug":"tuyau-haute-pression-lubrifiant-a-trois-couches-en-resine-de-fibre-hgh-84-mpa-2","status":"publish","type":"product","link":"https:\/\/www.jinpinlub.com\/fr\/product\/hgh-84-mpa-three-layer-fiber-resin-lubricant-high-pressure-hose\/","title":{"rendered":"Tuyau haute pression lubrifiant \u00e0 base de r\u00e9sine fibreuse \u00e0 trois couches HGH 84MPa"},"content":{"rendered":"<h2>Caract\u00e9ristiques<\/h2>\n<p>Le tuyau de graisse haute pression HGH 84MPa est un tuyau sp\u00e9cialement con\u00e7u pour les applications haute pression, g\u00e9n\u00e9ralement utilis\u00e9 dans les syst\u00e8mes hydrauliques, les syst\u00e8mes de lubrification et d&#039;autres occasions n\u00e9cessitant une transmission haute pression.<br \/>\n1. Capacit\u00e9 de charge haute pression : peut supporter des pressions de travail jusqu&#039;\u00e0 84 MPa.<br \/>\n2. R\u00e9sistance \u00e0 la corrosion : g\u00e9n\u00e9ralement fabriqu\u00e9 \u00e0 partir de mat\u00e9riaux r\u00e9sistants \u00e0 la corrosion, adapt\u00e9s \u00e0 divers environnements difficiles.<br \/>\n3. Flexibilit\u00e9 : offre une bonne flexibilit\u00e9, est facile \u00e0 installer et \u00e0 utiliser.<br \/>\n4. Longue dur\u00e9e de vie : con\u00e7u avec une longue dur\u00e9e de vie, peut \u00eatre utilis\u00e9 pendant une longue p\u00e9riode dans des environnements \u00e0 haute pression.<\/p>\n<h2>Sp\u00e9cification<\/h2>\n<table>\n<tbody>\n<tr>\n<td>Mod\u00e8le<\/td>\n<td>HGH40, HGH63<\/td>\n<\/tr>\n<tr>\n<td>\u00c9paisseur du tuyau<\/td>\n<td>HGH40-2,3 mm, HGH63-2,45 mm<\/td>\n<\/tr>\n<tr>\n<td>Diam\u00e8tre int\u00e9rieur du tuyau<\/td>\n<td>HGH40-4,0 mm, HGH63-6,3 mm<\/td>\n<\/tr>\n<tr>\n<td>Diam\u00e8tre ext\u00e9rieur du tuyau<\/td>\n<td>HGH40-8,6 mm, HGH63-11,3 mm<\/td>\n<\/tr>\n<tr>\n<td>Poids par m\u00e8tre<\/td>\n<td>HGH40-53g, HGH63-79g<\/td>\n<\/tr>\n<tr>\n<td>Longueur du rouleau<\/td>\n<td>200 m\/rouleau<\/td>\n<\/tr>\n<tr>\n<td>Temp\u00e9rature de fonctionnement<\/td>\n<td>(-40\u2103 +80\u2103)<\/td>\n<\/tr>\n<tr>\n<td>Pression d&#039;\u00e9clatement minimale<\/td>\n<td>84 MPa<\/td>\n<\/tr>\n<\/tbody>\n<\/table>\n<h2>Application<\/h2>\n<p>1. Syst\u00e8me hydraulique : Le syst\u00e8me de transmission d&#039;huile hydraulique haute pression trouve son application dans les machines d&#039;ing\u00e9nierie, les \u00e9quipements de construction et les syst\u00e8mes d&#039;automatisation industrielle \u00e0 la plus large \u00e9chelle.<br \/>\n2. Syst\u00e8me de lubrification : Le but est la lubrification \u00e0 haute pression, principalement utilis\u00e9e pour les appareils haut de gamme tels que les grosses machines et les \u00e9quipements industriels.<br \/>\n3. Forage et exploitation mini\u00e8re : la transmission par lubrifiant fluide haute pression garantit que l&#039;\u00e9quipement fonctionne normalement dans des environnements hostiles.<br \/>\n4. Industrie p\u00e9troli\u00e8re et gazi\u00e8re : utilis\u00e9e pour la transmission \u00e0 haute pression d&#039;huiles, de gaz et d&#039;autres produits chimiques pour s&#039;adapter aux conditions de travail difficiles.<br \/>\n5. Industrie chimique : utilis\u00e9e pour la transmission \u00e0 haute pression de liquides et de gaz corrosifs afin de garantir la s\u00e9curit\u00e9 et l&#039;efficacit\u00e9.<\/p>\n<h2>Manuels<\/h2>\n<div class=\"sdm_download_button_box_default\"><div class=\"sdm_download_link\"><a href=\"https:\/\/www.jinpinlub.com\/fr\/?sdm_process_download=1&download_id=3029\" class=\"sdm_download white\" title=\"Priv\u00e9\u00a0: HGH high-pressure hose\" target=\"&quot;_blank&quot;\">Voir la fiche technique - Tuyau HGH<\/a><\/div><\/div>","protected":false},"excerpt":{"rendered":"<p>Le tuyau est compos\u00e9 d&#039;un tube int\u00e9rieur (nylon PA11), d&#039;une couche interm\u00e9diaire (fibre synth\u00e9tique) et d&#039;une couche ext\u00e9rieure (polyur\u00e9thane flexible). Le tuyau est l\u00e9ger et souple, avec un tube int\u00e9rieur lisse, une faible r\u00e9sistance au d\u00e9bit moyen et une bonne r\u00e9sistance chimique et aux chocs.<\/p>","protected":false},"featured_media":3031,"template":"","meta":{"ocean_post_layout":"","ocean_both_sidebars_style":"","ocean_both_sidebars_content_width":0,"ocean_both_sidebars_sidebars_width":0,"ocean_sidebar":"0","ocean_second_sidebar":"0","ocean_disable_margins":"enable","ocean_add_body_class":"","ocean_shortcode_before_top_bar":"","ocean_shortcode_after_top_bar":"","ocean_shortcode_before_header":"","ocean_shortcode_after_header":"","ocean_has_shortcode":"","ocean_shortcode_after_title":"","ocean_shortcode_before_footer_widgets":"","ocean_shortcode_after_footer_widgets":"","ocean_shortcode_before_footer_bottom":"","ocean_shortcode_after_footer_bottom":"","ocean_display_top_bar":"default","ocean_display_header":"default","ocean_header_style":"","ocean_center_header_left_menu":"0","ocean_custom_header_template":"0","ocean_custom_logo":0,"ocean_custom_retina_logo":0,"ocean_custom_logo_max_width":0,"ocean_custom_logo_tablet_max_width":0,"ocean_custom_logo_mobile_max_width":0,"ocean_custom_logo_max_height":0,"ocean_custom_logo_tablet_max_height":0,"ocean_custom_logo_mobile_max_height":0,"ocean_header_custom_menu":"0","ocean_menu_typo_font_family":"0","ocean_menu_typo_font_subset":"","ocean_menu_typo_font_size":0,"ocean_menu_typo_font_size_tablet":0,"ocean_menu_typo_font_size_mobile":0,"ocean_menu_typo_font_size_unit":"px","ocean_menu_typo_font_weight":"","ocean_menu_typo_font_weight_tablet":"","ocean_menu_typo_font_weight_mobile":"","ocean_menu_typo_transform":"","ocean_menu_typo_transform_tablet":"","ocean_menu_typo_transform_mobile":"","ocean_menu_typo_line_height":0,"ocean_menu_typo_line_height_tablet":0,"ocean_menu_typo_line_height_mobile":0,"ocean_menu_typo_line_height_unit":"","ocean_menu_typo_spacing":0,"ocean_menu_typo_spacing_tablet":0,"ocean_menu_typo_spacing_mobile":0,"ocean_menu_typo_spacing_unit":"","ocean_menu_link_color":"","ocean_menu_link_color_hover":"","ocean_menu_link_color_active":"","ocean_menu_link_background":"","ocean_menu_link_hover_background":"","ocean_menu_link_active_background":"","ocean_menu_social_links_bg":"","ocean_menu_social_hover_links_bg":"","ocean_menu_social_links_color":"","ocean_menu_social_hover_links_color":"","ocean_disable_title":"default","ocean_disable_heading":"default","ocean_post_title":"","ocean_post_subheading":"","ocean_post_title_style":"","ocean_post_title_background_color":"","ocean_post_title_background":0,"ocean_post_title_bg_image_position":"","ocean_post_title_bg_image_attachment":"","ocean_post_title_bg_image_repeat":"","ocean_post_title_bg_image_size":"","ocean_post_title_height":0,"ocean_post_title_bg_overlay":0.5,"ocean_post_title_bg_overlay_color":"","ocean_disable_breadcrumbs":"default","ocean_breadcrumbs_color":"","ocean_breadcrumbs_separator_color":"","ocean_breadcrumbs_links_color":"","ocean_breadcrumbs_links_hover_color":"","ocean_display_footer_widgets":"default","ocean_display_footer_bottom":"default","ocean_custom_footer_template":"0","osh_disable_topbar_sticky":"default","osh_disable_header_sticky":"default","osh_sticky_header_style":"default","osh_sticky_header_effect":"","osh_custom_sticky_logo":0,"osh_custom_retina_sticky_logo":0,"osh_custom_sticky_logo_height":0,"osh_background_color":"","osh_links_color":"","osh_links_hover_color":"","osh_links_active_color":"","osh_links_bg_color":"","osh_links_hover_bg_color":"","osh_links_active_bg_color":"","osh_menu_social_links_color":"","osh_menu_social_hover_links_color":""},"product_brand":[],"product_cat":[31],"product_tag":[117,119,118],"class_list":{"0":"post-3028","1":"product","2":"type-product","3":"status-publish","4":"has-post-thumbnail","6":"product_cat-lube-system-accessories","7":"product_tag-grease-hose","8":"product_tag-high-pressure-hose","9":"product_tag-lubrication-system-hose","11":"entry","12":"has-media","14":"first","15":"instock","16":"shipping-taxable","17":"product-type-external","18":"col","19":"span_1_of_3","20":"owp-content-center","21":"owp-thumbs-layout-horizontal","22":"owp-btn-very-big","23":"owp-tabs-layout-horizontal"},"_links":{"self":[{"href":"https:\/\/www.jinpinlub.com\/fr\/wp-json\/wp\/v2\/product\/3028","targetHints":{"allow":["GET"]}}],"collection":[{"href":"https:\/\/www.jinpinlub.com\/fr\/wp-json\/wp\/v2\/product"}],"about":[{"href":"https:\/\/www.jinpinlub.com\/fr\/wp-json\/wp\/v2\/types\/product"}],"wp:featuredmedia":[{"embeddable":true,"href":"https:\/\/www.jinpinlub.com\/fr\/wp-json\/wp\/v2\/media\/3031"}],"wp:attachment":[{"href":"https:\/\/www.jinpinlub.com\/fr\/wp-json\/wp\/v2\/media?parent=3028"}],"wp:term":[{"taxonomy":"product_brand","embeddable":true,"href":"https:\/\/www.jinpinlub.com\/fr\/wp-json\/wp\/v2\/product_brand?post=3028"},{"taxonomy":"product_cat","embeddable":true,"href":"https:\/\/www.jinpinlub.com\/fr\/wp-json\/wp\/v2\/product_cat?post=3028"},{"taxonomy":"product_tag","embeddable":true,"href":"https:\/\/www.jinpinlub.com\/fr\/wp-json\/wp\/v2\/product_tag?post=3028"}],"curies":[{"name":"wp","href":"https:\/\/api.w.org\/{rel}","templated":true}]}}