{"id":3036,"date":"2024-08-06T18:01:46","date_gmt":"2024-08-06T18:01:46","guid":{"rendered":"https:\/\/www.jinpinlub.com\/?post_type=product&#038;p=3036"},"modified":"2025-04-15T20:29:57","modified_gmt":"2025-04-15T12:29:57","slug":"pompe-de-lubrification-manuelle-progressive-a-double-sortie-jgh1","status":"publish","type":"product","link":"https:\/\/www.jinpinlub.com\/fr\/product\/jgh1-double-outlet-progressive-manual-grease-lubrication-pump\/","title":{"rendered":"Pompe de lubrification manuelle progressive \u00e0 double sortie EGH1"},"content":{"rendered":"<h2>Caract\u00e9ristiques<\/h2>\n<p>1. Tirez la poign\u00e9e pour distribuer l&#039;huile pour la lubrification, facile \u00e0 utiliser.<br \/>\n2. Le bloc de pressage d&#039;huile a une bonne \u00e9tanch\u00e9it\u00e9 et le lubrifiant ne restera pas dans la coupelle d&#039;huile.<br \/>\n3. La sortie d&#039;huile peut \u00eatre r\u00e9gl\u00e9e sur le c\u00f4t\u00e9 gauche ou droit de la poign\u00e9e selon les besoins, et l&#039;huile peut \u00e9galement \u00eatre \u00e9vacu\u00e9e des deux c\u00f4t\u00e9s.<br \/>\n4. Lors du remplissage de graisse, assurez-vous d&#039;injecter du lubrifiant depuis l&#039;orifice de remplissage pour \u00e9viter tout m\u00e9lange avec des d\u00e9bris.<br \/>\n5. Convient aux \u00e9quipements m\u00e9caniques qui ne sont pas lubrifi\u00e9s r\u00e9guli\u00e8rement, tels que les poin\u00e7onneuses, les machines \u00e0 bois, etc.<\/p>\n<h2>Sp\u00e9cification<\/h2>\n<table>\n<tbody>\n<tr>\n<td>Temp\u00e9rature de fonctionnement<\/td>\n<td>(-20~+55\u00b0C)<\/td>\n<\/tr>\n<tr>\n<td>Nombre de points de vente<\/td>\n<td>1, 2<\/td>\n<\/tr>\n<tr>\n<td>Capacit\u00e9 du r\u00e9servoir<\/td>\n<td>300 ml, 800 ml<\/td>\n<\/tr>\n<tr>\n<td>Principe de fonctionnement<\/td>\n<td>Pompe \u00e0 commande manuelle<\/td>\n<\/tr>\n<tr>\n<td>Lubrifiant<\/td>\n<td>Graisse NLGI 000~0#<\/td>\n<\/tr>\n<tr>\n<td>D\u00e9charge<\/td>\n<td>2 ml\/cycle<\/td>\n<\/tr>\n<tr>\n<td>Pression de service max.<\/td>\n<td>10 MPa<\/td>\n<\/tr>\n<tr>\n<td>Fil de connexion<\/td>\n<td>Sortie \u03a64, \u03a66, \u03a68, PT1\/8<\/td>\n<\/tr>\n<tr>\n<td>Certification<\/td>\n<td>CE<\/td>\n<\/tr>\n<tr>\n<td>Position de montage<\/td>\n<td>Vertical ou horizontal<\/td>\n<\/tr>\n<\/tbody>\n<\/table>\n<h2>Applications<\/h2>\n<p><span id=\"input-sentence~0\">Automobile, lubrifiant utilis\u00e9 sur les roulements de roue, les suspensions et les biellettes de direction.<br \/>\nLes machines agricoles telles que les tracteurs et les moissonneuses sont une application o\u00f9 elles sont utilis\u00e9es pour assurer un fonctionnement fluide.<br \/>\nMachines industrielles, cela comprend les roulements, les engrenages et autres composants des \u00e9quipements de production et des syst\u00e8mes de manutention des mat\u00e9riaux dans les usines et les usines de transformation qui n\u00e9cessitent une lubrification.<\/span><span id=\"input-sentence~1\"><br \/>\nLes \u00e9quipements de construction tels que les machines lourdes, les excavatrices, les chargeuses, n\u00e9cessitent une lubrification r\u00e9guli\u00e8re pour les maintenir en parfait \u00e9tat de fonctionnement.<br \/>\n\u00c9quipement de jardinage, lubrification des tron\u00e7onneuses et des tondeuses \u00e0 gazon \u2013 chaque pi\u00e8ce mobile.<\/span><\/p>\n<h2>Manuels<\/h2>\n<div class=\"sdm_download_button_box_default\"><div class=\"sdm_download_link\"><a href=\"https:\/\/www.jinpinlub.com\/fr\/?sdm_process_download=1&download_id=3037\" class=\"sdm_download white\" title=\"Priv\u00e9\u00a0: EGH1 Progressive hand pump\" target=\"&quot;_blank&quot;\">View Datasheet - EGH1 Manual Pump<\/a><\/div><\/div>","protected":false},"excerpt":{"rendered":"<p>Il pr\u00e9sente les caract\u00e9ristiques d&#039;une utilisation facile, d&#039;un prix bas et d&#039;une large gamme d&#039;applications. Les graisseurs manuels peuvent injecter suffisamment de graisse dans certains endroits relativement difficiles d&#039;acc\u00e8s, garantissant ainsi le fonctionnement normal de l&#039;\u00e9quipement et prolongeant sa dur\u00e9e de vie.<\/p>","protected":false},"featured_media":3054,"template":"","meta":{"ocean_post_layout":"","ocean_both_sidebars_style":"","ocean_both_sidebars_content_width":0,"ocean_both_sidebars_sidebars_width":0,"ocean_sidebar":"0","ocean_second_sidebar":"0","ocean_disable_margins":"enable","ocean_add_body_class":"","ocean_shortcode_before_top_bar":"","ocean_shortcode_after_top_bar":"","ocean_shortcode_before_header":"","ocean_shortcode_after_header":"","ocean_has_shortcode":"","ocean_shortcode_after_title":"","ocean_shortcode_before_footer_widgets":"","ocean_shortcode_after_footer_widgets":"","ocean_shortcode_before_footer_bottom":"","ocean_shortcode_after_footer_bottom":"","ocean_display_top_bar":"default","ocean_display_header":"default","ocean_header_style":"","ocean_center_header_left_menu":"0","ocean_custom_header_template":"0","ocean_custom_logo":0,"ocean_custom_retina_logo":0,"ocean_custom_logo_max_width":0,"ocean_custom_logo_tablet_max_width":0,"ocean_custom_logo_mobile_max_width":0,"ocean_custom_logo_max_height":0,"ocean_custom_logo_tablet_max_height":0,"ocean_custom_logo_mobile_max_height":0,"ocean_header_custom_menu":"0","ocean_menu_typo_font_family":"0","ocean_menu_typo_font_subset":"","ocean_menu_typo_font_size":0,"ocean_menu_typo_font_size_tablet":0,"ocean_menu_typo_font_size_mobile":0,"ocean_menu_typo_font_size_unit":"px","ocean_menu_typo_font_weight":"","ocean_menu_typo_font_weight_tablet":"","ocean_menu_typo_font_weight_mobile":"","ocean_menu_typo_transform":"","ocean_menu_typo_transform_tablet":"","ocean_menu_typo_transform_mobile":"","ocean_menu_typo_line_height":0,"ocean_menu_typo_line_height_tablet":0,"ocean_menu_typo_line_height_mobile":0,"ocean_menu_typo_line_height_unit":"","ocean_menu_typo_spacing":0,"ocean_menu_typo_spacing_tablet":0,"ocean_menu_typo_spacing_mobile":0,"ocean_menu_typo_spacing_unit":"","ocean_menu_link_color":"","ocean_menu_link_color_hover":"","ocean_menu_link_color_active":"","ocean_menu_link_background":"","ocean_menu_link_hover_background":"","ocean_menu_link_active_background":"","ocean_menu_social_links_bg":"","ocean_menu_social_hover_links_bg":"","ocean_menu_social_links_color":"","ocean_menu_social_hover_links_color":"","ocean_disable_title":"default","ocean_disable_heading":"default","ocean_post_title":"","ocean_post_subheading":"","ocean_post_title_style":"","ocean_post_title_background_color":"","ocean_post_title_background":0,"ocean_post_title_bg_image_position":"","ocean_post_title_bg_image_attachment":"","ocean_post_title_bg_image_repeat":"","ocean_post_title_bg_image_size":"","ocean_post_title_height":0,"ocean_post_title_bg_overlay":0.5,"ocean_post_title_bg_overlay_color":"","ocean_disable_breadcrumbs":"default","ocean_breadcrumbs_color":"","ocean_breadcrumbs_separator_color":"","ocean_breadcrumbs_links_color":"","ocean_breadcrumbs_links_hover_color":"","ocean_display_footer_widgets":"default","ocean_display_footer_bottom":"default","ocean_custom_footer_template":"0","osh_disable_topbar_sticky":"default","osh_disable_header_sticky":"default","osh_sticky_header_style":"default","osh_sticky_header_effect":"","osh_custom_sticky_logo":0,"osh_custom_retina_sticky_logo":0,"osh_custom_sticky_logo_height":0,"osh_background_color":"","osh_links_color":"","osh_links_hover_color":"","osh_links_active_color":"","osh_links_bg_color":"","osh_links_hover_bg_color":"","osh_links_active_bg_color":"","osh_menu_social_links_color":"","osh_menu_social_hover_links_color":""},"product_brand":[],"product_cat":[43,41],"product_tag":[71,121,120],"class_list":{"0":"post-3036","1":"product","2":"type-product","3":"status-publish","4":"has-post-thumbnail","6":"product_cat-manual-progressive-pumps","7":"product_cat-progressive-grease-systems","8":"product_tag-lubrication-pump","9":"product_tag-manual-grease-pump","10":"product_tag-manual-lubrication-pump","12":"entry","13":"has-media","15":"first","16":"instock","17":"shipping-taxable","18":"product-type-external","19":"col","20":"span_1_of_3","21":"owp-content-center","22":"owp-thumbs-layout-horizontal","23":"owp-btn-very-big","24":"owp-tabs-layout-horizontal"},"_links":{"self":[{"href":"https:\/\/www.jinpinlub.com\/fr\/wp-json\/wp\/v2\/product\/3036","targetHints":{"allow":["GET"]}}],"collection":[{"href":"https:\/\/www.jinpinlub.com\/fr\/wp-json\/wp\/v2\/product"}],"about":[{"href":"https:\/\/www.jinpinlub.com\/fr\/wp-json\/wp\/v2\/types\/product"}],"wp:featuredmedia":[{"embeddable":true,"href":"https:\/\/www.jinpinlub.com\/fr\/wp-json\/wp\/v2\/media\/3054"}],"wp:attachment":[{"href":"https:\/\/www.jinpinlub.com\/fr\/wp-json\/wp\/v2\/media?parent=3036"}],"wp:term":[{"taxonomy":"product_brand","embeddable":true,"href":"https:\/\/www.jinpinlub.com\/fr\/wp-json\/wp\/v2\/product_brand?post=3036"},{"taxonomy":"product_cat","embeddable":true,"href":"https:\/\/www.jinpinlub.com\/fr\/wp-json\/wp\/v2\/product_cat?post=3036"},{"taxonomy":"product_tag","embeddable":true,"href":"https:\/\/www.jinpinlub.com\/fr\/wp-json\/wp\/v2\/product_tag?post=3036"}],"curies":[{"name":"wp","href":"https:\/\/api.w.org\/{rel}","templated":true}]}}