{"id":3045,"date":"2024-08-06T18:35:44","date_gmt":"2024-08-06T18:35:44","guid":{"rendered":"https:\/\/www.jinpinlub.com\/?post_type=product&#038;p=3045"},"modified":"2025-04-15T20:35:48","modified_gmt":"2025-04-15T12:35:48","slug":"pompe-de-lubrification-a-graisse-a-commande-manuelle-a-decharge-de-pression-jgh3","status":"publish","type":"product","link":"https:\/\/www.jinpinlub.com\/fr\/product\/jgh3-pressure-relief-manually-operate-grease-lubrication-pump\/","title":{"rendered":"Pompe de lubrification \u00e0 graisse manuelle \u00e0 d\u00e9charge de pression EGH3"},"content":{"rendered":"<h2>Caract\u00e9ristiques<\/h2>\n<p>1. Tirez la poign\u00e9e pour distribuer l&#039;huile pour la lubrification, facile \u00e0 utiliser.<br \/>\n2. Le bloc de pressage d&#039;huile a une bonne \u00e9tanch\u00e9it\u00e9 et le beurre ne restera pas dans la coupelle d&#039;huile.<br \/>\n3. La sortie d&#039;huile peut \u00eatre r\u00e9gl\u00e9e sur le c\u00f4t\u00e9 gauche ou droit de la poign\u00e9e selon les besoins, et l&#039;huile peut \u00e9galement \u00eatre \u00e9vacu\u00e9e des deux c\u00f4t\u00e9s.<br \/>\n4. EGH3 est une pompe manuelle de d\u00e9compression. Une fois que la pression atteint la valeur nominale, assurez-vous de remettre le joystick en position verrouill\u00e9e pour rel\u00e2cher la pression du syst\u00e8me.<br \/>\n5. Convient aux \u00e9quipements m\u00e9caniques qui n\u00e9cessitent une lubrification \u00e0 tout moment, tels que les poin\u00e7onneuses, les machines \u00e0 bois, etc.<\/p>\n<h2>Sp\u00e9cification<\/h2>\n<table>\n<tbody>\n<tr>\n<td>Temp\u00e9rature de fonctionnement<\/td>\n<td>(-20~+55\u00b0C)<\/td>\n<\/tr>\n<tr>\n<td>Nombre de points de vente<\/td>\n<td>1, 2<\/td>\n<\/tr>\n<tr>\n<td>Capacit\u00e9 du r\u00e9servoir<\/td>\n<td>300 ml, 800 ml<\/td>\n<\/tr>\n<tr>\n<td>Principe de fonctionnement<\/td>\n<td>Pompe \u00e0 commande manuelle<\/td>\n<\/tr>\n<tr>\n<td>Lubrifiant<\/td>\n<td>Graisse NLGI 000~0#<\/td>\n<\/tr>\n<tr>\n<td>D\u00e9charge<\/td>\n<td>2 ml\/cycle<\/td>\n<\/tr>\n<tr>\n<td>Pression de service max.<\/td>\n<td>10 MPa<\/td>\n<\/tr>\n<tr>\n<td>Fil de connexion<\/td>\n<td>Sortie \u03a64, \u03a66, \u03a68, PT1\/8<\/td>\n<\/tr>\n<tr>\n<td>Certification<\/td>\n<td>CE<\/td>\n<\/tr>\n<tr>\n<td>Position de montage<\/td>\n<td>Vertical ou horizontal<\/td>\n<\/tr>\n<\/tbody>\n<\/table>\n<h2>Applications<\/h2>\n<p>1. Machines industrielles : cela peut comprendre des entit\u00e9s telles que des tours, des fraiseuses et d\u2019autres \u00e9quipements m\u00e9caniques lourds qui n\u00e9cessitent une lubrification p\u00e9riodique.<br \/>\n2. Machines agricoles : tracteurs, semoirs, autres machines agricoles fonctionnant normalement dans des conditions difficiles.<br \/>\n3. Engins de chantier : tels que excavatrices, bulldozers, etc., pour garantir que ces \u00e9quipements sont enti\u00e8rement lubrifi\u00e9s lorsqu&#039;ils travaillent sous des charges \u00e9lev\u00e9es.<br \/>\n4. Entretien du v\u00e9hicule : cela implique la lubrification des roulements et autres pi\u00e8ces mobiles des gros v\u00e9hicules, y compris les camions et les bus.<\/p>\n<h2>Manuels<\/h2>\n<div class=\"sdm_download_button_box_default\"><div class=\"sdm_download_link\"><a href=\"https:\/\/www.jinpinlub.com\/fr\/?sdm_process_download=1&download_id=3040\" class=\"sdm_download white\" title=\"Priv\u00e9\u00a0: EGH3 Pressure relief hand pump\" target=\"&quot;_blank&quot;\">View Datasheet - EGH3 Manual Pump<\/a><\/div><\/div>","protected":false},"excerpt":{"rendered":"<p>EGH3 manual lubrication pump is a device used for lubrication of mechanical equipment, with manual operation and pressure relief functions. It is usually used in situations where regular lubrication is required but is not suitable for automatic lubrication systems.<\/p>","protected":false},"featured_media":3050,"template":"","meta":{"ocean_post_layout":"","ocean_both_sidebars_style":"","ocean_both_sidebars_content_width":0,"ocean_both_sidebars_sidebars_width":0,"ocean_sidebar":"0","ocean_second_sidebar":"0","ocean_disable_margins":"enable","ocean_add_body_class":"","ocean_shortcode_before_top_bar":"","ocean_shortcode_after_top_bar":"","ocean_shortcode_before_header":"","ocean_shortcode_after_header":"","ocean_has_shortcode":"","ocean_shortcode_after_title":"","ocean_shortcode_before_footer_widgets":"","ocean_shortcode_after_footer_widgets":"","ocean_shortcode_before_footer_bottom":"","ocean_shortcode_after_footer_bottom":"","ocean_display_top_bar":"default","ocean_display_header":"default","ocean_header_style":"","ocean_center_header_left_menu":"0","ocean_custom_header_template":"0","ocean_custom_logo":0,"ocean_custom_retina_logo":0,"ocean_custom_logo_max_width":0,"ocean_custom_logo_tablet_max_width":0,"ocean_custom_logo_mobile_max_width":0,"ocean_custom_logo_max_height":0,"ocean_custom_logo_tablet_max_height":0,"ocean_custom_logo_mobile_max_height":0,"ocean_header_custom_menu":"0","ocean_menu_typo_font_family":"0","ocean_menu_typo_font_subset":"","ocean_menu_typo_font_size":0,"ocean_menu_typo_font_size_tablet":0,"ocean_menu_typo_font_size_mobile":0,"ocean_menu_typo_font_size_unit":"px","ocean_menu_typo_font_weight":"","ocean_menu_typo_font_weight_tablet":"","ocean_menu_typo_font_weight_mobile":"","ocean_menu_typo_transform":"","ocean_menu_typo_transform_tablet":"","ocean_menu_typo_transform_mobile":"","ocean_menu_typo_line_height":0,"ocean_menu_typo_line_height_tablet":0,"ocean_menu_typo_line_height_mobile":0,"ocean_menu_typo_line_height_unit":"","ocean_menu_typo_spacing":0,"ocean_menu_typo_spacing_tablet":0,"ocean_menu_typo_spacing_mobile":0,"ocean_menu_typo_spacing_unit":"","ocean_menu_link_color":"","ocean_menu_link_color_hover":"","ocean_menu_link_color_active":"","ocean_menu_link_background":"","ocean_menu_link_hover_background":"","ocean_menu_link_active_background":"","ocean_menu_social_links_bg":"","ocean_menu_social_hover_links_bg":"","ocean_menu_social_links_color":"","ocean_menu_social_hover_links_color":"","ocean_disable_title":"default","ocean_disable_heading":"default","ocean_post_title":"","ocean_post_subheading":"","ocean_post_title_style":"","ocean_post_title_background_color":"","ocean_post_title_background":0,"ocean_post_title_bg_image_position":"","ocean_post_title_bg_image_attachment":"","ocean_post_title_bg_image_repeat":"","ocean_post_title_bg_image_size":"","ocean_post_title_height":0,"ocean_post_title_bg_overlay":0.5,"ocean_post_title_bg_overlay_color":"","ocean_disable_breadcrumbs":"default","ocean_breadcrumbs_color":"","ocean_breadcrumbs_separator_color":"","ocean_breadcrumbs_links_color":"","ocean_breadcrumbs_links_hover_color":"","ocean_display_footer_widgets":"default","ocean_display_footer_bottom":"default","ocean_custom_footer_template":"0","osh_disable_topbar_sticky":"default","osh_disable_header_sticky":"default","osh_sticky_header_style":"default","osh_sticky_header_effect":"","osh_custom_sticky_logo":0,"osh_custom_retina_sticky_logo":0,"osh_custom_sticky_logo_height":0,"osh_background_color":"","osh_links_color":"","osh_links_hover_color":"","osh_links_active_color":"","osh_links_bg_color":"","osh_links_hover_bg_color":"","osh_links_active_bg_color":"","osh_menu_social_links_color":"","osh_menu_social_hover_links_color":""},"product_brand":[],"product_cat":[39,37],"product_tag":[77,120,92],"class_list":{"0":"post-3045","1":"product","2":"type-product","3":"status-publish","4":"has-post-thumbnail","6":"product_cat-manual-pressure-relief-pumps","7":"product_cat-single-line-grease-systems","8":"product_tag-grease-lubrication-pump","9":"product_tag-manual-lubrication-pump","10":"product_tag-single-line-lubrication-pump","12":"entry","13":"has-media","15":"first","16":"instock","17":"shipping-taxable","18":"product-type-external","19":"col","20":"span_1_of_3","21":"owp-content-center","22":"owp-thumbs-layout-horizontal","23":"owp-btn-very-big","24":"owp-tabs-layout-horizontal"},"_links":{"self":[{"href":"https:\/\/www.jinpinlub.com\/fr\/wp-json\/wp\/v2\/product\/3045","targetHints":{"allow":["GET"]}}],"collection":[{"href":"https:\/\/www.jinpinlub.com\/fr\/wp-json\/wp\/v2\/product"}],"about":[{"href":"https:\/\/www.jinpinlub.com\/fr\/wp-json\/wp\/v2\/types\/product"}],"wp:featuredmedia":[{"embeddable":true,"href":"https:\/\/www.jinpinlub.com\/fr\/wp-json\/wp\/v2\/media\/3050"}],"wp:attachment":[{"href":"https:\/\/www.jinpinlub.com\/fr\/wp-json\/wp\/v2\/media?parent=3045"}],"wp:term":[{"taxonomy":"product_brand","embeddable":true,"href":"https:\/\/www.jinpinlub.com\/fr\/wp-json\/wp\/v2\/product_brand?post=3045"},{"taxonomy":"product_cat","embeddable":true,"href":"https:\/\/www.jinpinlub.com\/fr\/wp-json\/wp\/v2\/product_cat?post=3045"},{"taxonomy":"product_tag","embeddable":true,"href":"https:\/\/www.jinpinlub.com\/fr\/wp-json\/wp\/v2\/product_tag?post=3045"}],"curies":[{"name":"wp","href":"https:\/\/api.w.org\/{rel}","templated":true}]}}