{"id":3064,"date":"2024-08-08T15:40:21","date_gmt":"2024-08-08T15:40:21","guid":{"rendered":"https:\/\/www.jinpinlub.com\/?post_type=product&#038;p=3064"},"modified":"2024-11-28T17:59:45","modified_gmt":"2024-11-28T09:59:45","slug":"distributeur-doseur-dair-et-de-melange-dhuile-ao-5-pour-systeme-de-lubrification","status":"publish","type":"product","link":"https:\/\/www.jinpinlub.com\/fr\/product\/ao-5-oil-air-mixer-metering-distributor-for-lubrication-system\/","title":{"rendered":"Distributeur-doseur m\u00e9langeur huile-air AO-5 pour syst\u00e8me de lubrification"},"content":{"rendered":"<h2>Caract\u00e9ristiques<\/h2>\n<p>AO est un m\u00e9langeur de lubrification air-huile quantitatif d\u00e9velopp\u00e9 sur la base d&#039;une technologie avanc\u00e9e de m\u00e9langeur air-huile.<br \/>\nLe volume de d\u00e9charge est disponible en quatre sp\u00e9cifications\u00a0: 0,03, 0,06, 0,1 et 0,16\u00a0ml\/cycle.<br \/>\nChaque sortie peut \u00eatre s\u00e9lectionn\u00e9e pour diff\u00e9rentes \u00e9vacuations et assemblage int\u00e9gr\u00e9, avec 1 \u00e0 5 sorties combin\u00e9es.<br \/>\nLe m\u00e9langeur quantitatif de lubrification huile-air est \u00e9quip\u00e9 d&#039;une vis de r\u00e9glage du d\u00e9bit d&#039;air pour r\u00e9gler le d\u00e9bit d&#039;air.<br \/>\nLubrification en micro-quantit\u00e9, taux d&#039;utilisation d&#039;huile \u00e9lev\u00e9.<br \/>\nViscosit\u00e9 de l&#039;huile compatible 10-90cSt@40\u2103.<\/p>\n<h2>Sp\u00e9cification<\/h2>\n<table>\n<tbody>\n<tr>\n<td>Principe de fonctionnement<\/td>\n<td>Appareils de mesure<\/td>\n<\/tr>\n<tr>\n<td>Nombre de points de vente<\/td>\n<td>1-5<\/td>\n<\/tr>\n<tr>\n<td>Quantit\u00e9 de mesure<\/td>\n<td>0,03, 0,06, 0,10, 0,16 mL\/cycle<\/td>\n<\/tr>\n<tr>\n<td>Lubrifiant<\/td>\n<td>Huile 10-90cSt@40\u2103<\/td>\n<\/tr>\n<tr>\n<td>Temp\u00e9rature de fonctionnement<\/td>\n<td>0 \u00e0 +40 \u00b0C<\/td>\n<\/tr>\n<tr>\n<td>Pression d&#039;huile<\/td>\n<td>15-30 bar<\/td>\n<\/tr>\n<tr>\n<td>Mat\u00e9riel<\/td>\n<td>Alliage<\/td>\n<\/tr>\n<tr>\n<td>Entr\u00e9e d&#039;air<\/td>\n<td>\u03a66(PT1\/8)<\/td>\n<\/tr>\n<tr>\n<td>Entr\u00e9e d&#039;huile<\/td>\n<td>\u03a66(M10x1)<\/td>\n<\/tr>\n<tr>\n<td>Sortie air-huile<\/td>\n<td>\u03a64(M8x1)<\/td>\n<\/tr>\n<\/tbody>\n<\/table>\n<h2>Application<\/h2>\n<p>\u00c9quipements m\u00e9caniques : tels que machines-outils CNC, centres d&#039;usinage, rectifieuses, etc., pour la lubrification de pi\u00e8ces telles que roulements, rails de guidage et engrenages.<br \/>\nLe secteur automobile l&#039;utilise pour lubrifier divers \u00e9quipements m\u00e9caniques sur les lignes de production automobiles afin de garantir le bon fonctionnement de la ligne de production.<br \/>\nDans l&#039;industrie sid\u00e9rurgique, il trouve une application dans les laminoirs, les machines de coul\u00e9e continue et d&#039;autres \u00e9quipements, comme moyen de r\u00e9duire l&#039;abrasion de l&#039;\u00e9quipement pour am\u00e9liorer l&#039;efficacit\u00e9 de la production.<br \/>\nDans l&#039;industrie papeti\u00e8re, il est appliqu\u00e9 sur toutes sortes de pi\u00e8ces mobiles de machines de fabrication de papier afin de prolonger la dur\u00e9e de vie de l&#039;\u00e9quipement.<\/p>\n<h2>Manuels<\/h2>\n<div class=\"sdm_download_button_box_default\"><div class=\"sdm_download_link\"><a href=\"https:\/\/www.jinpinlub.com\/fr\/?sdm_process_download=1&download_id=3069\" class=\"sdm_download white\" title=\"Priv\u00e9\u00a0: AO Oil-air Distributor\" target=\"&quot;_blank&quot;\">Voir la fiche technique - Distributeur AO<\/a><\/div><\/div>","protected":false},"excerpt":{"rendered":"<p>Le distributeur air-huile AO est une vanne de dosage utilis\u00e9e dans le syst\u00e8me de lubrification air-huile, avec pour fonction de m\u00e9langer l&#039;huile et l&#039;air pour les distribuer uniform\u00e9ment \u00e0 diff\u00e9rents points de lubrification. Des sorties air-huile mixtes sont disponibles pour une s\u00e9lection en fonction des diff\u00e9rentes exigences d&#039;application.<\/p>","protected":false},"featured_media":3065,"template":"","meta":{"ocean_post_layout":"","ocean_both_sidebars_style":"","ocean_both_sidebars_content_width":0,"ocean_both_sidebars_sidebars_width":0,"ocean_sidebar":"0","ocean_second_sidebar":"0","ocean_disable_margins":"enable","ocean_add_body_class":"","ocean_shortcode_before_top_bar":"","ocean_shortcode_after_top_bar":"","ocean_shortcode_before_header":"","ocean_shortcode_after_header":"","ocean_has_shortcode":"","ocean_shortcode_after_title":"","ocean_shortcode_before_footer_widgets":"","ocean_shortcode_after_footer_widgets":"","ocean_shortcode_before_footer_bottom":"","ocean_shortcode_after_footer_bottom":"","ocean_display_top_bar":"default","ocean_display_header":"default","ocean_header_style":"","ocean_center_header_left_menu":"0","ocean_custom_header_template":"0","ocean_custom_logo":0,"ocean_custom_retina_logo":0,"ocean_custom_logo_max_width":0,"ocean_custom_logo_tablet_max_width":0,"ocean_custom_logo_mobile_max_width":0,"ocean_custom_logo_max_height":0,"ocean_custom_logo_tablet_max_height":0,"ocean_custom_logo_mobile_max_height":0,"ocean_header_custom_menu":"0","ocean_menu_typo_font_family":"0","ocean_menu_typo_font_subset":"","ocean_menu_typo_font_size":0,"ocean_menu_typo_font_size_tablet":0,"ocean_menu_typo_font_size_mobile":0,"ocean_menu_typo_font_size_unit":"px","ocean_menu_typo_font_weight":"","ocean_menu_typo_font_weight_tablet":"","ocean_menu_typo_font_weight_mobile":"","ocean_menu_typo_transform":"","ocean_menu_typo_transform_tablet":"","ocean_menu_typo_transform_mobile":"","ocean_menu_typo_line_height":0,"ocean_menu_typo_line_height_tablet":0,"ocean_menu_typo_line_height_mobile":0,"ocean_menu_typo_line_height_unit":"","ocean_menu_typo_spacing":0,"ocean_menu_typo_spacing_tablet":0,"ocean_menu_typo_spacing_mobile":0,"ocean_menu_typo_spacing_unit":"","ocean_menu_link_color":"","ocean_menu_link_color_hover":"","ocean_menu_link_color_active":"","ocean_menu_link_background":"","ocean_menu_link_hover_background":"","ocean_menu_link_active_background":"","ocean_menu_social_links_bg":"","ocean_menu_social_hover_links_bg":"","ocean_menu_social_links_color":"","ocean_menu_social_hover_links_color":"","ocean_disable_title":"default","ocean_disable_heading":"default","ocean_post_title":"","ocean_post_subheading":"","ocean_post_title_style":"","ocean_post_title_background_color":"","ocean_post_title_background":0,"ocean_post_title_bg_image_position":"","ocean_post_title_bg_image_attachment":"","ocean_post_title_bg_image_repeat":"","ocean_post_title_bg_image_size":"","ocean_post_title_height":0,"ocean_post_title_bg_overlay":0.5,"ocean_post_title_bg_overlay_color":"","ocean_disable_breadcrumbs":"default","ocean_breadcrumbs_color":"","ocean_breadcrumbs_separator_color":"","ocean_breadcrumbs_links_color":"","ocean_breadcrumbs_links_hover_color":"","ocean_display_footer_widgets":"default","ocean_display_footer_bottom":"default","ocean_custom_footer_template":"0","osh_disable_topbar_sticky":"default","osh_disable_header_sticky":"default","osh_sticky_header_style":"default","osh_sticky_header_effect":"","osh_custom_sticky_logo":0,"osh_custom_retina_sticky_logo":0,"osh_custom_sticky_logo_height":0,"osh_background_color":"","osh_links_color":"","osh_links_hover_color":"","osh_links_active_color":"","osh_links_bg_color":"","osh_links_hover_bg_color":"","osh_links_active_bg_color":"","osh_menu_social_links_color":"","osh_menu_social_hover_links_color":""},"product_brand":[],"product_cat":[45],"product_tag":[133,134,135],"class_list":{"0":"post-3064","1":"product","2":"type-product","3":"status-publish","4":"has-post-thumbnail","6":"product_cat-oil-air-lubrication-systems","7":"product_tag-oil-air-distributor","8":"product_tag-oil-air-lubrication-system","9":"product_tag-oil-air-metering-valve","11":"entry","12":"has-media","14":"first","15":"instock","16":"shipping-taxable","17":"product-type-external","18":"col","19":"span_1_of_3","20":"owp-content-center","21":"owp-thumbs-layout-horizontal","22":"owp-btn-very-big","23":"owp-tabs-layout-horizontal"},"_links":{"self":[{"href":"https:\/\/www.jinpinlub.com\/fr\/wp-json\/wp\/v2\/product\/3064","targetHints":{"allow":["GET"]}}],"collection":[{"href":"https:\/\/www.jinpinlub.com\/fr\/wp-json\/wp\/v2\/product"}],"about":[{"href":"https:\/\/www.jinpinlub.com\/fr\/wp-json\/wp\/v2\/types\/product"}],"wp:featuredmedia":[{"embeddable":true,"href":"https:\/\/www.jinpinlub.com\/fr\/wp-json\/wp\/v2\/media\/3065"}],"wp:attachment":[{"href":"https:\/\/www.jinpinlub.com\/fr\/wp-json\/wp\/v2\/media?parent=3064"}],"wp:term":[{"taxonomy":"product_brand","embeddable":true,"href":"https:\/\/www.jinpinlub.com\/fr\/wp-json\/wp\/v2\/product_brand?post=3064"},{"taxonomy":"product_cat","embeddable":true,"href":"https:\/\/www.jinpinlub.com\/fr\/wp-json\/wp\/v2\/product_cat?post=3064"},{"taxonomy":"product_tag","embeddable":true,"href":"https:\/\/www.jinpinlub.com\/fr\/wp-json\/wp\/v2\/product_tag?post=3064"}],"curies":[{"name":"wp","href":"https:\/\/api.w.org\/{rel}","templated":true}]}}