{"id":3071,"date":"2024-08-08T16:22:50","date_gmt":"2024-08-08T16:22:50","guid":{"rendered":"https:\/\/www.jinpinlub.com\/?post_type=product&#038;p=3071"},"modified":"2024-08-08T16:51:35","modified_gmt":"2024-08-08T16:51:35","slug":"vanne-de-dosage-de-graisse-muk-pour-systeme-de-lubrification-a-une-seule-ligne","status":"publish","type":"product","link":"https:\/\/www.jinpinlub.com\/fr\/product\/muk-grease-metering-valve-for-single-line-lubrication-system\/","title":{"rendered":"Vanne de dosage de graisse MUK pour syst\u00e8me de lubrification \u00e0 ligne unique"},"content":{"rendered":"<h2>Caract\u00e9ristiques<\/h2>\n<p>1. MU est une vanne doseuse \u00e0 action directe sous pression.<br \/>\nLe lubrifiant sous pression d\u00e9livr\u00e9 par la pompe pousse le piston de la soupape de dosage pour \u00e9vacuer le lubrifiant de force. Lorsque la pompe cesse de fonctionner, le piston se r\u00e9tablit sous l&#039;action de la force du ressort et le lubrifiant est stock\u00e9.<br \/>\n2. La d\u00e9charge est pr\u00e9cise et un cycle de dosage n&#039;est d\u00e9charg\u00e9 qu&#039;une seule fois. Que le distributeur soit \u00e9loign\u00e9, proche, haut ou bas dans le syst\u00e8me de lubrification, l&#039;installation horizontale ou verticale n&#039;a aucun effet sur la d\u00e9charge de la vanne de dosage.<br \/>\n3. D\u00e9charge forc\u00e9e, action sensible, il y a deux joints pour emp\u00eacher le reflux de d\u00e9charge.<br \/>\n4. La vanne de dosage et le bloc de connexion sont ind\u00e9pendants. En fonction de la quantit\u00e9 de lubrification des points de lubrification, la vanne de dosage peut \u00eatre librement combin\u00e9e avec les blocs de connexion MU et MUJ et peut \u00eatre utilis\u00e9e en s\u00e9rie ou en parall\u00e8le.<br \/>\n5. Les raccords de sortie de la vanne de dosage sont de \u03a64, avec deux types.<br \/>\nType \u00e0 visser : compos\u00e9 de PA4 et PB4.<br \/>\nType push-in : ins\u00e9rer directement le tube \u03a64.<br \/>\n6. Compatible avec les lubrifiants NLGI 000 #, 00 #, 0 #<\/p>\n<h2>Sp\u00e9cification<\/h2>\n<table>\n<tbody>\n<tr>\n<td>Principe de fonctionnement<\/td>\n<td>Appareils de mesure<\/td>\n<\/tr>\n<tr>\n<td>Nombre de points de vente<\/td>\n<td>1-12<\/td>\n<\/tr>\n<tr>\n<td>Quantit\u00e9 de mesure<\/td>\n<td>0,05, 0,10, 0,20, 0,30, 0,50 mL\/cycle<\/td>\n<\/tr>\n<tr>\n<td>Lubrifiant<\/td>\n<td>NLGI 000 #, 00 #, 0 #<\/td>\n<\/tr>\n<tr>\n<td>Temp\u00e9rature de fonctionnement<\/td>\n<td>0 \u00e0 +80 \u00b0C<\/td>\n<\/tr>\n<tr>\n<td>Pression de service<\/td>\n<td>\u2265 1,5 MPa<\/td>\n<\/tr>\n<tr>\n<td>R\u00e9initialiser la pression<\/td>\n<td>\u2264 0,5 MPa<\/td>\n<\/tr>\n<tr>\n<td>Raccords de raccordement<\/td>\n<td>Type \u00e0 visser, type \u00e0 enfoncer<\/td>\n<\/tr>\n<tr>\n<td>Mat\u00e9riel<\/td>\n<td>Alliage d&#039;aluminium + cuivre<\/td>\n<\/tr>\n<tr>\n<td>Position de montage<\/td>\n<td>N&#039;importe lequel<\/td>\n<\/tr>\n<\/tbody>\n<\/table>\n<h2>Application<\/h2>\n<p>Syst\u00e8me de lubrification : En particulier dans les syst\u00e8mes de machines-outils, il est utilis\u00e9 pour contr\u00f4ler avec pr\u00e9cision le d\u00e9bit d&#039;huile de lubrification ou de graisse.<br \/>\nIndustrie de l&#039;automatisation non standard : Il peut \u00eatre utilis\u00e9 pour diverses machines d&#039;automatisation non standard qui n\u00e9cessitent une lubrification \u00e0 l&#039;huile pr\u00e9cise.<br \/>\nIndustries chimiques et pharmaceutiques : Il est utilis\u00e9 pour le dosage et la distribution pr\u00e9cis de produits chimiques et de m\u00e9dicaments.<br \/>\nLaboratoires et instituts de recherche : Il est utilis\u00e9 dans les occasions o\u00f9 un contr\u00f4le pr\u00e9cis du d\u00e9bit de fluide est requis pendant les exp\u00e9riences.<\/p>\n<h2>Manuels<\/h2>\n<div class=\"sdm_download_button_box_default\"><div class=\"sdm_download_link\"><a href=\"https:\/\/www.jinpinlub.com\/fr\/?sdm_process_download=1&download_id=3070\" class=\"sdm_download white\" title=\"Priv\u00e9\u00a0: MUK Pressure-relief Distributor\" target=\"&quot;_blank&quot;\">Voir la fiche technique - Distributeur MUK<\/a><\/div><\/div>","protected":false},"excerpt":{"rendered":"<p>Les dispositifs de dosage MUK sont principalement utilis\u00e9s pour soulager la pression des syst\u00e8mes de lubrification \u00e0 la graisse \u00e0 ligne unique. Ils sont principalement utilis\u00e9s pour les \u00e9quipements m\u00e9caniques ayant des exigences de lubrification pr\u00e9cises. L&#039;avantage est que le d\u00e9bit de chaque point de lubrification peut \u00eatre ajust\u00e9 selon les besoins.<\/p>","protected":false},"featured_media":3073,"template":"","meta":{"ocean_post_layout":"","ocean_both_sidebars_style":"","ocean_both_sidebars_content_width":0,"ocean_both_sidebars_sidebars_width":0,"ocean_sidebar":"0","ocean_second_sidebar":"0","ocean_disable_margins":"enable","ocean_add_body_class":"","ocean_shortcode_before_top_bar":"","ocean_shortcode_after_top_bar":"","ocean_shortcode_before_header":"","ocean_shortcode_after_header":"","ocean_has_shortcode":"","ocean_shortcode_after_title":"","ocean_shortcode_before_footer_widgets":"","ocean_shortcode_after_footer_widgets":"","ocean_shortcode_before_footer_bottom":"","ocean_shortcode_after_footer_bottom":"","ocean_display_top_bar":"default","ocean_display_header":"default","ocean_header_style":"","ocean_center_header_left_menu":"0","ocean_custom_header_template":"0","ocean_custom_logo":0,"ocean_custom_retina_logo":0,"ocean_custom_logo_max_width":0,"ocean_custom_logo_tablet_max_width":0,"ocean_custom_logo_mobile_max_width":0,"ocean_custom_logo_max_height":0,"ocean_custom_logo_tablet_max_height":0,"ocean_custom_logo_mobile_max_height":0,"ocean_header_custom_menu":"0","ocean_menu_typo_font_family":"0","ocean_menu_typo_font_subset":"","ocean_menu_typo_font_size":0,"ocean_menu_typo_font_size_tablet":0,"ocean_menu_typo_font_size_mobile":0,"ocean_menu_typo_font_size_unit":"px","ocean_menu_typo_font_weight":"","ocean_menu_typo_font_weight_tablet":"","ocean_menu_typo_font_weight_mobile":"","ocean_menu_typo_transform":"","ocean_menu_typo_transform_tablet":"","ocean_menu_typo_transform_mobile":"","ocean_menu_typo_line_height":0,"ocean_menu_typo_line_height_tablet":0,"ocean_menu_typo_line_height_mobile":0,"ocean_menu_typo_line_height_unit":"","ocean_menu_typo_spacing":0,"ocean_menu_typo_spacing_tablet":0,"ocean_menu_typo_spacing_mobile":0,"ocean_menu_typo_spacing_unit":"","ocean_menu_link_color":"","ocean_menu_link_color_hover":"","ocean_menu_link_color_active":"","ocean_menu_link_background":"","ocean_menu_link_hover_background":"","ocean_menu_link_active_background":"","ocean_menu_social_links_bg":"","ocean_menu_social_hover_links_bg":"","ocean_menu_social_links_color":"","ocean_menu_social_hover_links_color":"","ocean_disable_title":"default","ocean_disable_heading":"default","ocean_post_title":"","ocean_post_subheading":"","ocean_post_title_style":"","ocean_post_title_background_color":"","ocean_post_title_background":0,"ocean_post_title_bg_image_position":"","ocean_post_title_bg_image_attachment":"","ocean_post_title_bg_image_repeat":"","ocean_post_title_bg_image_size":"","ocean_post_title_height":0,"ocean_post_title_bg_overlay":0.5,"ocean_post_title_bg_overlay_color":"","ocean_disable_breadcrumbs":"default","ocean_breadcrumbs_color":"","ocean_breadcrumbs_separator_color":"","ocean_breadcrumbs_links_color":"","ocean_breadcrumbs_links_hover_color":"","ocean_display_footer_widgets":"default","ocean_display_footer_bottom":"default","ocean_custom_footer_template":"0","osh_disable_topbar_sticky":"default","osh_disable_header_sticky":"default","osh_sticky_header_style":"default","osh_sticky_header_effect":"","osh_custom_sticky_logo":0,"osh_custom_retina_sticky_logo":0,"osh_custom_sticky_logo_height":0,"osh_background_color":"","osh_links_color":"","osh_links_hover_color":"","osh_links_active_color":"","osh_links_bg_color":"","osh_links_hover_bg_color":"","osh_links_active_bg_color":"","osh_menu_social_links_color":"","osh_menu_social_hover_links_color":""},"product_brand":[],"product_cat":[40,37],"product_tag":[87,83,136],"class_list":{"0":"post-3071","1":"product","2":"type-product","3":"status-publish","4":"has-post-thumbnail","6":"product_cat-pressure-relief-metering-valves","7":"product_cat-single-line-grease-systems","8":"product_tag-grease-distributor","9":"product_tag-pressure-relief-distributor","10":"product_tag-single-line-system-distributor","12":"entry","13":"has-media","15":"first","16":"instock","17":"shipping-taxable","18":"product-type-external","19":"col","20":"span_1_of_3","21":"owp-content-center","22":"owp-thumbs-layout-horizontal","23":"owp-btn-very-big","24":"owp-tabs-layout-horizontal"},"_links":{"self":[{"href":"https:\/\/www.jinpinlub.com\/fr\/wp-json\/wp\/v2\/product\/3071","targetHints":{"allow":["GET"]}}],"collection":[{"href":"https:\/\/www.jinpinlub.com\/fr\/wp-json\/wp\/v2\/product"}],"about":[{"href":"https:\/\/www.jinpinlub.com\/fr\/wp-json\/wp\/v2\/types\/product"}],"wp:featuredmedia":[{"embeddable":true,"href":"https:\/\/www.jinpinlub.com\/fr\/wp-json\/wp\/v2\/media\/3073"}],"wp:attachment":[{"href":"https:\/\/www.jinpinlub.com\/fr\/wp-json\/wp\/v2\/media?parent=3071"}],"wp:term":[{"taxonomy":"product_brand","embeddable":true,"href":"https:\/\/www.jinpinlub.com\/fr\/wp-json\/wp\/v2\/product_brand?post=3071"},{"taxonomy":"product_cat","embeddable":true,"href":"https:\/\/www.jinpinlub.com\/fr\/wp-json\/wp\/v2\/product_cat?post=3071"},{"taxonomy":"product_tag","embeddable":true,"href":"https:\/\/www.jinpinlub.com\/fr\/wp-json\/wp\/v2\/product_tag?post=3071"}],"curies":[{"name":"wp","href":"https:\/\/api.w.org\/{rel}","templated":true}]}}