{"id":3177,"date":"2024-08-10T03:16:23","date_gmt":"2024-08-10T03:16:23","guid":{"rendered":"https:\/\/www.jinpinlub.com\/?post_type=product&#038;p=3177"},"modified":"2024-08-10T03:27:35","modified_gmt":"2024-08-10T03:27:35","slug":"distributeur-dhuile-de-type-a-resistant-en-alliage-de-zinc-pour-la-lubrification","status":"publish","type":"product","link":"https:\/\/www.jinpinlub.com\/fr\/product\/zinc-alloy-resistance-a-type-oil-distributor-for-lubrication\/","title":{"rendered":"Distributeur d&#039;huile de type A en alliage de zinc r\u00e9sistant pour la lubrification"},"content":{"rendered":"<h2>Caract\u00e9ristiques<\/h2>\n<p>1. Excellent mat\u00e9riau : fabriqu\u00e9 en alliage de zinc de haute qualit\u00e9, il pr\u00e9sente une bonne r\u00e9sistance m\u00e9canique et une bonne r\u00e9sistance \u00e0 l&#039;usure.<br \/>\n2. Forte r\u00e9sistance \u00e0 la corrosion : l&#039;alliage de zinc lui-m\u00eame a une bonne r\u00e9sistance \u00e0 la corrosion et peut fonctionner de mani\u00e8re stable pendant longtemps dans des environnements difficiles.<br \/>\n3. Structure compacte : le distributeur de type A a une conception compacte, occupe un petit espace et est facile \u00e0 installer et \u00e0 entretenir.<br \/>\n4. Haute pr\u00e9cision : Les diff\u00e9rents composants du distributeur sont trait\u00e9s avec pr\u00e9cision pour garantir la pr\u00e9cision et la stabilit\u00e9 de la distribution du fluide.<\/p>\n<h2>Sp\u00e9cification<\/h2>\n<table>\n<tbody>\n<tr>\n<td>Principe de fonctionnement<\/td>\n<td>Jonction en alliage de zinc<\/td>\n<\/tr>\n<tr>\n<td>Nombre de points de vente<\/td>\n<td>2, 3, 4, 5, 6,7, 8, 10<\/td>\n<\/tr>\n<tr>\n<td>Lubrifiant<\/td>\n<td>Graisse ou huile<\/td>\n<\/tr>\n<tr>\n<td>Temp\u00e9rature de fonctionnement<\/td>\n<td>(-20\u2103 \u00e0 +60 \u00b0C)<\/td>\n<\/tr>\n<tr>\n<td>Pression de service<\/td>\n<td>Max 420 bar<\/td>\n<\/tr>\n<tr>\n<td>Mat\u00e9riel<\/td>\n<td>Mat\u00e9riau en alliage de zinc<\/td>\n<\/tr>\n<tr>\n<td>Connexion ligne principale<\/td>\n<td>\u03a64(M8x1), \u03a66(M10x1)<\/td>\n<\/tr>\n<tr>\n<td>Prise de connexion<\/td>\n<td>\u03a64(M8x1), \u03a66(M10x1)<\/td>\n<\/tr>\n<tr>\n<td>Position de montage<\/td>\n<td>N&#039;importe lequel<\/td>\n<\/tr>\n<\/tbody>\n<\/table>\n<h2>Application<\/h2>\n<p>Installation : Selon les exigences sp\u00e9cifiques de l&#039;\u00e9quipement et la taille du distributeur, s\u00e9lectionnez l&#039;emplacement et la m\u00e9thode d&#039;installation appropri\u00e9s pour garantir que le distributeur est install\u00e9 de mani\u00e8re ferme et stable.<br \/>\nEntretien : V\u00e9rifiez r\u00e9guli\u00e8rement si les composants du distributeur de type A sont intacts et s&#039;ils pr\u00e9sentent des signes d&#039;usure ou de dommage. En cas de probl\u00e8me, remplacez-le ou r\u00e9parez-le \u00e0 temps. Gardez la surface du distributeur propre pour \u00e9viter l&#039;adh\u00e9rence de poussi\u00e8re et d&#039;impuret\u00e9s.<\/p>\n<h2>Manuels<\/h2>\n<div class=\"sdm_download_button_box_default\"><div class=\"sdm_download_link\"><a href=\"https:\/\/www.jinpinlub.com\/fr\/?sdm_process_download=1&download_id=3176\" class=\"sdm_download white\" title=\"Priv\u00e9\u00a0: Type-A Distributor\" target=\"&quot;_blank&quot;\">Voir la fiche technique - Distributeur de type A<\/a><\/div><\/div>","protected":false},"excerpt":{"rendered":"<p>Le distributeur de type A en alliage de zinc est un accessoire de pr\u00e9cision fabriqu\u00e9 \u00e0 partir d&#039;un alliage de zinc de haute qualit\u00e9. Il est utilis\u00e9 dans les syst\u00e8mes de lubrification de nombreux types d&#039;\u00e9quipements m\u00e9caniques en raison de ses excellentes propri\u00e9t\u00e9s m\u00e9caniques, de sa r\u00e9sistance \u00e0 la corrosion et de son aspect \u00e9l\u00e9gant.<\/p>","protected":false},"featured_media":3083,"template":"","meta":{"ocean_post_layout":"","ocean_both_sidebars_style":"","ocean_both_sidebars_content_width":0,"ocean_both_sidebars_sidebars_width":0,"ocean_sidebar":"0","ocean_second_sidebar":"0","ocean_disable_margins":"enable","ocean_add_body_class":"","ocean_shortcode_before_top_bar":"","ocean_shortcode_after_top_bar":"","ocean_shortcode_before_header":"","ocean_shortcode_after_header":"","ocean_has_shortcode":"","ocean_shortcode_after_title":"","ocean_shortcode_before_footer_widgets":"","ocean_shortcode_after_footer_widgets":"","ocean_shortcode_before_footer_bottom":"","ocean_shortcode_after_footer_bottom":"","ocean_display_top_bar":"default","ocean_display_header":"default","ocean_header_style":"","ocean_center_header_left_menu":"0","ocean_custom_header_template":"0","ocean_custom_logo":0,"ocean_custom_retina_logo":0,"ocean_custom_logo_max_width":0,"ocean_custom_logo_tablet_max_width":0,"ocean_custom_logo_mobile_max_width":0,"ocean_custom_logo_max_height":0,"ocean_custom_logo_tablet_max_height":0,"ocean_custom_logo_mobile_max_height":0,"ocean_header_custom_menu":"0","ocean_menu_typo_font_family":"0","ocean_menu_typo_font_subset":"","ocean_menu_typo_font_size":0,"ocean_menu_typo_font_size_tablet":0,"ocean_menu_typo_font_size_mobile":0,"ocean_menu_typo_font_size_unit":"px","ocean_menu_typo_font_weight":"","ocean_menu_typo_font_weight_tablet":"","ocean_menu_typo_font_weight_mobile":"","ocean_menu_typo_transform":"","ocean_menu_typo_transform_tablet":"","ocean_menu_typo_transform_mobile":"","ocean_menu_typo_line_height":0,"ocean_menu_typo_line_height_tablet":0,"ocean_menu_typo_line_height_mobile":0,"ocean_menu_typo_line_height_unit":"","ocean_menu_typo_spacing":0,"ocean_menu_typo_spacing_tablet":0,"ocean_menu_typo_spacing_mobile":0,"ocean_menu_typo_spacing_unit":"","ocean_menu_link_color":"","ocean_menu_link_color_hover":"","ocean_menu_link_color_active":"","ocean_menu_link_background":"","ocean_menu_link_hover_background":"","ocean_menu_link_active_background":"","ocean_menu_social_links_bg":"","ocean_menu_social_hover_links_bg":"","ocean_menu_social_links_color":"","ocean_menu_social_hover_links_color":"","ocean_disable_title":"default","ocean_disable_heading":"default","ocean_post_title":"","ocean_post_subheading":"","ocean_post_title_style":"","ocean_post_title_background_color":"","ocean_post_title_background":0,"ocean_post_title_bg_image_position":"","ocean_post_title_bg_image_attachment":"","ocean_post_title_bg_image_repeat":"","ocean_post_title_bg_image_size":"","ocean_post_title_height":0,"ocean_post_title_bg_overlay":0.5,"ocean_post_title_bg_overlay_color":"","ocean_disable_breadcrumbs":"default","ocean_breadcrumbs_color":"","ocean_breadcrumbs_separator_color":"","ocean_breadcrumbs_links_color":"","ocean_breadcrumbs_links_hover_color":"","ocean_display_footer_widgets":"default","ocean_display_footer_bottom":"default","ocean_custom_footer_template":"0","osh_disable_topbar_sticky":"default","osh_disable_header_sticky":"default","osh_sticky_header_style":"default","osh_sticky_header_effect":"","osh_custom_sticky_logo":0,"osh_custom_retina_sticky_logo":0,"osh_custom_sticky_logo_height":0,"osh_background_color":"","osh_links_color":"","osh_links_hover_color":"","osh_links_active_color":"","osh_links_bg_color":"","osh_links_hover_bg_color":"","osh_links_active_bg_color":"","osh_menu_social_links_color":"","osh_menu_social_hover_links_color":""},"product_brand":[],"product_cat":[53,50],"product_tag":[139,138,137],"class_list":{"0":"post-3177","1":"product","2":"type-product","3":"status-publish","4":"has-post-thumbnail","6":"product_cat-resistance-oil-distributors","7":"product_cat-resistance-thin-oil-systems","8":"product_tag-oil-distributor","9":"product_tag-pipeline-connector","10":"product_tag-resistance-distributor","12":"entry","13":"has-media","15":"first","16":"instock","17":"shipping-taxable","18":"product-type-external","19":"col","20":"span_1_of_3","21":"owp-content-center","22":"owp-thumbs-layout-horizontal","23":"owp-btn-very-big","24":"owp-tabs-layout-horizontal"},"_links":{"self":[{"href":"https:\/\/www.jinpinlub.com\/fr\/wp-json\/wp\/v2\/product\/3177","targetHints":{"allow":["GET"]}}],"collection":[{"href":"https:\/\/www.jinpinlub.com\/fr\/wp-json\/wp\/v2\/product"}],"about":[{"href":"https:\/\/www.jinpinlub.com\/fr\/wp-json\/wp\/v2\/types\/product"}],"wp:featuredmedia":[{"embeddable":true,"href":"https:\/\/www.jinpinlub.com\/fr\/wp-json\/wp\/v2\/media\/3083"}],"wp:attachment":[{"href":"https:\/\/www.jinpinlub.com\/fr\/wp-json\/wp\/v2\/media?parent=3177"}],"wp:term":[{"taxonomy":"product_brand","embeddable":true,"href":"https:\/\/www.jinpinlub.com\/fr\/wp-json\/wp\/v2\/product_brand?post=3177"},{"taxonomy":"product_cat","embeddable":true,"href":"https:\/\/www.jinpinlub.com\/fr\/wp-json\/wp\/v2\/product_cat?post=3177"},{"taxonomy":"product_tag","embeddable":true,"href":"https:\/\/www.jinpinlub.com\/fr\/wp-json\/wp\/v2\/product_tag?post=3177"}],"curies":[{"name":"wp","href":"https:\/\/api.w.org\/{rel}","templated":true}]}}