{"id":3180,"date":"2024-08-10T09:33:30","date_gmt":"2024-08-10T09:33:30","guid":{"rendered":"https:\/\/www.jinpinlub.com\/?post_type=product&#038;p=3180"},"modified":"2024-08-10T09:43:43","modified_gmt":"2024-08-10T09:43:43","slug":"jonction-de-distribution-de-type-a-en-alliage-de-zinc-pour-vanne-quantitative","status":"publish","type":"product","link":"https:\/\/www.jinpinlub.com\/fr\/product\/zinc-alloy-a-type-distributor-junction-for-quantitative-valve\/","title":{"rendered":"Jonction de distributeur de type A en alliage de zinc pour vanne quantitative"},"content":{"rendered":"<h2>Caract\u00e9ristiques<\/h2>\n<p><span id=\"input-sentence~1\">1. Il peut r\u00e9sister \u00e0 une certaine pression de travail pour assurer le fonctionnement stable du syst\u00e8me de canalisation de lubrification.<br \/>\n2. Le distributeur de type A est utilis\u00e9 en combinaison avec une bague de compression et un manchon de compression pour fixer le tuyau d&#039;huile.<\/span><span id=\"input-sentence~2\"><br \/>\n3. Le distributeur de type A peut \u00eatre connect\u00e9 \u00e0 une vanne de dosage unidirectionnelle ou \u00e0 un joint de d\u00e9charge proportionnel pour former un distributeur de r\u00e9sistance.<br \/>\n4. Le distributeur de type A avec joint \u00e0 virole n&#039;a aucune exigence en mati\u00e8re de mat\u00e9riau de tuyau. Des tuyaux en nylon, des tuyaux en cuivre et des tuyaux en aluminium peuvent tous \u00eatre utilis\u00e9s.<\/span><\/p>\n<h2>Sp\u00e9cification<\/h2>\n<table>\n<tbody>\n<tr>\n<td>Principe de fonctionnement<\/td>\n<td>Jonction en alliage de zinc<\/td>\n<\/tr>\n<tr>\n<td>Nombre de points de vente<\/td>\n<td>2, 3, 4, 5, 6,7, 8, 10<\/td>\n<\/tr>\n<tr>\n<td>Lubrifiant<\/td>\n<td>Graisse ou huile<\/td>\n<\/tr>\n<tr>\n<td>Temp\u00e9rature de fonctionnement<\/td>\n<td>(-20\u2103 \u00e0 +60 \u00b0C)<\/td>\n<\/tr>\n<tr>\n<td>Pression de service<\/td>\n<td>Max 420 bar<\/td>\n<\/tr>\n<tr>\n<td>Mat\u00e9riel<\/td>\n<td>Mat\u00e9riau en alliage de zinc<\/td>\n<\/tr>\n<tr>\n<td>Connexion ligne principale<\/td>\n<td>\u03a64(M8x1), \u03a66(M10x1)<\/td>\n<\/tr>\n<tr>\n<td>Prise de connexion<\/td>\n<td>\u03a64(M8x1), \u03a66(M10x1)<\/td>\n<\/tr>\n<tr>\n<td>Position de montage<\/td>\n<td>N&#039;importe lequel<\/td>\n<\/tr>\n<\/tbody>\n<\/table>\n<h2>Application<\/h2>\n<p>Utilis\u00e9 comme distributeur d&#039;huile typique et largement utilis\u00e9 dans le syst\u00e8me de lubrification centralis\u00e9 des tours, fraiseuses, machines de moulage par injection et poin\u00e7onneuses, cet \u00e9quipement m\u00e9canique est applicable.<br \/>\nIl est utilis\u00e9 pour connecter diff\u00e9rents pipelines p\u00e9troliers et distribuer ensuite l&#039;huile de lubrification. Il assure une alimentation en huile fluide \u00e0 chaque point de lubrification, am\u00e9liorant ainsi la dur\u00e9e de vie des \u00e9quipements.<\/p>\n<h2>Manuels<\/h2>\n<div class=\"sdm_download_button_box_default\"><div class=\"sdm_download_link\"><a href=\"https:\/\/www.jinpinlub.com\/fr\/?sdm_process_download=1&download_id=3176\" class=\"sdm_download white\" title=\"Priv\u00e9\u00a0: Type-A Distributor\" target=\"&quot;_blank&quot;\">Voir la fiche technique - Distributeur de type A<\/a><\/div><\/div>","protected":false},"excerpt":{"rendered":"<p>Le distributeur de type A est un distributeur utilis\u00e9 dans les conduites de lubrification. Il est utilis\u00e9 dans les syst\u00e8mes de lubrification des machines de moulage par injection, d&#039;impression, d&#039;emballage, de tournage et de fraisage et d&#039;autres \u00e9quipements. Il pr\u00e9sente les avantages de la r\u00e9sistance \u00e0 la corrosion et \u00e0 la rouille.<\/p>","protected":false},"featured_media":3098,"template":"","meta":{"ocean_post_layout":"","ocean_both_sidebars_style":"","ocean_both_sidebars_content_width":0,"ocean_both_sidebars_sidebars_width":0,"ocean_sidebar":"0","ocean_second_sidebar":"0","ocean_disable_margins":"enable","ocean_add_body_class":"","ocean_shortcode_before_top_bar":"","ocean_shortcode_after_top_bar":"","ocean_shortcode_before_header":"","ocean_shortcode_after_header":"","ocean_has_shortcode":"","ocean_shortcode_after_title":"","ocean_shortcode_before_footer_widgets":"","ocean_shortcode_after_footer_widgets":"","ocean_shortcode_before_footer_bottom":"","ocean_shortcode_after_footer_bottom":"","ocean_display_top_bar":"default","ocean_display_header":"default","ocean_header_style":"","ocean_center_header_left_menu":"0","ocean_custom_header_template":"0","ocean_custom_logo":0,"ocean_custom_retina_logo":0,"ocean_custom_logo_max_width":0,"ocean_custom_logo_tablet_max_width":0,"ocean_custom_logo_mobile_max_width":0,"ocean_custom_logo_max_height":0,"ocean_custom_logo_tablet_max_height":0,"ocean_custom_logo_mobile_max_height":0,"ocean_header_custom_menu":"0","ocean_menu_typo_font_family":"0","ocean_menu_typo_font_subset":"","ocean_menu_typo_font_size":0,"ocean_menu_typo_font_size_tablet":0,"ocean_menu_typo_font_size_mobile":0,"ocean_menu_typo_font_size_unit":"px","ocean_menu_typo_font_weight":"","ocean_menu_typo_font_weight_tablet":"","ocean_menu_typo_font_weight_mobile":"","ocean_menu_typo_transform":"","ocean_menu_typo_transform_tablet":"","ocean_menu_typo_transform_mobile":"","ocean_menu_typo_line_height":0,"ocean_menu_typo_line_height_tablet":0,"ocean_menu_typo_line_height_mobile":0,"ocean_menu_typo_line_height_unit":"","ocean_menu_typo_spacing":0,"ocean_menu_typo_spacing_tablet":0,"ocean_menu_typo_spacing_mobile":0,"ocean_menu_typo_spacing_unit":"","ocean_menu_link_color":"","ocean_menu_link_color_hover":"","ocean_menu_link_color_active":"","ocean_menu_link_background":"","ocean_menu_link_hover_background":"","ocean_menu_link_active_background":"","ocean_menu_social_links_bg":"","ocean_menu_social_hover_links_bg":"","ocean_menu_social_links_color":"","ocean_menu_social_hover_links_color":"","ocean_disable_title":"default","ocean_disable_heading":"default","ocean_post_title":"","ocean_post_subheading":"","ocean_post_title_style":"","ocean_post_title_background_color":"","ocean_post_title_background":0,"ocean_post_title_bg_image_position":"","ocean_post_title_bg_image_attachment":"","ocean_post_title_bg_image_repeat":"","ocean_post_title_bg_image_size":"","ocean_post_title_height":0,"ocean_post_title_bg_overlay":0.5,"ocean_post_title_bg_overlay_color":"","ocean_disable_breadcrumbs":"default","ocean_breadcrumbs_color":"","ocean_breadcrumbs_separator_color":"","ocean_breadcrumbs_links_color":"","ocean_breadcrumbs_links_hover_color":"","ocean_display_footer_widgets":"default","ocean_display_footer_bottom":"default","ocean_custom_footer_template":"0","osh_disable_topbar_sticky":"default","osh_disable_header_sticky":"default","osh_sticky_header_style":"default","osh_sticky_header_effect":"","osh_custom_sticky_logo":0,"osh_custom_retina_sticky_logo":0,"osh_custom_sticky_logo_height":0,"osh_background_color":"","osh_links_color":"","osh_links_hover_color":"","osh_links_active_color":"","osh_links_bg_color":"","osh_links_hover_bg_color":"","osh_links_active_bg_color":"","osh_menu_social_links_color":"","osh_menu_social_hover_links_color":""},"product_brand":[],"product_cat":[53,50],"product_tag":[145,146,137],"class_list":{"0":"post-3180","1":"product","2":"type-product","3":"status-publish","4":"has-post-thumbnail","6":"product_cat-resistance-oil-distributors","7":"product_cat-resistance-thin-oil-systems","8":"product_tag-lubricating-oil-block","9":"product_tag-oil-circuit-accessories","10":"product_tag-resistance-distributor","12":"entry","13":"has-media","15":"first","16":"instock","17":"shipping-taxable","18":"product-type-external","19":"col","20":"span_1_of_3","21":"owp-content-center","22":"owp-thumbs-layout-horizontal","23":"owp-btn-very-big","24":"owp-tabs-layout-horizontal"},"_links":{"self":[{"href":"https:\/\/www.jinpinlub.com\/fr\/wp-json\/wp\/v2\/product\/3180","targetHints":{"allow":["GET"]}}],"collection":[{"href":"https:\/\/www.jinpinlub.com\/fr\/wp-json\/wp\/v2\/product"}],"about":[{"href":"https:\/\/www.jinpinlub.com\/fr\/wp-json\/wp\/v2\/types\/product"}],"wp:featuredmedia":[{"embeddable":true,"href":"https:\/\/www.jinpinlub.com\/fr\/wp-json\/wp\/v2\/media\/3098"}],"wp:attachment":[{"href":"https:\/\/www.jinpinlub.com\/fr\/wp-json\/wp\/v2\/media?parent=3180"}],"wp:term":[{"taxonomy":"product_brand","embeddable":true,"href":"https:\/\/www.jinpinlub.com\/fr\/wp-json\/wp\/v2\/product_brand?post=3180"},{"taxonomy":"product_cat","embeddable":true,"href":"https:\/\/www.jinpinlub.com\/fr\/wp-json\/wp\/v2\/product_cat?post=3180"},{"taxonomy":"product_tag","embeddable":true,"href":"https:\/\/www.jinpinlub.com\/fr\/wp-json\/wp\/v2\/product_tag?post=3180"}],"curies":[{"name":"wp","href":"https:\/\/api.w.org\/{rel}","templated":true}]}}