{"id":3186,"date":"2024-08-11T14:59:03","date_gmt":"2024-08-11T14:59:03","guid":{"rendered":"https:\/\/www.jinpinlub.com\/?post_type=product&#038;p=3186"},"modified":"2024-08-11T15:12:36","modified_gmt":"2024-08-11T15:12:36","slug":"injecteur-de-distributeur-de-type-manchon-lt5-pour-pompe-a-huile-volumetrique","status":"publish","type":"product","link":"https:\/\/www.jinpinlub.com\/fr\/product\/lt5-sleeve-type-distributor-injector-for-volumetric-oil-pump\/","title":{"rendered":"Injecteur de type manchon LT5 pour pompe \u00e0 huile volum\u00e9trique"},"content":{"rendered":"<h2>Caract\u00e9ristiques<\/h2>\n<p>1. LT a un d\u00e9bit pr\u00e9cis, c&#039;est-\u00e0-dire que chaque point de lubrification peut s\u00e9lectionner la quantit\u00e9 requise d&#039;huile de lubrification.<br \/>\n2. Il doit \u00eatre utilis\u00e9 avec une pompe volum\u00e9trique pour d\u00e9charger \u00e0 chaque intervalle moteur.<br \/>\n3. Chaque sortie d&#039;huile du LT dispose d&#039;une tige indicatrice, qui peut v\u00e9rifier visuellement l&#039;action, et un interrupteur de proximit\u00e9 ou un micro-interrupteur est en option.<br \/>\n4. La sp\u00e9cification standard du d\u00e9tecteur de proximit\u00e9 est un contact normalement ferm\u00e9 NC, qui g\u00e9n\u00e9rera un signal lorsque la tige indicatrice n&#039;est pas d\u00e9tect\u00e9e en mouvement, et un contact normalement ouvert NO peut \u00e9galement \u00eatre s\u00e9lectionn\u00e9.<br \/>\n5. Le micro-interrupteur ne peut \u00eatre install\u00e9 que sur la sortie d&#039;huile avec un volume de refoulement de 0,5 cc et peut \u00eatre r\u00e9gl\u00e9 sur un contact normalement ouvert NO qui g\u00e9n\u00e8re un signal lorsque le moteur est en mouvement ou un contact normalement ferm\u00e9 NC qui g\u00e9n\u00e8re un signal lorsque le moteur est intermittent.<br \/>\n6. LT propose deux types de raccords de tuyauterie au choix : un tuyau d&#039;assemblage standard et un type \u00e0 enfichage rapide.<\/p>\n<h2>Sp\u00e9cification<\/h2>\n<table>\n<tbody>\n<tr>\n<td>Principe de fonctionnement<\/td>\n<td>Injecteur \u00e0 d\u00e9placement positif<\/td>\n<\/tr>\n<tr>\n<td>Points de vente<\/td>\n<td>2, 3, 4, 5, 6, 7<\/td>\n<\/tr>\n<tr>\n<td>Dosage de la quantit\u00e9 d&#039;huile<\/td>\n<td>0,1, 0,2, 0,3, 0,4, 0,5, 0,06 ml\/cycle<\/td>\n<\/tr>\n<tr>\n<td>Lubrifiant<\/td>\n<td>32~90 cSt \u00e0 40\u00b0C<\/td>\n<\/tr>\n<tr>\n<td>Temp\u00e9rature de fonctionnement<\/td>\n<td>0 \u00e0 +80 \u00b0C<\/td>\n<\/tr>\n<tr>\n<td>Pression de service<\/td>\n<td>8 \u00e0 30 bars<\/td>\n<\/tr>\n<tr>\n<td>Mat\u00e9riel<\/td>\n<td>Zinc moul\u00e9 sous pression, laiton<\/td>\n<\/tr>\n<tr>\n<td>Prise de connexion<\/td>\n<td>Entr\u00e9e \u03a66(M10x1), Sortie \u03a64(M8x1)<\/td>\n<\/tr>\n<tr>\n<td>Raccords de sortie<\/td>\n<td>Type de manchon, type rapide<\/td>\n<\/tr>\n<tr>\n<td>Position de montage<\/td>\n<td>N&#039;importe lequel<\/td>\n<\/tr>\n<\/tbody>\n<\/table>\n<h2>Principe<\/h2>\n<p>Le principe de fonctionnement du distributeur d&#039;huile mince \u00e0 d\u00e9charge de pression LT d\u00e9pend principalement du fonctionnement et du m\u00e9canisme de d\u00e9charge de pression de l&#039;injecteur d&#039;huile. Lorsque la pompe de lubrification fonctionne, elle d\u00e9livre de l&#039;huile de lubrification au distributeur. Lorsque le distributeur est rempli d&#039;huile de lubrification, la machine de lubrification cesse de fonctionner et rel\u00e2che la pression. \u00c0 ce stade, le ressort \u00e0 l&#039;int\u00e9rieur du distributeur LT pousse le piston, d\u00e9livrant une quantit\u00e9 pr\u00e9d\u00e9termin\u00e9e d&#039;huile de lubrification \u00e0 chaque point de lubrification.<\/p>\n<h2>Manuels<\/h2>\n<div class=\"sdm_download_button_box_default\"><div class=\"sdm_download_link\"><a href=\"https:\/\/www.jinpinlub.com\/fr\/?sdm_process_download=1&download_id=2475\" class=\"sdm_download white\" title=\"Priv\u00e9\u00a0: LT Pressure-relief Distributor\" target=\"&quot;_blank&quot;\">Voir la fiche technique - Distributeur LT<\/a><\/div><\/div>","protected":false},"excerpt":{"rendered":"<p>Le distributeur d&#039;huile mince \u00e0 d\u00e9charge de pression est un dispositif utilis\u00e9 dans les syst\u00e8mes de lubrification pour une distribution pr\u00e9cise de l&#039;huile de lubrification. Il permet une alimentation quantitative en huile gr\u00e2ce au fonctionnement et \u00e0 la d\u00e9charge de pression de l&#039;injecteur d&#039;huile, et lorsque la pompe rel\u00e2che la pression, le LT \u00e9vacue l&#039;huile.<\/p>","protected":false},"featured_media":3103,"template":"","meta":{"ocean_post_layout":"","ocean_both_sidebars_style":"","ocean_both_sidebars_content_width":0,"ocean_both_sidebars_sidebars_width":0,"ocean_sidebar":"0","ocean_second_sidebar":"0","ocean_disable_margins":"enable","ocean_add_body_class":"","ocean_shortcode_before_top_bar":"","ocean_shortcode_after_top_bar":"","ocean_shortcode_before_header":"","ocean_shortcode_after_header":"","ocean_has_shortcode":"","ocean_shortcode_after_title":"","ocean_shortcode_before_footer_widgets":"","ocean_shortcode_after_footer_widgets":"","ocean_shortcode_before_footer_bottom":"","ocean_shortcode_after_footer_bottom":"","ocean_display_top_bar":"default","ocean_display_header":"default","ocean_header_style":"","ocean_center_header_left_menu":"0","ocean_custom_header_template":"0","ocean_custom_logo":0,"ocean_custom_retina_logo":0,"ocean_custom_logo_max_width":0,"ocean_custom_logo_tablet_max_width":0,"ocean_custom_logo_mobile_max_width":0,"ocean_custom_logo_max_height":0,"ocean_custom_logo_tablet_max_height":0,"ocean_custom_logo_mobile_max_height":0,"ocean_header_custom_menu":"0","ocean_menu_typo_font_family":"0","ocean_menu_typo_font_subset":"","ocean_menu_typo_font_size":0,"ocean_menu_typo_font_size_tablet":0,"ocean_menu_typo_font_size_mobile":0,"ocean_menu_typo_font_size_unit":"px","ocean_menu_typo_font_weight":"","ocean_menu_typo_font_weight_tablet":"","ocean_menu_typo_font_weight_mobile":"","ocean_menu_typo_transform":"","ocean_menu_typo_transform_tablet":"","ocean_menu_typo_transform_mobile":"","ocean_menu_typo_line_height":0,"ocean_menu_typo_line_height_tablet":0,"ocean_menu_typo_line_height_mobile":0,"ocean_menu_typo_line_height_unit":"","ocean_menu_typo_spacing":0,"ocean_menu_typo_spacing_tablet":0,"ocean_menu_typo_spacing_mobile":0,"ocean_menu_typo_spacing_unit":"","ocean_menu_link_color":"","ocean_menu_link_color_hover":"","ocean_menu_link_color_active":"","ocean_menu_link_background":"","ocean_menu_link_hover_background":"","ocean_menu_link_active_background":"","ocean_menu_social_links_bg":"","ocean_menu_social_hover_links_bg":"","ocean_menu_social_links_color":"","ocean_menu_social_hover_links_color":"","ocean_disable_title":"default","ocean_disable_heading":"default","ocean_post_title":"","ocean_post_subheading":"","ocean_post_title_style":"","ocean_post_title_background_color":"","ocean_post_title_background":0,"ocean_post_title_bg_image_position":"","ocean_post_title_bg_image_attachment":"","ocean_post_title_bg_image_repeat":"","ocean_post_title_bg_image_size":"","ocean_post_title_height":0,"ocean_post_title_bg_overlay":0.5,"ocean_post_title_bg_overlay_color":"","ocean_disable_breadcrumbs":"default","ocean_breadcrumbs_color":"","ocean_breadcrumbs_separator_color":"","ocean_breadcrumbs_links_color":"","ocean_breadcrumbs_links_hover_color":"","ocean_display_footer_widgets":"default","ocean_display_footer_bottom":"default","ocean_custom_footer_template":"0","osh_disable_topbar_sticky":"default","osh_disable_header_sticky":"default","osh_sticky_header_style":"default","osh_sticky_header_effect":"","osh_custom_sticky_logo":0,"osh_custom_retina_sticky_logo":0,"osh_custom_sticky_logo_height":0,"osh_background_color":"","osh_links_color":"","osh_links_hover_color":"","osh_links_active_color":"","osh_links_bg_color":"","osh_links_hover_bg_color":"","osh_links_active_bg_color":"","osh_menu_social_links_color":"","osh_menu_social_hover_links_color":""},"product_brand":[],"product_cat":[49,47],"product_tag":[150,82,83],"class_list":{"0":"post-3186","1":"product","2":"type-product","3":"status-publish","4":"has-post-thumbnail","6":"product_cat-volumetric-oil-injectors","7":"product_cat-volumetric-thin-oil-systems","8":"product_tag-oil-lubrication-distributor","9":"product_tag-positive-displacement-injector","10":"product_tag-pressure-relief-distributor","12":"entry","13":"has-media","15":"first","16":"instock","17":"shipping-taxable","18":"product-type-external","19":"col","20":"span_1_of_3","21":"owp-content-center","22":"owp-thumbs-layout-horizontal","23":"owp-btn-very-big","24":"owp-tabs-layout-horizontal"},"_links":{"self":[{"href":"https:\/\/www.jinpinlub.com\/fr\/wp-json\/wp\/v2\/product\/3186","targetHints":{"allow":["GET"]}}],"collection":[{"href":"https:\/\/www.jinpinlub.com\/fr\/wp-json\/wp\/v2\/product"}],"about":[{"href":"https:\/\/www.jinpinlub.com\/fr\/wp-json\/wp\/v2\/types\/product"}],"wp:featuredmedia":[{"embeddable":true,"href":"https:\/\/www.jinpinlub.com\/fr\/wp-json\/wp\/v2\/media\/3103"}],"wp:attachment":[{"href":"https:\/\/www.jinpinlub.com\/fr\/wp-json\/wp\/v2\/media?parent=3186"}],"wp:term":[{"taxonomy":"product_brand","embeddable":true,"href":"https:\/\/www.jinpinlub.com\/fr\/wp-json\/wp\/v2\/product_brand?post=3186"},{"taxonomy":"product_cat","embeddable":true,"href":"https:\/\/www.jinpinlub.com\/fr\/wp-json\/wp\/v2\/product_cat?post=3186"},{"taxonomy":"product_tag","embeddable":true,"href":"https:\/\/www.jinpinlub.com\/fr\/wp-json\/wp\/v2\/product_tag?post=3186"}],"curies":[{"name":"wp","href":"https:\/\/api.w.org\/{rel}","templated":true}]}}