{"id":3190,"date":"2024-08-11T17:46:04","date_gmt":"2024-08-11T17:46:04","guid":{"rendered":"https:\/\/www.jinpinlub.com\/?post_type=product&#038;p=3190"},"modified":"2024-08-14T19:37:48","modified_gmt":"2024-08-14T19:37:48","slug":"manometre-vertical-a-immersion-10-mpa-pour-pompe-de-lubrification","status":"publish","type":"product","link":"https:\/\/www.jinpinlub.com\/fr\/product\/10mpa-immersion-vertical-pressure-gauge-for-lubrication-pump\/","title":{"rendered":"Manom\u00e8tre vertical \u00e0 immersion 10 MPa pour pompe de lubrification"},"content":{"rendered":"<h2>Caract\u00e9ristiques<\/h2>\n<p><span id=\"input-sentence~0\">1. L&#039;utilisation du manom\u00e8tre est stable et fiable : il a de petits diam\u00e8tres et une apparence compacte, tout \u00e0 fait adapt\u00e9e \u00e0 l&#039;application dans les pompes de lubrification.<\/span><span id=\"input-sentence~1\"><br \/>\n2. Le manom\u00e8tre M100 est \u00e9quip\u00e9 d&#039;un couvercle lumineux en acrylique transparent et haute r\u00e9sistance.<br \/>\n3. Le joint de raccordement du manom\u00e8tre est en cuivre pur de classe A.<br \/>\n4. Le manom\u00e8tre M100 est dot\u00e9 d&#039;une coque en fer \u00e9lectrod\u00e9pos\u00e9e, ce qui peut aider \u00e0 prot\u00e9ger l&#039;instrument de presque tous les types de corrosion.<br \/>\n5. Les manom\u00e8tres sont de type immerg\u00e9 vertical, r\u00e9sistants aux vibrations, avec indication gradu\u00e9e pr\u00e9cise.<\/span><\/p>\n<h2>Sp\u00e9cification<\/h2>\n<table>\n<tbody>\n<tr>\n<td>Mod\u00e8le<\/td>\n<td>Bar<\/td>\n<td>Largeur<\/td>\n<td>Longueur<\/td>\n<td>Taper<\/td>\n<\/tr>\n<tr>\n<td>M-15<\/td>\n<td>15<\/td>\n<td>40 mm<\/td>\n<td>38 mm<\/td>\n<td>Sec<\/td>\n<\/tr>\n<tr>\n<td>M-40<\/td>\n<td>40<\/td>\n<td>40 mm<\/td>\n<td>38 mm<\/td>\n<td>Sec<\/td>\n<\/tr>\n<tr>\n<td>MB-40<\/td>\n<td>40<\/td>\n<td>47 mm<\/td>\n<td>60 mm<\/td>\n<td>Huile<\/td>\n<\/tr>\n<tr>\n<td>MB-60<\/td>\n<td>60<\/td>\n<td>47 mm<\/td>\n<td>60 mm<\/td>\n<td>Huile<\/td>\n<\/tr>\n<tr>\n<td>MB-100<\/td>\n<td>100<\/td>\n<td>47 mm<\/td>\n<td>60 mm<\/td>\n<td>Huile<\/td>\n<\/tr>\n<tr>\n<td>MB-250<\/td>\n<td>250<\/td>\n<td>58 mm<\/td>\n<td>75 mm<\/td>\n<td>Huile<\/td>\n<\/tr>\n<tr>\n<td>MB-400<\/td>\n<td>400<\/td>\n<td>58 mm<\/td>\n<td>75 mm<\/td>\n<td>Huile<\/td>\n<\/tr>\n<tr>\n<td>MB-600<\/td>\n<td>600<\/td>\n<td>58 mm<\/td>\n<td>75 mm<\/td>\n<td>Huile<\/td>\n<\/tr>\n<tr>\n<td>MB-700<\/td>\n<td>700<\/td>\n<td>58 mm<\/td>\n<td>75 mm<\/td>\n<td>Huile<\/td>\n<\/tr>\n<\/tbody>\n<\/table>\n<h2>Principe<\/h2>\n<p>Outre son utilisation importante dans les pompes de lubrification, le MB100 est \u00e9galement largement utilis\u00e9 dans les mat\u00e9riaux de construction, les ateliers, les ateliers de r\u00e9paration m\u00e9canique, les usines de fabrication, l&#039;\u00e9nergie et l&#039;exploitation mini\u00e8re, les projets de construction, les pi\u00e8ces automobiles, les accessoires de machines-outils, etc.<\/p>\n<h2>Manuels<\/h2>\n<div class=\"sdm_download_button_box_default\"><div class=\"sdm_download_link\"><a href=\"https:\/\/www.jinpinlub.com\/fr\/?sdm_process_download=1&download_id=3175\" class=\"sdm_download white\" title=\"Priv\u00e9\u00a0: PS\/F\/MF\/MFB\/M\/MB\" target=\"&quot;_blank&quot;\">Voir la fiche technique - PS\/F\/MF\/MFB\/M\/MB<\/a><\/div><\/div>","protected":false},"excerpt":{"rendered":"<p>Le manom\u00e8tre 10 Mpa est principalement utilis\u00e9 dans les pompes de lubrification \u00e0 graisse \u00e9lectriques et les pompes de lubrification \u00e0 graisse manuelles pour un accessoire de syst\u00e8me de pression n\u00e9cessitant une pression plus \u00e9lev\u00e9e. Ils sont remplis d&#039;huile et peuvent \u00eatre utilis\u00e9s sur des machines vibrantes.<\/p>","protected":false},"featured_media":3115,"template":"","meta":{"ocean_post_layout":"","ocean_both_sidebars_style":"","ocean_both_sidebars_content_width":0,"ocean_both_sidebars_sidebars_width":0,"ocean_sidebar":"0","ocean_second_sidebar":"0","ocean_disable_margins":"enable","ocean_add_body_class":"","ocean_shortcode_before_top_bar":"","ocean_shortcode_after_top_bar":"","ocean_shortcode_before_header":"","ocean_shortcode_after_header":"","ocean_has_shortcode":"","ocean_shortcode_after_title":"","ocean_shortcode_before_footer_widgets":"","ocean_shortcode_after_footer_widgets":"","ocean_shortcode_before_footer_bottom":"","ocean_shortcode_after_footer_bottom":"","ocean_display_top_bar":"default","ocean_display_header":"default","ocean_header_style":"","ocean_center_header_left_menu":"0","ocean_custom_header_template":"0","ocean_custom_logo":0,"ocean_custom_retina_logo":0,"ocean_custom_logo_max_width":0,"ocean_custom_logo_tablet_max_width":0,"ocean_custom_logo_mobile_max_width":0,"ocean_custom_logo_max_height":0,"ocean_custom_logo_tablet_max_height":0,"ocean_custom_logo_mobile_max_height":0,"ocean_header_custom_menu":"0","ocean_menu_typo_font_family":"0","ocean_menu_typo_font_subset":"","ocean_menu_typo_font_size":0,"ocean_menu_typo_font_size_tablet":0,"ocean_menu_typo_font_size_mobile":0,"ocean_menu_typo_font_size_unit":"px","ocean_menu_typo_font_weight":"","ocean_menu_typo_font_weight_tablet":"","ocean_menu_typo_font_weight_mobile":"","ocean_menu_typo_transform":"","ocean_menu_typo_transform_tablet":"","ocean_menu_typo_transform_mobile":"","ocean_menu_typo_line_height":0,"ocean_menu_typo_line_height_tablet":0,"ocean_menu_typo_line_height_mobile":0,"ocean_menu_typo_line_height_unit":"","ocean_menu_typo_spacing":0,"ocean_menu_typo_spacing_tablet":0,"ocean_menu_typo_spacing_mobile":0,"ocean_menu_typo_spacing_unit":"","ocean_menu_link_color":"","ocean_menu_link_color_hover":"","ocean_menu_link_color_active":"","ocean_menu_link_background":"","ocean_menu_link_hover_background":"","ocean_menu_link_active_background":"","ocean_menu_social_links_bg":"","ocean_menu_social_hover_links_bg":"","ocean_menu_social_links_color":"","ocean_menu_social_hover_links_color":"","ocean_disable_title":"default","ocean_disable_heading":"default","ocean_post_title":"","ocean_post_subheading":"","ocean_post_title_style":"","ocean_post_title_background_color":"","ocean_post_title_background":0,"ocean_post_title_bg_image_position":"","ocean_post_title_bg_image_attachment":"","ocean_post_title_bg_image_repeat":"","ocean_post_title_bg_image_size":"","ocean_post_title_height":0,"ocean_post_title_bg_overlay":0.5,"ocean_post_title_bg_overlay_color":"","ocean_disable_breadcrumbs":"default","ocean_breadcrumbs_color":"","ocean_breadcrumbs_separator_color":"","ocean_breadcrumbs_links_color":"","ocean_breadcrumbs_links_hover_color":"","ocean_display_footer_widgets":"default","ocean_display_footer_bottom":"default","ocean_custom_footer_template":"0","osh_disable_topbar_sticky":"default","osh_disable_header_sticky":"default","osh_sticky_header_style":"default","osh_sticky_header_effect":"","osh_custom_sticky_logo":0,"osh_custom_retina_sticky_logo":0,"osh_custom_sticky_logo_height":0,"osh_background_color":"","osh_links_color":"","osh_links_hover_color":"","osh_links_active_color":"","osh_links_bg_color":"","osh_links_hover_bg_color":"","osh_links_active_bg_color":"","osh_menu_social_links_color":"","osh_menu_social_hover_links_color":""},"product_brand":[],"product_cat":[31],"product_tag":[158,156,157],"class_list":{"0":"post-3190","1":"product","2":"type-product","3":"status-publish","4":"has-post-thumbnail","6":"product_cat-lube-system-accessories","7":"product_tag-grease-pressure-gauge","8":"product_tag-oil-immersed-pressure-gauge","9":"product_tag-oil-pressure-gauge","11":"entry","12":"has-media","14":"first","15":"instock","16":"shipping-taxable","17":"product-type-external","18":"col","19":"span_1_of_3","20":"owp-content-center","21":"owp-thumbs-layout-horizontal","22":"owp-btn-very-big","23":"owp-tabs-layout-horizontal"},"_links":{"self":[{"href":"https:\/\/www.jinpinlub.com\/fr\/wp-json\/wp\/v2\/product\/3190","targetHints":{"allow":["GET"]}}],"collection":[{"href":"https:\/\/www.jinpinlub.com\/fr\/wp-json\/wp\/v2\/product"}],"about":[{"href":"https:\/\/www.jinpinlub.com\/fr\/wp-json\/wp\/v2\/types\/product"}],"wp:featuredmedia":[{"embeddable":true,"href":"https:\/\/www.jinpinlub.com\/fr\/wp-json\/wp\/v2\/media\/3115"}],"wp:attachment":[{"href":"https:\/\/www.jinpinlub.com\/fr\/wp-json\/wp\/v2\/media?parent=3190"}],"wp:term":[{"taxonomy":"product_brand","embeddable":true,"href":"https:\/\/www.jinpinlub.com\/fr\/wp-json\/wp\/v2\/product_brand?post=3190"},{"taxonomy":"product_cat","embeddable":true,"href":"https:\/\/www.jinpinlub.com\/fr\/wp-json\/wp\/v2\/product_cat?post=3190"},{"taxonomy":"product_tag","embeddable":true,"href":"https:\/\/www.jinpinlub.com\/fr\/wp-json\/wp\/v2\/product_tag?post=3190"}],"curies":[{"name":"wp","href":"https:\/\/api.w.org\/{rel}","templated":true}]}}