{"id":3191,"date":"2024-08-11T18:34:16","date_gmt":"2024-08-11T18:34:16","guid":{"rendered":"https:\/\/www.jinpinlub.com\/?post_type=product&#038;p=3191"},"modified":"2024-08-14T19:38:40","modified_gmt":"2024-08-14T19:38:40","slug":"manometre-a-pression-axiale-a-liquide-mfb-160-160-bar","status":"publish","type":"product","link":"https:\/\/www.jinpinlub.com\/fr\/product\/mfb-160-160bar-axial-liquid-filled-pressure-gauge-manometer\/","title":{"rendered":"Manom\u00e8tre \u00e0 pression axiale rempli de liquide MFB-160 160 bar"},"content":{"rendered":"<h2>Caract\u00e9ristiques<\/h2>\n<p>1. Le changement de pression mesur\u00e9e est entra\u00een\u00e9 par la bielle pour faire tourner l&#039;aiguille \u00e0 l&#039;extr\u00e9mit\u00e9 de l&#039;engrenage en forme d&#039;\u00e9ventail, indiquant la valeur de pression correspondante.<br \/>\n2. Le manom\u00e8tre a une pr\u00e9cision de mesure pr\u00e9cise de 2,5 niveaux, avec des erreurs plus petites et une plus grande pr\u00e9cision.<br \/>\n3. La taille standard du joint en cuivre pour ce manom\u00e8tre est PT1\/8.<br \/>\n4. Le MFB-160 adopte une coque enti\u00e8rement en acier inoxydable avec une duret\u00e9 \u00e9lev\u00e9e et une texture robuste qui ne se corrode pas facilement.<br \/>\n5. Le manom\u00e8tre est r\u00e9sistant aux chocs, rempli de glyc\u00e9rine et r\u00e9sistant aux vibrations de l&#039;environnement de travail.<\/p>\n<h2>Sp\u00e9cification<\/h2>\n<table>\n<tbody>\n<tr>\n<td>Mod\u00e8le<\/td>\n<td>Bar<\/td>\n<td>Largeur<\/td>\n<td>Longueur<\/td>\n<td>Taper<\/td>\n<\/tr>\n<tr>\n<td>MF-15<\/td>\n<td>15<\/td>\n<td>42 mm<\/td>\n<td>38 mm<\/td>\n<td>Sec<\/td>\n<\/tr>\n<tr>\n<td>MF-40<\/td>\n<td>40<\/td>\n<td>42 mm<\/td>\n<td>38 mm<\/td>\n<td>Sec<\/td>\n<\/tr>\n<tr>\n<td>MFB-40<\/td>\n<td>40<\/td>\n<td>47 mm<\/td>\n<td>45 mm<\/td>\n<td>Huile<\/td>\n<\/tr>\n<tr>\n<td>MFB-60<\/td>\n<td>60<\/td>\n<td>47 mm<\/td>\n<td>45 mm<\/td>\n<td>Huile<\/td>\n<\/tr>\n<tr>\n<td>MFB-100<\/td>\n<td>100<\/td>\n<td>47 mm<\/td>\n<td>45 mm<\/td>\n<td>Huile<\/td>\n<\/tr>\n<tr>\n<td>MFB-160<\/td>\n<td>160<\/td>\n<td>47 mm<\/td>\n<td>45 mm<\/td>\n<td>Huile<\/td>\n<\/tr>\n<\/tbody>\n<\/table>\n<h2>Entretien<\/h2>\n<p>Installation et fonctionnement : Assurez-vous que le manom\u00e8tre est correctement install\u00e9, maintenez une bonne connexion entre le manom\u00e8tre et le milieu mesur\u00e9 et \u00e9vitez les fuites et le desserrage.<br \/>\nTenir compte des facteurs environnementaux : Avant la mesure, il est n\u00e9cessaire de prendre en compte l&#039;impact des facteurs environnementaux sur la pression, tels que les changements de temp\u00e9rature, l&#039;humidit\u00e9 et les vibrations, qui peuvent entra\u00eener des erreurs de mesure<br \/>\nMilieu de pression : Assurez-vous de choisir un manom\u00e8tre adapt\u00e9 au milieu et faites attention aux propri\u00e9t\u00e9s et \u00e0 la corrosivit\u00e9 du milieu pour \u00e9viter tout dommage.<\/p>\n<h2>Manuels<\/h2>\n<div class=\"sdm_download_button_box_default\"><div class=\"sdm_download_link\"><a href=\"https:\/\/www.jinpinlub.com\/fr\/?sdm_process_download=1&download_id=3175\" class=\"sdm_download white\" title=\"Priv\u00e9\u00a0: PS\/F\/MF\/MFB\/M\/MB\" target=\"&quot;_blank&quot;\">Voir la fiche technique - PS\/F\/MF\/MFB\/M\/MB<\/a><\/div><\/div>","protected":false},"excerpt":{"rendered":"<p>Le manom\u00e8tre m\u00e9canique immerg\u00e9 dans l&#039;huile MFB-160 est un instrument utilis\u00e9 pour mesurer la pression du fluide, et son principe de fonctionnement est principalement bas\u00e9 sur le principe selon lequel les \u00e9l\u00e9ments \u00e9lastiques (tels que les tubes \u00e0 ressort) se d\u00e9forment lorsqu&#039;ils sont soumis \u00e0 la pression du fluide.<\/p>","protected":false},"featured_media":3123,"template":"","meta":{"ocean_post_layout":"","ocean_both_sidebars_style":"","ocean_both_sidebars_content_width":0,"ocean_both_sidebars_sidebars_width":0,"ocean_sidebar":"0","ocean_second_sidebar":"0","ocean_disable_margins":"enable","ocean_add_body_class":"","ocean_shortcode_before_top_bar":"","ocean_shortcode_after_top_bar":"","ocean_shortcode_before_header":"","ocean_shortcode_after_header":"","ocean_has_shortcode":"","ocean_shortcode_after_title":"","ocean_shortcode_before_footer_widgets":"","ocean_shortcode_after_footer_widgets":"","ocean_shortcode_before_footer_bottom":"","ocean_shortcode_after_footer_bottom":"","ocean_display_top_bar":"default","ocean_display_header":"default","ocean_header_style":"","ocean_center_header_left_menu":"0","ocean_custom_header_template":"0","ocean_custom_logo":0,"ocean_custom_retina_logo":0,"ocean_custom_logo_max_width":0,"ocean_custom_logo_tablet_max_width":0,"ocean_custom_logo_mobile_max_width":0,"ocean_custom_logo_max_height":0,"ocean_custom_logo_tablet_max_height":0,"ocean_custom_logo_mobile_max_height":0,"ocean_header_custom_menu":"0","ocean_menu_typo_font_family":"0","ocean_menu_typo_font_subset":"","ocean_menu_typo_font_size":0,"ocean_menu_typo_font_size_tablet":0,"ocean_menu_typo_font_size_mobile":0,"ocean_menu_typo_font_size_unit":"px","ocean_menu_typo_font_weight":"","ocean_menu_typo_font_weight_tablet":"","ocean_menu_typo_font_weight_mobile":"","ocean_menu_typo_transform":"","ocean_menu_typo_transform_tablet":"","ocean_menu_typo_transform_mobile":"","ocean_menu_typo_line_height":0,"ocean_menu_typo_line_height_tablet":0,"ocean_menu_typo_line_height_mobile":0,"ocean_menu_typo_line_height_unit":"","ocean_menu_typo_spacing":0,"ocean_menu_typo_spacing_tablet":0,"ocean_menu_typo_spacing_mobile":0,"ocean_menu_typo_spacing_unit":"","ocean_menu_link_color":"","ocean_menu_link_color_hover":"","ocean_menu_link_color_active":"","ocean_menu_link_background":"","ocean_menu_link_hover_background":"","ocean_menu_link_active_background":"","ocean_menu_social_links_bg":"","ocean_menu_social_hover_links_bg":"","ocean_menu_social_links_color":"","ocean_menu_social_hover_links_color":"","ocean_disable_title":"default","ocean_disable_heading":"default","ocean_post_title":"","ocean_post_subheading":"","ocean_post_title_style":"","ocean_post_title_background_color":"","ocean_post_title_background":0,"ocean_post_title_bg_image_position":"","ocean_post_title_bg_image_attachment":"","ocean_post_title_bg_image_repeat":"","ocean_post_title_bg_image_size":"","ocean_post_title_height":0,"ocean_post_title_bg_overlay":0.5,"ocean_post_title_bg_overlay_color":"","ocean_disable_breadcrumbs":"default","ocean_breadcrumbs_color":"","ocean_breadcrumbs_separator_color":"","ocean_breadcrumbs_links_color":"","ocean_breadcrumbs_links_hover_color":"","ocean_display_footer_widgets":"default","ocean_display_footer_bottom":"default","ocean_custom_footer_template":"0","osh_disable_topbar_sticky":"default","osh_disable_header_sticky":"default","osh_sticky_header_style":"default","osh_sticky_header_effect":"","osh_custom_sticky_logo":0,"osh_custom_retina_sticky_logo":0,"osh_custom_sticky_logo_height":0,"osh_background_color":"","osh_links_color":"","osh_links_hover_color":"","osh_links_active_color":"","osh_links_bg_color":"","osh_links_hover_bg_color":"","osh_links_active_bg_color":"","osh_menu_social_links_color":"","osh_menu_social_hover_links_color":""},"product_brand":[],"product_cat":[31],"product_tag":[162,156,163],"class_list":{"0":"post-3191","1":"product","2":"type-product","3":"status-publish","4":"has-post-thumbnail","6":"product_cat-lube-system-accessories","7":"product_tag-axial-pressure-gauge","8":"product_tag-oil-immersed-pressure-gauge","9":"product_tag-pump-pressure-gauge","11":"entry","12":"has-media","14":"first","15":"instock","16":"shipping-taxable","17":"product-type-external","18":"col","19":"span_1_of_3","20":"owp-content-center","21":"owp-thumbs-layout-horizontal","22":"owp-btn-very-big","23":"owp-tabs-layout-horizontal"},"_links":{"self":[{"href":"https:\/\/www.jinpinlub.com\/fr\/wp-json\/wp\/v2\/product\/3191","targetHints":{"allow":["GET"]}}],"collection":[{"href":"https:\/\/www.jinpinlub.com\/fr\/wp-json\/wp\/v2\/product"}],"about":[{"href":"https:\/\/www.jinpinlub.com\/fr\/wp-json\/wp\/v2\/types\/product"}],"wp:featuredmedia":[{"embeddable":true,"href":"https:\/\/www.jinpinlub.com\/fr\/wp-json\/wp\/v2\/media\/3123"}],"wp:attachment":[{"href":"https:\/\/www.jinpinlub.com\/fr\/wp-json\/wp\/v2\/media?parent=3191"}],"wp:term":[{"taxonomy":"product_brand","embeddable":true,"href":"https:\/\/www.jinpinlub.com\/fr\/wp-json\/wp\/v2\/product_brand?post=3191"},{"taxonomy":"product_cat","embeddable":true,"href":"https:\/\/www.jinpinlub.com\/fr\/wp-json\/wp\/v2\/product_cat?post=3191"},{"taxonomy":"product_tag","embeddable":true,"href":"https:\/\/www.jinpinlub.com\/fr\/wp-json\/wp\/v2\/product_tag?post=3191"}],"curies":[{"name":"wp","href":"https:\/\/api.w.org\/{rel}","templated":true}]}}