{"id":3195,"date":"2024-08-12T08:42:34","date_gmt":"2024-08-12T08:42:34","guid":{"rendered":"https:\/\/www.jinpinlub.com\/?post_type=product&#038;p=3195"},"modified":"2024-08-12T09:09:59","modified_gmt":"2024-08-12T09:09:59","slug":"bloc-de-jonction-a-3-voies-en-alliage-daluminium-mgj-3-pour-vanne-de-dosage","status":"publish","type":"product","link":"https:\/\/www.jinpinlub.com\/fr\/product\/mgj-3-aluminum-alloy-3-way-junction-block-for-metering-valve\/","title":{"rendered":"Bloc de jonction \u00e0 3 voies en alliage d&#039;aluminium MGJ-3 pour vanne de dosage"},"content":{"rendered":"<h2>Caract\u00e9ristiques<\/h2>\n<p>Entr\u00e9e : connect\u00e9e \u00e0 la conduite principale d&#039;alimentation en p\u00e9trole, recevant l&#039;huile de lubrification de la station de pompage.<br \/>\nSortie : connect\u00e9e \u00e0 chaque point de lubrification, d\u00e9livrant de l&#039;huile de lubrification.<br \/>\nDispositif de dosage : Le dispositif de dosage interne garantit que la quantit\u00e9 d&#039;huile lubrifiante distribu\u00e9e \u00e0 chaque sortie est pr\u00e9cise \u00e0 chaque fois.<br \/>\nFabriqu\u00e9 en alliage d&#039;aluminium, avec surface anodis\u00e9e, belle apparence. Les trous de montage peuvent \u00eatre trait\u00e9s selon les besoins.<\/p>\n<h2>Sp\u00e9cification<\/h2>\n<figure id=\"attachment_3197\" aria-describedby=\"caption-attachment-3197\" style=\"width: 900px\" class=\"wp-caption alignnone\"><img loading=\"lazy\" decoding=\"async\" class=\"size-full wp-image-3197\" src=\"https:\/\/www.jinpinlub.com\/wp-content\/uploads\/2024\/08\/MGJ-junction.jpg\" alt=\"Jonction MGJ\" width=\"900\" height=\"584\" srcset=\"https:\/\/www.jinpinlub.com\/wp-content\/uploads\/2024\/08\/MGJ-junction.jpg 900w, https:\/\/www.jinpinlub.com\/wp-content\/uploads\/2024\/08\/MGJ-junction-300x195.jpg 300w, https:\/\/www.jinpinlub.com\/wp-content\/uploads\/2024\/08\/MGJ-junction-768x498.jpg 768w, https:\/\/www.jinpinlub.com\/wp-content\/uploads\/2024\/08\/MGJ-junction-18x12.jpg 18w, https:\/\/www.jinpinlub.com\/wp-content\/uploads\/2024\/08\/MGJ-junction-800x519.jpg 800w\" sizes=\"auto, (max-width: 900px) 100vw, 900px\" \/><figcaption id=\"caption-attachment-3197\" class=\"wp-caption-text\">Jonction MGJ<\/figcaption><\/figure>\n<table>\n<tbody>\n<tr>\n<td>Mod\u00e8le<\/td>\n<td>Points de vente<\/td>\n<td>L1<\/td>\n<td>L2<\/td>\n<td>NO(g)<\/td>\n<\/tr>\n<tr>\n<td>MGJ-1R<\/td>\n<td>1<\/td>\n<td>33<\/td>\n<td>22<\/td>\n<td>22<\/td>\n<\/tr>\n<tr>\n<td>MGJ-2R<\/td>\n<td>2<\/td>\n<td>49<\/td>\n<td>38<\/td>\n<td>34<\/td>\n<\/tr>\n<tr>\n<td>MGJ-3R<\/td>\n<td>3<\/td>\n<td>65<\/td>\n<td>54<\/td>\n<td>46<\/td>\n<\/tr>\n<tr>\n<td>MGJ-4R<\/td>\n<td>4<\/td>\n<td>81<\/td>\n<td>70<\/td>\n<td>58<\/td>\n<\/tr>\n<tr>\n<td>MGJ-5R<\/td>\n<td>5<\/td>\n<td>97<\/td>\n<td>86<\/td>\n<td>70<\/td>\n<\/tr>\n<tr>\n<td>MGJ-6R<\/td>\n<td>6<\/td>\n<td>113<\/td>\n<td>102<\/td>\n<td>81<\/td>\n<\/tr>\n<tr>\n<td>MGJ-7R<\/td>\n<td>7<\/td>\n<td>127<\/td>\n<td>116<\/td>\n<td>94<\/td>\n<\/tr>\n<tr>\n<td>MGJ-8R<\/td>\n<td>8<\/td>\n<td>143<\/td>\n<td>132<\/td>\n<td>106<\/td>\n<\/tr>\n<tr>\n<td>MGJ-9R<\/td>\n<td>9<\/td>\n<td>159<\/td>\n<td>148<\/td>\n<td>118<\/td>\n<\/tr>\n<tr>\n<td>MGJ-10R<\/td>\n<td>10<\/td>\n<td>175<\/td>\n<td>164<\/td>\n<td>130<\/td>\n<\/tr>\n<tr>\n<td>MGJ-12R<\/td>\n<td>12<\/td>\n<td>207<\/td>\n<td>196<\/td>\n<td>142<\/td>\n<\/tr>\n<\/tbody>\n<\/table>\n<h2>Application<\/h2>\n<p>Fabrication : Les distributeurs sont utilis\u00e9s pour la lubrification de divers \u00e9quipements de production.<br \/>\nIndustrie automobile : les distributeurs sont utilis\u00e9s pour la lubrification des cha\u00eenes de montage et des bras robotis\u00e9s.<br \/>\nTransformation des aliments : Utilis\u00e9 pour la lubrification des \u00e9quipements de transformation des aliments afin de garantir un fonctionnement efficace de l&#039;\u00e9quipement et la s\u00e9curit\u00e9 alimentaire.<\/p>\n<h2>Manuels<\/h2>\n<div class=\"sdm_download_button_box_default\"><div class=\"sdm_download_link\"><a href=\"https:\/\/www.jinpinlub.com\/fr\/?sdm_process_download=1&download_id=2470\" class=\"sdm_download white\" title=\"Priv\u00e9\u00a0: MGK Metering Valve\" target=\"&quot;_blank&quot;\">Voir la fiche technique - Vanne de dosage MGK<\/a><\/div><\/div>","protected":false},"excerpt":{"rendered":"<p>En tant que composant du syst\u00e8me de distribution de graisse \u00e0 ligne unique, le MGJ est un \u00e9l\u00e9ment cl\u00e9 du syst\u00e8me de lubrification centralis\u00e9. Le MGJ peut distribuer uniform\u00e9ment le lubrifiant \u00e0 plusieurs points de lubrification gr\u00e2ce \u00e0 la vanne de dosage MG.<\/p>","protected":false},"featured_media":3128,"template":"","meta":{"ocean_post_layout":"","ocean_both_sidebars_style":"","ocean_both_sidebars_content_width":0,"ocean_both_sidebars_sidebars_width":0,"ocean_sidebar":"0","ocean_second_sidebar":"0","ocean_disable_margins":"enable","ocean_add_body_class":"","ocean_shortcode_before_top_bar":"","ocean_shortcode_after_top_bar":"","ocean_shortcode_before_header":"","ocean_shortcode_after_header":"","ocean_has_shortcode":"","ocean_shortcode_after_title":"","ocean_shortcode_before_footer_widgets":"","ocean_shortcode_after_footer_widgets":"","ocean_shortcode_before_footer_bottom":"","ocean_shortcode_after_footer_bottom":"","ocean_display_top_bar":"default","ocean_display_header":"default","ocean_header_style":"","ocean_center_header_left_menu":"0","ocean_custom_header_template":"0","ocean_custom_logo":0,"ocean_custom_retina_logo":0,"ocean_custom_logo_max_width":0,"ocean_custom_logo_tablet_max_width":0,"ocean_custom_logo_mobile_max_width":0,"ocean_custom_logo_max_height":0,"ocean_custom_logo_tablet_max_height":0,"ocean_custom_logo_mobile_max_height":0,"ocean_header_custom_menu":"0","ocean_menu_typo_font_family":"0","ocean_menu_typo_font_subset":"","ocean_menu_typo_font_size":0,"ocean_menu_typo_font_size_tablet":0,"ocean_menu_typo_font_size_mobile":0,"ocean_menu_typo_font_size_unit":"px","ocean_menu_typo_font_weight":"","ocean_menu_typo_font_weight_tablet":"","ocean_menu_typo_font_weight_mobile":"","ocean_menu_typo_transform":"","ocean_menu_typo_transform_tablet":"","ocean_menu_typo_transform_mobile":"","ocean_menu_typo_line_height":0,"ocean_menu_typo_line_height_tablet":0,"ocean_menu_typo_line_height_mobile":0,"ocean_menu_typo_line_height_unit":"","ocean_menu_typo_spacing":0,"ocean_menu_typo_spacing_tablet":0,"ocean_menu_typo_spacing_mobile":0,"ocean_menu_typo_spacing_unit":"","ocean_menu_link_color":"","ocean_menu_link_color_hover":"","ocean_menu_link_color_active":"","ocean_menu_link_background":"","ocean_menu_link_hover_background":"","ocean_menu_link_active_background":"","ocean_menu_social_links_bg":"","ocean_menu_social_hover_links_bg":"","ocean_menu_social_links_color":"","ocean_menu_social_hover_links_color":"","ocean_disable_title":"default","ocean_disable_heading":"default","ocean_post_title":"","ocean_post_subheading":"","ocean_post_title_style":"","ocean_post_title_background_color":"","ocean_post_title_background":0,"ocean_post_title_bg_image_position":"","ocean_post_title_bg_image_attachment":"","ocean_post_title_bg_image_repeat":"","ocean_post_title_bg_image_size":"","ocean_post_title_height":0,"ocean_post_title_bg_overlay":0.5,"ocean_post_title_bg_overlay_color":"","ocean_disable_breadcrumbs":"default","ocean_breadcrumbs_color":"","ocean_breadcrumbs_separator_color":"","ocean_breadcrumbs_links_color":"","ocean_breadcrumbs_links_hover_color":"","ocean_display_footer_widgets":"default","ocean_display_footer_bottom":"default","ocean_custom_footer_template":"0","osh_disable_topbar_sticky":"default","osh_disable_header_sticky":"default","osh_sticky_header_style":"default","osh_sticky_header_effect":"","osh_custom_sticky_logo":0,"osh_custom_retina_sticky_logo":0,"osh_custom_sticky_logo_height":0,"osh_background_color":"","osh_links_color":"","osh_links_hover_color":"","osh_links_active_color":"","osh_links_bg_color":"","osh_links_hover_bg_color":"","osh_links_active_bg_color":"","osh_menu_social_links_color":"","osh_menu_social_hover_links_color":""},"product_brand":[],"product_cat":[40,37],"product_tag":[164,87,86],"class_list":{"0":"post-3195","1":"product","2":"type-product","3":"status-publish","4":"has-post-thumbnail","6":"product_cat-pressure-relief-metering-valves","7":"product_cat-single-line-grease-systems","8":"product_tag-distributor-junction","9":"product_tag-grease-distributor","10":"product_tag-single-line-distributor","12":"entry","13":"has-media","15":"first","16":"instock","17":"shipping-taxable","18":"product-type-external","19":"col","20":"span_1_of_3","21":"owp-content-center","22":"owp-thumbs-layout-horizontal","23":"owp-btn-very-big","24":"owp-tabs-layout-horizontal"},"_links":{"self":[{"href":"https:\/\/www.jinpinlub.com\/fr\/wp-json\/wp\/v2\/product\/3195","targetHints":{"allow":["GET"]}}],"collection":[{"href":"https:\/\/www.jinpinlub.com\/fr\/wp-json\/wp\/v2\/product"}],"about":[{"href":"https:\/\/www.jinpinlub.com\/fr\/wp-json\/wp\/v2\/types\/product"}],"wp:featuredmedia":[{"embeddable":true,"href":"https:\/\/www.jinpinlub.com\/fr\/wp-json\/wp\/v2\/media\/3128"}],"wp:attachment":[{"href":"https:\/\/www.jinpinlub.com\/fr\/wp-json\/wp\/v2\/media?parent=3195"}],"wp:term":[{"taxonomy":"product_brand","embeddable":true,"href":"https:\/\/www.jinpinlub.com\/fr\/wp-json\/wp\/v2\/product_brand?post=3195"},{"taxonomy":"product_cat","embeddable":true,"href":"https:\/\/www.jinpinlub.com\/fr\/wp-json\/wp\/v2\/product_cat?post=3195"},{"taxonomy":"product_tag","embeddable":true,"href":"https:\/\/www.jinpinlub.com\/fr\/wp-json\/wp\/v2\/product_tag?post=3195"}],"curies":[{"name":"wp","href":"https:\/\/api.w.org\/{rel}","templated":true}]}}