{"id":3203,"date":"2024-08-12T10:08:48","date_gmt":"2024-08-12T10:08:48","guid":{"rendered":"https:\/\/www.jinpinlub.com\/?post_type=product&#038;p=3203"},"modified":"2024-08-12T10:35:31","modified_gmt":"2024-08-12T10:35:31","slug":"adaptateur-droit-filete-male-femelle-a-manchon-pd-pour-pipeline","status":"publish","type":"product","link":"https:\/\/www.jinpinlub.com\/fr\/product\/pd-sleeve-male-female-threaded-straight-adapter-for-pipeline\/","title":{"rendered":"Adaptateur filet\u00e9 droit m\u00e2le femelle \u00e0 manchon PD pour canalisation"},"content":{"rendered":"<h2>Caract\u00e9ristiques<\/h2>\n<p>La conception pr\u00e9cise de l&#039;engrenage de l&#039;adaptateur direct peut \u00eatre \u00e9troitement connect\u00e9e au tuyau de lubrification, avec de fortes performances d&#039;\u00e9tanch\u00e9it\u00e9.<br \/>\nLe connecteur droit est fabriqu\u00e9 en cuivre, avec une forte r\u00e9sistance \u00e0 la rouille et \u00e0 l&#039;oxydation, \u00e0 la corrosion et \u00e0 la pression, et peut s&#039;adapter \u00e0 diff\u00e9rents environnements de travail sans se d\u00e9tacher.<br \/>\nLes filetages de l&#039;adaptateur sont clairs et standard, lisses sans bavures et ne glissent pas facilement une fois serr\u00e9s.<\/p>\n<h2>Sp\u00e9cification<\/h2>\n<figure id=\"attachment_3205\" aria-describedby=\"caption-attachment-3205\" style=\"width: 800px\" class=\"wp-caption alignnone\"><img loading=\"lazy\" decoding=\"async\" class=\"size-full wp-image-3205\" src=\"https:\/\/www.jinpinlub.com\/wp-content\/uploads\/2024\/08\/PD-specifications.jpg\" alt=\"Sp\u00e9cifications PD\" width=\"800\" height=\"990\" srcset=\"https:\/\/www.jinpinlub.com\/wp-content\/uploads\/2024\/08\/PD-specifications.jpg 800w, https:\/\/www.jinpinlub.com\/wp-content\/uploads\/2024\/08\/PD-specifications-242x300.jpg 242w, https:\/\/www.jinpinlub.com\/wp-content\/uploads\/2024\/08\/PD-specifications-768x950.jpg 768w, https:\/\/www.jinpinlub.com\/wp-content\/uploads\/2024\/08\/PD-specifications-10x12.jpg 10w\" sizes=\"auto, (max-width: 800px) 100vw, 800px\" \/><figcaption id=\"caption-attachment-3205\" class=\"wp-caption-text\">Sp\u00e9cifications PD<\/figcaption><\/figure>\n<h2>Application<\/h2>\n<p>Le connecteur droit en cuivre PD est principalement utilis\u00e9 dans diverses s\u00e9ries de canalisations de syst\u00e8mes de lubrification centralis\u00e9e, telles que la connexion entre les pompes et divers tuyaux, tuyaux en cuivre, tuyaux en aluminium, tuyaux en nylon, etc. Il est principalement utilis\u00e9 avec des bagues de compression, des manchons de compression et des chemises de tube pour former des raccords de tuyauterie de type manchon, qui sont les plus largement utilis\u00e9s.<\/p>\n<h2>Manuels<\/h2>\n<div class=\"sdm_download_button_box_default\"><div class=\"sdm_download_link\"><a href=\"https:\/\/www.jinpinlub.com\/fr\/?sdm_process_download=1&download_id=3172\" class=\"sdm_download white\" title=\"Priv\u00e9\u00a0: PA\/PB\/PD\/Connector\" target=\"&quot;_blank&quot;\">Voir la fiche technique - Connecteur PA\/PB\/PD<\/a><\/div><\/div>","protected":false},"excerpt":{"rendered":"<p>Le MB700 permet une mesure pr\u00e9cise et un affichage intuitif de la pression du syst\u00e8me de lubrification gr\u00e2ce \u00e0 la d\u00e9formation des \u00e9l\u00e9ments \u00e9lastiques du manom\u00e8tre, \u00e0 la conversion du m\u00e9canisme de transmission et \u00e0 l&#039;indication des pointeurs.<\/p>","protected":false},"featured_media":3154,"template":"","meta":{"ocean_post_layout":"","ocean_both_sidebars_style":"","ocean_both_sidebars_content_width":0,"ocean_both_sidebars_sidebars_width":0,"ocean_sidebar":"0","ocean_second_sidebar":"0","ocean_disable_margins":"enable","ocean_add_body_class":"","ocean_shortcode_before_top_bar":"","ocean_shortcode_after_top_bar":"","ocean_shortcode_before_header":"","ocean_shortcode_after_header":"","ocean_has_shortcode":"","ocean_shortcode_after_title":"","ocean_shortcode_before_footer_widgets":"","ocean_shortcode_after_footer_widgets":"","ocean_shortcode_before_footer_bottom":"","ocean_shortcode_after_footer_bottom":"","ocean_display_top_bar":"default","ocean_display_header":"default","ocean_header_style":"","ocean_center_header_left_menu":"0","ocean_custom_header_template":"0","ocean_custom_logo":0,"ocean_custom_retina_logo":0,"ocean_custom_logo_max_width":0,"ocean_custom_logo_tablet_max_width":0,"ocean_custom_logo_mobile_max_width":0,"ocean_custom_logo_max_height":0,"ocean_custom_logo_tablet_max_height":0,"ocean_custom_logo_mobile_max_height":0,"ocean_header_custom_menu":"0","ocean_menu_typo_font_family":"0","ocean_menu_typo_font_subset":"","ocean_menu_typo_font_size":0,"ocean_menu_typo_font_size_tablet":0,"ocean_menu_typo_font_size_mobile":0,"ocean_menu_typo_font_size_unit":"px","ocean_menu_typo_font_weight":"","ocean_menu_typo_font_weight_tablet":"","ocean_menu_typo_font_weight_mobile":"","ocean_menu_typo_transform":"","ocean_menu_typo_transform_tablet":"","ocean_menu_typo_transform_mobile":"","ocean_menu_typo_line_height":0,"ocean_menu_typo_line_height_tablet":0,"ocean_menu_typo_line_height_mobile":0,"ocean_menu_typo_line_height_unit":"","ocean_menu_typo_spacing":0,"ocean_menu_typo_spacing_tablet":0,"ocean_menu_typo_spacing_mobile":0,"ocean_menu_typo_spacing_unit":"","ocean_menu_link_color":"","ocean_menu_link_color_hover":"","ocean_menu_link_color_active":"","ocean_menu_link_background":"","ocean_menu_link_hover_background":"","ocean_menu_link_active_background":"","ocean_menu_social_links_bg":"","ocean_menu_social_hover_links_bg":"","ocean_menu_social_links_color":"","ocean_menu_social_hover_links_color":"","ocean_disable_title":"default","ocean_disable_heading":"default","ocean_post_title":"","ocean_post_subheading":"","ocean_post_title_style":"","ocean_post_title_background_color":"","ocean_post_title_background":0,"ocean_post_title_bg_image_position":"","ocean_post_title_bg_image_attachment":"","ocean_post_title_bg_image_repeat":"","ocean_post_title_bg_image_size":"","ocean_post_title_height":0,"ocean_post_title_bg_overlay":0.5,"ocean_post_title_bg_overlay_color":"","ocean_disable_breadcrumbs":"default","ocean_breadcrumbs_color":"","ocean_breadcrumbs_separator_color":"","ocean_breadcrumbs_links_color":"","ocean_breadcrumbs_links_hover_color":"","ocean_display_footer_widgets":"default","ocean_display_footer_bottom":"default","ocean_custom_footer_template":"0","osh_disable_topbar_sticky":"default","osh_disable_header_sticky":"default","osh_sticky_header_style":"default","osh_sticky_header_effect":"","osh_custom_sticky_logo":0,"osh_custom_retina_sticky_logo":0,"osh_custom_sticky_logo_height":0,"osh_background_color":"","osh_links_color":"","osh_links_hover_color":"","osh_links_active_color":"","osh_links_bg_color":"","osh_links_hover_bg_color":"","osh_links_active_bg_color":"","osh_menu_social_links_color":"","osh_menu_social_hover_links_color":""},"product_brand":[],"product_cat":[31],"product_tag":[171,173,172],"class_list":{"0":"post-3203","1":"product","2":"type-product","3":"status-publish","4":"has-post-thumbnail","6":"product_cat-lube-system-accessories","7":"product_tag-oil-tube-connector","8":"product_tag-pd-straight-connector","9":"product_tag-pipeline-adapter","11":"entry","12":"has-media","14":"first","15":"instock","16":"shipping-taxable","17":"product-type-external","18":"col","19":"span_1_of_3","20":"owp-content-center","21":"owp-thumbs-layout-horizontal","22":"owp-btn-very-big","23":"owp-tabs-layout-horizontal"},"_links":{"self":[{"href":"https:\/\/www.jinpinlub.com\/fr\/wp-json\/wp\/v2\/product\/3203","targetHints":{"allow":["GET"]}}],"collection":[{"href":"https:\/\/www.jinpinlub.com\/fr\/wp-json\/wp\/v2\/product"}],"about":[{"href":"https:\/\/www.jinpinlub.com\/fr\/wp-json\/wp\/v2\/types\/product"}],"wp:featuredmedia":[{"embeddable":true,"href":"https:\/\/www.jinpinlub.com\/fr\/wp-json\/wp\/v2\/media\/3154"}],"wp:attachment":[{"href":"https:\/\/www.jinpinlub.com\/fr\/wp-json\/wp\/v2\/media?parent=3203"}],"wp:term":[{"taxonomy":"product_brand","embeddable":true,"href":"https:\/\/www.jinpinlub.com\/fr\/wp-json\/wp\/v2\/product_brand?post=3203"},{"taxonomy":"product_cat","embeddable":true,"href":"https:\/\/www.jinpinlub.com\/fr\/wp-json\/wp\/v2\/product_cat?post=3203"},{"taxonomy":"product_tag","embeddable":true,"href":"https:\/\/www.jinpinlub.com\/fr\/wp-json\/wp\/v2\/product_tag?post=3203"}],"curies":[{"name":"wp","href":"https:\/\/api.w.org\/{rel}","templated":true}]}}