{"id":3208,"date":"2024-08-12T15:06:13","date_gmt":"2024-08-12T15:06:13","guid":{"rendered":"https:\/\/www.jinpinlub.com\/?post_type=product&#038;p=3208"},"modified":"2024-08-12T15:25:51","modified_gmt":"2024-08-12T15:25:51","slug":"connecteur-a-angle-droit-en-cuivre-ph-pour-tuyau-de-systeme-de-lubrification","status":"publish","type":"product","link":"https:\/\/www.jinpinlub.com\/fr\/product\/ph-copper-right-angle-connector-for-lubrication-system-pipe\/","title":{"rendered":"Connecteur \u00e0 angle droit en cuivre PH pour tuyau de syst\u00e8me de lubrification"},"content":{"rendered":"<h2>Caract\u00e9ristiques<\/h2>\n<p>Le mat\u00e9riau de traitement des coudes en cuivre est \u00e9paissi et le produit fini est ferme, r\u00e9sistant \u00e0 l&#039;usure et a une dur\u00e9e de vie plus longue.<br \/>\nLe traitement du connecteur est strictement r\u00e9alis\u00e9 selon les normes internationales, avec une petite plage de tol\u00e9rance.<br \/>\nLe connecteur PH est fabriqu\u00e9 \u00e0 partir d&#039;un traitement en laiton de haute qualit\u00e9, avec un savoir-faire exquis et une attention aux d\u00e9tails.<br \/>\nLes sp\u00e9cifications sont compl\u00e8tes, y compris diff\u00e9rentes tailles de canalisations de syst\u00e8me de lubrification, et des tailles sp\u00e9cifiques peuvent \u00e9galement \u00eatre personnalis\u00e9es.<\/p>\n<h2>Sp\u00e9cification<\/h2>\n<figure id=\"attachment_3207\" aria-describedby=\"caption-attachment-3207\" style=\"width: 800px\" class=\"wp-caption alignnone\"><img loading=\"lazy\" decoding=\"async\" class=\"size-full wp-image-3207\" src=\"https:\/\/www.jinpinlub.com\/wp-content\/uploads\/2024\/08\/PH-specification.jpg\" alt=\"Sp\u00e9cification PH\" width=\"800\" height=\"890\" srcset=\"https:\/\/www.jinpinlub.com\/wp-content\/uploads\/2024\/08\/PH-specification.jpg 800w, https:\/\/www.jinpinlub.com\/wp-content\/uploads\/2024\/08\/PH-specification-270x300.jpg 270w, https:\/\/www.jinpinlub.com\/wp-content\/uploads\/2024\/08\/PH-specification-768x854.jpg 768w, https:\/\/www.jinpinlub.com\/wp-content\/uploads\/2024\/08\/PH-specification-11x12.jpg 11w\" sizes=\"auto, (max-width: 800px) 100vw, 800px\" \/><figcaption id=\"caption-attachment-3207\" class=\"wp-caption-text\">Sp\u00e9cification PH<\/figcaption><\/figure>\n<h2>Application<\/h2>\n<p>Assurez-vous d&#039;une installation correcte : elle doit \u00eatre raccord\u00e9e au syst\u00e8me de lubrification correctement et sans fuites possibles ou mauvaises connexions.<br \/>\nInspection r\u00e9guli\u00e8re : V\u00e9rifiez r\u00e9guli\u00e8rement l\u2019\u00e9tat du connecteur, y compris les signes d\u2019usure, de corrosion ou d\u2019autres dommages.<br \/>\nEviter le fonctionnement en surpression : ne pas d\u00e9passer la pression de service maximale du connecteur ou du syst\u00e8me de lubrification.<br \/>\nFaites attention aux facteurs environnementaux : \u00e9vitez d\u2019utiliser le connecteur dans des temp\u00e9ratures extr\u00eames ou des environnements corrosifs.<\/p>\n<h2>Manuels<\/h2>\n<div class=\"sdm_download_button_box_default\"><div class=\"sdm_download_link\"><a href=\"https:\/\/www.jinpinlub.com\/fr\/?sdm_process_download=1&download_id=3174\" class=\"sdm_download white\" title=\"Priv\u00e9\u00a0: PH\/PD\/PG\" target=\"&quot;_blank&quot;\">Voir la fiche technique - PH\/PD\/PG<\/a><\/div><\/div>","protected":false},"excerpt":{"rendered":"<p>Les raccords coud\u00e9s en cuivre pour tuyaux jouent un r\u00f4le essentiel dans le syst\u00e8me de lubrification. Ils sont principalement utilis\u00e9s pour garantir que le lubrifiant peut \u00eatre transmis en douceur entre les diff\u00e9rents composants et maintenir le fonctionnement normal de l&#039;ensemble du syst\u00e8me.<\/p>","protected":false},"featured_media":3159,"template":"","meta":{"ocean_post_layout":"","ocean_both_sidebars_style":"","ocean_both_sidebars_content_width":0,"ocean_both_sidebars_sidebars_width":0,"ocean_sidebar":"0","ocean_second_sidebar":"0","ocean_disable_margins":"enable","ocean_add_body_class":"","ocean_shortcode_before_top_bar":"","ocean_shortcode_after_top_bar":"","ocean_shortcode_before_header":"","ocean_shortcode_after_header":"","ocean_has_shortcode":"","ocean_shortcode_after_title":"","ocean_shortcode_before_footer_widgets":"","ocean_shortcode_after_footer_widgets":"","ocean_shortcode_before_footer_bottom":"","ocean_shortcode_after_footer_bottom":"","ocean_display_top_bar":"default","ocean_display_header":"default","ocean_header_style":"","ocean_center_header_left_menu":"0","ocean_custom_header_template":"0","ocean_custom_logo":0,"ocean_custom_retina_logo":0,"ocean_custom_logo_max_width":0,"ocean_custom_logo_tablet_max_width":0,"ocean_custom_logo_mobile_max_width":0,"ocean_custom_logo_max_height":0,"ocean_custom_logo_tablet_max_height":0,"ocean_custom_logo_mobile_max_height":0,"ocean_header_custom_menu":"0","ocean_menu_typo_font_family":"0","ocean_menu_typo_font_subset":"","ocean_menu_typo_font_size":0,"ocean_menu_typo_font_size_tablet":0,"ocean_menu_typo_font_size_mobile":0,"ocean_menu_typo_font_size_unit":"px","ocean_menu_typo_font_weight":"","ocean_menu_typo_font_weight_tablet":"","ocean_menu_typo_font_weight_mobile":"","ocean_menu_typo_transform":"","ocean_menu_typo_transform_tablet":"","ocean_menu_typo_transform_mobile":"","ocean_menu_typo_line_height":0,"ocean_menu_typo_line_height_tablet":0,"ocean_menu_typo_line_height_mobile":0,"ocean_menu_typo_line_height_unit":"","ocean_menu_typo_spacing":0,"ocean_menu_typo_spacing_tablet":0,"ocean_menu_typo_spacing_mobile":0,"ocean_menu_typo_spacing_unit":"","ocean_menu_link_color":"","ocean_menu_link_color_hover":"","ocean_menu_link_color_active":"","ocean_menu_link_background":"","ocean_menu_link_hover_background":"","ocean_menu_link_active_background":"","ocean_menu_social_links_bg":"","ocean_menu_social_hover_links_bg":"","ocean_menu_social_links_color":"","ocean_menu_social_hover_links_color":"","ocean_disable_title":"default","ocean_disable_heading":"default","ocean_post_title":"","ocean_post_subheading":"","ocean_post_title_style":"","ocean_post_title_background_color":"","ocean_post_title_background":0,"ocean_post_title_bg_image_position":"","ocean_post_title_bg_image_attachment":"","ocean_post_title_bg_image_repeat":"","ocean_post_title_bg_image_size":"","ocean_post_title_height":0,"ocean_post_title_bg_overlay":0.5,"ocean_post_title_bg_overlay_color":"","ocean_disable_breadcrumbs":"default","ocean_breadcrumbs_color":"","ocean_breadcrumbs_separator_color":"","ocean_breadcrumbs_links_color":"","ocean_breadcrumbs_links_hover_color":"","ocean_display_footer_widgets":"default","ocean_display_footer_bottom":"default","ocean_custom_footer_template":"0","osh_disable_topbar_sticky":"default","osh_disable_header_sticky":"default","osh_sticky_header_style":"default","osh_sticky_header_effect":"","osh_custom_sticky_logo":0,"osh_custom_retina_sticky_logo":0,"osh_custom_sticky_logo_height":0,"osh_background_color":"","osh_links_color":"","osh_links_hover_color":"","osh_links_active_color":"","osh_links_bg_color":"","osh_links_hover_bg_color":"","osh_links_active_bg_color":"","osh_menu_social_links_color":"","osh_menu_social_hover_links_color":""},"product_brand":[],"product_cat":[31],"product_tag":[177,178,179],"class_list":{"0":"post-3208","1":"product","2":"type-product","3":"status-publish","4":"has-post-thumbnail","6":"product_cat-lube-system-accessories","7":"product_tag-right-angle-connector","8":"product_tag-right-angle-elbow","9":"product_tag-screw-in-connector","11":"entry","12":"has-media","14":"first","15":"instock","16":"shipping-taxable","17":"product-type-external","18":"col","19":"span_1_of_3","20":"owp-content-center","21":"owp-thumbs-layout-horizontal","22":"owp-btn-very-big","23":"owp-tabs-layout-horizontal"},"_links":{"self":[{"href":"https:\/\/www.jinpinlub.com\/fr\/wp-json\/wp\/v2\/product\/3208","targetHints":{"allow":["GET"]}}],"collection":[{"href":"https:\/\/www.jinpinlub.com\/fr\/wp-json\/wp\/v2\/product"}],"about":[{"href":"https:\/\/www.jinpinlub.com\/fr\/wp-json\/wp\/v2\/types\/product"}],"wp:featuredmedia":[{"embeddable":true,"href":"https:\/\/www.jinpinlub.com\/fr\/wp-json\/wp\/v2\/media\/3159"}],"wp:attachment":[{"href":"https:\/\/www.jinpinlub.com\/fr\/wp-json\/wp\/v2\/media?parent=3208"}],"wp:term":[{"taxonomy":"product_brand","embeddable":true,"href":"https:\/\/www.jinpinlub.com\/fr\/wp-json\/wp\/v2\/product_brand?post=3208"},{"taxonomy":"product_cat","embeddable":true,"href":"https:\/\/www.jinpinlub.com\/fr\/wp-json\/wp\/v2\/product_cat?post=3208"},{"taxonomy":"product_tag","embeddable":true,"href":"https:\/\/www.jinpinlub.com\/fr\/wp-json\/wp\/v2\/product_tag?post=3208"}],"curies":[{"name":"wp","href":"https:\/\/api.w.org\/{rel}","templated":true}]}}