{"id":3209,"date":"2024-08-12T15:41:06","date_gmt":"2024-08-12T15:41:06","guid":{"rendered":"https:\/\/www.jinpinlub.com\/?post_type=product&#038;p=3209"},"modified":"2024-08-12T15:54:01","modified_gmt":"2024-08-12T15:54:01","slug":"adaptateur-de-canalisation-en-t-fixe-a-3-voies-en-alliage-de-zinc-pkd-6","status":"publish","type":"product","link":"https:\/\/www.jinpinlub.com\/fr\/product\/pkd-6-zinc-alloy-fixed-3-way-tee-connector-pipeline-adapter\/","title":{"rendered":"Adaptateur de canalisation en T fixe \u00e0 3 voies en alliage de zinc PKD-6"},"content":{"rendered":"<h2>Caract\u00e9ristiques<\/h2>\n<p>Mat\u00e9riau : La mati\u00e8re premi\u00e8re utilis\u00e9e dans le processus de fabrication d&#039;un connecteur en T \u00e0 trois voies est l&#039;alliage de zinc. L&#039;alliage de zinc poss\u00e8de d&#039;excellentes propri\u00e9t\u00e9s anticorrosion, qui peuvent r\u00e9sister efficacement \u00e0 la corrosion de milieux tels que l&#039;eau et le gaz.<br \/>\nIl est dot\u00e9 d&#039;une structure en forme de T, ce qui permet de r\u00e9aliser des raccordements de canalisations dans trois directions. De plus, il poss\u00e8de une fonction de fixation pour assurer la stabilit\u00e9 et la fiabilit\u00e9 des raccordements de canalisations.<br \/>\nSp\u00e9cifications : Plusieurs sp\u00e9cifications de joints en T fixes en alliage de zinc peuvent \u00eatre r\u00e9alis\u00e9es en fonction de diff\u00e9rents diam\u00e8tres de tuyaux et exigences de connexion.<br \/>\nRaccordement : Cette cat\u00e9gorie de joint utilise g\u00e9n\u00e9ralement la m\u00e9thode de raccordement par filetage. Lors de l&#039;installation, une correspondance et une \u00e9tanch\u00e9it\u00e9 des filetages doivent \u00eatre garanties pour \u00e9viter toute fuite.<\/p>\n<h2>Sp\u00e9cification<\/h2>\n<figure id=\"attachment_3210\" aria-describedby=\"caption-attachment-3210\" style=\"width: 800px\" class=\"wp-caption alignnone\"><img loading=\"lazy\" decoding=\"async\" class=\"size-full wp-image-3210\" src=\"https:\/\/www.jinpinlub.com\/wp-content\/uploads\/2024\/08\/PKD-specification.jpg\" alt=\"Sp\u00e9cification PKD\" width=\"800\" height=\"390\" srcset=\"https:\/\/www.jinpinlub.com\/wp-content\/uploads\/2024\/08\/PKD-specification.jpg 800w, https:\/\/www.jinpinlub.com\/wp-content\/uploads\/2024\/08\/PKD-specification-300x146.jpg 300w, https:\/\/www.jinpinlub.com\/wp-content\/uploads\/2024\/08\/PKD-specification-768x374.jpg 768w, https:\/\/www.jinpinlub.com\/wp-content\/uploads\/2024\/08\/PKD-specification-18x9.jpg 18w\" sizes=\"auto, (max-width: 800px) 100vw, 800px\" \/><figcaption id=\"caption-attachment-3210\" class=\"wp-caption-text\">Sp\u00e9cification PKD<\/figcaption><\/figure>\n<h2>Application<\/h2>\n<p>Assurez-vous que les sp\u00e9cifications du connecteur \u00e0 trois voies sont compatibles avec les sp\u00e9cifications du tuyau.<br \/>\nAvant l&#039;installation, v\u00e9rifiez que le filetage du joint en T est complet et non endommag\u00e9.<br \/>\nRaccorder conform\u00e9ment \u00e0 la technique d&#039;installation appropri\u00e9e pour garantir une bonne \u00e9tanch\u00e9it\u00e9 et stabilit\u00e9.<br \/>\nDe plus, assurez-vous de v\u00e9rifier et d\u2019entretenir r\u00e9guli\u00e8rement les connexions en T pour \u00e9viter d\u2019endommager le syst\u00e8me.<\/p>\n<h2>Manuels<\/h2>\n<div class=\"sdm_download_button_box_default\"><div class=\"sdm_download_link\"><a href=\"https:\/\/www.jinpinlub.com\/fr\/?sdm_process_download=1&download_id=3171\" class=\"sdm_download white\" title=\"Priv\u00e9\u00a0: OM\/JD\/PKD\/PJD\/PJDB\" target=\"&quot;_blank&quot;\">Voir la fiche technique - OM\/JD\/PKD\/PJD\/PJDB<\/a><\/div><\/div>","protected":false},"excerpt":{"rendered":"<p>Le raccord en T fixe en alliage de zinc est un connecteur de canalisation couramment utilis\u00e9. Les tailles que nous proposons sont parfaitement compatibles avec les canalisations des syst\u00e8mes de lubrification. Il est fabriqu\u00e9 en alliage de zinc et pr\u00e9sente une bonne r\u00e9sistance \u00e0 la corrosion et de bonnes propri\u00e9t\u00e9s m\u00e9caniques.<\/p>","protected":false},"featured_media":3169,"template":"","meta":{"ocean_post_layout":"","ocean_both_sidebars_style":"","ocean_both_sidebars_content_width":0,"ocean_both_sidebars_sidebars_width":0,"ocean_sidebar":"0","ocean_second_sidebar":"0","ocean_disable_margins":"enable","ocean_add_body_class":"","ocean_shortcode_before_top_bar":"","ocean_shortcode_after_top_bar":"","ocean_shortcode_before_header":"","ocean_shortcode_after_header":"","ocean_has_shortcode":"","ocean_shortcode_after_title":"","ocean_shortcode_before_footer_widgets":"","ocean_shortcode_after_footer_widgets":"","ocean_shortcode_before_footer_bottom":"","ocean_shortcode_after_footer_bottom":"","ocean_display_top_bar":"default","ocean_display_header":"default","ocean_header_style":"","ocean_center_header_left_menu":"0","ocean_custom_header_template":"0","ocean_custom_logo":0,"ocean_custom_retina_logo":0,"ocean_custom_logo_max_width":0,"ocean_custom_logo_tablet_max_width":0,"ocean_custom_logo_mobile_max_width":0,"ocean_custom_logo_max_height":0,"ocean_custom_logo_tablet_max_height":0,"ocean_custom_logo_mobile_max_height":0,"ocean_header_custom_menu":"0","ocean_menu_typo_font_family":"0","ocean_menu_typo_font_subset":"","ocean_menu_typo_font_size":0,"ocean_menu_typo_font_size_tablet":0,"ocean_menu_typo_font_size_mobile":0,"ocean_menu_typo_font_size_unit":"px","ocean_menu_typo_font_weight":"","ocean_menu_typo_font_weight_tablet":"","ocean_menu_typo_font_weight_mobile":"","ocean_menu_typo_transform":"","ocean_menu_typo_transform_tablet":"","ocean_menu_typo_transform_mobile":"","ocean_menu_typo_line_height":0,"ocean_menu_typo_line_height_tablet":0,"ocean_menu_typo_line_height_mobile":0,"ocean_menu_typo_line_height_unit":"","ocean_menu_typo_spacing":0,"ocean_menu_typo_spacing_tablet":0,"ocean_menu_typo_spacing_mobile":0,"ocean_menu_typo_spacing_unit":"","ocean_menu_link_color":"","ocean_menu_link_color_hover":"","ocean_menu_link_color_active":"","ocean_menu_link_background":"","ocean_menu_link_hover_background":"","ocean_menu_link_active_background":"","ocean_menu_social_links_bg":"","ocean_menu_social_hover_links_bg":"","ocean_menu_social_links_color":"","ocean_menu_social_hover_links_color":"","ocean_disable_title":"default","ocean_disable_heading":"default","ocean_post_title":"","ocean_post_subheading":"","ocean_post_title_style":"","ocean_post_title_background_color":"","ocean_post_title_background":0,"ocean_post_title_bg_image_position":"","ocean_post_title_bg_image_attachment":"","ocean_post_title_bg_image_repeat":"","ocean_post_title_bg_image_size":"","ocean_post_title_height":0,"ocean_post_title_bg_overlay":0.5,"ocean_post_title_bg_overlay_color":"","ocean_disable_breadcrumbs":"default","ocean_breadcrumbs_color":"","ocean_breadcrumbs_separator_color":"","ocean_breadcrumbs_links_color":"","ocean_breadcrumbs_links_hover_color":"","ocean_display_footer_widgets":"default","ocean_display_footer_bottom":"default","ocean_custom_footer_template":"0","osh_disable_topbar_sticky":"default","osh_disable_header_sticky":"default","osh_sticky_header_style":"default","osh_sticky_header_effect":"","osh_custom_sticky_logo":0,"osh_custom_retina_sticky_logo":0,"osh_custom_sticky_logo_height":0,"osh_background_color":"","osh_links_color":"","osh_links_hover_color":"","osh_links_active_color":"","osh_links_bg_color":"","osh_links_hover_bg_color":"","osh_links_active_bg_color":"","osh_menu_social_links_color":"","osh_menu_social_hover_links_color":""},"product_brand":[],"product_cat":[31],"product_tag":[180,172,181],"class_list":{"0":"post-3209","1":"product","2":"type-product","3":"status-publish","4":"has-post-thumbnail","6":"product_cat-lube-system-accessories","7":"product_tag-fixed-3-way-adapter","8":"product_tag-pipeline-adapter","9":"product_tag-tee-connector","11":"entry","12":"has-media","14":"first","15":"instock","16":"shipping-taxable","17":"product-type-external","18":"col","19":"span_1_of_3","20":"owp-content-center","21":"owp-thumbs-layout-horizontal","22":"owp-btn-very-big","23":"owp-tabs-layout-horizontal"},"_links":{"self":[{"href":"https:\/\/www.jinpinlub.com\/fr\/wp-json\/wp\/v2\/product\/3209","targetHints":{"allow":["GET"]}}],"collection":[{"href":"https:\/\/www.jinpinlub.com\/fr\/wp-json\/wp\/v2\/product"}],"about":[{"href":"https:\/\/www.jinpinlub.com\/fr\/wp-json\/wp\/v2\/types\/product"}],"wp:featuredmedia":[{"embeddable":true,"href":"https:\/\/www.jinpinlub.com\/fr\/wp-json\/wp\/v2\/media\/3169"}],"wp:attachment":[{"href":"https:\/\/www.jinpinlub.com\/fr\/wp-json\/wp\/v2\/media?parent=3209"}],"wp:term":[{"taxonomy":"product_brand","embeddable":true,"href":"https:\/\/www.jinpinlub.com\/fr\/wp-json\/wp\/v2\/product_brand?post=3209"},{"taxonomy":"product_cat","embeddable":true,"href":"https:\/\/www.jinpinlub.com\/fr\/wp-json\/wp\/v2\/product_cat?post=3209"},{"taxonomy":"product_tag","embeddable":true,"href":"https:\/\/www.jinpinlub.com\/fr\/wp-json\/wp\/v2\/product_tag?post=3209"}],"curies":[{"name":"wp","href":"https:\/\/api.w.org\/{rel}","templated":true}]}}