{"id":3211,"date":"2024-08-12T15:55:10","date_gmt":"2024-08-12T15:55:10","guid":{"rendered":"https:\/\/www.jinpinlub.com\/?post_type=product&#038;p=3211"},"modified":"2024-08-12T16:12:24","modified_gmt":"2024-08-12T16:12:24","slug":"connecteur-de-separation-a-joint-transversal-fixe-pjd-6-pour-pipelines","status":"publish","type":"product","link":"https:\/\/www.jinpinlub.com\/fr\/product\/pjd-6-fixed-cross-joint-separation-connector-for-piplelines\/","title":{"rendered":"Connecteur de s\u00e9paration \u00e0 joint transversal fixe PJD-6 pour canalisations"},"content":{"rendered":"<h2>Caract\u00e9ristiques<\/h2>\n<p>Mat\u00e9riau : L&#039;alliage de zinc est partiellement r\u00e9sistant \u00e0 la corrosion et solide, et les joints \u00e0 quatre voies en alliage de zinc ont une valeur \u00e9conomique.<br \/>\nM\u00e9thode de connexion : les joints \u00e0 quatre voies PJD des canalisations de lubrification g\u00e9n\u00e9rale peuvent connecter diff\u00e9rents tuyaux en assemblant uniquement la bague de compression, le manchon de compression et la chemise de tuyau.<br \/>\nPerformances en termes de co\u00fbts \u00e9lev\u00e9s : les joints fixes \u00e0 quatre voies en alliage de zinc ont leur place dans certaines applications \u00e0 basse pression, \u00e0 basse temp\u00e9rature ou exigeantes en termes de co\u00fbts.<\/p>\n<h2>Sp\u00e9cification<\/h2>\n<figure id=\"attachment_3212\" aria-describedby=\"caption-attachment-3212\" style=\"width: 800px\" class=\"wp-caption alignnone\"><img loading=\"lazy\" decoding=\"async\" class=\"size-full wp-image-3212\" src=\"https:\/\/www.jinpinlub.com\/wp-content\/uploads\/2024\/08\/PJD-specification.jpg\" alt=\"Sp\u00e9cification PJD\" width=\"800\" height=\"380\" srcset=\"https:\/\/www.jinpinlub.com\/wp-content\/uploads\/2024\/08\/PJD-specification.jpg 800w, https:\/\/www.jinpinlub.com\/wp-content\/uploads\/2024\/08\/PJD-specification-300x143.jpg 300w, https:\/\/www.jinpinlub.com\/wp-content\/uploads\/2024\/08\/PJD-specification-768x365.jpg 768w, https:\/\/www.jinpinlub.com\/wp-content\/uploads\/2024\/08\/PJD-specification-18x9.jpg 18w\" sizes=\"auto, (max-width: 800px) 100vw, 800px\" \/><figcaption id=\"caption-attachment-3212\" class=\"wp-caption-text\">Sp\u00e9cification PJD<\/figcaption><\/figure>\n<h2>Application<\/h2>\n<p>Les connecteurs \u00e0 quatre voies PJD sont utilis\u00e9s dans les syst\u00e8mes de lubrification de diverses machines et \u00e9quipements industriels dans les secteurs de la chimie, du p\u00e9trole, de la m\u00e9tallurgie, du gaz, de l&#039;\u00e9nergie, de la construction navale, de l&#039;automobile et de la construction. Ils relient principalement quatre tuyaux de syst\u00e8mes de lubrification pour r\u00e9aliser la distribution, le d\u00e9tournement ou le retournement des lubrifiants.<\/p>\n<h2>Manuels<\/h2>\n<div class=\"sdm_download_button_box_default\"><div class=\"sdm_download_link\"><a href=\"https:\/\/www.jinpinlub.com\/fr\/?sdm_process_download=1&download_id=3171\" class=\"sdm_download white\" title=\"Priv\u00e9\u00a0: OM\/JD\/PKD\/PJD\/PJDB\" target=\"&quot;_blank&quot;\">Voir la fiche technique - OM\/JD\/PKD\/PJD\/PJDB<\/a><\/div><\/div>","protected":false},"excerpt":{"rendered":"<p>Le joint fixe \u00e0 quatre voies en alliage de zinc PJD est un type de connecteur de canalisation utilis\u00e9 pour connecter quatre tuyaux dans des canalisations de lubrification. Ce type de joint est g\u00e9n\u00e9ralement utilis\u00e9 dans les situations o\u00f9 une connexion ou une direction flexible est requise.<\/p>","protected":false},"featured_media":3163,"template":"","meta":{"ocean_post_layout":"","ocean_both_sidebars_style":"","ocean_both_sidebars_content_width":0,"ocean_both_sidebars_sidebars_width":0,"ocean_sidebar":"0","ocean_second_sidebar":"0","ocean_disable_margins":"enable","ocean_add_body_class":"","ocean_shortcode_before_top_bar":"","ocean_shortcode_after_top_bar":"","ocean_shortcode_before_header":"","ocean_shortcode_after_header":"","ocean_has_shortcode":"","ocean_shortcode_after_title":"","ocean_shortcode_before_footer_widgets":"","ocean_shortcode_after_footer_widgets":"","ocean_shortcode_before_footer_bottom":"","ocean_shortcode_after_footer_bottom":"","ocean_display_top_bar":"default","ocean_display_header":"default","ocean_header_style":"","ocean_center_header_left_menu":"0","ocean_custom_header_template":"0","ocean_custom_logo":0,"ocean_custom_retina_logo":0,"ocean_custom_logo_max_width":0,"ocean_custom_logo_tablet_max_width":0,"ocean_custom_logo_mobile_max_width":0,"ocean_custom_logo_max_height":0,"ocean_custom_logo_tablet_max_height":0,"ocean_custom_logo_mobile_max_height":0,"ocean_header_custom_menu":"0","ocean_menu_typo_font_family":"0","ocean_menu_typo_font_subset":"","ocean_menu_typo_font_size":0,"ocean_menu_typo_font_size_tablet":0,"ocean_menu_typo_font_size_mobile":0,"ocean_menu_typo_font_size_unit":"px","ocean_menu_typo_font_weight":"","ocean_menu_typo_font_weight_tablet":"","ocean_menu_typo_font_weight_mobile":"","ocean_menu_typo_transform":"","ocean_menu_typo_transform_tablet":"","ocean_menu_typo_transform_mobile":"","ocean_menu_typo_line_height":0,"ocean_menu_typo_line_height_tablet":0,"ocean_menu_typo_line_height_mobile":0,"ocean_menu_typo_line_height_unit":"","ocean_menu_typo_spacing":0,"ocean_menu_typo_spacing_tablet":0,"ocean_menu_typo_spacing_mobile":0,"ocean_menu_typo_spacing_unit":"","ocean_menu_link_color":"","ocean_menu_link_color_hover":"","ocean_menu_link_color_active":"","ocean_menu_link_background":"","ocean_menu_link_hover_background":"","ocean_menu_link_active_background":"","ocean_menu_social_links_bg":"","ocean_menu_social_hover_links_bg":"","ocean_menu_social_links_color":"","ocean_menu_social_hover_links_color":"","ocean_disable_title":"default","ocean_disable_heading":"default","ocean_post_title":"","ocean_post_subheading":"","ocean_post_title_style":"","ocean_post_title_background_color":"","ocean_post_title_background":0,"ocean_post_title_bg_image_position":"","ocean_post_title_bg_image_attachment":"","ocean_post_title_bg_image_repeat":"","ocean_post_title_bg_image_size":"","ocean_post_title_height":0,"ocean_post_title_bg_overlay":0.5,"ocean_post_title_bg_overlay_color":"","ocean_disable_breadcrumbs":"default","ocean_breadcrumbs_color":"","ocean_breadcrumbs_separator_color":"","ocean_breadcrumbs_links_color":"","ocean_breadcrumbs_links_hover_color":"","ocean_display_footer_widgets":"default","ocean_display_footer_bottom":"default","ocean_custom_footer_template":"0","osh_disable_topbar_sticky":"default","osh_disable_header_sticky":"default","osh_sticky_header_style":"default","osh_sticky_header_effect":"","osh_custom_sticky_logo":0,"osh_custom_retina_sticky_logo":0,"osh_custom_sticky_logo_height":0,"osh_background_color":"","osh_links_color":"","osh_links_hover_color":"","osh_links_active_color":"","osh_links_bg_color":"","osh_links_hover_bg_color":"","osh_links_active_bg_color":"","osh_menu_social_links_color":"","osh_menu_social_hover_links_color":""},"product_brand":[],"product_cat":[31],"product_tag":[182,172,138],"class_list":{"0":"post-3211","1":"product","2":"type-product","3":"status-publish","4":"has-post-thumbnail","6":"product_cat-lube-system-accessories","7":"product_tag-fixed-cross-joint","8":"product_tag-pipeline-adapter","9":"product_tag-pipeline-connector","11":"entry","12":"has-media","14":"first","15":"instock","16":"shipping-taxable","17":"product-type-external","18":"col","19":"span_1_of_3","20":"owp-content-center","21":"owp-thumbs-layout-horizontal","22":"owp-btn-very-big","23":"owp-tabs-layout-horizontal"},"_links":{"self":[{"href":"https:\/\/www.jinpinlub.com\/fr\/wp-json\/wp\/v2\/product\/3211","targetHints":{"allow":["GET"]}}],"collection":[{"href":"https:\/\/www.jinpinlub.com\/fr\/wp-json\/wp\/v2\/product"}],"about":[{"href":"https:\/\/www.jinpinlub.com\/fr\/wp-json\/wp\/v2\/types\/product"}],"wp:featuredmedia":[{"embeddable":true,"href":"https:\/\/www.jinpinlub.com\/fr\/wp-json\/wp\/v2\/media\/3163"}],"wp:attachment":[{"href":"https:\/\/www.jinpinlub.com\/fr\/wp-json\/wp\/v2\/media?parent=3211"}],"wp:term":[{"taxonomy":"product_brand","embeddable":true,"href":"https:\/\/www.jinpinlub.com\/fr\/wp-json\/wp\/v2\/product_brand?post=3211"},{"taxonomy":"product_cat","embeddable":true,"href":"https:\/\/www.jinpinlub.com\/fr\/wp-json\/wp\/v2\/product_cat?post=3211"},{"taxonomy":"product_tag","embeddable":true,"href":"https:\/\/www.jinpinlub.com\/fr\/wp-json\/wp\/v2\/product_tag?post=3211"}],"curies":[{"name":"wp","href":"https:\/\/api.w.org\/{rel}","templated":true}]}}