{"id":3225,"date":"2024-08-15T19:58:29","date_gmt":"2024-08-15T19:58:29","guid":{"rendered":"https:\/\/www.jinpinlub.com\/?post_type=product&#038;p=3225"},"modified":"2024-08-15T21:11:52","modified_gmt":"2024-08-15T21:11:52","slug":"j100-petite-pompe-de-lubrification-electrique-pour-guidage-lineaire-de-roulement","status":"publish","type":"product","link":"https:\/\/www.jinpinlub.com\/fr\/product\/j100-small-electric-lubrication-pump-for-bearing-linear-guide\/","title":{"rendered":"Pompe de lubrification \u00e9lectrique de petite taille J100 pour guidage lin\u00e9aire de roulement"},"content":{"rendered":"<h2>Caract\u00e9ristiques<\/h2>\n<p>Rentabilit\u00e9 et fiabilit\u00e9 : la pompe \u00e0 graisse \u00e9lectrique J100 offre une solution de lubrification centralis\u00e9e \u00e9conomique et hautement fiable pour les roulements et les guides lin\u00e9aires des \u00e9quipements m\u00e9caniques.<br \/>\nFacile \u00e0 utiliser : facile \u00e0 installer et \u00e0 utiliser, le cycle de travail de la pompe de lubrification J100 peut \u00eatre contr\u00f4l\u00e9 par PLC ou contr\u00f4leur int\u00e9gr\u00e9.<br \/>\nCompatible avec plusieurs r\u00e9servoirs d&#039;huile : le lubrificateur de graisse J100 peut \u00eatre utilis\u00e9 avec des cartouches de graisse pr\u00e9remplies ou avec une vari\u00e9t\u00e9 de r\u00e9servoirs d&#039;huile en plastique de diff\u00e9rentes tailles.<br \/>\nExtensibilit\u00e9 : En fonction de la situation sp\u00e9cifique du syst\u00e8me de lubrification, la pompe de lubrification peut \u00eatre \u00e9tendue \u00e0 davantage de points de lubrification, et la pompe peut m\u00eame \u00eatre convertie en pompe monoligne ou en pompe progressive.<br \/>\nFonction d&#039;alerte pr\u00e9coce : la pompe de lubrification dispose d&#039;une surveillance du niveau de remplissage avec fonction d&#039;alerte pr\u00e9coce pour garantir un niveau de lubrifiant suffisant.<\/p>\n<h2>Sp\u00e9cification<\/h2>\n<table>\n<tbody>\n<tr>\n<td>Temp\u00e9rature de fonctionnement<\/td>\n<td>0~+50\u00b0C<\/td>\n<\/tr>\n<tr>\n<td>Nombre de points de vente<\/td>\n<td>1, 2<\/td>\n<\/tr>\n<tr>\n<td>Capacit\u00e9 du r\u00e9servoir<\/td>\n<td>0,3 L, 1,5 L (r\u00e9servoir), 0,3 L, 0,7 L (cartouche)<\/td>\n<\/tr>\n<tr>\n<td>Remplissage<\/td>\n<td>Raccord de lubrification hydraulique<\/td>\n<\/tr>\n<tr>\n<td>Lubrifiant<\/td>\n<td>Graisses de grade NLGI 000~2#<\/td>\n<\/tr>\n<tr>\n<td>Classe de protection<\/td>\n<td>IP54<\/td>\n<\/tr>\n<tr>\n<td>D\u00e9charge<\/td>\n<td>15 ml\/min<\/td>\n<\/tr>\n<tr>\n<td>Pression de service max.<\/td>\n<td>8 MPa<\/td>\n<\/tr>\n<tr>\n<td>Fil de connexion<\/td>\n<td>\u03a66 ou \u03a68<\/td>\n<\/tr>\n<tr>\n<td>Tension de fonctionnement<\/td>\n<td>24 V CC<\/td>\n<\/tr>\n<tr>\n<td>Certification<\/td>\n<td>CE<\/td>\n<\/tr>\n<tr>\n<td>Position de montage<\/td>\n<td>Droit<\/td>\n<\/tr>\n<\/tbody>\n<\/table>\n<h2>Applications<\/h2>\n<p>Roulement et guide : Cela signifie que les pompes de lubrification J100 conviennent aux petits \u00e9quipements m\u00e9caniques qui n\u00e9cessitent une lubrification pour assurer le fonctionnement normal des roulements et des guides, prolongeant ainsi la dur\u00e9e de vie de l&#039;\u00e9quipement.<br \/>\nIndustrie des machines-outils : les pompes de lubrification J100 peuvent \u00eatre utilis\u00e9es pour lubrifier les composants cl\u00e9s, tels que les broches et les guides des machines-outils afin d&#039;am\u00e9liorer la pr\u00e9cision et la stabilit\u00e9 de la machine-outil.<br \/>\nDans les machines d&#039;emballage, cette pompe de lubrification J100 garantira que chaque point de lubrification le long de la ligne de production est bien lubrifi\u00e9 en temps opportun et avec pr\u00e9cision, am\u00e9liorant ainsi l&#039;efficacit\u00e9 de la production.<br \/>\nMachines textiles : les pompes \u00e0 graisse J100 sont applicables \u00e0 la lubrification des composants cl\u00e9s des machines textiles comme les tambours de filage et les m\u00e9tiers \u00e0 tisser pour garantir le bon d\u00e9roulement du processus de production textile.<\/p>\n<h2>Manuels<\/h2>\n<div class=\"sdm_download_button_box_default\"><div class=\"sdm_download_link\"><a href=\"https:\/\/www.jinpinlub.com\/fr\/?sdm_process_download=1&download_id=2462\" class=\"sdm_download white\" title=\"Priv\u00e9\u00a0: J100 Grease Pump\" target=\"&quot;_blank&quot;\">Voir la fiche technique - Pompe \u00e0 graisse J100<\/a><\/div><\/div>","protected":false},"excerpt":{"rendered":"<p>Le lubrifiant J100 peut \u00eatre utilis\u00e9 pour la lubrification des roulements et des guides lin\u00e9aires. Il peut fournir une solution de lubrification \u00e9conomique et hautement fiable et convient aux syst\u00e8mes de lubrification centralis\u00e9s avec jusqu&#039;\u00e0 20 points de lubrification et une conduite de lubrification principale de 15 m\u00e8tres.<\/p>","protected":false},"featured_media":3226,"template":"","meta":{"ocean_post_layout":"","ocean_both_sidebars_style":"","ocean_both_sidebars_content_width":0,"ocean_both_sidebars_sidebars_width":0,"ocean_sidebar":"0","ocean_second_sidebar":"0","ocean_disable_margins":"enable","ocean_add_body_class":"","ocean_shortcode_before_top_bar":"","ocean_shortcode_after_top_bar":"","ocean_shortcode_before_header":"","ocean_shortcode_after_header":"","ocean_has_shortcode":"","ocean_shortcode_after_title":"","ocean_shortcode_before_footer_widgets":"","ocean_shortcode_after_footer_widgets":"","ocean_shortcode_before_footer_bottom":"","ocean_shortcode_after_footer_bottom":"","ocean_display_top_bar":"default","ocean_display_header":"default","ocean_header_style":"","ocean_center_header_left_menu":"0","ocean_custom_header_template":"0","ocean_custom_logo":0,"ocean_custom_retina_logo":0,"ocean_custom_logo_max_width":0,"ocean_custom_logo_tablet_max_width":0,"ocean_custom_logo_mobile_max_width":0,"ocean_custom_logo_max_height":0,"ocean_custom_logo_tablet_max_height":0,"ocean_custom_logo_mobile_max_height":0,"ocean_header_custom_menu":"0","ocean_menu_typo_font_family":"0","ocean_menu_typo_font_subset":"","ocean_menu_typo_font_size":0,"ocean_menu_typo_font_size_tablet":0,"ocean_menu_typo_font_size_mobile":0,"ocean_menu_typo_font_size_unit":"px","ocean_menu_typo_font_weight":"","ocean_menu_typo_font_weight_tablet":"","ocean_menu_typo_font_weight_mobile":"","ocean_menu_typo_transform":"","ocean_menu_typo_transform_tablet":"","ocean_menu_typo_transform_mobile":"","ocean_menu_typo_line_height":0,"ocean_menu_typo_line_height_tablet":0,"ocean_menu_typo_line_height_mobile":0,"ocean_menu_typo_line_height_unit":"","ocean_menu_typo_spacing":0,"ocean_menu_typo_spacing_tablet":0,"ocean_menu_typo_spacing_mobile":0,"ocean_menu_typo_spacing_unit":"","ocean_menu_link_color":"","ocean_menu_link_color_hover":"","ocean_menu_link_color_active":"","ocean_menu_link_background":"","ocean_menu_link_hover_background":"","ocean_menu_link_active_background":"","ocean_menu_social_links_bg":"","ocean_menu_social_hover_links_bg":"","ocean_menu_social_links_color":"","ocean_menu_social_hover_links_color":"","ocean_disable_title":"default","ocean_disable_heading":"default","ocean_post_title":"","ocean_post_subheading":"","ocean_post_title_style":"","ocean_post_title_background_color":"","ocean_post_title_background":0,"ocean_post_title_bg_image_position":"","ocean_post_title_bg_image_attachment":"","ocean_post_title_bg_image_repeat":"","ocean_post_title_bg_image_size":"","ocean_post_title_height":0,"ocean_post_title_bg_overlay":0.5,"ocean_post_title_bg_overlay_color":"","ocean_disable_breadcrumbs":"default","ocean_breadcrumbs_color":"","ocean_breadcrumbs_separator_color":"","ocean_breadcrumbs_links_color":"","ocean_breadcrumbs_links_hover_color":"","ocean_display_footer_widgets":"default","ocean_display_footer_bottom":"default","ocean_custom_footer_template":"0","osh_disable_topbar_sticky":"default","osh_disable_header_sticky":"default","osh_sticky_header_style":"default","osh_sticky_header_effect":"","osh_custom_sticky_logo":0,"osh_custom_retina_sticky_logo":0,"osh_custom_sticky_logo_height":0,"osh_background_color":"","osh_links_color":"","osh_links_hover_color":"","osh_links_active_color":"","osh_links_bg_color":"","osh_links_hover_bg_color":"","osh_links_active_bg_color":"","osh_menu_social_links_color":"","osh_menu_social_hover_links_color":""},"product_brand":[],"product_cat":[42,41],"product_tag":[185,184,183],"class_list":{"0":"post-3225","1":"product","2":"type-product","3":"status-publish","4":"has-post-thumbnail","6":"product_cat-electric-progressive-pumps","7":"product_cat-progressive-grease-systems","8":"product_tag-electric-grease-pump","9":"product_tag-electric-lube-pump","10":"product_tag-lincoln-electric-grease-pump","12":"entry","13":"has-media","15":"first","16":"instock","17":"shipping-taxable","18":"product-type-external","19":"col","20":"span_1_of_3","21":"owp-content-center","22":"owp-thumbs-layout-horizontal","23":"owp-btn-very-big","24":"owp-tabs-layout-horizontal"},"_links":{"self":[{"href":"https:\/\/www.jinpinlub.com\/fr\/wp-json\/wp\/v2\/product\/3225","targetHints":{"allow":["GET"]}}],"collection":[{"href":"https:\/\/www.jinpinlub.com\/fr\/wp-json\/wp\/v2\/product"}],"about":[{"href":"https:\/\/www.jinpinlub.com\/fr\/wp-json\/wp\/v2\/types\/product"}],"wp:featuredmedia":[{"embeddable":true,"href":"https:\/\/www.jinpinlub.com\/fr\/wp-json\/wp\/v2\/media\/3226"}],"wp:attachment":[{"href":"https:\/\/www.jinpinlub.com\/fr\/wp-json\/wp\/v2\/media?parent=3225"}],"wp:term":[{"taxonomy":"product_brand","embeddable":true,"href":"https:\/\/www.jinpinlub.com\/fr\/wp-json\/wp\/v2\/product_brand?post=3225"},{"taxonomy":"product_cat","embeddable":true,"href":"https:\/\/www.jinpinlub.com\/fr\/wp-json\/wp\/v2\/product_cat?post=3225"},{"taxonomy":"product_tag","embeddable":true,"href":"https:\/\/www.jinpinlub.com\/fr\/wp-json\/wp\/v2\/product_tag?post=3225"}],"curies":[{"name":"wp","href":"https:\/\/api.w.org\/{rel}","templated":true}]}}