{"id":3316,"date":"2024-08-15T21:01:37","date_gmt":"2024-08-15T21:01:37","guid":{"rendered":"https:\/\/www.jinpinlub.com\/?post_type=product&#038;p=3316"},"modified":"2024-08-16T15:05:04","modified_gmt":"2024-08-16T15:05:04","slug":"systeme-de-lubrification-centralise-pour-machines-de-petite-et-moyenne-taille","status":"publish","type":"product","link":"https:\/\/www.jinpinlub.com\/fr\/product\/centralized-lubrication-system-for-small-medium-sized-machine\/","title":{"rendered":"Syst\u00e8me de lubrification centralis\u00e9 pour petites et moyennes machines"},"content":{"rendered":"<h2>Caract\u00e9ristiques<\/h2>\n<p>La pompe \u00e9lectrique est contr\u00f4l\u00e9e par l&#039;API h\u00f4te ou un contr\u00f4leur externe pour contr\u00f4ler le temps de fonctionnement et le temps intermittent du cycle de travail de la pompe de lubrification.<br \/>\nUn capteur de faible niveau de graisse peut \u00eatre s\u00e9lectionn\u00e9 pour surveiller le lubrifiant restant dans la pompe \u00e0 graisse en temps r\u00e9el.<br \/>\nLe J100 est con\u00e7u avec une vanne de r\u00e9gulation de pression pour contr\u00f4ler la pression de travail de la pompe de lubrification et prot\u00e9ger sa s\u00e9curit\u00e9 de fonctionnement.<br \/>\nLe J100 est \u00e9quip\u00e9 d&#039;une soupape de ventilation. Lors de la mise en service, l&#039;air pr\u00e9sent dans la cavit\u00e9 de la pompe de lubrification doit d&#039;abord \u00eatre \u00e9limin\u00e9 pour assurer une \u00e9vacuation fluide de l&#039;huile de la pompe de lubrification.<br \/>\nCette pompe de lubrification dispose d&#039;une vari\u00e9t\u00e9 de capacit\u00e9s au choix et peut \u00eatre con\u00e7ue avec un r\u00e9servoir ou une cartouche.<br \/>\nLa pompe \u00e0 piston J100 est une pompe de lubrification hautement adaptable. Elle dispose de 2 sorties et peut desservir deux lignes de lubrification en m\u00eame temps.<\/p>\n<h2>Sp\u00e9cification<\/h2>\n<table>\n<tbody>\n<tr>\n<td>Temp\u00e9rature de fonctionnement<\/td>\n<td>+0\u2103~+50\u2103<\/td>\n<\/tr>\n<tr>\n<td>Nombre de points de vente<\/td>\n<td>1, 2<\/td>\n<\/tr>\n<tr>\n<td>Capacit\u00e9 du r\u00e9servoir<\/td>\n<td>0,3 L, 1,5 L (r\u00e9servoir), 0,3 L, 0,7 L (cartouche)<\/td>\n<\/tr>\n<tr>\n<td>Remplissage<\/td>\n<td>Raccord de lubrification hydraulique<\/td>\n<\/tr>\n<tr>\n<td>Lubrifiant<\/td>\n<td>Graisses de grade NLGI 000~2#<\/td>\n<\/tr>\n<tr>\n<td>Classe de protection<\/td>\n<td>IP54<\/td>\n<\/tr>\n<tr>\n<td>D\u00e9charge<\/td>\n<td>15 ml\/min<\/td>\n<\/tr>\n<tr>\n<td>Pression de service max.<\/td>\n<td>8 MPa<\/td>\n<\/tr>\n<tr>\n<td>Fil de connexion<\/td>\n<td>\u03a66 ou \u03a68<\/td>\n<\/tr>\n<tr>\n<td>Tension de fonctionnement<\/td>\n<td>24 V CC<\/td>\n<\/tr>\n<tr>\n<td>Certification<\/td>\n<td>CE<\/td>\n<\/tr>\n<tr>\n<td>Position de montage<\/td>\n<td>Droit<\/td>\n<\/tr>\n<\/tbody>\n<\/table>\n<h2>Applications<\/h2>\n<p>Fixez toujours la pompe de lubrification J100 sur une surface verticale et plane.<br \/>\nUtilisez 6 boulons M8 \u00e0 travers les trous \u03a69 pour installer et fixer la pompe de lubrification.<br \/>\nLorsque la pompe de lubrification est soumise \u00e0 des vibrations, il est recommand\u00e9 d&#039;appliquer une colle anti-vibration.<br \/>\nLa pompe de lubrification doit \u00eatre install\u00e9e loin de l\u2019eau, de l\u2019huile, des d\u00e9bris et de la poussi\u00e8re.<br \/>\nLors du raccordement \u00e9lectrique du groupe motopompe, veillez \u00e0 prendre des mesures appropri\u00e9es, telles que des c\u00e2bles anti-interf\u00e9rences, pour \u00e9viter les interf\u00e9rences entre les signaux dues \u00e0 un couplage inductif, capacitif ou \u00e9lectromagn\u00e9tique.<\/p>\n<h2>Manuels<\/h2>\n<div class=\"sdm_download_button_box_default\"><div class=\"sdm_download_link\"><a href=\"https:\/\/www.jinpinlub.com\/fr\/?sdm_process_download=1&download_id=2462\" class=\"sdm_download white\" title=\"Priv\u00e9\u00a0: J100 Grease Pump\" target=\"&quot;_blank&quot;\">Voir la fiche technique - Pompe \u00e0 graisse J100<\/a><\/div><\/div>","protected":false},"excerpt":{"rendered":"<p>La pompe \u00e0 graisse J100 est une pompe \u00e0 graisse centralis\u00e9e compacte, fiable et adaptable. Elle dispose de diverses capacit\u00e9s et de plusieurs modes de fonctionnement, tels que le type progressif et le type \u00e0 d\u00e9charge de pression \u00e0 ligne unique avec fonction de d\u00e9charge de pression int\u00e9gr\u00e9e.<\/p>","protected":false},"featured_media":3322,"template":"","meta":{"ocean_post_layout":"","ocean_both_sidebars_style":"","ocean_both_sidebars_content_width":0,"ocean_both_sidebars_sidebars_width":0,"ocean_sidebar":"0","ocean_second_sidebar":"0","ocean_disable_margins":"enable","ocean_add_body_class":"","ocean_shortcode_before_top_bar":"","ocean_shortcode_after_top_bar":"","ocean_shortcode_before_header":"","ocean_shortcode_after_header":"","ocean_has_shortcode":"","ocean_shortcode_after_title":"","ocean_shortcode_before_footer_widgets":"","ocean_shortcode_after_footer_widgets":"","ocean_shortcode_before_footer_bottom":"","ocean_shortcode_after_footer_bottom":"","ocean_display_top_bar":"default","ocean_display_header":"default","ocean_header_style":"","ocean_center_header_left_menu":"0","ocean_custom_header_template":"0","ocean_custom_logo":0,"ocean_custom_retina_logo":0,"ocean_custom_logo_max_width":0,"ocean_custom_logo_tablet_max_width":0,"ocean_custom_logo_mobile_max_width":0,"ocean_custom_logo_max_height":0,"ocean_custom_logo_tablet_max_height":0,"ocean_custom_logo_mobile_max_height":0,"ocean_header_custom_menu":"0","ocean_menu_typo_font_family":"0","ocean_menu_typo_font_subset":"","ocean_menu_typo_font_size":0,"ocean_menu_typo_font_size_tablet":0,"ocean_menu_typo_font_size_mobile":0,"ocean_menu_typo_font_size_unit":"px","ocean_menu_typo_font_weight":"","ocean_menu_typo_font_weight_tablet":"","ocean_menu_typo_font_weight_mobile":"","ocean_menu_typo_transform":"","ocean_menu_typo_transform_tablet":"","ocean_menu_typo_transform_mobile":"","ocean_menu_typo_line_height":0,"ocean_menu_typo_line_height_tablet":0,"ocean_menu_typo_line_height_mobile":0,"ocean_menu_typo_line_height_unit":"","ocean_menu_typo_spacing":0,"ocean_menu_typo_spacing_tablet":0,"ocean_menu_typo_spacing_mobile":0,"ocean_menu_typo_spacing_unit":"","ocean_menu_link_color":"","ocean_menu_link_color_hover":"","ocean_menu_link_color_active":"","ocean_menu_link_background":"","ocean_menu_link_hover_background":"","ocean_menu_link_active_background":"","ocean_menu_social_links_bg":"","ocean_menu_social_hover_links_bg":"","ocean_menu_social_links_color":"","ocean_menu_social_hover_links_color":"","ocean_disable_title":"default","ocean_disable_heading":"default","ocean_post_title":"","ocean_post_subheading":"","ocean_post_title_style":"","ocean_post_title_background_color":"","ocean_post_title_background":0,"ocean_post_title_bg_image_position":"","ocean_post_title_bg_image_attachment":"","ocean_post_title_bg_image_repeat":"","ocean_post_title_bg_image_size":"","ocean_post_title_height":0,"ocean_post_title_bg_overlay":0.5,"ocean_post_title_bg_overlay_color":"","ocean_disable_breadcrumbs":"default","ocean_breadcrumbs_color":"","ocean_breadcrumbs_separator_color":"","ocean_breadcrumbs_links_color":"","ocean_breadcrumbs_links_hover_color":"","ocean_display_footer_widgets":"default","ocean_display_footer_bottom":"default","ocean_custom_footer_template":"0","osh_disable_topbar_sticky":"default","osh_disable_header_sticky":"default","osh_sticky_header_style":"default","osh_sticky_header_effect":"","osh_custom_sticky_logo":0,"osh_custom_retina_sticky_logo":0,"osh_custom_sticky_logo_height":0,"osh_background_color":"","osh_links_color":"","osh_links_hover_color":"","osh_links_active_color":"","osh_links_bg_color":"","osh_links_hover_bg_color":"","osh_links_active_bg_color":"","osh_menu_social_links_color":"","osh_menu_social_hover_links_color":""},"product_brand":[],"product_cat":[42,41],"product_tag":[190,192,191],"class_list":{"0":"post-3316","1":"product","2":"type-product","3":"status-publish","4":"has-post-thumbnail","6":"product_cat-electric-progressive-pumps","7":"product_cat-progressive-grease-systems","8":"product_tag-bearing-lubrication-pump","9":"product_tag-central-lubrication-pump","10":"product_tag-cnc-lubrication-pump","12":"entry","13":"has-media","15":"first","16":"instock","17":"shipping-taxable","18":"product-type-external","19":"col","20":"span_1_of_3","21":"owp-content-center","22":"owp-thumbs-layout-horizontal","23":"owp-btn-very-big","24":"owp-tabs-layout-horizontal"},"_links":{"self":[{"href":"https:\/\/www.jinpinlub.com\/fr\/wp-json\/wp\/v2\/product\/3316","targetHints":{"allow":["GET"]}}],"collection":[{"href":"https:\/\/www.jinpinlub.com\/fr\/wp-json\/wp\/v2\/product"}],"about":[{"href":"https:\/\/www.jinpinlub.com\/fr\/wp-json\/wp\/v2\/types\/product"}],"wp:featuredmedia":[{"embeddable":true,"href":"https:\/\/www.jinpinlub.com\/fr\/wp-json\/wp\/v2\/media\/3322"}],"wp:attachment":[{"href":"https:\/\/www.jinpinlub.com\/fr\/wp-json\/wp\/v2\/media?parent=3316"}],"wp:term":[{"taxonomy":"product_brand","embeddable":true,"href":"https:\/\/www.jinpinlub.com\/fr\/wp-json\/wp\/v2\/product_brand?post=3316"},{"taxonomy":"product_cat","embeddable":true,"href":"https:\/\/www.jinpinlub.com\/fr\/wp-json\/wp\/v2\/product_cat?post=3316"},{"taxonomy":"product_tag","embeddable":true,"href":"https:\/\/www.jinpinlub.com\/fr\/wp-json\/wp\/v2\/product_tag?post=3316"}],"curies":[{"name":"wp","href":"https:\/\/api.w.org\/{rel}","templated":true}]}}