{"id":3318,"date":"2024-08-16T14:40:19","date_gmt":"2024-08-16T14:40:19","guid":{"rendered":"https:\/\/www.jinpinlub.com\/?post_type=product&#038;p=3318"},"modified":"2024-08-16T15:03:43","modified_gmt":"2024-08-16T15:03:43","slug":"pompe-de-lubrification-automatique-j100-avec-surveillance-du-niveau-de-remplissage","status":"publish","type":"product","link":"https:\/\/www.jinpinlub.com\/fr\/product\/j100-automatic-lubrication-pump-with-fill-level-monitoring\/","title":{"rendered":"Pompe de lubrification automatique J100 avec surveillance du niveau de remplissage"},"content":{"rendered":"<h2>Caract\u00e9ristiques<\/h2>\n<p>Lubrification efficace : la pompe de lubrification \u00e0 graisse J200 peut fournir un effet de lubrification stable pour assurer le fonctionnement normal de l&#039;\u00e9quipement sous une charge \u00e9lev\u00e9e.<br \/>\nForte durabilit\u00e9 : la pompe \u00e0 graisse simple ligne J200 est fabriqu\u00e9e \u00e0 partir de mat\u00e9riaux de haute qualit\u00e9 et pr\u00e9sente une bonne r\u00e9sistance \u00e0 l&#039;usure et \u00e0 la corrosion.<br \/>\nFonctionnement facile : la pompe de lubrification \u00e0 d\u00e9charge de pression a une conception simple, est facile \u00e0 installer et \u00e0 entretenir, et les utilisateurs peuvent facilement remplacer le lubrifiant.<br \/>\nConception respectueuse de l&#039;environnement : le syst\u00e8me de lubrification l\u00e9ger J200 a une d\u00e9charge pr\u00e9cise, combin\u00e9e \u00e0 une vanne de dosage quantitative comme distributeur, ce qui peut r\u00e9duire le gaspillage de lubrifiant et la pollution et r\u00e9pondre aux exigences de protection de l&#039;environnement.<br \/>\nS\u00fbr et fiable : la pompe de lubrification \u00e9lectrique est dot\u00e9e de fonctions de protection contre les surpressions et d&#039;alarme de faible niveau d&#039;huile pour garantir un fonctionnement s\u00fbr de l&#039;\u00e9quipement.<\/p>\n<h2>Sp\u00e9cification<\/h2>\n<table>\n<tbody>\n<tr>\n<td>Temp\u00e9rature de fonctionnement<\/td>\n<td>0~+50\u00b0C<\/td>\n<\/tr>\n<tr>\n<td>Nombre de points de vente<\/td>\n<td>1, 2<\/td>\n<\/tr>\n<tr>\n<td>Capacit\u00e9 du r\u00e9servoir<\/td>\n<td>0,3 L, 1,5 L (r\u00e9servoir), 0,3 L, 0,7 L (cartouche)<\/td>\n<\/tr>\n<tr>\n<td>Remplissage<\/td>\n<td>Raccord de lubrification hydraulique<\/td>\n<\/tr>\n<tr>\n<td>Lubrifiant<\/td>\n<td>Graisses de grade NLGI 000~2#<\/td>\n<\/tr>\n<tr>\n<td>Classe de protection<\/td>\n<td>IP54<\/td>\n<\/tr>\n<tr>\n<td>D\u00e9charge<\/td>\n<td>15 ml\/min<\/td>\n<\/tr>\n<tr>\n<td>Pression de service max.<\/td>\n<td>8 MPa<\/td>\n<\/tr>\n<tr>\n<td>Fil de connexion<\/td>\n<td>\u03a66 ou \u03a68<\/td>\n<\/tr>\n<tr>\n<td>Tension de fonctionnement<\/td>\n<td>24 V CC<\/td>\n<\/tr>\n<tr>\n<td>Certification<\/td>\n<td>CE<\/td>\n<\/tr>\n<tr>\n<td>Position de montage<\/td>\n<td>Droit<\/td>\n<\/tr>\n<\/tbody>\n<\/table>\n<h2>Montage<\/h2>\n<p>Ne laissez pas tomber le produit pour \u00e9viter de provoquer des blessures ou des dommages mat\u00e9riels.<br \/>\nLors du montage des tubes et des pi\u00e8ces mobiles associ\u00e9es, veuillez maintenir une distance de s\u00e9curit\u00e9 et respecter les r\u00e9glementations locales pour \u00e9viter les accidents.<br \/>\nAssurez-vous de fixer la pompe sur une surface verticale et plane afin qu&#039;elle puisse supporter enti\u00e8rement le poids de la pompe.<br \/>\nMontez et fixez la pompe avec trois boulons M6 \u00e0 travers le trou de 7 mm.<br \/>\nIl est recommand\u00e9 d&#039;appliquer une colle anti-vibration lorsque la pompe est soumise \u00e0 des vibrations.<br \/>\nInstaller la pompe dans un endroit isol\u00e9 de l\u2019eau, de l\u2019huile, des copeaux et de la poussi\u00e8re.<br \/>\nVibration : 9G (88m\/s2) ou moins.<\/p>\n<h2>Manuels<\/h2>\n<div class=\"sdm_download_button_box_default\"><div class=\"sdm_download_link\"><a href=\"https:\/\/www.jinpinlub.com\/fr\/?sdm_process_download=1&download_id=2464\" class=\"sdm_download white\" title=\"Priv\u00e9\u00a0: J200 Grease Pump\" target=\"&quot;_blank&quot;\">Voir la fiche technique - Pompe \u00e0 graisse J200<\/a><\/div><\/div>","protected":false},"excerpt":{"rendered":"<p>La P200 est une pompe de lubrification \u00e0 d\u00e9charge de pression, \u00e9quip\u00e9e d&#039;un dispositif de dosage de lubrification \u00e0 d\u00e9charge de pression pour former un syst\u00e8me de lubrification \u00e0 ligne unique, qui peut lubrifier l&#039;\u00e9quipement avec pr\u00e9cision. Cette pompe est de petite taille, l\u00e9g\u00e8re et a une large gamme d&#039;applications.<\/p>","protected":false},"featured_media":3323,"template":"","meta":{"ocean_post_layout":"","ocean_both_sidebars_style":"","ocean_both_sidebars_content_width":0,"ocean_both_sidebars_sidebars_width":0,"ocean_sidebar":"0","ocean_second_sidebar":"0","ocean_disable_margins":"enable","ocean_add_body_class":"","ocean_shortcode_before_top_bar":"","ocean_shortcode_after_top_bar":"","ocean_shortcode_before_header":"","ocean_shortcode_after_header":"","ocean_has_shortcode":"","ocean_shortcode_after_title":"","ocean_shortcode_before_footer_widgets":"","ocean_shortcode_after_footer_widgets":"","ocean_shortcode_before_footer_bottom":"","ocean_shortcode_after_footer_bottom":"","ocean_display_top_bar":"default","ocean_display_header":"default","ocean_header_style":"","ocean_center_header_left_menu":"0","ocean_custom_header_template":"0","ocean_custom_logo":0,"ocean_custom_retina_logo":0,"ocean_custom_logo_max_width":0,"ocean_custom_logo_tablet_max_width":0,"ocean_custom_logo_mobile_max_width":0,"ocean_custom_logo_max_height":0,"ocean_custom_logo_tablet_max_height":0,"ocean_custom_logo_mobile_max_height":0,"ocean_header_custom_menu":"0","ocean_menu_typo_font_family":"0","ocean_menu_typo_font_subset":"","ocean_menu_typo_font_size":0,"ocean_menu_typo_font_size_tablet":0,"ocean_menu_typo_font_size_mobile":0,"ocean_menu_typo_font_size_unit":"px","ocean_menu_typo_font_weight":"","ocean_menu_typo_font_weight_tablet":"","ocean_menu_typo_font_weight_mobile":"","ocean_menu_typo_transform":"","ocean_menu_typo_transform_tablet":"","ocean_menu_typo_transform_mobile":"","ocean_menu_typo_line_height":0,"ocean_menu_typo_line_height_tablet":0,"ocean_menu_typo_line_height_mobile":0,"ocean_menu_typo_line_height_unit":"","ocean_menu_typo_spacing":0,"ocean_menu_typo_spacing_tablet":0,"ocean_menu_typo_spacing_mobile":0,"ocean_menu_typo_spacing_unit":"","ocean_menu_link_color":"","ocean_menu_link_color_hover":"","ocean_menu_link_color_active":"","ocean_menu_link_background":"","ocean_menu_link_hover_background":"","ocean_menu_link_active_background":"","ocean_menu_social_links_bg":"","ocean_menu_social_hover_links_bg":"","ocean_menu_social_links_color":"","ocean_menu_social_hover_links_color":"","ocean_disable_title":"default","ocean_disable_heading":"default","ocean_post_title":"","ocean_post_subheading":"","ocean_post_title_style":"","ocean_post_title_background_color":"","ocean_post_title_background":0,"ocean_post_title_bg_image_position":"","ocean_post_title_bg_image_attachment":"","ocean_post_title_bg_image_repeat":"","ocean_post_title_bg_image_size":"","ocean_post_title_height":0,"ocean_post_title_bg_overlay":0.5,"ocean_post_title_bg_overlay_color":"","ocean_disable_breadcrumbs":"default","ocean_breadcrumbs_color":"","ocean_breadcrumbs_separator_color":"","ocean_breadcrumbs_links_color":"","ocean_breadcrumbs_links_hover_color":"","ocean_display_footer_widgets":"default","ocean_display_footer_bottom":"default","ocean_custom_footer_template":"0","osh_disable_topbar_sticky":"default","osh_disable_header_sticky":"default","osh_sticky_header_style":"default","osh_sticky_header_effect":"","osh_custom_sticky_logo":0,"osh_custom_retina_sticky_logo":0,"osh_custom_sticky_logo_height":0,"osh_background_color":"","osh_links_color":"","osh_links_hover_color":"","osh_links_active_color":"","osh_links_bg_color":"","osh_links_hover_bg_color":"","osh_links_active_bg_color":"","osh_menu_social_links_color":"","osh_menu_social_hover_links_color":""},"product_brand":[],"product_cat":[38,37],"product_tag":[74,196,197],"class_list":{"0":"post-3318","1":"product","2":"type-product","3":"status-publish","4":"has-post-thumbnail","6":"product_cat-electric-pressure-relief-pumps","7":"product_cat-single-line-grease-systems","8":"product_tag-automatic-lubrication-pump","9":"product_tag-grease-lubrication-system","10":"product_tag-pressure-relief-pump","12":"entry","13":"has-media","15":"first","16":"instock","17":"shipping-taxable","18":"product-type-external","19":"col","20":"span_1_of_3","21":"owp-content-center","22":"owp-thumbs-layout-horizontal","23":"owp-btn-very-big","24":"owp-tabs-layout-horizontal"},"_links":{"self":[{"href":"https:\/\/www.jinpinlub.com\/fr\/wp-json\/wp\/v2\/product\/3318","targetHints":{"allow":["GET"]}}],"collection":[{"href":"https:\/\/www.jinpinlub.com\/fr\/wp-json\/wp\/v2\/product"}],"about":[{"href":"https:\/\/www.jinpinlub.com\/fr\/wp-json\/wp\/v2\/types\/product"}],"wp:featuredmedia":[{"embeddable":true,"href":"https:\/\/www.jinpinlub.com\/fr\/wp-json\/wp\/v2\/media\/3323"}],"wp:attachment":[{"href":"https:\/\/www.jinpinlub.com\/fr\/wp-json\/wp\/v2\/media?parent=3318"}],"wp:term":[{"taxonomy":"product_brand","embeddable":true,"href":"https:\/\/www.jinpinlub.com\/fr\/wp-json\/wp\/v2\/product_brand?post=3318"},{"taxonomy":"product_cat","embeddable":true,"href":"https:\/\/www.jinpinlub.com\/fr\/wp-json\/wp\/v2\/product_cat?post=3318"},{"taxonomy":"product_tag","embeddable":true,"href":"https:\/\/www.jinpinlub.com\/fr\/wp-json\/wp\/v2\/product_tag?post=3318"}],"curies":[{"name":"wp","href":"https:\/\/api.w.org\/{rel}","templated":true}]}}