{"id":3319,"date":"2024-08-16T14:46:28","date_gmt":"2024-08-16T14:46:28","guid":{"rendered":"https:\/\/www.jinpinlub.com\/?post_type=product&#038;p=3319"},"modified":"2024-08-16T14:50:03","modified_gmt":"2024-08-16T14:50:03","slug":"systeme-de-lubrification-automatique-j200-pour-la-lubrification-mecanique","status":"publish","type":"product","link":"https:\/\/www.jinpinlub.com\/fr\/product\/j200-automatic-lubrication-system-for-mechanical-lubrication\/","title":{"rendered":"Syst\u00e8me de lubrification automatique J200 pour lubrification m\u00e9canique"},"content":{"rendered":"<h2>Caract\u00e9ristiques<\/h2>\n<p>Protection de l&#039;environnement : La quantit\u00e9 pr\u00e9cise de lubrification du syst\u00e8me de d\u00e9compression \u00e0 ligne unique \u00e9vite le gaspillage de lubrifiant, ne pollue pas l&#039;environnement ni les pi\u00e8ces et convient aux environnements de traitement avec des exigences de propret\u00e9 \u00e9lev\u00e9es.<br \/>\nDurabilit\u00e9 : La pompe de lubrification peut maintenir d&#039;excellentes performances de lubrification dans des conditions relativement extr\u00eames, telles que diverses conditions de travail, notamment haute temp\u00e9rature, basse temp\u00e9rature, charge lourde, charge vibratoire, charge \u00e9lev\u00e9e, etc.<br \/>\nStabilit\u00e9 : La pompe de lubrification \u00e9lectrique fonctionne de mani\u00e8re stable dans diverses conditions pour garantir que l&#039;effet de lubrification obtenu par la machine est stable et durable.<br \/>\nExtrusion : La pompe \u00e0 graisse J200 convient \u00e0 la lubrification de pi\u00e8ces \u00e0 grande vitesse, \u00e0 vitesse moyenne, \u00e0 faible vitesse et \u00e0 mouvement intermittent ou alternatif fr\u00e9quent, garantissant que la graisse peut atteindre efficacement les pi\u00e8ces n\u00e9cessitant une lubrification.<\/p>\n<h2>Sp\u00e9cification<\/h2>\n<table>\n<tbody>\n<tr>\n<td>Temp\u00e9rature de fonctionnement<\/td>\n<td>0~+50\u00b0C<\/td>\n<\/tr>\n<tr>\n<td>Nombre de points de vente<\/td>\n<td>1, 2<\/td>\n<\/tr>\n<tr>\n<td>Capacit\u00e9 du r\u00e9servoir<\/td>\n<td>0,3 L, 1,5 L (r\u00e9servoir), 0,3 L, 0,7 L (cartouche)<\/td>\n<\/tr>\n<tr>\n<td>Remplissage<\/td>\n<td>Raccord de lubrification hydraulique<\/td>\n<\/tr>\n<tr>\n<td>Lubrifiant<\/td>\n<td>Graisses de grade NLGI 000~2#<\/td>\n<\/tr>\n<tr>\n<td>Classe de protection<\/td>\n<td>IP54<\/td>\n<\/tr>\n<tr>\n<td>D\u00e9charge<\/td>\n<td>15 ml\/min<\/td>\n<\/tr>\n<tr>\n<td>Pression de service max.<\/td>\n<td>8 MPa<\/td>\n<\/tr>\n<tr>\n<td>Fil de connexion<\/td>\n<td>\u03a66 ou \u03a68<\/td>\n<\/tr>\n<tr>\n<td>Tension de fonctionnement<\/td>\n<td>24 V CC<\/td>\n<\/tr>\n<tr>\n<td>Certification<\/td>\n<td>CE<\/td>\n<\/tr>\n<tr>\n<td>Position de montage<\/td>\n<td>Droit<\/td>\n<\/tr>\n<\/tbody>\n<\/table>\n<h2>Pipelines<\/h2>\n<p>Connectez le tube \u00e0 la sortie de la pompe \u00e0 graisse (Rc1\/8), utilisez un tube de 5 MPa ou plus, fixez le connecteur, puis serrez-le avec une cl\u00e9 de 2,5 \u00e0 3 tours.<br \/>\nCouple de serrage 10 N.m. Apr\u00e8s le raccordement, assurez-vous qu&#039;il n&#039;y a pas de fuite au niveau du connecteur de la cartouche. Pour la pompe de lubrification J200, assurez-vous d&#039;\u00e9vacuer l&#039;air du tube et de la pompe apr\u00e8s le raccordement.<br \/>\nSi la conduite principale est courte, la pression peut atteindre 8 MPa ou plus, mais il n&#039;y a aucun probl\u00e8me pendant l&#039;utilisation.<\/p>\n<h2>Manuels<\/h2>\n<div class=\"sdm_download_button_box_default\"><div class=\"sdm_download_link\"><a href=\"https:\/\/www.jinpinlub.com\/fr\/?sdm_process_download=1&download_id=2464\" class=\"sdm_download white\" title=\"Priv\u00e9\u00a0: J200 Grease Pump\" target=\"&quot;_blank&quot;\">Voir la fiche technique - Pompe \u00e0 graisse J200<\/a><\/div><\/div>","protected":false},"excerpt":{"rendered":"<p>La pompe de lubrification \u00e0 graisse J200 est une pompe monoligne de surpression de haute qualit\u00e9 et de haute performance. Elle est appr\u00e9ci\u00e9e des utilisateurs pour ses excellentes performances de lubrification, ses performances environnementales, sa forte adh\u00e9rence, sa stabilit\u00e9 m\u00e9canique et ses performances en termes de co\u00fbts.<\/p>","protected":false},"featured_media":3248,"template":"","meta":{"ocean_post_layout":"","ocean_both_sidebars_style":"","ocean_both_sidebars_content_width":0,"ocean_both_sidebars_sidebars_width":0,"ocean_sidebar":"0","ocean_second_sidebar":"0","ocean_disable_margins":"enable","ocean_add_body_class":"","ocean_shortcode_before_top_bar":"","ocean_shortcode_after_top_bar":"","ocean_shortcode_before_header":"","ocean_shortcode_after_header":"","ocean_has_shortcode":"","ocean_shortcode_after_title":"","ocean_shortcode_before_footer_widgets":"","ocean_shortcode_after_footer_widgets":"","ocean_shortcode_before_footer_bottom":"","ocean_shortcode_after_footer_bottom":"","ocean_display_top_bar":"default","ocean_display_header":"default","ocean_header_style":"","ocean_center_header_left_menu":"0","ocean_custom_header_template":"0","ocean_custom_logo":0,"ocean_custom_retina_logo":0,"ocean_custom_logo_max_width":0,"ocean_custom_logo_tablet_max_width":0,"ocean_custom_logo_mobile_max_width":0,"ocean_custom_logo_max_height":0,"ocean_custom_logo_tablet_max_height":0,"ocean_custom_logo_mobile_max_height":0,"ocean_header_custom_menu":"0","ocean_menu_typo_font_family":"0","ocean_menu_typo_font_subset":"","ocean_menu_typo_font_size":0,"ocean_menu_typo_font_size_tablet":0,"ocean_menu_typo_font_size_mobile":0,"ocean_menu_typo_font_size_unit":"px","ocean_menu_typo_font_weight":"","ocean_menu_typo_font_weight_tablet":"","ocean_menu_typo_font_weight_mobile":"","ocean_menu_typo_transform":"","ocean_menu_typo_transform_tablet":"","ocean_menu_typo_transform_mobile":"","ocean_menu_typo_line_height":0,"ocean_menu_typo_line_height_tablet":0,"ocean_menu_typo_line_height_mobile":0,"ocean_menu_typo_line_height_unit":"","ocean_menu_typo_spacing":0,"ocean_menu_typo_spacing_tablet":0,"ocean_menu_typo_spacing_mobile":0,"ocean_menu_typo_spacing_unit":"","ocean_menu_link_color":"","ocean_menu_link_color_hover":"","ocean_menu_link_color_active":"","ocean_menu_link_background":"","ocean_menu_link_hover_background":"","ocean_menu_link_active_background":"","ocean_menu_social_links_bg":"","ocean_menu_social_hover_links_bg":"","ocean_menu_social_links_color":"","ocean_menu_social_hover_links_color":"","ocean_disable_title":"default","ocean_disable_heading":"default","ocean_post_title":"","ocean_post_subheading":"","ocean_post_title_style":"","ocean_post_title_background_color":"","ocean_post_title_background":0,"ocean_post_title_bg_image_position":"","ocean_post_title_bg_image_attachment":"","ocean_post_title_bg_image_repeat":"","ocean_post_title_bg_image_size":"","ocean_post_title_height":0,"ocean_post_title_bg_overlay":0.5,"ocean_post_title_bg_overlay_color":"","ocean_disable_breadcrumbs":"default","ocean_breadcrumbs_color":"","ocean_breadcrumbs_separator_color":"","ocean_breadcrumbs_links_color":"","ocean_breadcrumbs_links_hover_color":"","ocean_display_footer_widgets":"default","ocean_display_footer_bottom":"default","ocean_custom_footer_template":"0","osh_disable_topbar_sticky":"default","osh_disable_header_sticky":"default","osh_sticky_header_style":"default","osh_sticky_header_effect":"","osh_custom_sticky_logo":0,"osh_custom_retina_sticky_logo":0,"osh_custom_sticky_logo_height":0,"osh_background_color":"","osh_links_color":"","osh_links_hover_color":"","osh_links_active_color":"","osh_links_bg_color":"","osh_links_hover_bg_color":"","osh_links_active_bg_color":"","osh_menu_social_links_color":"","osh_menu_social_hover_links_color":""},"product_brand":[],"product_cat":[38,37],"product_tag":[200,198,199],"class_list":{"0":"post-3319","1":"product","2":"type-product","3":"status-publish","4":"has-post-thumbnail","6":"product_cat-electric-pressure-relief-pumps","7":"product_cat-single-line-grease-systems","8":"product_tag-grease-lubrication-equipment","9":"product_tag-machine-tool-lubrication","10":"product_tag-slideway-grease-lubrication","12":"entry","13":"has-media","15":"first","16":"instock","17":"shipping-taxable","18":"product-type-external","19":"col","20":"span_1_of_3","21":"owp-content-center","22":"owp-thumbs-layout-horizontal","23":"owp-btn-very-big","24":"owp-tabs-layout-horizontal"},"_links":{"self":[{"href":"https:\/\/www.jinpinlub.com\/fr\/wp-json\/wp\/v2\/product\/3319","targetHints":{"allow":["GET"]}}],"collection":[{"href":"https:\/\/www.jinpinlub.com\/fr\/wp-json\/wp\/v2\/product"}],"about":[{"href":"https:\/\/www.jinpinlub.com\/fr\/wp-json\/wp\/v2\/types\/product"}],"wp:featuredmedia":[{"embeddable":true,"href":"https:\/\/www.jinpinlub.com\/fr\/wp-json\/wp\/v2\/media\/3248"}],"wp:attachment":[{"href":"https:\/\/www.jinpinlub.com\/fr\/wp-json\/wp\/v2\/media?parent=3319"}],"wp:term":[{"taxonomy":"product_brand","embeddable":true,"href":"https:\/\/www.jinpinlub.com\/fr\/wp-json\/wp\/v2\/product_brand?post=3319"},{"taxonomy":"product_cat","embeddable":true,"href":"https:\/\/www.jinpinlub.com\/fr\/wp-json\/wp\/v2\/product_cat?post=3319"},{"taxonomy":"product_tag","embeddable":true,"href":"https:\/\/www.jinpinlub.com\/fr\/wp-json\/wp\/v2\/product_tag?post=3319"}],"curies":[{"name":"wp","href":"https:\/\/api.w.org\/{rel}","templated":true}]}}