{"id":3331,"date":"2024-08-20T04:54:54","date_gmt":"2024-08-19T20:54:54","guid":{"rendered":"https:\/\/www.jinpinlub.com\/?post_type=product&#038;p=3331"},"modified":"2024-08-20T05:03:43","modified_gmt":"2024-08-19T21:03:43","slug":"pompe-de-lubrification-electrique-multipoint-j203-24v-220v","status":"publish","type":"product","link":"https:\/\/www.jinpinlub.com\/fr\/product\/j203-24v-220v-electric-multi-point-grease-lubrication-pump\/","title":{"rendered":"Pompe de lubrification \u00e9lectrique multipoint \u00e0 graisse J203 24 V 220 V"},"content":{"rendered":"<h2>Caract\u00e9ristiques<\/h2>\n<p><span id=\"input-sentence~0\">Options de contr\u00f4le flexibles : le J203 peut disposer d&#039;une carte de circuit imprim\u00e9 de contr\u00f4le suppl\u00e9mentaire, qui peut \u00eatre utilis\u00e9e pour obtenir des r\u00e9glages variables lors du fonctionnement afin de s&#039;adapter \u00e0 une application particuli\u00e8re.<br \/>\nPression de service \u00e9lev\u00e9e : la pompe \u00e0 graisse produit une pression allant jusqu&#039;\u00e0 350 bars, garantissant ainsi une lubrification optimale, m\u00eame dans les applications exigeantes.<\/span><span id=\"input-sentence~1\"><br \/>\nPlage de temp\u00e9rature : Cette pompe de lubrification fonctionne dans une plage de temp\u00e9rature tr\u00e8s large, de -40\u00b0C \u00e0 +70\u00b0C pour DC et de -25\u00b0C \u00e0 +70\u00b0C pour AC.<br \/>\n\u00c9l\u00e9ments de pompe multiples : la pompe de lubrification J203 est capable de faire fonctionner jusqu&#039;\u00e0 trois \u00e9l\u00e9ments de pompe pour fournir un d\u00e9bit variable avec une lubrification continue.<\/span><span id=\"input-sentence~2\"><br \/>\nProtection et durabilit\u00e9 : Son indice de protection IP6K9K garantit une tr\u00e8s bonne protection contre la p\u00e9n\u00e9tration de poussi\u00e8re et d&#039;eau, donc particuli\u00e8rement adapt\u00e9 aux conditions ambiantes exigeantes.<br \/>\n<\/span><\/p>\n<h2>Sp\u00e9cification<\/h2>\n<table>\n<tbody>\n<tr>\n<td>Temp\u00e9rature de fonctionnement<\/td>\n<td>(-40\u00b0C \u00e0 +70\u00b0C)<\/td>\n<\/tr>\n<tr>\n<td>Nombre de points de vente<\/td>\n<td>1, 2 ou 3<\/td>\n<\/tr>\n<tr>\n<td>Capacit\u00e9 du r\u00e9servoir<\/td>\n<td>2L, 4L, 8L<\/td>\n<\/tr>\n<tr>\n<td>Remplissage<\/td>\n<td>Raccord de lubrification hydraulique ou par le haut<\/td>\n<\/tr>\n<tr>\n<td>Lubrifiant<\/td>\n<td>Graisses de grade NLGI 2 minimum, huiles jusqu&#039;\u00e0 40 mm\u00b2\/s (cSt) \u00e0 40\u00b0 C<\/td>\n<\/tr>\n<tr>\n<td>Classe de protection<\/td>\n<td>IP6K 9K<\/td>\n<\/tr>\n<tr>\n<td>Diam\u00e8tre du piston, K5<\/td>\n<td>5 mm, environ 2 cm\u00b3\/min<\/td>\n<\/tr>\n<tr>\n<td>Diam\u00e8tre du piston (standard) K6<\/td>\n<td>6 mm, environ 2,8 cm\u00b3\/min<\/td>\n<\/tr>\n<tr>\n<td>Diam\u00e8tre du piston, K7<\/td>\n<td>7 mm, environ 4 cm\u00b3\/min<\/td>\n<\/tr>\n<tr>\n<td>Pression de service max.<\/td>\n<td>350 bars<\/td>\n<\/tr>\n<tr>\n<td>Fil de connexion<\/td>\n<td>Sol 1\/4<\/td>\n<\/tr>\n<tr>\n<td>Tension de fonctionnement<\/td>\n<td>12 V CC, 24 V CC, 110-240 V CA<\/td>\n<\/tr>\n<\/tbody>\n<\/table>\n<h2>Applications<\/h2>\n<p><span id=\"input-sentence~2\">Un domaine d&#039;application typique de la pompe de lubrification J203 est celui des machines mobiles, telles que les chargeuses sur pneus et les excavatrices.<\/span><span id=\"input-sentence~3\"> Ces machines sont souvent utilis\u00e9es dans des environnements difficiles et n\u00e9cessitent une lubrification fiable afin de maintenir leurs performances, r\u00e9duisant ainsi les temps d&#039;arr\u00eat.<br \/>\nCette pompe de lubrification est con\u00e7ue pour fonctionner avec une pression de service \u00e9lev\u00e9e et une conception robuste pour une lubrification continue dans des conditions aussi exigeantes. La possibilit\u00e9 pour l&#039;appareil de g\u00e9rer plusieurs points de lubrification simultan\u00e9ment, ainsi que la possibilit\u00e9 de travailler dans de larges limites de temp\u00e9rature, ajoutent \u00e0 sa facilit\u00e9 d&#039;utilisation pour les applications mobiles.<\/span><\/p>\n<h2>Manuels<\/h2>\n<div class=\"sdm_download_button_box_default\"><div class=\"sdm_download_link\"><a href=\"https:\/\/www.jinpinlub.com\/fr\/?sdm_process_download=1&download_id=2429\" class=\"sdm_download white\" title=\"Priv\u00e9\u00a0: J203 Grease Pump\" target=\"&quot;_blank&quot;\">Voir la fiche technique - Pompe \u00e0 graisse J203<\/a><\/div><\/div>","protected":false},"excerpt":{"rendered":"<p>Par rapport \u00e0 de nombreuses autres pompes de lubrification, la pompe de lubrification \u00e9lectrique J203 est un choix efficace en raison de sa r\u00e9sistance aux hautes et basses temp\u00e9ratures, de sa r\u00e9sistance \u00e0 haute pression, de sa polyvalence, de ses sorties multiples, de ses tensions multiples, de sa conception int\u00e9gr\u00e9e et de sa protection robuste.<\/p>","protected":false},"featured_media":3258,"template":"","meta":{"ocean_post_layout":"","ocean_both_sidebars_style":"","ocean_both_sidebars_content_width":0,"ocean_both_sidebars_sidebars_width":0,"ocean_sidebar":"0","ocean_second_sidebar":"0","ocean_disable_margins":"enable","ocean_add_body_class":"","ocean_shortcode_before_top_bar":"","ocean_shortcode_after_top_bar":"","ocean_shortcode_before_header":"","ocean_shortcode_after_header":"","ocean_has_shortcode":"","ocean_shortcode_after_title":"","ocean_shortcode_before_footer_widgets":"","ocean_shortcode_after_footer_widgets":"","ocean_shortcode_before_footer_bottom":"","ocean_shortcode_after_footer_bottom":"","ocean_display_top_bar":"default","ocean_display_header":"default","ocean_header_style":"","ocean_center_header_left_menu":"0","ocean_custom_header_template":"0","ocean_custom_logo":0,"ocean_custom_retina_logo":0,"ocean_custom_logo_max_width":0,"ocean_custom_logo_tablet_max_width":0,"ocean_custom_logo_mobile_max_width":0,"ocean_custom_logo_max_height":0,"ocean_custom_logo_tablet_max_height":0,"ocean_custom_logo_mobile_max_height":0,"ocean_header_custom_menu":"0","ocean_menu_typo_font_family":"0","ocean_menu_typo_font_subset":"","ocean_menu_typo_font_size":0,"ocean_menu_typo_font_size_tablet":0,"ocean_menu_typo_font_size_mobile":0,"ocean_menu_typo_font_size_unit":"px","ocean_menu_typo_font_weight":"","ocean_menu_typo_font_weight_tablet":"","ocean_menu_typo_font_weight_mobile":"","ocean_menu_typo_transform":"","ocean_menu_typo_transform_tablet":"","ocean_menu_typo_transform_mobile":"","ocean_menu_typo_line_height":0,"ocean_menu_typo_line_height_tablet":0,"ocean_menu_typo_line_height_mobile":0,"ocean_menu_typo_line_height_unit":"","ocean_menu_typo_spacing":0,"ocean_menu_typo_spacing_tablet":0,"ocean_menu_typo_spacing_mobile":0,"ocean_menu_typo_spacing_unit":"","ocean_menu_link_color":"","ocean_menu_link_color_hover":"","ocean_menu_link_color_active":"","ocean_menu_link_background":"","ocean_menu_link_hover_background":"","ocean_menu_link_active_background":"","ocean_menu_social_links_bg":"","ocean_menu_social_hover_links_bg":"","ocean_menu_social_links_color":"","ocean_menu_social_hover_links_color":"","ocean_disable_title":"default","ocean_disable_heading":"default","ocean_post_title":"","ocean_post_subheading":"","ocean_post_title_style":"","ocean_post_title_background_color":"","ocean_post_title_background":0,"ocean_post_title_bg_image_position":"","ocean_post_title_bg_image_attachment":"","ocean_post_title_bg_image_repeat":"","ocean_post_title_bg_image_size":"","ocean_post_title_height":0,"ocean_post_title_bg_overlay":0.5,"ocean_post_title_bg_overlay_color":"","ocean_disable_breadcrumbs":"default","ocean_breadcrumbs_color":"","ocean_breadcrumbs_separator_color":"","ocean_breadcrumbs_links_color":"","ocean_breadcrumbs_links_hover_color":"","ocean_display_footer_widgets":"default","ocean_display_footer_bottom":"default","ocean_custom_footer_template":"0","osh_disable_topbar_sticky":"default","osh_disable_header_sticky":"default","osh_sticky_header_style":"default","osh_sticky_header_effect":"","osh_custom_sticky_logo":0,"osh_custom_retina_sticky_logo":0,"osh_custom_sticky_logo_height":0,"osh_background_color":"","osh_links_color":"","osh_links_hover_color":"","osh_links_active_color":"","osh_links_bg_color":"","osh_links_hover_bg_color":"","osh_links_active_bg_color":"","osh_menu_social_links_color":"","osh_menu_social_hover_links_color":""},"product_brand":[],"product_cat":[42,41],"product_tag":[77,203,91],"class_list":{"0":"post-3331","1":"product","2":"type-product","3":"status-publish","4":"has-post-thumbnail","6":"product_cat-electric-progressive-pumps","7":"product_cat-progressive-grease-systems","8":"product_tag-grease-lubrication-pump","9":"product_tag-lincoln-lubrication-pump","10":"product_tag-progressive-lubrication-pump","12":"entry","13":"has-media","15":"first","16":"instock","17":"shipping-taxable","18":"product-type-external","19":"col","20":"span_1_of_3","21":"owp-content-center","22":"owp-thumbs-layout-horizontal","23":"owp-btn-very-big","24":"owp-tabs-layout-horizontal"},"_links":{"self":[{"href":"https:\/\/www.jinpinlub.com\/fr\/wp-json\/wp\/v2\/product\/3331","targetHints":{"allow":["GET"]}}],"collection":[{"href":"https:\/\/www.jinpinlub.com\/fr\/wp-json\/wp\/v2\/product"}],"about":[{"href":"https:\/\/www.jinpinlub.com\/fr\/wp-json\/wp\/v2\/types\/product"}],"wp:featuredmedia":[{"embeddable":true,"href":"https:\/\/www.jinpinlub.com\/fr\/wp-json\/wp\/v2\/media\/3258"}],"wp:attachment":[{"href":"https:\/\/www.jinpinlub.com\/fr\/wp-json\/wp\/v2\/media?parent=3331"}],"wp:term":[{"taxonomy":"product_brand","embeddable":true,"href":"https:\/\/www.jinpinlub.com\/fr\/wp-json\/wp\/v2\/product_brand?post=3331"},{"taxonomy":"product_cat","embeddable":true,"href":"https:\/\/www.jinpinlub.com\/fr\/wp-json\/wp\/v2\/product_cat?post=3331"},{"taxonomy":"product_tag","embeddable":true,"href":"https:\/\/www.jinpinlub.com\/fr\/wp-json\/wp\/v2\/product_tag?post=3331"}],"curies":[{"name":"wp","href":"https:\/\/api.w.org\/{rel}","templated":true}]}}