{"id":3334,"date":"2024-08-20T05:17:04","date_gmt":"2024-08-19T21:17:04","guid":{"rendered":"https:\/\/www.jinpinlub.com\/?post_type=product&#038;p=3334"},"modified":"2024-08-20T05:22:58","modified_gmt":"2024-08-19T21:22:58","slug":"equipement-de-systeme-de-lubrification-automatique-j203-pour-equipement-tout-terrain","status":"publish","type":"product","link":"https:\/\/www.jinpinlub.com\/fr\/product\/j203-automatic-lube-system-equipment-for-off-road-equipment\/","title":{"rendered":"Syst\u00e8me de lubrification automatique J203 pour \u00e9quipement tout-terrain"},"content":{"rendered":"<h2>Caract\u00e9ristiques<\/h2>\n<p>Fonctions principales du PCB :<br \/>\nContr\u00f4le automatique : Contr\u00f4lez automatiquement le fonctionnement de la pompe de lubrification selon le programme pr\u00e9d\u00e9fini, y compris le d\u00e9marrage, l&#039;arr\u00eat et le cycle de lubrification de la pompe de lubrification \u00e9lectrique.<br \/>\nSurveillance du processus de lubrification : Surveiller le d\u00e9bit de lubrification et la pression du syst\u00e8me pour assurer le fonctionnement normal du syst\u00e8me de lubrification.<br \/>\nAlarme de d\u00e9faut : lorsqu&#039;un d\u00e9faut du syst\u00e8me de lubrification est d\u00e9tect\u00e9, comme un faible niveau d&#039;huile ou une d\u00e9faillance de la pompe de lubrification, la lubrification sera automatiquement arr\u00eat\u00e9e et une alarme sera \u00e9mise.<br \/>\nLubrification pr\u00e9cise : le panneau PCB garantit que le lubrifiant est d\u00e9livr\u00e9 avec pr\u00e9cision au point de lubrification lorsque cela est n\u00e9cessaire en contr\u00f4lant le fonctionnement de la pompe de lubrification, \u00e9vitant ainsi une lubrification excessive ou insuffisante. Dans le m\u00eame temps, la surveillance en temps r\u00e9el de l&#039;\u00e9tat du syst\u00e8me de lubrification peut identifier les probl\u00e8mes avant que des pannes ne surviennent.<\/p>\n<h2>Sp\u00e9cification<\/h2>\n<table>\n<tbody>\n<tr>\n<td>Temp\u00e9rature de fonctionnement<\/td>\n<td>(-40\u00b0C \u00e0 +70\u00b0C)<\/td>\n<\/tr>\n<tr>\n<td>Nombre de points de vente<\/td>\n<td>1, 2 ou 3<\/td>\n<\/tr>\n<tr>\n<td>Capacit\u00e9 du r\u00e9servoir<\/td>\n<td>2L, 4L, 8L<\/td>\n<\/tr>\n<tr>\n<td>Remplissage<\/td>\n<td>Raccord de lubrification hydraulique ou par le haut<\/td>\n<\/tr>\n<tr>\n<td>Lubrifiant<\/td>\n<td>Graisses de grade NLGI 2 minimum, huiles jusqu&#039;\u00e0 40 mm\u00b2\/s (cSt) \u00e0 40\u00b0 C<\/td>\n<\/tr>\n<tr>\n<td>Classe de protection<\/td>\n<td>IP6K 9K<\/td>\n<\/tr>\n<tr>\n<td>Diam\u00e8tre du piston, K5<\/td>\n<td>5 mm, environ 2 cm\u00b3\/min<\/td>\n<\/tr>\n<tr>\n<td>Diam\u00e8tre du piston (standard) K6<\/td>\n<td>6 mm, environ 2,8 cm\u00b3\/min<\/td>\n<\/tr>\n<tr>\n<td>Diam\u00e8tre du piston, K7<\/td>\n<td>7 mm, environ 4 cm\u00b3\/min<\/td>\n<\/tr>\n<tr>\n<td>Pression de service max.<\/td>\n<td>350 bars<\/td>\n<\/tr>\n<tr>\n<td>Fil de connexion<\/td>\n<td>Sol 1\/4<\/td>\n<\/tr>\n<tr>\n<td>Tension de fonctionnement<\/td>\n<td>12 V CC, 24 V CC, 110-240 V CA<\/td>\n<\/tr>\n<\/tbody>\n<\/table>\n<h2>Application<\/h2>\n<p><span id=\"input-sentence~0\">D\u00e9terminer si la pompe de lubrification doit \u00eatre remplac\u00e9e.<br \/>\nD\u00e9gradation des performances : Cela se produit lorsque le d\u00e9bit de la pompe de lubrification diminue ou que la pression de refoulement diminue ; cela peut r\u00e9sulter de l&#039;usure ou du vieillissement des pi\u00e8ces internes de la pompe.<\/span><span id=\"input-sentence~1\"><br \/>\nBruit anormal : Lors du fonctionnement d&#039;une pompe de lubrification, si elle produit des bruits anormaux, tels que des bourdonnements ou des grincements, cela peut \u00eatre une manifestation de l&#039;endommagement ou du desserrage de ses pi\u00e8ces internes.<br \/>\nFuite de la pompe : si du lubrifiant s&#039;infiltre du corps ou de l&#039;interface du tuyau d&#039;une pompe de lubrification, cela peut \u00eatre d\u00fb \u00e0 un joint endommag\u00e9 ou vieilli.<br \/>\nDur\u00e9e de vie : Conform\u00e9ment au manuel d&#039;utilisation de la pompe de lubrification, la pompe de lubrification doit \u00eatre remplac\u00e9e si elle a atteint sa dur\u00e9e de vie recommand\u00e9e.<\/span><\/p>\n<h2>Manuels<\/h2>\n<div class=\"sdm_download_button_box_default\"><div class=\"sdm_download_link\"><a href=\"https:\/\/www.jinpinlub.com\/fr\/?sdm_process_download=1&download_id=2429\" class=\"sdm_download white\" title=\"Priv\u00e9\u00a0: J203 Grease Pump\" target=\"&quot;_blank&quot;\">Voir la fiche technique - Pompe \u00e0 graisse J203<\/a><\/div><\/div>","protected":false},"excerpt":{"rendered":"<p>Le panneau PCB de la pompe de lubrification J203 r\u00e9alise le contr\u00f4le automatique du syst\u00e8me de lubrification centralis\u00e9. Il peut ajuster le cycle de lubrification et le d\u00e9bit en fonction des besoins r\u00e9els de l&#039;\u00e9quipement pour garantir une lubrification correcte de l&#039;\u00e9quipement.<\/p>","protected":false},"featured_media":3271,"template":"","meta":{"ocean_post_layout":"","ocean_both_sidebars_style":"","ocean_both_sidebars_content_width":0,"ocean_both_sidebars_sidebars_width":0,"ocean_sidebar":"0","ocean_second_sidebar":"0","ocean_disable_margins":"enable","ocean_add_body_class":"","ocean_shortcode_before_top_bar":"","ocean_shortcode_after_top_bar":"","ocean_shortcode_before_header":"","ocean_shortcode_after_header":"","ocean_has_shortcode":"","ocean_shortcode_after_title":"","ocean_shortcode_before_footer_widgets":"","ocean_shortcode_after_footer_widgets":"","ocean_shortcode_before_footer_bottom":"","ocean_shortcode_after_footer_bottom":"","ocean_display_top_bar":"default","ocean_display_header":"default","ocean_header_style":"","ocean_center_header_left_menu":"0","ocean_custom_header_template":"0","ocean_custom_logo":0,"ocean_custom_retina_logo":0,"ocean_custom_logo_max_width":0,"ocean_custom_logo_tablet_max_width":0,"ocean_custom_logo_mobile_max_width":0,"ocean_custom_logo_max_height":0,"ocean_custom_logo_tablet_max_height":0,"ocean_custom_logo_mobile_max_height":0,"ocean_header_custom_menu":"0","ocean_menu_typo_font_family":"0","ocean_menu_typo_font_subset":"","ocean_menu_typo_font_size":0,"ocean_menu_typo_font_size_tablet":0,"ocean_menu_typo_font_size_mobile":0,"ocean_menu_typo_font_size_unit":"px","ocean_menu_typo_font_weight":"","ocean_menu_typo_font_weight_tablet":"","ocean_menu_typo_font_weight_mobile":"","ocean_menu_typo_transform":"","ocean_menu_typo_transform_tablet":"","ocean_menu_typo_transform_mobile":"","ocean_menu_typo_line_height":0,"ocean_menu_typo_line_height_tablet":0,"ocean_menu_typo_line_height_mobile":0,"ocean_menu_typo_line_height_unit":"","ocean_menu_typo_spacing":0,"ocean_menu_typo_spacing_tablet":0,"ocean_menu_typo_spacing_mobile":0,"ocean_menu_typo_spacing_unit":"","ocean_menu_link_color":"","ocean_menu_link_color_hover":"","ocean_menu_link_color_active":"","ocean_menu_link_background":"","ocean_menu_link_hover_background":"","ocean_menu_link_active_background":"","ocean_menu_social_links_bg":"","ocean_menu_social_hover_links_bg":"","ocean_menu_social_links_color":"","ocean_menu_social_hover_links_color":"","ocean_disable_title":"default","ocean_disable_heading":"default","ocean_post_title":"","ocean_post_subheading":"","ocean_post_title_style":"","ocean_post_title_background_color":"","ocean_post_title_background":0,"ocean_post_title_bg_image_position":"","ocean_post_title_bg_image_attachment":"","ocean_post_title_bg_image_repeat":"","ocean_post_title_bg_image_size":"","ocean_post_title_height":0,"ocean_post_title_bg_overlay":0.5,"ocean_post_title_bg_overlay_color":"","ocean_disable_breadcrumbs":"default","ocean_breadcrumbs_color":"","ocean_breadcrumbs_separator_color":"","ocean_breadcrumbs_links_color":"","ocean_breadcrumbs_links_hover_color":"","ocean_display_footer_widgets":"default","ocean_display_footer_bottom":"default","ocean_custom_footer_template":"0","osh_disable_topbar_sticky":"default","osh_disable_header_sticky":"default","osh_sticky_header_style":"default","osh_sticky_header_effect":"","osh_custom_sticky_logo":0,"osh_custom_retina_sticky_logo":0,"osh_custom_sticky_logo_height":0,"osh_background_color":"","osh_links_color":"","osh_links_hover_color":"","osh_links_active_color":"","osh_links_bg_color":"","osh_links_hover_bg_color":"","osh_links_active_bg_color":"","osh_menu_social_links_color":"","osh_menu_social_hover_links_color":""},"product_brand":[],"product_cat":[42,41],"product_tag":[209,208,210],"class_list":{"0":"post-3334","1":"product","2":"type-product","3":"status-publish","4":"has-post-thumbnail","6":"product_cat-electric-progressive-pumps","7":"product_cat-progressive-grease-systems","8":"product_tag-grease-lube-system","9":"product_tag-lubrication-equipment","10":"product_tag-p203-lubrication-pump","12":"entry","13":"has-media","15":"first","16":"instock","17":"shipping-taxable","18":"product-type-external","19":"col","20":"span_1_of_3","21":"owp-content-center","22":"owp-thumbs-layout-horizontal","23":"owp-btn-very-big","24":"owp-tabs-layout-horizontal"},"_links":{"self":[{"href":"https:\/\/www.jinpinlub.com\/fr\/wp-json\/wp\/v2\/product\/3334","targetHints":{"allow":["GET"]}}],"collection":[{"href":"https:\/\/www.jinpinlub.com\/fr\/wp-json\/wp\/v2\/product"}],"about":[{"href":"https:\/\/www.jinpinlub.com\/fr\/wp-json\/wp\/v2\/types\/product"}],"wp:featuredmedia":[{"embeddable":true,"href":"https:\/\/www.jinpinlub.com\/fr\/wp-json\/wp\/v2\/media\/3271"}],"wp:attachment":[{"href":"https:\/\/www.jinpinlub.com\/fr\/wp-json\/wp\/v2\/media?parent=3334"}],"wp:term":[{"taxonomy":"product_brand","embeddable":true,"href":"https:\/\/www.jinpinlub.com\/fr\/wp-json\/wp\/v2\/product_brand?post=3334"},{"taxonomy":"product_cat","embeddable":true,"href":"https:\/\/www.jinpinlub.com\/fr\/wp-json\/wp\/v2\/product_cat?post=3334"},{"taxonomy":"product_tag","embeddable":true,"href":"https:\/\/www.jinpinlub.com\/fr\/wp-json\/wp\/v2\/product_tag?post=3334"}],"curies":[{"name":"wp","href":"https:\/\/api.w.org\/{rel}","templated":true}]}}