{"id":3335,"date":"2024-08-20T05:25:25","date_gmt":"2024-08-19T21:25:25","guid":{"rendered":"https:\/\/www.jinpinlub.com\/?post_type=product&#038;p=3335"},"modified":"2024-08-20T05:37:00","modified_gmt":"2024-08-19T21:37:00","slug":"pompe-a-graisse-electrique-a-piston-progressif-multiprise-j203","status":"publish","type":"product","link":"https:\/\/www.jinpinlub.com\/fr\/product\/j203-progressive-multi-outlet-electric-grease-plunger-pump\/","title":{"rendered":"Pompe \u00e0 graisse \u00e9lectrique \u00e0 piston progressif multiprise J203"},"content":{"rendered":"<h2>Caract\u00e9ristiques<\/h2>\n<p><span id=\"input-sentence~0\">Composants : La pompe se compose d&#039;un bo\u00eetier avec un moteur inclus, d&#039;un r\u00e9servoir avec une palette d&#039;agitation, d&#039;un d\u00e9tail de pompe (qui peut inclure une soupape de surpression), d&#039;un mamelon de remplissage et de pi\u00e8ces de connexion \u00e9lectrique.<br \/>\nActivation du moteur : Lorsque le moteur est activ\u00e9, il entra\u00eene l\u2019\u00e9l\u00e9ment de la pompe de lubrification.<\/span><span id=\"input-sentence~1\"><br \/>\nMouvement du lubrifiant : L&#039;\u00e9l\u00e9ment de pompe d\u00e9place le lubrifiant du r\u00e9servoir via le syst\u00e8me.<br \/>\nDistribution : Le lubrifiant est ensuite distribu\u00e9 aux diff\u00e9rents points de lubrification via les conduites raccord\u00e9es. La pompe peut alimenter jusqu&#039;\u00e0 150 points de lubrification en fonction de la conduite de lubrification.<br \/>\nOptions de contr\u00f4le : La pompe \u00e0 graisse peut \u00eatre \u00e9quip\u00e9e de circuits imprim\u00e9s de contr\u00f4le qui fournissent des param\u00e8tres de fonctionnement distincts, permettant un contr\u00f4le pr\u00e9cis des intervalles et des quantit\u00e9s de lubrification.<\/span><\/p>\n<h2>Sp\u00e9cification<\/h2>\n<table>\n<tbody>\n<tr>\n<td>Temp\u00e9rature de fonctionnement<\/td>\n<td>(-40\u00b0C \u00e0 +70\u00b0C)<\/td>\n<\/tr>\n<tr>\n<td>Nombre de points de vente<\/td>\n<td>1, 2 ou 3<\/td>\n<\/tr>\n<tr>\n<td>Capacit\u00e9 du r\u00e9servoir<\/td>\n<td>2L, 4L, 8L<\/td>\n<\/tr>\n<tr>\n<td>Remplissage<\/td>\n<td>Raccord de lubrification hydraulique ou par le haut<\/td>\n<\/tr>\n<tr>\n<td>Lubrifiant<\/td>\n<td>Graisses de grade NLGI 2 minimum, huiles jusqu&#039;\u00e0 40 mm\u00b2\/s (cSt) \u00e0 40\u00b0 C<\/td>\n<\/tr>\n<tr>\n<td>Classe de protection<\/td>\n<td>IP6K 9K<\/td>\n<\/tr>\n<tr>\n<td>Diam\u00e8tre du piston, K5<\/td>\n<td>5 mm, environ 2 cm\u00b3\/min<\/td>\n<\/tr>\n<tr>\n<td>Diam\u00e8tre du piston (standard) K6<\/td>\n<td>6 mm, environ 2,8 cm\u00b3\/min<\/td>\n<\/tr>\n<tr>\n<td>Diam\u00e8tre du piston, K7<\/td>\n<td>7 mm, environ 4 cm\u00b3\/min<\/td>\n<\/tr>\n<tr>\n<td>Pression de service max.<\/td>\n<td>350 bars<\/td>\n<\/tr>\n<tr>\n<td>Fil de connexion<\/td>\n<td>Sol 1\/4<\/td>\n<\/tr>\n<tr>\n<td>Tension de fonctionnement<\/td>\n<td>12 V CC, 24 V CC, 110-240 V CA<\/td>\n<\/tr>\n<\/tbody>\n<\/table>\n<h2>Application<\/h2>\n<p><span id=\"input-sentence~2\">La pompe de lubrification J203 est disponible avec une vari\u00e9t\u00e9 d&#039;accessoires :<br \/>\n\u00c9l\u00e9ments de pompe : La pompe de lubrification J203 propose diff\u00e9rents types d&#039;\u00e9l\u00e9ments de pompe pour r\u00e9pondre \u00e0 diverses exigences de rendement.<\/span><span id=\"input-sentence~3\"><br \/>\nR\u00e9servoir : La pompe \u00e0 graisse est disponible avec une vari\u00e9t\u00e9 de tailles de r\u00e9servoir, allant de 2 \u00e0 8 litres.<br \/>\nCarte de contr\u00f4le : Ce syst\u00e8me de lubrification dispose d&#039;une carte de circuit imprim\u00e9 de contr\u00f4le en option avec diff\u00e9rents param\u00e8tres de fonctionnement.<br \/>\nSoupape de surpression : Il s&#039;agit d&#039;un composant optionnel de la pompe de lubrification pour g\u00e9rer la pression.<br \/>\nGraisseur : Il permet de faciliter l&#039;amor\u00e7age de la version non couverte de la pompe de lubrification.<br \/>\nPi\u00e8ces de raccordement \u00e9lectrique : N\u00e9cessaires au fonctionnement de la pompe de lubrification.<\/span><\/p>\n<h2>Manuels<\/h2>\n<div class=\"sdm_download_button_box_default\"><div class=\"sdm_download_link\"><a href=\"https:\/\/www.jinpinlub.com\/fr\/?sdm_process_download=1&download_id=2429\" class=\"sdm_download white\" title=\"Priv\u00e9\u00a0: J203 Grease Pump\" target=\"&quot;_blank&quot;\">Voir la fiche technique - Pompe \u00e0 graisse J203<\/a><\/div><\/div>","protected":false},"excerpt":{"rendered":"<p>La pompe de lubrification J203 est une pompe \u00e0 piston \u00e9lectrique \u00e0 d\u00e9bit multiple, capacit\u00e9 multiple et tension multiple, con\u00e7ue pour les syst\u00e8mes de lubrification progressifs. Apr\u00e8s des d\u00e9cennies de tests sur le march\u00e9, elle est devenue tr\u00e8s mature et a \u00e9t\u00e9 utilis\u00e9e dans une vari\u00e9t\u00e9 de machines.<\/p>","protected":false},"featured_media":3275,"template":"","meta":{"ocean_post_layout":"","ocean_both_sidebars_style":"","ocean_both_sidebars_content_width":0,"ocean_both_sidebars_sidebars_width":0,"ocean_sidebar":"0","ocean_second_sidebar":"0","ocean_disable_margins":"enable","ocean_add_body_class":"","ocean_shortcode_before_top_bar":"","ocean_shortcode_after_top_bar":"","ocean_shortcode_before_header":"","ocean_shortcode_after_header":"","ocean_has_shortcode":"","ocean_shortcode_after_title":"","ocean_shortcode_before_footer_widgets":"","ocean_shortcode_after_footer_widgets":"","ocean_shortcode_before_footer_bottom":"","ocean_shortcode_after_footer_bottom":"","ocean_display_top_bar":"default","ocean_display_header":"default","ocean_header_style":"","ocean_center_header_left_menu":"0","ocean_custom_header_template":"0","ocean_custom_logo":0,"ocean_custom_retina_logo":0,"ocean_custom_logo_max_width":0,"ocean_custom_logo_tablet_max_width":0,"ocean_custom_logo_mobile_max_width":0,"ocean_custom_logo_max_height":0,"ocean_custom_logo_tablet_max_height":0,"ocean_custom_logo_mobile_max_height":0,"ocean_header_custom_menu":"0","ocean_menu_typo_font_family":"0","ocean_menu_typo_font_subset":"","ocean_menu_typo_font_size":0,"ocean_menu_typo_font_size_tablet":0,"ocean_menu_typo_font_size_mobile":0,"ocean_menu_typo_font_size_unit":"px","ocean_menu_typo_font_weight":"","ocean_menu_typo_font_weight_tablet":"","ocean_menu_typo_font_weight_mobile":"","ocean_menu_typo_transform":"","ocean_menu_typo_transform_tablet":"","ocean_menu_typo_transform_mobile":"","ocean_menu_typo_line_height":0,"ocean_menu_typo_line_height_tablet":0,"ocean_menu_typo_line_height_mobile":0,"ocean_menu_typo_line_height_unit":"","ocean_menu_typo_spacing":0,"ocean_menu_typo_spacing_tablet":0,"ocean_menu_typo_spacing_mobile":0,"ocean_menu_typo_spacing_unit":"","ocean_menu_link_color":"","ocean_menu_link_color_hover":"","ocean_menu_link_color_active":"","ocean_menu_link_background":"","ocean_menu_link_hover_background":"","ocean_menu_link_active_background":"","ocean_menu_social_links_bg":"","ocean_menu_social_hover_links_bg":"","ocean_menu_social_links_color":"","ocean_menu_social_hover_links_color":"","ocean_disable_title":"default","ocean_disable_heading":"default","ocean_post_title":"","ocean_post_subheading":"","ocean_post_title_style":"","ocean_post_title_background_color":"","ocean_post_title_background":0,"ocean_post_title_bg_image_position":"","ocean_post_title_bg_image_attachment":"","ocean_post_title_bg_image_repeat":"","ocean_post_title_bg_image_size":"","ocean_post_title_height":0,"ocean_post_title_bg_overlay":0.5,"ocean_post_title_bg_overlay_color":"","ocean_disable_breadcrumbs":"default","ocean_breadcrumbs_color":"","ocean_breadcrumbs_separator_color":"","ocean_breadcrumbs_links_color":"","ocean_breadcrumbs_links_hover_color":"","ocean_display_footer_widgets":"default","ocean_display_footer_bottom":"default","ocean_custom_footer_template":"0","osh_disable_topbar_sticky":"default","osh_disable_header_sticky":"default","osh_sticky_header_style":"default","osh_sticky_header_effect":"","osh_custom_sticky_logo":0,"osh_custom_retina_sticky_logo":0,"osh_custom_sticky_logo_height":0,"osh_background_color":"","osh_links_color":"","osh_links_hover_color":"","osh_links_active_color":"","osh_links_bg_color":"","osh_links_hover_bg_color":"","osh_links_active_bg_color":"","osh_menu_social_links_color":"","osh_menu_social_hover_links_color":""},"product_brand":[],"product_cat":[42,41],"product_tag":[212,211,213],"class_list":{"0":"post-3335","1":"product","2":"type-product","3":"status-publish","4":"has-post-thumbnail","6":"product_cat-electric-progressive-pumps","7":"product_cat-progressive-grease-systems","8":"product_tag-high-pressure-lubricator","9":"product_tag-p203-grease-pump","10":"product_tag-plunger-lubrication-pump","12":"entry","13":"has-media","15":"first","16":"instock","17":"shipping-taxable","18":"product-type-external","19":"col","20":"span_1_of_3","21":"owp-content-center","22":"owp-thumbs-layout-horizontal","23":"owp-btn-very-big","24":"owp-tabs-layout-horizontal"},"_links":{"self":[{"href":"https:\/\/www.jinpinlub.com\/fr\/wp-json\/wp\/v2\/product\/3335","targetHints":{"allow":["GET"]}}],"collection":[{"href":"https:\/\/www.jinpinlub.com\/fr\/wp-json\/wp\/v2\/product"}],"about":[{"href":"https:\/\/www.jinpinlub.com\/fr\/wp-json\/wp\/v2\/types\/product"}],"wp:featuredmedia":[{"embeddable":true,"href":"https:\/\/www.jinpinlub.com\/fr\/wp-json\/wp\/v2\/media\/3275"}],"wp:attachment":[{"href":"https:\/\/www.jinpinlub.com\/fr\/wp-json\/wp\/v2\/media?parent=3335"}],"wp:term":[{"taxonomy":"product_brand","embeddable":true,"href":"https:\/\/www.jinpinlub.com\/fr\/wp-json\/wp\/v2\/product_brand?post=3335"},{"taxonomy":"product_cat","embeddable":true,"href":"https:\/\/www.jinpinlub.com\/fr\/wp-json\/wp\/v2\/product_cat?post=3335"},{"taxonomy":"product_tag","embeddable":true,"href":"https:\/\/www.jinpinlub.com\/fr\/wp-json\/wp\/v2\/product_tag?post=3335"}],"curies":[{"name":"wp","href":"https:\/\/api.w.org\/{rel}","templated":true}]}}